{"id":26,"date":"2014-09-18T12:24:32","date_gmt":"2014-09-18T10:24:32","guid":{"rendered":"http:\/\/agora.xtec.cat\/ceiplesmuralles\/?page_id=26"},"modified":"2026-02-09T10:51:43","modified_gmt":"2026-02-09T09:51:43","slug":"historia","status":"publish","type":"page","link":"https:\/\/agora.xtec.cat\/ceiplesmuralles\/lescola\/historia\/","title":{"rendered":"Hist\u00f2ria"},"content":{"rendered":"\n<p>Abans de la Guerra Civil, els edificis del municipi que s\u2019utilitzaven per impartir l&#8217;ensenyament eren entre altres l&#8217;actual emissora de r\u00e0dio, la pres\u00f3 i el darrer pis de l&#8217;edifici n. 9 del C. Fra Mag\u00ed Catal\u00e0. Paral\u00b7lelament a aquests edificis tamb\u00e9 s&#8217;impartia doc\u00e8ncia a l&#8217;actual Arxiu de l&#8217;Hospital de Sta. Magdalena, de les Germanes Carmelites de la Caritat. A la Merc\u00e8 s&#8217;hi instal\u00b7l\u00e0 tamb\u00e9 un col\u00b7legi de segona ensenyan\u00e7a.<\/p>\n\n\n\n<p>Aix\u00ed doncs, les autoritats municipals anaven improvisant espais, adaptant edificis i depend\u00e8ncies sense pati ni instal\u00b7lacions pensades per ser una escola, moltes vegades amb un \u00fanic mestre a c\u00e0rrec d&#8217;infants de totes les edats.<\/p>\n\n\n\n<p>Finalment, durant l&#8217;alcaldia del Sr. Abell\u00f2 Barrios (1943-55), es va aconseguir que el Cardenal Arce Ochotorena don\u00e9s el perm\u00eds per instal\u00b7lar el grup escolar p\u00fablic on es troba actualment. L&#8217;escola fou anomenada fins a pocs anys &#8220;Grupo Escolar Cardenal Arce Ochotorena&#8221; en honor al Cardenal que hi col\u00b7loc\u00e0 la primera pedra el 28 de desembre de 1946. Finalment, el dia 21 de gener de 1951 s&#8217;inaurur\u00e0 l&#8217;escola. Aix\u00ed doncs, la implicaci\u00f3 de l&#8217;alcalde Abell\u00f3 amb la complicitat del Cardenal Arce Ochotorena s\u00f3n cabdals en l&#8217;inici de l&#8217;escola. A banda del Cardenal esmentat, va col\u00b7laborar molt intensament en la construcci\u00f3 del col\u00b7legi el Dr. Rafael Folch Andreu, catedr\u00e0tic de Farm\u00e0cia a Madrid, montblanqu\u00ed de naixement i persona molt influent pels seus valors intel\u00b7lectuals, la Sra. Concepci\u00f3 Fern\u00e1ndez i la corporaci\u00f3 municipal presidida pel Sr. Abell\u00f3.<\/p>\n\n\n\n<p>\u00c9s gaireb\u00e9 impossible anomenar tots els mestres que hi han passat, per\u00f2 podem recordar els directors: el Sr. Mag\u00ed Mallafr\u00e9 , el Sr. Gen\u00eds Torres (1967-1977), el Sr. Llu\u00eds Vall\u00e9s (1977-1992), el Sr Josep M. Tarrag\u00f3 (1992-2004), la Sra. Dolors Claverias (2004-2011 ) i des de 2012 amb l\u2019actual equip encap\u00e7alat per la Sra. Mari Vall\u00e9s.<\/p>\n\n\n\n<p>Amb la mort del dictador Franco i la recuperaci\u00f3 de la Generalitat hi comencen a haver canvis. El 1978 neix l\u2019Associaci\u00f3 de pares de l\u2019escola. Mestres, fam\u00edlies i nens recuperen el Carnaval. Entre tots tiren endavant una escola p\u00fablica, catalana, democr\u00e0tica i laica.  i una de les activitats m\u00e9s importants realitzada es va ser contribuir econ\u00f2micament (50%) en la construcci\u00f3 de la pista poliesportiva del pati de l&#8217;escola.<\/p>\n\n\n\n<p>Al curs 76-77 es va construir un annex de l&#8217;edifici destinat a parvulari, posteriorment la calefacci\u00f3 de gasoil, degut a les necessitats d&#8217;ampliar l&#8217;escola, es va dotar l&#8217;edifici de tres noves aules i serveis. M\u00e9s endavant. l&#8217;escola va comen\u00e7ar a tenir conserge i l&#8217;any 1991 l&#8217;escola va ser remodelada (es va introduir la biblioteca, una sala d&#8217;audiovisuals, una cuina i un menjador m\u00e9s gran).&nbsp;L&#8217;esfor\u00e7 de l&#8217;associaci\u00f3 de pares amb diferents vagues i protestes va ser l&#8217;impulsora perqu\u00e8 es poguessin comen\u00e7ar i acabar les obres en un sol curs.<\/p>\n\n\n\n<p>L&#8217;any 1992, el President de la Generalitat, Jordi Pujol, va inaugurar la reforma.<\/p>\n\n\n\n<p>Aquest mateix any, el 20 de maig, la corporaci\u00f3 municipal presidida pel Sr. Andreu Mayayo, va donar el vistiplau per trametre la sol\u00b7licitud de <strong>canvi de nom<\/strong> del col\u00b7legi al Departament d&#8217;Ensenyament i en data del 13 de maig del 1992 el DOGC oficialitzava el nom de <strong>Col\u00b7legi P\u00fablic Les Muralles<\/strong>.<\/p>\n\n\n\n<p>M\u00e9s tard es va transformar el magatzem de col\u00f2nies en gimn\u00e0s i el curs seg\u00fcent, degut a la implantaci\u00f3 de l&#8217;escolaritzaci\u00f3 dels nens i nenes de tres anys, es va adaptar per \u00e9sser una aula. Es va posar en funcionament el gimn\u00e0s del Col\u00b7legi constru\u00eft per l&#8217;Ajuntament i durant el curs es va instal\u00b7lar la megafonia exterior pagada a parts iguals entre l&#8217;Ajuntament, l&#8217;AMPA i el col\u00b7legi i es va enrunar l&#8217;antiga piscina de col\u00f2nies per convertir-la en una pista d&#8217;esports.<\/p>\n\n\n\n<p>El curs 2000-2001 es pinta la fa\u00e7ana de l&#8217;escola, es celebra el 50\u00e8 aniversari i s&#8217;edita el llibre &#8220;Les Escoles de Montblanc&#8221; que reflecteix la hist\u00f2ria del centre, i que es pot adquirir a la Secretaria del Centre. Tamb\u00e9 s&#8217;inaugurar\u00e0 l&#8217;edifici dels &#8220;Merlets&#8221; com a llar d&#8217;infants municipal.<\/p>\n\n\n\n<p>El curs escolar 2004-2005 es posa en funcionament el laboratori d\u2019idiomes, el programa MAV (Mitjans Audio-Visuals) i la Biblioteca del centre. &nbsp;Aquest mateix curs, l\u2019AMPA subvenciona una gran vitrina per exposar els trofeus dels alumnes del centre.<\/p>\n\n\n\n<p>En una \u00e8poca en que acollim molt alumnat nouvingut d&#8217;altres entorns culturals, el curs 2005-2006,&nbsp;el Departament d&#8217;Educaci\u00f3 dota al Centre amb una Aula d\u2019Acollida per a aquest alumnat.<\/p>\n\n\n\n<p>Tamb\u00e9 s\u2019avan\u00e7ar\u00e0 l\u2019aprenentatge de la llengua anglesa a P-5. En posteriors anys s\u2019ha avan\u00e7at a tota l\u2019educaci\u00f3 infantil.<\/p>\n\n\n\n<p>El curs 05-06 s\u2019amplia el parc infantil i s\u2019asfalta la part que envolta el gimn\u00e0s, amb l\u2019aportaci\u00f3 econ\u00f2mica del Centre, l\u2019AMPA i l\u2019Ajuntament.<\/p>\n\n\n\n<p>Al setembre del 2006 comen\u00e7a a funcionar una USEE (Unitat de Suport a l\u2019Educaci\u00f3 Especial) per atendre als alumnes amb Necessitats Educatives Especials. Es tanca el juny de 2012 i es torna a obrir el setembre de 2016 (per\u00f2 sense educadora). Amb els canvis normatius aquesta antiga USEE \u00e9s avui en dia una unitat SIEI (Suport Intensiu per a l&#8217;Educaci\u00f3 Inclusiva), amb una dotaci\u00f3 d&#8217;una mestra i una educadora.<\/p>\n\n\n\n<p>Els \u00faltims 15 anys, des del 2012, s\u00f3n els de la innovaci\u00f3 tecnol\u00f2gica: l\u2019escola es digitalitza amb les primeres pissarres digitals; i pocs anys despr\u00e9s arriben les primeres tauletes (els chromebooks) i el Workspace amb el <em>classroom <\/em>com entorn virtual d\u2019aprenentatge, dotacions de rob\u00f2tica i panells digitals que substituiran a les pissares de sempre. L&#8217;alumnat de 5\u00e8 i 6\u00e8 i tots els docents tenen un ordinador port\u00e0til personal per treballar.<\/p>\n\n\n\n<p>La d\u00e8cada actual ha estat tamb\u00e9 la de la transformaci\u00f3 del pati amb la implicaci\u00f3 de tota la comunitat educativa: poc a poc s\u2019enriqueix el joc lliure i el simb\u00f2lic dels infants amb m\u00e9s zones de joc (el mikado, l\u2019aixopluc, els jocs pintats\u2026), una nova font\u2026<\/p>\n\n\n\n<p>I ara toca celebrar tota la feina que s\u2019ha fet. Celebrarem el 75\u00e8 aniversari amb diferents actes per carnaval, la festa de la primavera i fi de curs.<\/p>\n\n\n\n<p><\/p>\n","protected":false},"excerpt":{"rendered":"<p>Abans de la Guerra Civil, els edificis del municipi que s\u2019utilitzaven per impartir l&#8217;ensenyament eren entre altres l&#8217;actual emissora de r\u00e0dio, la pres\u00f3 i el darrer pis de l&#8217;edifici n. 9 del C. Fra Mag\u00ed Catal\u00e0. Paral\u00b7lelament a aquests edificis tamb\u00e9 s&#8217;impartia doc\u00e8ncia a l&#8217;actual Arxiu de l&#8217;Hospital de Sta. Magdalena, de les Germanes Carmelites [&hellip;]<\/p>\n","protected":false},"author":1,"featured_media":0,"parent":22,"menu_order":2,"comment_status":"closed","ping_status":"closed","template":"","meta":{"_bbp_topic_count":0,"_bbp_reply_count":0,"_bbp_total_topic_count":0,"_bbp_total_reply_count":0,"_bbp_voice_count":0,"_bbp_anonymous_reply_count":0,"_bbp_topic_count_hidden":0,"_bbp_reply_count_hidden":0,"_bbp_forum_subforum_count":0,"site-sidebar-layout":"no-sidebar","site-content-layout":"","ast-site-content-layout":"default","site-content-style":"default","site-sidebar-style":"unboxed","ast-global-header-display":"","ast-banner-title-visibility":"","ast-main-header-display":"","ast-hfb-above-header-display":"","ast-hfb-below-header-display":"","ast-hfb-mobile-header-display":"","site-post-title":"","ast-breadcrumbs-content":"","ast-featured-img":"","footer-sml-layout":"","theme-transparent-header-meta":"","adv-header-id-meta":"","stick-header-meta":"","header-above-stick-meta":"","header-main-stick-meta":"","header-below-stick-meta":"","astra-migrate-meta-layouts":"set","ast-page-background-enabled":"default","ast-page-background-meta":{"desktop":{"background-color":"var(--ast-global-color-4)","background-image":"","background-repeat":"repeat","background-position":"center center","background-size":"auto","background-attachment":"scroll","background-type":"","background-media":"","overlay-type":"","overlay-color":"","overlay-opacity":"","overlay-gradient":""},"tablet":{"background-color":"","background-image":"","background-repeat":"repeat","background-position":"center center","background-size":"auto","background-attachment":"scroll","background-type":"","background-media":"","overlay-type":"","overlay-color":"","overlay-opacity":"","overlay-gradient":""},"mobile":{"background-color":"","background-image":"","background-repeat":"repeat","background-position":"center center","background-size":"auto","background-attachment":"scroll","background-type":"","background-media":"","overlay-type":"","overlay-color":"","overlay-opacity":"","overlay-gradient":""}},"ast-content-background-meta":{"desktop":{"background-color":"var(--ast-global-color-5)","background-image":"","background-repeat":"repeat","background-position":"center center","background-size":"auto","background-attachment":"scroll","background-type":"","background-media":"","overlay-type":"","overlay-color":"","overlay-opacity":"","overlay-gradient":""},"tablet":{"background-color":"var(--ast-global-color-5)","background-image":"","background-repeat":"repeat","background-position":"center center","background-size":"auto","background-attachment":"scroll","background-type":"","background-media":"","overlay-type":"","overlay-color":"","overlay-opacity":"","overlay-gradient":""},"mobile":{"background-color":"var(--ast-global-color-5)","background-image":"","background-repeat":"repeat","background-position":"center center","background-size":"auto","background-attachment":"scroll","background-type":"","background-media":"","overlay-type":"","overlay-color":"","overlay-opacity":"","overlay-gradient":""}},"footnotes":""},"class_list":["post-26","page","type-page","status-publish","hentry"],"post_mailing_queue_ids":[],"_links":{"self":[{"href":"https:\/\/agora.xtec.cat\/ceiplesmuralles\/wp-json\/wp\/v2\/pages\/26","targetHints":{"allow":["GET"]}}],"collection":[{"href":"https:\/\/agora.xtec.cat\/ceiplesmuralles\/wp-json\/wp\/v2\/pages"}],"about":[{"href":"https:\/\/agora.xtec.cat\/ceiplesmuralles\/wp-json\/wp\/v2\/types\/page"}],"author":[{"embeddable":true,"href":"https:\/\/agora.xtec.cat\/ceiplesmuralles\/wp-json\/wp\/v2\/users\/1"}],"replies":[{"embeddable":true,"href":"https:\/\/agora.xtec.cat\/ceiplesmuralles\/wp-json\/wp\/v2\/comments?post=26"}],"version-history":[{"count":4,"href":"https:\/\/agora.xtec.cat\/ceiplesmuralles\/wp-json\/wp\/v2\/pages\/26\/revisions"}],"predecessor-version":[{"id":11183,"href":"https:\/\/agora.xtec.cat\/ceiplesmuralles\/wp-json\/wp\/v2\/pages\/26\/revisions\/11183"}],"up":[{"embeddable":true,"href":"https:\/\/agora.xtec.cat\/ceiplesmuralles\/wp-json\/wp\/v2\/pages\/22"}],"wp:attachment":[{"href":"https:\/\/agora.xtec.cat\/ceiplesmuralles\/wp-json\/wp\/v2\/media?parent=26"}],"curies":[{"name":"wp","href":"https:\/\/api.w.org\/{rel}","templated":true}]}}