{"id":11094,"date":"2026-01-31T12:47:22","date_gmt":"2026-01-31T11:47:22","guid":{"rendered":"https:\/\/agora.xtec.cat\/ceiplesmuralles\/?page_id=11094"},"modified":"2026-02-10T13:32:37","modified_gmt":"2026-02-10T12:32:37","slug":"autoritzacions","status":"publish","type":"page","link":"https:\/\/agora.xtec.cat\/ceiplesmuralles\/espai-families\/autoritzacions\/","title":{"rendered":"Autoritzacions"},"content":{"rendered":"\n<p><strong><a href=\"https:\/\/drive.google.com\/file\/d\/1D1zOFIGDyYOt-u-2cRrDa2s9zmjxhs2O\/view?usp=sharing\" target=\"_blank\" rel=\"noreferrer noopener\">Autoritzaci\u00f3 d&#8217;\u00fas d&#8217;imatge<\/a><\/strong><br><a href=\"https:\/\/drive.google.com\/file\/d\/1kVM5PR01NPKrMcGPkMapU9IDMOm-PUt9\/view?usp=sharing\" target=\"_blank\" rel=\"noreferrer noopener\"><strong>Autoritzaci\u00f3 d&#8217;\u00fas de serveis digitals<\/strong><\/a><br><strong><a href=\"https:\/\/drive.google.com\/file\/d\/1iSbKus5XJRxLinpFhY3KYXRdx5_OWPCS\/view?usp=sharing\" target=\"_blank\" rel=\"noreferrer noopener\">Autoritzaci\u00f3 sortir sol (a partir de 3r)<\/a><\/strong><br><strong><a href=\"https:\/\/drive.google.com\/file\/d\/1CgFoE6Xiz1mWit3TnMUv2vsr47F3AOmG\/view?usp=sharing\" target=\"_blank\" rel=\"noreferrer noopener\">Autoritzaci\u00f3 per recollir a un germ\u00e0 petit<br><\/a><a href=\"https:\/\/drive.google.com\/file\/d\/1duN8ZLpkttDn4bx1sHwStEmxQNDz8s8F\/view?usp=sharing\" target=\"_blank\" rel=\"noreferrer noopener\">Autoritzaci\u00f3 per l&#8217;administraci\u00f3 de paracetamol<\/a><\/strong><br><strong><a href=\"https:\/\/drive.google.com\/file\/d\/1wvHoE5FX_yXgifQy1MDynPwo77EsGnws\/view?usp=sharing\" target=\"_blank\" rel=\"noreferrer noopener\">Autoritzaci\u00f3 per l&#8217;administraci\u00f3 de medicaments<\/a><\/strong><\/p>\n","protected":false},"excerpt":{"rendered":"<p>Autoritzaci\u00f3 d&#8217;\u00fas d&#8217;imatgeAutoritzaci\u00f3 d&#8217;\u00fas de serveis digitalsAutoritzaci\u00f3 sortir sol (a partir de 3r)Autoritzaci\u00f3 per recollir a un germ\u00e0 petitAutoritzaci\u00f3 per l&#8217;administraci\u00f3 de paracetamolAutoritzaci\u00f3 per l&#8217;administraci\u00f3 de medicaments<\/p>\n","protected":false},"author":1,"featured_media":0,"parent":11086,"menu_order":0,"comment_status":"closed","ping_status":"close","template":"","meta":{"_bbp_topic_count":0,"_bbp_reply_count":0,"_bbp_total_topic_count":0,"_bbp_total_reply_count":0,"_bbp_voice_count":0,"_bbp_anonymous_reply_count":0,"_bbp_topic_count_hidden":0,"_bbp_reply_count_hidden":0,"_bbp_forum_subforum_count":0,"site-sidebar-layout":"default","site-content-layout":"","ast-site-content-layout":"default","site-content-style":"default","site-sidebar-style":"default","ast-global-header-display":"","ast-banner-title-visibility":"","ast-main-header-display":"","ast-hfb-above-header-display":"","ast-hfb-below-header-display":"","ast-hfb-mobile-header-display":"","site-post-title":"","ast-breadcrumbs-content":"","ast-featured-img":"","footer-sml-layout":"","theme-transparent-header-meta":"","adv-header-id-meta":"","stick-header-meta":"","header-above-stick-meta":"","header-main-stick-meta":"","header-below-stick-meta":"","astra-migrate-meta-layouts":"set","ast-page-background-enabled":"default","ast-page-background-meta":{"desktop":{"background-color":"var(--ast-global-color-4)","background-image":"","background-repeat":"repeat","background-position":"center center","background-size":"auto","background-attachment":"scroll","background-type":"","background-media":"","overlay-type":"","overlay-color":"","overlay-opacity":"","overlay-gradient":""},"tablet":{"background-color":"","background-image":"","background-repeat":"repeat","background-position":"center center","background-size":"auto","background-attachment":"scroll","background-type":"","background-media":"","overlay-type":"","overlay-color":"","overlay-opacity":"","overlay-gradient":""},"mobile":{"background-color":"","background-image":"","background-repeat":"repeat","background-position":"center center","background-size":"auto","background-attachment":"scroll","background-type":"","background-media":"","overlay-type":"","overlay-color":"","overlay-opacity":"","overlay-gradient":""}},"ast-content-background-meta":{"desktop":{"background-color":"var(--ast-global-color-5)","background-image":"","background-repeat":"repeat","background-position":"center center","background-size":"auto","background-attachment":"scroll","background-type":"","background-media":"","overlay-type":"","overlay-color":"","overlay-opacity":"","overlay-gradient":""},"tablet":{"background-color":"var(--ast-global-color-5)","background-image":"","background-repeat":"repeat","background-position":"center center","background-size":"auto","background-attachment":"scroll","background-type":"","background-media":"","overlay-type":"","overlay-color":"","overlay-opacity":"","overlay-gradient":""},"mobile":{"background-color":"var(--ast-global-color-5)","background-image":"","background-repeat":"repeat","background-position":"center center","background-size":"auto","background-attachment":"scroll","background-type":"","background-media":"","overlay-type":"","overlay-color":"","overlay-opacity":"","overlay-gradient":""}},"footnotes":""},"class_list":["post-11094","page","type-page","status-publish","hentry"],"post_mailing_queue_ids":[],"_links":{"self":[{"href":"https:\/\/agora.xtec.cat\/ceiplesmuralles\/wp-json\/wp\/v2\/pages\/11094","targetHints":{"allow":["GET"]}}],"collection":[{"href":"https:\/\/agora.xtec.cat\/ceiplesmuralles\/wp-json\/wp\/v2\/pages"}],"about":[{"href":"https:\/\/agora.xtec.cat\/ceiplesmuralles\/wp-json\/wp\/v2\/types\/page"}],"author":[{"embeddable":true,"href":"https:\/\/agora.xtec.cat\/ceiplesmuralles\/wp-json\/wp\/v2\/users\/1"}],"replies":[{"embeddable":true,"href":"https:\/\/agora.xtec.cat\/ceiplesmuralles\/wp-json\/wp\/v2\/comments?post=11094"}],"version-history":[{"count":6,"href":"https:\/\/agora.xtec.cat\/ceiplesmuralles\/wp-json\/wp\/v2\/pages\/11094\/revisions"}],"predecessor-version":[{"id":11197,"href":"https:\/\/agora.xtec.cat\/ceiplesmuralles\/wp-json\/wp\/v2\/pages\/11094\/revisions\/11197"}],"up":[{"embeddable":true,"href":"https:\/\/agora.xtec.cat\/ceiplesmuralles\/wp-json\/wp\/v2\/pages\/11086"}],"wp:attachment":[{"href":"https:\/\/agora.xtec.cat\/ceiplesmuralles\/wp-json\/wp\/v2\/media?parent=11094"}],"curies":[{"name":"wp","href":"https:\/\/api.w.org\/{rel}","templated":true}]}}