{"id":84,"date":"2014-09-18T14:11:31","date_gmt":"2014-09-18T13:11:31","guid":{"rendered":"http:\/\/agora.xtec.cat\/ceiplesmoreres\/?page_id=84"},"modified":"2025-11-24T17:47:05","modified_gmt":"2025-11-24T16:47:05","slug":"activitats-extraescolars","status":"publish","type":"page","link":"https:\/\/agora.xtec.cat\/ceiplesmoreres\/serveis-de-lescola\/activitats-extraescolars\/","title":{"rendered":"Activitats extraescolars"},"content":{"rendered":"<p style=\"color: #444444;\">Aquest curs 2025-2026 tenim un seguit d&#8217;activitats extraescolars que es duen a terme a l&#8217;escola:<\/p>\n<p>-Acolliment matinal<\/p>\n<p style=\"color: #444444;\">-Mecanografia (4t, 5\u00e8 i 6\u00e8)<\/p>\n<p>-Escola Esportiva (I5 i 1r)<\/p>\n<p>-Taekwondo<\/p>\n<p>-Cuina<\/p>\n<p>-M\u00fasica del Consell Comarcal (infantil i prim\u00e0ria)<\/p>\n<p>Si us interessa posar-vos <strong>en contacte amb l&#8217;AFA,<\/strong> que \u00e9s l&#8217;organisme que organitza les activitats extraescolars, aqu\u00ed teniu el seu correu electr\u00f2nic: ampaceiplesmoreres@gmail.com<\/p>\n<p>&nbsp;<\/p>\n","protected":false},"excerpt":{"rendered":"<p>Aquest curs 2025-2026 tenim un seguit d&#8217;activitats extraescolars que es duen a terme a l&#8217;escola:<br \/>\n-Acolliment matinal<br \/>\n-Mecanografia (4t, 5\u00e8 i 6\u00e8)<br \/>\n-Escola Esportiva (I5 i 1r)<br \/>\n-Taekwondo<br \/>\n-Cuina<br \/>\n-M\u00fasica del Consell Comarcal (infantil i prim\u00e0ria)<br \/>\nSi us interessa posar-vos en contacte amb l&#8217;AFA, que \u00e9s l&#8217;organisme que organitza les activitats extraescolars,&hellip;  <a href=\"https:\/\/agora.xtec.cat\/ceiplesmoreres\/serveis-de-lescola\/activitats-extraescolars\/\" title=\"Read Activitats extraescolars\">Llegeix m\u00e9s\u00bb<\/a><\/p>\n","protected":false},"author":1,"featured_media":0,"parent":699,"menu_order":60,"comment_status":"closed","ping_status":"closed","template":"page-templates\/side-menu.php","meta":{"_bbp_topic_count":0,"_bbp_reply_count":0,"_bbp_total_topic_count":0,"_bbp_total_reply_count":0,"_bbp_voice_count":0,"_bbp_anonymous_reply_count":0,"_bbp_topic_count_hidden":0,"_bbp_reply_count_hidden":0,"_bbp_forum_subforum_count":0,"footnotes":""},"class_list":["post-84","page","type-page","status-publish","hentry"],"post_mailing_queue_ids":[],"_links":{"self":[{"href":"https:\/\/agora.xtec.cat\/ceiplesmoreres\/wp-json\/wp\/v2\/pages\/84","targetHints":{"allow":["GET"]}}],"collection":[{"href":"https:\/\/agora.xtec.cat\/ceiplesmoreres\/wp-json\/wp\/v2\/pages"}],"about":[{"href":"https:\/\/agora.xtec.cat\/ceiplesmoreres\/wp-json\/wp\/v2\/types\/page"}],"author":[{"embeddable":true,"href":"https:\/\/agora.xtec.cat\/ceiplesmoreres\/wp-json\/wp\/v2\/users\/1"}],"replies":[{"embeddable":true,"href":"https:\/\/agora.xtec.cat\/ceiplesmoreres\/wp-json\/wp\/v2\/comments?post=84"}],"version-history":[{"count":5,"href":"https:\/\/agora.xtec.cat\/ceiplesmoreres\/wp-json\/wp\/v2\/pages\/84\/revisions"}],"predecessor-version":[{"id":5582,"href":"https:\/\/agora.xtec.cat\/ceiplesmoreres\/wp-json\/wp\/v2\/pages\/84\/revisions\/5582"}],"up":[{"embeddable":true,"href":"https:\/\/agora.xtec.cat\/ceiplesmoreres\/wp-json\/wp\/v2\/pages\/699"}],"wp:attachment":[{"href":"https:\/\/agora.xtec.cat\/ceiplesmoreres\/wp-json\/wp\/v2\/media?parent=84"}],"curies":[{"name":"wp","href":"https:\/\/api.w.org\/{rel}","templated":true}]}}