{"id":73,"date":"2014-09-18T14:01:51","date_gmt":"2014-09-18T13:01:51","guid":{"rendered":"http:\/\/agora.xtec.cat\/ceiplesmoreres\/?page_id=73"},"modified":"2026-04-06T15:59:40","modified_gmt":"2026-04-06T13:59:40","slug":"menjador-escolar","status":"publish","type":"page","link":"https:\/\/agora.xtec.cat\/ceiplesmoreres\/serveis-de-lescola\/menjador-escolar\/","title":{"rendered":"Men\u00fa escolar i Servei de menjador"},"content":{"rendered":"<p>Aqu\u00ed trobareu<strong> els men\u00fas<\/strong> de tot el curs escolar 2025-2026<\/p>\n<ul>\n<li><a href=\"https:\/\/drive.google.com\/file\/d\/1J1_CH8QzPyUj-inyfp8kGSsEZfrSWoTR\/view?usp=sharing\">Setembre<\/a><\/li>\n<li><a href=\"https:\/\/drive.google.com\/file\/d\/1JbwF6KpgvcAPRh07-M5kQbMeaGL8k421\/view?usp=sharing\">Octubre<\/a><\/li>\n<li><a href=\"https:\/\/drive.google.com\/file\/d\/1pNlTtoKbNB5NxPO5KlaY2huIKRRqi3-N\/view?usp=sharing\">Novembre<\/a><\/li>\n<li><a href=\"https:\/\/drive.google.com\/file\/d\/1YiWXulDCsGLq8l-ViSQu1J0s8LbffiNH\/view?usp=sharing\">Desembre<\/a><\/li>\n<li><a href=\"https:\/\/drive.google.com\/file\/d\/1WvFtKwQyIIKXmFXDlREqj19v5d0kIDNB\/view?usp=sharing\">Gener<\/a><\/li>\n<li><a href=\"https:\/\/drive.google.com\/file\/d\/1sYv3vRiGyWRnKhJhirXJRtL-WNwjzyJE\/view?usp=sharing\">Febrer<\/a><\/li>\n<li><a href=\"https:\/\/drive.google.com\/file\/d\/1LPsPWOYYwX6KEpewpu0cxLaEOCgkMu7C\/view?usp=drive_link\">Mar\u00e7<\/a><\/li>\n<li><a href=\"https:\/\/drive.google.com\/file\/d\/1_r3HgzLtsI28pd_yNPbkaThVUxWvhnkV\/view?usp=sharing\">Abril<\/a><\/li>\n<\/ul>\n<p><span style=\"font-family: inherit; font-size: 1em;\">L\u2019AMPA gestiona el servei de menjador i l\u2019empresa BOiSA es responsabilitza del funcionament, del monitors i del servei de cuina. Tel\u00e8fon de contacte de l\u2019empresa Bo i Sa: 626 884 714<\/span><\/p>\n<p><span style=\"font-family: inherit; font-size: 1em;\">Equip de monitors i cuina d&#8217;aquest curs:<\/span><\/p>\n<p><a href=\"https:\/\/agora.xtec.cat\/ceiplesmoreres\/img_4759\/\" target=\"_blank\" rel=\"noopener\"><img loading=\"lazy\" decoding=\"async\" class=\"alignleft wp-image-5524\" src=\"https:\/\/agora.xtec.cat\/ceiplesmoreres\/wp-content\/uploads\/usu1690\/2025\/10\/IMG_4759-300x165.jpeg\" alt=\"\" width=\"456\" height=\"251\" srcset=\"https:\/\/agora.xtec.cat\/ceiplesmoreres\/wp-content\/uploads\/usu1690\/2025\/10\/IMG_4759-300x165.jpeg 300w, https:\/\/agora.xtec.cat\/ceiplesmoreres\/wp-content\/uploads\/usu1690\/2025\/10\/IMG_4759-1024x564.jpeg 1024w, https:\/\/agora.xtec.cat\/ceiplesmoreres\/wp-content\/uploads\/usu1690\/2025\/10\/IMG_4759-768x423.jpeg 768w, https:\/\/agora.xtec.cat\/ceiplesmoreres\/wp-content\/uploads\/usu1690\/2025\/10\/IMG_4759.jpeg 1179w\" sizes=\"auto, (max-width: 456px) 100vw, 456px\" \/><\/a><\/p>\n<p>&nbsp;<\/p>\n<ul>\n<li><strong>Pili Cant\u00edn (coordinadora)<\/strong><\/li>\n<li><strong>Quima Piferrer<\/strong><\/li>\n<li><strong>Susanna Riera<\/strong><\/li>\n<li><strong>Laura<\/strong><\/li>\n<li><strong>Miquel Pous (cuiner)<\/strong><\/li>\n<\/ul>\n<p>&nbsp;<\/p>\n<p>&nbsp;<\/p>\n","protected":false},"excerpt":{"rendered":"<p>Aqu\u00ed trobareu els men\u00fas de tot el curs escolar 2025-2026<\/p>\n<ul>\n<li><a href=\"https:\/\/drive.google.com\/file\/d\/1J1_CH8QzPyUj-inyfp8kGSsEZfrSWoTR\/view?usp=sharing\">Setembre<\/a><\/li>\n<li><a href=\"https:\/\/drive.google.com\/file\/d\/1JbwF6KpgvcAPRh07-M5kQbMeaGL8k421\/view?usp=sharing\">Octubre<\/a><\/li>\n<li><a href=\"https:\/\/drive.google.com\/file\/d\/1pNlTtoKbNB5NxPO5KlaY2huIKRRqi3-N\/view?usp=sharing\">Novembre<\/a><\/li>\n<li><a href=\"https:\/\/drive.google.com\/file\/d\/1YiWXulDCsGLq8l-ViSQu1J0s8LbffiNH\/view?usp=sharing\">Desembre<\/a><\/li>\n<li><a href=\"https:\/\/drive.google.com\/file\/d\/1WvFtKwQyIIKXmFXDlREqj19v5d0kIDNB\/view?usp=sharing\">Gener<\/a><\/li>\n<li><a href=\"https:\/\/drive.google.com\/file\/d\/1sYv3vRiGyWRnKhJhirXJRtL-WNwjzyJE\/view?usp=sharing\">Febrer<\/a><\/li>\n<li><a href=\"https:\/\/drive.google.com\/file\/d\/1LPsPWOYYwX6KEpewpu0cxLaEOCgkMu7C\/view?usp=drive_link\">Mar\u00e7<\/a><\/li>\n<li><a href=\"https:\/\/drive.google.com\/file\/d\/1_r3HgzLtsI28pd_yNPbkaThVUxWvhnkV\/view?usp=sharing\">Abril<\/a><\/li>\n<\/ul>\n<p>L\u2019AMPA gestiona el servei de menjador i l\u2019empresa BOiSA es responsabilitza del funcionament, del monitors i del servei de cuina. Tel\u00e8fon de contacte de l\u2019empresa Bo i Sa:&hellip;  <a href=\"https:\/\/agora.xtec.cat\/ceiplesmoreres\/serveis-de-lescola\/menjador-escolar\/\" title=\"Read Men\u00fa escolar i Servei de menjador\">Llegeix m\u00e9s\u00bb<\/a><\/p>\n","protected":false},"author":1,"featured_media":0,"parent":699,"menu_order":30,"comment_status":"closed","ping_status":"closed","template":"page-templates\/side-menu.php","meta":{"_bbp_topic_count":0,"_bbp_reply_count":0,"_bbp_total_topic_count":0,"_bbp_total_reply_count":0,"_bbp_voice_count":0,"_bbp_anonymous_reply_count":0,"_bbp_topic_count_hidden":0,"_bbp_reply_count_hidden":0,"_bbp_forum_subforum_count":0,"footnotes":""},"class_list":["post-73","page","type-page","status-publish","hentry"],"post_mailing_queue_ids":[],"_links":{"self":[{"href":"https:\/\/agora.xtec.cat\/ceiplesmoreres\/wp-json\/wp\/v2\/pages\/73","targetHints":{"allow":["GET"]}}],"collection":[{"href":"https:\/\/agora.xtec.cat\/ceiplesmoreres\/wp-json\/wp\/v2\/pages"}],"about":[{"href":"https:\/\/agora.xtec.cat\/ceiplesmoreres\/wp-json\/wp\/v2\/types\/page"}],"author":[{"embeddable":true,"href":"https:\/\/agora.xtec.cat\/ceiplesmoreres\/wp-json\/wp\/v2\/users\/1"}],"replies":[{"embeddable":true,"href":"https:\/\/agora.xtec.cat\/ceiplesmoreres\/wp-json\/wp\/v2\/comments?post=73"}],"version-history":[{"count":7,"href":"https:\/\/agora.xtec.cat\/ceiplesmoreres\/wp-json\/wp\/v2\/pages\/73\/revisions"}],"predecessor-version":[{"id":5695,"href":"https:\/\/agora.xtec.cat\/ceiplesmoreres\/wp-json\/wp\/v2\/pages\/73\/revisions\/5695"}],"up":[{"embeddable":true,"href":"https:\/\/agora.xtec.cat\/ceiplesmoreres\/wp-json\/wp\/v2\/pages\/699"}],"wp:attachment":[{"href":"https:\/\/agora.xtec.cat\/ceiplesmoreres\/wp-json\/wp\/v2\/media?parent=73"}],"curies":[{"name":"wp","href":"https:\/\/api.w.org\/{rel}","templated":true}]}}