{"id":703,"date":"2020-02-27T13:32:02","date_gmt":"2020-02-27T12:32:02","guid":{"rendered":"https:\/\/agora.xtec.cat\/ceiplesmoreres\/?page_id=703"},"modified":"2023-05-26T15:58:33","modified_gmt":"2023-05-26T13:58:33","slug":"acollida-matinal","status":"publish","type":"page","link":"https:\/\/agora.xtec.cat\/ceiplesmoreres\/serveis-de-lescola\/acollida-matinal\/","title":{"rendered":"Acollida matinal"},"content":{"rendered":"<p>L&#8217;Ampa ofereix un servei d&#8217;acollida atenent al n\u00famero de demandes per part de les fam\u00edlies. L&#8217;horari \u00e9s de 8 a 9 del mat\u00ed. L&#8217;empresa que ho gestiona \u00e9s Tic-Tac serveis.<\/p>\n","protected":false},"excerpt":{"rendered":"<p>L&#8217;Ampa ofereix un servei d&#8217;acollida atenent al n\u00famero de demandes per part de les fam\u00edlies. L&#8217;horari \u00e9s de 8 a 9 del mat\u00ed. L&#8217;empresa que ho gestiona \u00e9s Tic-Tac serveis.<\/p>\n","protected":false},"author":1,"featured_media":0,"parent":699,"menu_order":0,"comment_status":"closed","ping_status":"closed","template":"page-templates\/side-menu.php","meta":{"_bbp_topic_count":0,"_bbp_reply_count":0,"_bbp_total_topic_count":0,"_bbp_total_reply_count":0,"_bbp_voice_count":0,"_bbp_anonymous_reply_count":0,"_bbp_topic_count_hidden":0,"_bbp_reply_count_hidden":0,"_bbp_forum_subforum_count":0,"footnotes":""},"class_list":["post-703","page","type-page","status-publish","hentry"],"post_mailing_queue_ids":[],"_links":{"self":[{"href":"https:\/\/agora.xtec.cat\/ceiplesmoreres\/wp-json\/wp\/v2\/pages\/703","targetHints":{"allow":["GET"]}}],"collection":[{"href":"https:\/\/agora.xtec.cat\/ceiplesmoreres\/wp-json\/wp\/v2\/pages"}],"about":[{"href":"https:\/\/agora.xtec.cat\/ceiplesmoreres\/wp-json\/wp\/v2\/types\/page"}],"author":[{"embeddable":true,"href":"https:\/\/agora.xtec.cat\/ceiplesmoreres\/wp-json\/wp\/v2\/users\/1"}],"replies":[{"embeddable":true,"href":"https:\/\/agora.xtec.cat\/ceiplesmoreres\/wp-json\/wp\/v2\/comments?post=703"}],"version-history":[{"count":1,"href":"https:\/\/agora.xtec.cat\/ceiplesmoreres\/wp-json\/wp\/v2\/pages\/703\/revisions"}],"predecessor-version":[{"id":705,"href":"https:\/\/agora.xtec.cat\/ceiplesmoreres\/wp-json\/wp\/v2\/pages\/703\/revisions\/705"}],"up":[{"embeddable":true,"href":"https:\/\/agora.xtec.cat\/ceiplesmoreres\/wp-json\/wp\/v2\/pages\/699"}],"wp:attachment":[{"href":"https:\/\/agora.xtec.cat\/ceiplesmoreres\/wp-json\/wp\/v2\/media?parent=703"}],"curies":[{"name":"wp","href":"https:\/\/api.w.org\/{rel}","templated":true}]}}