{"id":579,"date":"2020-02-13T17:27:09","date_gmt":"2020-02-13T16:27:09","guid":{"rendered":"https:\/\/agora.xtec.cat\/ceiplesmoreres\/?page_id=579"},"modified":"2022-10-27T13:31:51","modified_gmt":"2022-10-27T11:31:51","slug":"escola-verda","status":"publish","type":"page","link":"https:\/\/agora.xtec.cat\/ceiplesmoreres\/fem-escola\/escola-verda\/","title":{"rendered":"Escola Verda"},"content":{"rendered":"<p><span style=\"font-weight: 400;\">\u00c9s un projecte vigent des del curs 2001-02. Volem promoure la participaci\u00f3 de tot l&#8217;alumnat de l\u2019escola en la gesti\u00f3 de q\u00fcestions ambientals, entorn natural <\/span><span style=\"font-weight: 400;\">i utilitzar els nostres recursos d\u2019una manera efica\u00e7 per evitar la degradaci\u00f3 del medi. Tenim una comissi\u00f3 que vetlla per promoure els bons h\u00e0bits ambientals.<\/span><\/p>\n<p><span style=\"font-weight: 400;\">Les activitats que portem a terme s\u00f3n les seg\u00fcents:<\/span><\/p>\n<ul>\n<li>Concienciaci\u00f3.<\/li>\n<li><span style=\"font-weight: 400;\">Parlament Verd.<\/span><\/li>\n<li><span style=\"font-weight: 400;\">Hort escolar.<\/span><\/li>\n<li><span style=\"font-weight: 400;\">Reciclatge i reducci\u00f3 de residus.\u00a0<\/span><\/li>\n<li><span style=\"font-weight: 400;\">Reciclatge de llibres de text.<\/span><\/li>\n<li><span style=\"font-weight: 400;\">Xerrades i tallers.<\/span><\/li>\n<li><span style=\"font-weight: 400;\">Sortides a l\u2019entorn.<\/span><\/li>\n<li><span style=\"font-weight: 400;\">El galliner.<\/span><\/li>\n<li>Hotel d&#8217;insectes.<\/li>\n<li>Nova iniciativa d&#8217;estalvi de paper per eixugar les mans al Cicle Mitj\u00e0.<\/li>\n<\/ul>\n","protected":false},"excerpt":{"rendered":"<p>\u00c9s un projecte vigent des del curs 2001-02. Volem promoure la participaci\u00f3 de tot l&#8217;alumnat de l\u2019escola en la gesti\u00f3 de q\u00fcestions ambientals, entorn natural i utilitzar els nostres recursos d\u2019una manera efica\u00e7 per evitar la degradaci\u00f3 del medi. Tenim una comissi\u00f3 que vetlla per&hellip;  <a href=\"https:\/\/agora.xtec.cat\/ceiplesmoreres\/fem-escola\/escola-verda\/\" title=\"Read Escola Verda\">Llegeix m\u00e9s\u00bb<\/a><\/p>\n","protected":false},"author":1,"featured_media":0,"parent":694,"menu_order":0,"comment_status":"closed","ping_status":"closed","template":"page-templates\/side-menu.php","meta":{"_bbp_topic_count":0,"_bbp_reply_count":0,"_bbp_total_topic_count":0,"_bbp_total_reply_count":0,"_bbp_voice_count":0,"_bbp_anonymous_reply_count":0,"_bbp_topic_count_hidden":0,"_bbp_reply_count_hidden":0,"_bbp_forum_subforum_count":0,"footnotes":""},"class_list":["post-579","page","type-page","status-publish","hentry"],"post_mailing_queue_ids":[],"_links":{"self":[{"href":"https:\/\/agora.xtec.cat\/ceiplesmoreres\/wp-json\/wp\/v2\/pages\/579","targetHints":{"allow":["GET"]}}],"collection":[{"href":"https:\/\/agora.xtec.cat\/ceiplesmoreres\/wp-json\/wp\/v2\/pages"}],"about":[{"href":"https:\/\/agora.xtec.cat\/ceiplesmoreres\/wp-json\/wp\/v2\/types\/page"}],"author":[{"embeddable":true,"href":"https:\/\/agora.xtec.cat\/ceiplesmoreres\/wp-json\/wp\/v2\/users\/1"}],"replies":[{"embeddable":true,"href":"https:\/\/agora.xtec.cat\/ceiplesmoreres\/wp-json\/wp\/v2\/comments?post=579"}],"version-history":[{"count":3,"href":"https:\/\/agora.xtec.cat\/ceiplesmoreres\/wp-json\/wp\/v2\/pages\/579\/revisions"}],"predecessor-version":[{"id":3555,"href":"https:\/\/agora.xtec.cat\/ceiplesmoreres\/wp-json\/wp\/v2\/pages\/579\/revisions\/3555"}],"up":[{"embeddable":true,"href":"https:\/\/agora.xtec.cat\/ceiplesmoreres\/wp-json\/wp\/v2\/pages\/694"}],"wp:attachment":[{"href":"https:\/\/agora.xtec.cat\/ceiplesmoreres\/wp-json\/wp\/v2\/media?parent=579"}],"curies":[{"name":"wp","href":"https:\/\/api.w.org\/{rel}","templated":true}]}}