{"id":576,"date":"2020-02-13T17:26:32","date_gmt":"2020-02-13T16:26:32","guid":{"rendered":"https:\/\/agora.xtec.cat\/ceiplesmoreres\/?page_id=576"},"modified":"2022-10-27T13:30:57","modified_gmt":"2022-10-27T11:30:57","slug":"families-a-lescola","status":"publish","type":"page","link":"https:\/\/agora.xtec.cat\/ceiplesmoreres\/fem-escola\/families-a-lescola\/","title":{"rendered":"Fam\u00edlies a l&#8217;escola"},"content":{"rendered":"<p>Despr\u00e9s d&#8217;aquests dos anys, l&#8217;escola es torna a obrir a les fam\u00edlies.<\/p>\n<p>Es duen a terme diferents activitats en les quals es convida a les fam\u00edlies a ser-hi presents:<\/p>\n<p>-Contes en fam\u00edlia<\/p>\n<p>-Activitats de les fam\u00edlies d&#8217;infantil al curs del seu fill\/a<\/p>\n<p>-Participar d&#8217;algunes festes<\/p>\n<p>-Compartir els teatres<\/p>\n","protected":false},"excerpt":{"rendered":"<p>Despr\u00e9s d&#8217;aquests dos anys, l&#8217;escola es torna a obrir a les fam\u00edlies.<br \/>\nEs duen a terme diferents activitats en les quals es convida a les fam\u00edlies a ser-hi presents:<br \/>\n-Contes en fam\u00edlia<br \/>\n-Activitats de les fam\u00edlies d&#8217;infantil al curs del seu fill\/a<br \/>\n-Participar d&#8217;algunes festes<br \/>\n-Compartir els teatres<\/p>\n","protected":false},"author":1,"featured_media":0,"parent":694,"menu_order":0,"comment_status":"closed","ping_status":"closed","template":"page-templates\/side-menu.php","meta":{"_bbp_topic_count":0,"_bbp_reply_count":0,"_bbp_total_topic_count":0,"_bbp_total_reply_count":0,"_bbp_voice_count":0,"_bbp_anonymous_reply_count":0,"_bbp_topic_count_hidden":0,"_bbp_reply_count_hidden":0,"_bbp_forum_subforum_count":0,"footnotes":""},"class_list":["post-576","page","type-page","status-publish","hentry"],"post_mailing_queue_ids":[],"_links":{"self":[{"href":"https:\/\/agora.xtec.cat\/ceiplesmoreres\/wp-json\/wp\/v2\/pages\/576","targetHints":{"allow":["GET"]}}],"collection":[{"href":"https:\/\/agora.xtec.cat\/ceiplesmoreres\/wp-json\/wp\/v2\/pages"}],"about":[{"href":"https:\/\/agora.xtec.cat\/ceiplesmoreres\/wp-json\/wp\/v2\/types\/page"}],"author":[{"embeddable":true,"href":"https:\/\/agora.xtec.cat\/ceiplesmoreres\/wp-json\/wp\/v2\/users\/1"}],"replies":[{"embeddable":true,"href":"https:\/\/agora.xtec.cat\/ceiplesmoreres\/wp-json\/wp\/v2\/comments?post=576"}],"version-history":[{"count":3,"href":"https:\/\/agora.xtec.cat\/ceiplesmoreres\/wp-json\/wp\/v2\/pages\/576\/revisions"}],"predecessor-version":[{"id":3554,"href":"https:\/\/agora.xtec.cat\/ceiplesmoreres\/wp-json\/wp\/v2\/pages\/576\/revisions\/3554"}],"up":[{"embeddable":true,"href":"https:\/\/agora.xtec.cat\/ceiplesmoreres\/wp-json\/wp\/v2\/pages\/694"}],"wp:attachment":[{"href":"https:\/\/agora.xtec.cat\/ceiplesmoreres\/wp-json\/wp\/v2\/media?parent=576"}],"curies":[{"name":"wp","href":"https:\/\/api.w.org\/{rel}","templated":true}]}}