{"id":570,"date":"2020-02-13T17:26:05","date_gmt":"2020-02-13T16:26:05","guid":{"rendered":"https:\/\/agora.xtec.cat\/ceiplesmoreres\/?page_id=570"},"modified":"2021-09-16T13:31:23","modified_gmt":"2021-09-16T11:31:23","slug":"som-artistes","status":"publish","type":"page","link":"https:\/\/agora.xtec.cat\/ceiplesmoreres\/fem-escola\/som-artistes\/","title":{"rendered":"Som artistes"},"content":{"rendered":"<p>L&#8217;escola d\u00f3na molta import\u00e0ncia a tots els aspectes relacionats amb l\u00b4expressi\u00f3 i creaci\u00f3 art\u00edstica. Volem que els nostres alumnes siguin creatius i que puguin donar resposta a q\u00fcestions actuals. \u00c9s essencial plantejar experi\u00e8ncies que exercitin la imaginaci\u00f3 des de la combinaci\u00f3 de diferents disciplines.<\/p>\n<p><span style=\"font-family: inherit; font-size: 1em;\">Apostem pel desenvolupament de la creativitat mitjan\u00e7ant:<\/span><\/p>\n<ul>\n<li>Tallers de cer\u00e0mica i de tap\u00eds.<\/li>\n<li>Teatre a cada cicle.<\/li>\n<li>Cant\u00e0nia amb cicle mitj\u00e0.<\/li>\n<li>Itinerari po\u00e8tic.<\/li>\n<li>Fira del conte.<\/li>\n<li>Tallers de creativitat amb diferents t\u00e8cniques.<\/li>\n<\/ul>\n<p>&#8230;<\/p>\n","protected":false},"excerpt":{"rendered":"<p>L&#8217;escola d\u00f3na molta import\u00e0ncia a tots els aspectes relacionats amb l\u00b4expressi\u00f3 i creaci\u00f3 art\u00edstica. Volem que els nostres alumnes siguin creatius i que puguin donar resposta a q\u00fcestions actuals. \u00c9s essencial plantejar experi\u00e8ncies que exercitin la imaginaci\u00f3 des de la combinaci\u00f3 de diferents disciplines.<br \/>\nApostem pel&hellip;  <a href=\"https:\/\/agora.xtec.cat\/ceiplesmoreres\/fem-escola\/som-artistes\/\" title=\"Read Som artistes\">Llegeix m\u00e9s\u00bb<\/a><\/p>\n","protected":false},"author":1,"featured_media":0,"parent":694,"menu_order":0,"comment_status":"closed","ping_status":"closed","template":"page-templates\/side-menu.php","meta":{"_bbp_topic_count":0,"_bbp_reply_count":0,"_bbp_total_topic_count":0,"_bbp_total_reply_count":0,"_bbp_voice_count":0,"_bbp_anonymous_reply_count":0,"_bbp_topic_count_hidden":0,"_bbp_reply_count_hidden":0,"_bbp_forum_subforum_count":0,"footnotes":""},"class_list":["post-570","page","type-page","status-publish","hentry"],"post_mailing_queue_ids":[],"_links":{"self":[{"href":"https:\/\/agora.xtec.cat\/ceiplesmoreres\/wp-json\/wp\/v2\/pages\/570","targetHints":{"allow":["GET"]}}],"collection":[{"href":"https:\/\/agora.xtec.cat\/ceiplesmoreres\/wp-json\/wp\/v2\/pages"}],"about":[{"href":"https:\/\/agora.xtec.cat\/ceiplesmoreres\/wp-json\/wp\/v2\/types\/page"}],"author":[{"embeddable":true,"href":"https:\/\/agora.xtec.cat\/ceiplesmoreres\/wp-json\/wp\/v2\/users\/1"}],"replies":[{"embeddable":true,"href":"https:\/\/agora.xtec.cat\/ceiplesmoreres\/wp-json\/wp\/v2\/comments?post=570"}],"version-history":[{"count":3,"href":"https:\/\/agora.xtec.cat\/ceiplesmoreres\/wp-json\/wp\/v2\/pages\/570\/revisions"}],"predecessor-version":[{"id":589,"href":"https:\/\/agora.xtec.cat\/ceiplesmoreres\/wp-json\/wp\/v2\/pages\/570\/revisions\/589"}],"up":[{"embeddable":true,"href":"https:\/\/agora.xtec.cat\/ceiplesmoreres\/wp-json\/wp\/v2\/pages\/694"}],"wp:attachment":[{"href":"https:\/\/agora.xtec.cat\/ceiplesmoreres\/wp-json\/wp\/v2\/media?parent=570"}],"curies":[{"name":"wp","href":"https:\/\/api.w.org\/{rel}","templated":true}]}}