{"id":567,"date":"2020-02-13T17:20:32","date_gmt":"2020-02-13T16:20:32","guid":{"rendered":"https:\/\/agora.xtec.cat\/ceiplesmoreres\/?page_id=567"},"modified":"2021-09-16T13:30:40","modified_gmt":"2021-09-16T11:30:40","slug":"llegim-per-aprendre","status":"publish","type":"page","link":"https:\/\/agora.xtec.cat\/ceiplesmoreres\/fem-escola\/llegim-per-aprendre\/","title":{"rendered":"Llegim per aprendre"},"content":{"rendered":"<p><span style=\"font-weight: 400;\">Des de la biblioteca i les aules impulsem un seguit d\u2019activitats amb el que pretenem despertar inter\u00e8s per a la lectura i la imaginaci\u00f3. Les actuacions que portarem a terme al llarg del curs s\u00f3n les seg\u00fcents:<\/span><\/p>\n<ul>\n<li style=\"font-weight: 400;\"><span style=\"font-weight: 400;\">Treballar un autor\/a del m\u00f3n de la literatura.<\/span><\/li>\n<li style=\"font-weight: 400;\"><i><span style=\"font-weight: 400;\">Sessions de biblioteca <\/span><\/i><span style=\"font-weight: 400;\">\u00a0amb la presentaci\u00f3 d\u2019un llibre o l\u2019explicaci\u00f3 d\u2019un conte, fer pr\u00e9stec i llegir lliurament.<\/span><\/li>\n<li style=\"font-weight: 400;\"><span style=\"font-weight: 400;\">Obertura de la biblioteca un dia a l\u2019hora del pati.<\/span><\/li>\n<li style=\"font-weight: 400;\"><span style=\"font-weight: 400;\">Parelles de ContaContes.<\/span><\/li>\n<li style=\"font-weight: 400;\"><span style=\"font-weight: 400;\">Apadrinament lector.\u00a0<\/span><\/li>\n<li style=\"font-weight: 400;\"><span style=\"font-weight: 400;\">Itinerari Po\u00e8tic<\/span><\/li>\n<li style=\"font-weight: 400;\"><span style=\"font-weight: 400;\">Alliberament de llibres.<\/span><\/li>\n<li style=\"font-weight: 400;\"><span style=\"font-weight: 400;\">Treballar biografies de dones importants.<\/span><\/li>\n<li style=\"font-weight: 400;\"><span style=\"font-weight: 400;\">Regalem poemes.<\/span><\/li>\n<li style=\"font-weight: 400;\"><span style=\"font-weight: 400;\">Pla lector, 20 minuts de lectura di\u00e0ria.\u00a0<\/span><\/li>\n<li style=\"font-weight: 400;\"><span style=\"font-weight: 400;\">Lectura de dos llibres de ficci\u00f3 per curs.<\/span><\/li>\n<li style=\"font-weight: 400;\"><span style=\"font-weight: 400;\">Participar en el programa els autors a les aules.<\/span><\/li>\n<li style=\"font-weight: 400;\"><span style=\"font-weight: 400;\">\u201cContes en fam\u00edlia\u201d per Sant Jordi.<\/span><\/li>\n<li>\u201cFira de contes\u201d.<\/li>\n<\/ul>\n","protected":false},"excerpt":{"rendered":"<p>Des de la biblioteca i les aules impulsem un seguit d\u2019activitats amb el que pretenem despertar inter\u00e8s per a la lectura i la imaginaci\u00f3. Les actuacions que portarem a terme al llarg del curs s\u00f3n les seg\u00fcents:<\/p>\n<ul>\n<li style=\"font-weight: 400;\">Treballar un autor\/a del m\u00f3n de la&hellip;  <a href=\"https:\/\/agora.xtec.cat\/ceiplesmoreres\/fem-escola\/llegim-per-aprendre\/\" title=\"Read Llegim per aprendre\">Llegeix m\u00e9s\u00bb<\/a><br \/>\n","protected":false},"author":1,"featured_media":0,"parent":694,"menu_order":0,"comment_status":"closed","ping_status":"closed","template":"page-templates\/side-menu.php","meta":{"_bbp_topic_count":0,"_bbp_reply_count":0,"_bbp_total_topic_count":0,"_bbp_total_reply_count":0,"_bbp_voice_count":0,"_bbp_anonymous_reply_count":0,"_bbp_topic_count_hidden":0,"_bbp_reply_count_hidden":0,"_bbp_forum_subforum_count":0,"footnotes":""},"class_list":["post-567","page","type-page","status-publish","hentry"],"post_mailing_queue_ids":[],"_links":{"self":[{"href":"https:\/\/agora.xtec.cat\/ceiplesmoreres\/wp-json\/wp\/v2\/pages\/567","targetHints":{"allow":["GET"]}}],"collection":[{"href":"https:\/\/agora.xtec.cat\/ceiplesmoreres\/wp-json\/wp\/v2\/pages"}],"about":[{"href":"https:\/\/agora.xtec.cat\/ceiplesmoreres\/wp-json\/wp\/v2\/types\/page"}],"author":[{"embeddable":true,"href":"https:\/\/agora.xtec.cat\/ceiplesmoreres\/wp-json\/wp\/v2\/users\/1"}],"replies":[{"embeddable":true,"href":"https:\/\/agora.xtec.cat\/ceiplesmoreres\/wp-json\/wp\/v2\/comments?post=567"}],"version-history":[{"count":3,"href":"https:\/\/agora.xtec.cat\/ceiplesmoreres\/wp-json\/wp\/v2\/pages\/567\/revisions"}],"predecessor-version":[{"id":697,"href":"https:\/\/agora.xtec.cat\/ceiplesmoreres\/wp-json\/wp\/v2\/pages\/567\/revisions\/697"}],"up":[{"embeddable":true,"href":"https:\/\/agora.xtec.cat\/ceiplesmoreres\/wp-json\/wp\/v2\/pages\/694"}],"wp:attachment":[{"href":"https:\/\/agora.xtec.cat\/ceiplesmoreres\/wp-json\/wp\/v2\/media?parent=567"}],"curies":[{"name":"wp","href":"https:\/\/api.w.org\/{rel}","templated":true}]}}