{"id":4183,"date":"2023-06-23T10:35:16","date_gmt":"2023-06-23T08:35:16","guid":{"rendered":"https:\/\/agora.xtec.cat\/ceiplesmoreres\/?page_id=4183"},"modified":"2023-06-23T10:44:44","modified_gmt":"2023-06-23T08:44:44","slug":"cultura-digital","status":"publish","type":"page","link":"https:\/\/agora.xtec.cat\/ceiplesmoreres\/estrategia\/cultura-digital\/","title":{"rendered":"Cultura digital"},"content":{"rendered":"<p>En aquest apartat trobareu els protocols d&#8217;actuaci\u00f3,totes les informacions i documentaci\u00f3 relacionades directament amb l&#8217;estrat\u00e8gia digital de centre.<\/p>\n<p><a href=\"https:\/\/agora.xtec.cat\/ceiplesmoreres\/serveis-de-lescola\/serveis-digitals\/\">SERVEIS DIGITALS PER LES FAM\u00cdLIES<\/a><\/p>\n<p><a href=\"https:\/\/sites.google.com\/lesmoreres.cat\/intramoreres20\/inici\">SERVEIS DIGITALS PELS MESTRES<\/a><\/p>\n<p>&nbsp;<\/p>\n<p>&nbsp;<\/p>\n<p>&nbsp;<\/p>\n","protected":false},"excerpt":{"rendered":"<p>En aquest apartat trobareu els protocols d&#8217;actuaci\u00f3,totes les informacions i documentaci\u00f3 relacionades directament amb l&#8217;estrat\u00e8gia digital de centre.<br \/>\n<a href=\"https:\/\/agora.xtec.cat\/ceiplesmoreres\/serveis-de-lescola\/serveis-digitals\/\">SERVEIS DIGITALS PER LES FAM\u00cdLIES<\/a><br \/>\n<a href=\"https:\/\/sites.google.com\/lesmoreres.cat\/intramoreres20\/inici\">SERVEIS DIGITALS PELS MESTRES<\/a><br \/>\n&nbsp;<br \/>\n&nbsp;<br \/>\n&nbsp;<\/p>\n","protected":false},"author":1,"featured_media":0,"parent":4111,"menu_order":3,"comment_status":"closed","ping_status":"closed","template":"page-templates\/side-menu.php","meta":{"_bbp_topic_count":0,"_bbp_reply_count":0,"_bbp_total_topic_count":0,"_bbp_total_reply_count":0,"_bbp_voice_count":0,"_bbp_anonymous_reply_count":0,"_bbp_topic_count_hidden":0,"_bbp_reply_count_hidden":0,"_bbp_forum_subforum_count":0,"footnotes":""},"class_list":["post-4183","page","type-page","status-publish","hentry"],"post_mailing_queue_ids":[],"_links":{"self":[{"href":"https:\/\/agora.xtec.cat\/ceiplesmoreres\/wp-json\/wp\/v2\/pages\/4183","targetHints":{"allow":["GET"]}}],"collection":[{"href":"https:\/\/agora.xtec.cat\/ceiplesmoreres\/wp-json\/wp\/v2\/pages"}],"about":[{"href":"https:\/\/agora.xtec.cat\/ceiplesmoreres\/wp-json\/wp\/v2\/types\/page"}],"author":[{"embeddable":true,"href":"https:\/\/agora.xtec.cat\/ceiplesmoreres\/wp-json\/wp\/v2\/users\/1"}],"replies":[{"embeddable":true,"href":"https:\/\/agora.xtec.cat\/ceiplesmoreres\/wp-json\/wp\/v2\/comments?post=4183"}],"version-history":[{"count":3,"href":"https:\/\/agora.xtec.cat\/ceiplesmoreres\/wp-json\/wp\/v2\/pages\/4183\/revisions"}],"predecessor-version":[{"id":4187,"href":"https:\/\/agora.xtec.cat\/ceiplesmoreres\/wp-json\/wp\/v2\/pages\/4183\/revisions\/4187"}],"up":[{"embeddable":true,"href":"https:\/\/agora.xtec.cat\/ceiplesmoreres\/wp-json\/wp\/v2\/pages\/4111"}],"wp:attachment":[{"href":"https:\/\/agora.xtec.cat\/ceiplesmoreres\/wp-json\/wp\/v2\/media?parent=4183"}],"curies":[{"name":"wp","href":"https:\/\/api.w.org\/{rel}","templated":true}]}}