{"id":4124,"date":"2023-05-30T13:59:44","date_gmt":"2023-05-30T11:59:44","guid":{"rendered":"https:\/\/agora.xtec.cat\/ceiplesmoreres\/?page_id=4124"},"modified":"2023-05-30T14:08:09","modified_gmt":"2023-05-30T12:08:09","slug":"planificacio-estrategica","status":"publish","type":"page","link":"https:\/\/agora.xtec.cat\/ceiplesmoreres\/estrategia\/planificacio-estrategica\/","title":{"rendered":"Planificaci\u00f3 estrat\u00e8gica"},"content":{"rendered":"<p>En el seg\u00fcent <a href=\"https:\/\/docs.google.com\/spreadsheets\/d\/e\/2PACX-1vQKwYPRnRZf_rpem62xmTYvHt-a1VNLKAL9WSvJyfzzpCjMNPY858wf4O6oRv8TJm2gsdqOoQN5ph7K\/pubhtml?gid=389436509&amp;single=true\">enlla\u00e7<\/a> trobareu el document de la planificaci\u00f3 estrat\u00e8gica del nostre centre.<\/p>\n<p>&nbsp;<\/p>\n<p>&nbsp;<\/p>\n","protected":false},"excerpt":{"rendered":"<p>En el seg\u00fcent <a href=\"https:\/\/docs.google.com\/spreadsheets\/d\/e\/2PACX-1vQKwYPRnRZf_rpem62xmTYvHt-a1VNLKAL9WSvJyfzzpCjMNPY858wf4O6oRv8TJm2gsdqOoQN5ph7K\/pubhtml?gid=389436509&amp;single=true\">enlla\u00e7<\/a> trobareu el document de la planificaci\u00f3 estrat\u00e8gica del nostre centre.<br \/>\n&nbsp;<br \/>\n&nbsp;<\/p>\n","protected":false},"author":1,"featured_media":0,"parent":4111,"menu_order":1,"comment_status":"closed","ping_status":"closed","template":"page-templates\/side-menu.php","meta":{"_bbp_topic_count":0,"_bbp_reply_count":0,"_bbp_total_topic_count":0,"_bbp_total_reply_count":0,"_bbp_voice_count":0,"_bbp_anonymous_reply_count":0,"_bbp_topic_count_hidden":0,"_bbp_reply_count_hidden":0,"_bbp_forum_subforum_count":0,"footnotes":""},"class_list":["post-4124","page","type-page","status-publish","hentry"],"post_mailing_queue_ids":[],"_links":{"self":[{"href":"https:\/\/agora.xtec.cat\/ceiplesmoreres\/wp-json\/wp\/v2\/pages\/4124","targetHints":{"allow":["GET"]}}],"collection":[{"href":"https:\/\/agora.xtec.cat\/ceiplesmoreres\/wp-json\/wp\/v2\/pages"}],"about":[{"href":"https:\/\/agora.xtec.cat\/ceiplesmoreres\/wp-json\/wp\/v2\/types\/page"}],"author":[{"embeddable":true,"href":"https:\/\/agora.xtec.cat\/ceiplesmoreres\/wp-json\/wp\/v2\/users\/1"}],"replies":[{"embeddable":true,"href":"https:\/\/agora.xtec.cat\/ceiplesmoreres\/wp-json\/wp\/v2\/comments?post=4124"}],"version-history":[{"count":3,"href":"https:\/\/agora.xtec.cat\/ceiplesmoreres\/wp-json\/wp\/v2\/pages\/4124\/revisions"}],"predecessor-version":[{"id":4130,"href":"https:\/\/agora.xtec.cat\/ceiplesmoreres\/wp-json\/wp\/v2\/pages\/4124\/revisions\/4130"}],"up":[{"embeddable":true,"href":"https:\/\/agora.xtec.cat\/ceiplesmoreres\/wp-json\/wp\/v2\/pages\/4111"}],"wp:attachment":[{"href":"https:\/\/agora.xtec.cat\/ceiplesmoreres\/wp-json\/wp\/v2\/media?parent=4124"}],"curies":[{"name":"wp","href":"https:\/\/api.w.org\/{rel}","templated":true}]}}