{"id":4122,"date":"2023-05-30T13:58:39","date_gmt":"2023-05-30T11:58:39","guid":{"rendered":"https:\/\/agora.xtec.cat\/ceiplesmoreres\/?page_id=4122"},"modified":"2023-05-30T14:03:11","modified_gmt":"2023-05-30T12:03:11","slug":"avaluacio","status":"publish","type":"page","link":"https:\/\/agora.xtec.cat\/ceiplesmoreres\/estrategia\/avaluacio\/","title":{"rendered":"Avaluaci\u00f3"},"content":{"rendered":"<p><span style=\"font-weight: 400;\">L\u2019avaluaci\u00f3 de la implementaci\u00f3 de l\u2019Estrat\u00e8gia digital de Centre es far\u00e0 en dues fases per part de la comissi\u00f3 d\u2019estrat\u00e8gia digital de centre:<\/span><\/p>\n<ol>\n<li style=\"font-weight: 400;\" aria-level=\"1\"><span style=\"font-weight: 400;\">La comissi\u00f3 digital far\u00e0 una validaci\u00f3 qualitativa d\u2019activitats acomplertes a final de cada curs.<\/span><\/li>\n<li style=\"font-weight: 400;\" aria-level=\"1\"><span style=\"font-weight: 400;\">La comissi\u00f3 digital far\u00e0 una valoraci\u00f3 quantitativa dels percentatges d\u2019assoliment dels indicadors respecte als objectius planejats a final del curs 2024-2025. S\u2019avaluar\u00e0 l\u2019assoliment dels indicadors d\u2019execuci\u00f3 i d\u2019impacte per separat.<\/span><\/li>\n<\/ol>\n<p><span style=\"font-weight: 400;\">En el per\u00edode 2023-2025 es retran comptes de l\u2019avaluaci\u00f3 de l\u2019estrat\u00e8gia digital al claustre i al Consell Escolar.\u00a0<\/span><\/p>\n<p><span style=\"font-weight: 400;\">A partir de la valoraci\u00f3 dels indicadors d\u2019impacte a la segona fase d\u2019avaluaci\u00f3, els objectius en qu\u00e8 l\u2019assoliment no es consideri satisfactori seran inclosos en una nova estrat\u00e8gia digital pel per\u00edode 2025-2028.\u00a0<\/span><\/p>\n","protected":false},"excerpt":{"rendered":"<p>L\u2019avaluaci\u00f3 de la implementaci\u00f3 de l\u2019Estrat\u00e8gia digital de Centre es far\u00e0 en dues fases per part de la comissi\u00f3 d\u2019estrat\u00e8gia digital de centre:<\/p>\n<ol>\n<li style=\"font-weight: 400;\" aria-level=\"1\">La comissi\u00f3 digital far\u00e0 una validaci\u00f3 qualitativa d\u2019activitats acomplertes a final de cada curs.<\/li>\n<li style=\"font-weight: 400;\" aria-level=\"1\">La comissi\u00f3 digital far\u00e0&hellip;  <a href=\"https:\/\/agora.xtec.cat\/ceiplesmoreres\/estrategia\/avaluacio\/\" title=\"Read Avaluaci\u00f3\">Llegeix m\u00e9s\u00bb<\/a><br \/>\n","protected":false},"author":1,"featured_media":0,"parent":4111,"menu_order":2,"comment_status":"closed","ping_status":"closed","template":"page-templates\/side-menu.php","meta":{"_bbp_topic_count":0,"_bbp_reply_count":0,"_bbp_total_topic_count":0,"_bbp_total_reply_count":0,"_bbp_voice_count":0,"_bbp_anonymous_reply_count":0,"_bbp_topic_count_hidden":0,"_bbp_reply_count_hidden":0,"_bbp_forum_subforum_count":0,"footnotes":""},"class_list":["post-4122","page","type-page","status-publish","hentry"],"post_mailing_queue_ids":[],"_links":{"self":[{"href":"https:\/\/agora.xtec.cat\/ceiplesmoreres\/wp-json\/wp\/v2\/pages\/4122","targetHints":{"allow":["GET"]}}],"collection":[{"href":"https:\/\/agora.xtec.cat\/ceiplesmoreres\/wp-json\/wp\/v2\/pages"}],"about":[{"href":"https:\/\/agora.xtec.cat\/ceiplesmoreres\/wp-json\/wp\/v2\/types\/page"}],"author":[{"embeddable":true,"href":"https:\/\/agora.xtec.cat\/ceiplesmoreres\/wp-json\/wp\/v2\/users\/1"}],"replies":[{"embeddable":true,"href":"https:\/\/agora.xtec.cat\/ceiplesmoreres\/wp-json\/wp\/v2\/comments?post=4122"}],"version-history":[{"count":2,"href":"https:\/\/agora.xtec.cat\/ceiplesmoreres\/wp-json\/wp\/v2\/pages\/4122\/revisions"}],"predecessor-version":[{"id":4128,"href":"https:\/\/agora.xtec.cat\/ceiplesmoreres\/wp-json\/wp\/v2\/pages\/4122\/revisions\/4128"}],"up":[{"embeddable":true,"href":"https:\/\/agora.xtec.cat\/ceiplesmoreres\/wp-json\/wp\/v2\/pages\/4111"}],"wp:attachment":[{"href":"https:\/\/agora.xtec.cat\/ceiplesmoreres\/wp-json\/wp\/v2\/media?parent=4122"}],"curies":[{"name":"wp","href":"https:\/\/api.w.org\/{rel}","templated":true}]}}