{"id":4116,"date":"2023-05-30T13:38:05","date_gmt":"2023-05-30T11:38:05","guid":{"rendered":"https:\/\/agora.xtec.cat\/ceiplesmoreres\/?page_id=4116"},"modified":"2023-05-30T14:00:03","modified_gmt":"2023-05-30T12:00:03","slug":"diagnosi","status":"publish","type":"page","link":"https:\/\/agora.xtec.cat\/ceiplesmoreres\/estrategia\/diagnosi\/","title":{"rendered":"Diagnosi"},"content":{"rendered":"<h4><span style=\"font-weight: 400;\">DIAGNOSI<\/span><\/h4>\n<p><span style=\"font-weight: 400;\">En el proc\u00e9s de diagnosi, a part de les reunions amb la comissi\u00f3 digital, s\u2019han utilitzat les seg\u00fcents eines:<\/span><\/p>\n<ul>\n<li style=\"font-weight: 400;\" aria-level=\"1\"><span style=\"font-weight: 400;\">Pla TAC anterior.<\/span><\/li>\n<li style=\"font-weight: 400;\" aria-level=\"1\"><span style=\"font-weight: 400;\">Q\u00fcestionari SELFIE a equip directiu, docents i alumnat amb una participaci\u00f3 del 100%, 93% i 79%.<\/span><\/li>\n<li style=\"font-weight: 400;\" aria-level=\"1\"><span style=\"font-weight: 400;\">Recull d\u2019indicadors digitals en els apartats de: estrat\u00e8gia digital, tipologia, equipaments, serveis i usos.\u00a0<\/span><\/li>\n<li style=\"font-weight: 400;\" aria-level=\"1\"><span style=\"font-weight: 400;\">Recull de documents de cultura digital en els \u00e0mbits de comunicaci\u00f3, fam\u00edlies i alumnes i docents a partir d\u2019una llista de verificaci\u00f3.<\/span><\/li>\n<li style=\"font-weight: 400;\" aria-level=\"1\"><span style=\"font-weight: 400;\">Experi\u00e8ncia d\u2019usuari a partir de llistes de verificaci\u00f3 en 3 modalitats: usuari extern, usuari nou docent i usuari nova fam\u00edlia.<\/span><\/li>\n<li style=\"font-weight: 400;\" aria-level=\"1\"><span style=\"font-weight: 400;\">An\u00e0lisi dels canals de comunicaci\u00f3 per docents, alumnes i fam\u00edlies.<\/span><\/li>\n<li style=\"font-weight: 400;\" aria-level=\"1\"><span style=\"font-weight: 400;\">Entrevista amb dos membres de l\u2019associaci\u00f3 de fam\u00edlies d\u2019alumnes (AFA).<\/span><\/li>\n<li style=\"font-weight: 400;\" aria-level=\"1\"><span style=\"font-weight: 400;\">Elaboraci\u00f3 de la visi\u00f3 digital del centre (caracter\u00edstiques digitals del centre que es desitja a tres cursos vista). <\/span><\/li>\n<\/ul>\n","protected":false},"excerpt":{"rendered":"<p>DIAGNOSI<br \/>\nEn el proc\u00e9s de diagnosi, a part de les reunions amb la comissi\u00f3 digital, s\u2019han utilitzat les seg\u00fcents eines:<\/p>\n<ul>\n<li style=\"font-weight: 400;\" aria-level=\"1\">Pla TAC anterior.<\/li>\n<li style=\"font-weight: 400;\" aria-level=\"1\">Q\u00fcestionari SELFIE a equip directiu, docents i alumnat amb una participaci\u00f3 del 100%, 93% i 79%.<\/li>\n<li style=\"font-weight: 400;\" aria-level=\"1\">Recull&hellip;  <a href=\"https:\/\/agora.xtec.cat\/ceiplesmoreres\/estrategia\/diagnosi\/\" title=\"Read Diagnosi\">Llegeix m\u00e9s\u00bb<\/a><br \/>\n","protected":false},"author":1,"featured_media":0,"parent":4111,"menu_order":0,"comment_status":"closed","ping_status":"closed","template":"page-templates\/side-menu.php","meta":{"_bbp_topic_count":0,"_bbp_reply_count":0,"_bbp_total_topic_count":0,"_bbp_total_reply_count":0,"_bbp_voice_count":0,"_bbp_anonymous_reply_count":0,"_bbp_topic_count_hidden":0,"_bbp_reply_count_hidden":0,"_bbp_forum_subforum_count":0,"footnotes":""},"class_list":["post-4116","page","type-page","status-publish","hentry"],"post_mailing_queue_ids":[],"_links":{"self":[{"href":"https:\/\/agora.xtec.cat\/ceiplesmoreres\/wp-json\/wp\/v2\/pages\/4116","targetHints":{"allow":["GET"]}}],"collection":[{"href":"https:\/\/agora.xtec.cat\/ceiplesmoreres\/wp-json\/wp\/v2\/pages"}],"about":[{"href":"https:\/\/agora.xtec.cat\/ceiplesmoreres\/wp-json\/wp\/v2\/types\/page"}],"author":[{"embeddable":true,"href":"https:\/\/agora.xtec.cat\/ceiplesmoreres\/wp-json\/wp\/v2\/users\/1"}],"replies":[{"embeddable":true,"href":"https:\/\/agora.xtec.cat\/ceiplesmoreres\/wp-json\/wp\/v2\/comments?post=4116"}],"version-history":[{"count":3,"href":"https:\/\/agora.xtec.cat\/ceiplesmoreres\/wp-json\/wp\/v2\/pages\/4116\/revisions"}],"predecessor-version":[{"id":4127,"href":"https:\/\/agora.xtec.cat\/ceiplesmoreres\/wp-json\/wp\/v2\/pages\/4116\/revisions\/4127"}],"up":[{"embeddable":true,"href":"https:\/\/agora.xtec.cat\/ceiplesmoreres\/wp-json\/wp\/v2\/pages\/4111"}],"wp:attachment":[{"href":"https:\/\/agora.xtec.cat\/ceiplesmoreres\/wp-json\/wp\/v2\/media?parent=4116"}],"curies":[{"name":"wp","href":"https:\/\/api.w.org\/{rel}","templated":true}]}}