{"id":28,"date":"2014-09-18T12:29:35","date_gmt":"2014-09-18T11:29:35","guid":{"rendered":"http:\/\/agora.xtec.cat\/ceiplesmoreres\/?page_id=28"},"modified":"2025-10-08T15:47:36","modified_gmt":"2025-10-08T13:47:36","slug":"consell-escolar","status":"publish","type":"page","link":"https:\/\/agora.xtec.cat\/ceiplesmoreres\/escola\/consell-escolar\/","title":{"rendered":"Consell escolar"},"content":{"rendered":"<ul>\n<li style=\"list-style-type: none;\">\n<ul>\n<li><a href=\"https:\/\/educacio.gencat.cat\/ca\/arees-actuacio\/centres-serveis-educatius\/centres\/consells-escolars-centres\/centres-publics\/\">Funcions del Consell Escolar<\/a><\/li>\n<li><a href=\"https:\/\/drive.google.com\/file\/d\/1SST5iG92u_ECYbDPT46uhXmgXalsH2Yx\/view?usp=sharing\">Acords Consell Escolar Curs 2021-2022 Juny<\/a><\/li>\n<li><a href=\"https:\/\/drive.google.com\/file\/d\/1kO3Mj4uCqRnhwOnU_50MEAtwY5mCUvtY\/view?usp=sharing\">Acords\u00a0 Consell Escolar Curs 2022-2023 Juny<\/a><\/li>\n<li><a href=\"https:\/\/drive.google.com\/file\/d\/1LmXU9vSmw42x_vChMG005YkT5n52c7DV\/view?usp=sharing\">Acords Consell Escolar Curs 2023-2024 Octubre<\/a><\/li>\n<li><a href=\"https:\/\/drive.google.com\/file\/d\/1jxFbgCSz8oc8PS-8BCpH33brOHpFAld7\/view?usp=sharing\">Acords Consell Escolar Curs 2023.-2024 Febrer<\/a><\/li>\n<li><a href=\"https:\/\/drive.google.com\/file\/d\/1I-7Oe4Qkm40VRymfnpxEii_QvwN9BN6v\/view?usp=sharing\">Acords Consell Escolar Curs 2023-2024 Abril<\/a><\/li>\n<li><a href=\"https:\/\/drive.google.com\/file\/d\/1-MiN1DrvmDJsc5JPo82Ab6Va2G29eVpl\/view?usp=sharing\">Acords Consell Escolar Curs 2023-2024 Juny<\/a><\/li>\n<li><a href=\"https:\/\/drive.google.com\/file\/d\/1qsEv6ZhR6d0hkAVcuPpvS-s3WOt4Rydw\/view?usp=drive_link\">Acords Consell Escolar Curs 2024-2025 Octubre<\/a><\/li>\n<li><a href=\"https:\/\/drive.google.com\/file\/d\/14k7ymS7eimVkdVS7JRZMPhv31laXPlYs\/view?usp=drive_link\">Acords Consell Escolar Curs 2024-2025 Novembre<\/a><\/li>\n<li><a href=\"https:\/\/drive.google.com\/file\/d\/1MGam9D24nPnb4Kg7Z3kcsGslKWcfZwXJ\/view?usp=sharing\">Acords Consell Escolar Curs 2024-2025 Febrer<\/a><\/li>\n<li><a href=\"https:\/\/drive.google.com\/file\/d\/1AxLzhnpTGJvff0skfFRnphXC_8Fw6Epm\/view?usp=sharing\">Acords Consell Escolar Curs 2024-2025 Juny<\/a><\/li>\n<li><a href=\"https:\/\/drive.google.com\/file\/d\/1F7F4fOyyoLhUl7lBAkgKvZzXzjQtrBt9\/view?usp=sharing\">Acords Consell Escolar Curs 2025-2026 Octubre<\/a><\/li>\n<\/ul>\n<\/li>\n<\/ul>\n<p><span style=\"font-family: inherit; font-size: 1em;\">El Consell Escolar d&#8217;aquest curs 2025-2026 est\u00e0 format per les seg\u00fcents persones:<\/span><\/p>\n<p style=\"text-align: left;\"><strong>President:<\/strong> Anna Falg\u00e0s<\/p>\n<p style=\"text-align: left;\"><strong>Cap d&#8217;estudis:<\/strong> Montse Clar.<\/p>\n<p style=\"text-align: left;\"><strong>Secret\u00e0ria:<\/strong> Bet Bonany.<\/p>\n<p style=\"text-align: left;\"><strong>Sector mestres:<\/strong> <span style=\"font-family: inherit; font-size: 1em;\">Jordi Barniol,<\/span> Laura C\u00edtores, Cristina Cayuela<span style=\"font-family: inherit; font-size: 1em;\">, <\/span>Merc\u00e8 Jim\u00e9nez i <span style=\"font-family: inherit; font-size: 1em;\">Dolors Reverter<\/span><\/p>\n<p style=\"text-align: left;\"><strong>Sector fam\u00edlies:<\/strong>\u00a0 \u00a0Souad Berkach, Josep Narc\u00eds Pujol, Br\u00edgida Raset i X\u00e8nia Rosales<\/p>\n<p style=\"text-align: left;\"><strong>Representant AMPA:<\/strong> Mariona Cubars\u00ed.<\/p>\n<p style=\"text-align: left;\"><strong>Representant PAS: <\/strong>Maria Mart\u00ednez<\/p>\n<p style=\"text-align: left;\"><strong>Representant Ajuntament:<\/strong> Rosa M. Vil\u00e0.<\/p>\n","protected":false},"excerpt":{"rendered":"<ul>\n<li style=\"list-style-type: none;\">\n<ul>\n<li><a href=\"https:\/\/educacio.gencat.cat\/ca\/arees-actuacio\/centres-serveis-educatius\/centres\/consells-escolars-centres\/centres-publics\/\">Funcions del Consell Escolar<\/a><\/li>\n<li><a href=\"https:\/\/drive.google.com\/file\/d\/1SST5iG92u_ECYbDPT46uhXmgXalsH2Yx\/view?usp=sharing\">Acords Consell Escolar Curs 2021-2022 Juny<\/a><\/li>\n<li><a href=\"https:\/\/drive.google.com\/file\/d\/1kO3Mj4uCqRnhwOnU_50MEAtwY5mCUvtY\/view?usp=sharing\">Acords\u00a0 Consell Escolar Curs 2022-2023 Juny<\/a><\/li>\n<li><a href=\"https:\/\/drive.google.com\/file\/d\/1LmXU9vSmw42x_vChMG005YkT5n52c7DV\/view?usp=sharing\">Acords Consell Escolar Curs 2023-2024 Octubre<\/a><\/li>\n<li><a href=\"https:\/\/drive.google.com\/file\/d\/1jxFbgCSz8oc8PS-8BCpH33brOHpFAld7\/view?usp=sharing\">Acords Consell Escolar Curs 2023.-2024 Febrer<\/a><\/li>\n<li><a href=\"https:\/\/drive.google.com\/file\/d\/1I-7Oe4Qkm40VRymfnpxEii_QvwN9BN6v\/view?usp=sharing\">Acords Consell Escolar Curs 2023-2024 Abril<\/a><\/li>\n<li><a href=\"https:\/\/drive.google.com\/file\/d\/1-MiN1DrvmDJsc5JPo82Ab6Va2G29eVpl\/view?usp=sharing\">Acords Consell Escolar Curs 2023-2024 Juny<\/a><\/li>\n<li><a href=\"https:\/\/drive.google.com\/file\/d\/1qsEv6ZhR6d0hkAVcuPpvS-s3WOt4Rydw\/view?usp=drive_link\">Acords Consell&hellip;  <a href=\"https:\/\/agora.xtec.cat\/ceiplesmoreres\/escola\/consell-escolar\/\" title=\"Read Consell escolar\">Llegeix m\u00e9s\u00bb<\/a><br \/>\n","protected":false},"author":1,"featured_media":0,"parent":668,"menu_order":30,"comment_status":"closed","ping_status":"closed","template":"page-templates\/side-menu.php","meta":{"_bbp_topic_count":0,"_bbp_reply_count":0,"_bbp_total_topic_count":0,"_bbp_total_reply_count":0,"_bbp_voice_count":0,"_bbp_anonymous_reply_count":0,"_bbp_topic_count_hidden":0,"_bbp_reply_count_hidden":0,"_bbp_forum_subforum_count":0,"footnotes":""},"class_list":["post-28","page","type-page","status-publish","hentry"],"post_mailing_queue_ids":[],"_links":{"self":[{"href":"https:\/\/agora.xtec.cat\/ceiplesmoreres\/wp-json\/wp\/v2\/pages\/28","targetHints":{"allow":["GET"]}}],"collection":[{"href":"https:\/\/agora.xtec.cat\/ceiplesmoreres\/wp-json\/wp\/v2\/pages"}],"about":[{"href":"https:\/\/agora.xtec.cat\/ceiplesmoreres\/wp-json\/wp\/v2\/types\/page"}],"author":[{"embeddable":true,"href":"https:\/\/agora.xtec.cat\/ceiplesmoreres\/wp-json\/wp\/v2\/users\/1"}],"replies":[{"embeddable":true,"href":"https:\/\/agora.xtec.cat\/ceiplesmoreres\/wp-json\/wp\/v2\/comments?post=28"}],"version-history":[{"count":6,"href":"https:\/\/agora.xtec.cat\/ceiplesmoreres\/wp-json\/wp\/v2\/pages\/28\/revisions"}],"predecessor-version":[{"id":5545,"href":"https:\/\/agora.xtec.cat\/ceiplesmoreres\/wp-json\/wp\/v2\/pages\/28\/revisions\/5545"}],"up":[{"embeddable":true,"href":"https:\/\/agora.xtec.cat\/ceiplesmoreres\/wp-json\/wp\/v2\/pages\/668"}],"wp:attachment":[{"href":"https:\/\/agora.xtec.cat\/ceiplesmoreres\/wp-json\/wp\/v2\/media?parent=28"}],"curies":[{"name":"wp","href":"https:\/\/api.w.org\/{rel}","templated":true}]}}