{"id":26,"date":"2014-09-18T12:24:32","date_gmt":"2014-09-18T11:24:32","guid":{"rendered":"http:\/\/agora.xtec.cat\/ceiplesmoreres\/?page_id=26"},"modified":"2024-10-11T17:11:44","modified_gmt":"2024-10-11T15:11:44","slug":"historia","status":"publish","type":"page","link":"https:\/\/agora.xtec.cat\/ceiplesmoreres\/escola\/historia\/","title":{"rendered":"Petita hist\u00f2ria de l&#8217;edifici escolar\ufeff"},"content":{"rendered":"<p>L&#8217;Escola Les Moreres de Fla\u00e7\u00e0 va ser projectada per l&#8217;arquitecte racionalista Emili Blanch Roig i va ser inaugurada el 1934.<\/p>\n<p>\u00c9s una escola graduada on impartim des de I3 fins a 6\u00e8 de prim\u00e0ria.Actualment tenim 133 alumnes amb una plantilla de 14 mestres.<\/p>\n<p>L&#8217;edifici ,que va ser considerat mod\u00e8lic, fou inaugurat el dia 23 de setembre de 1934 a les 3 de la tarda i es va fer una gran festa popular.<\/p>\n<p>Del llibre\u00a0Fla\u00e7\u00e0. Les velles fotografies del poble i de la seva gent.\u00a0Ajuntament de Fla\u00e7\u00e0 1984.<\/p>\n<p><img decoding=\"async\" src=\"https:\/\/2.bp.blogspot.com\/-yjnEiJ973m8\/XN2422j7RNI\/AAAAAAAAHwM\/JiFlipw7uOw05zuVAMgb9cNtzsU6Sqb5QCLcBGAs\/s1600\/escola.jpg\" \/><img loading=\"lazy\" decoding=\"async\" class=\"\" src=\"https:\/\/1.bp.blogspot.com\/-uQNAgd60WRI\/XN242xgJt5I\/AAAAAAAAHwE\/mDisXBcFE2oxHDBn3uNkn1ynz4umXvLsQCLcBGAs\/s1600\/escola1934%2B2.jpg\" width=\"236\" height=\"149\" \/> <img loading=\"lazy\" decoding=\"async\" class=\"\" src=\"https:\/\/3.bp.blogspot.com\/-CTWvHPNfSrY\/XN243rNnrcI\/AAAAAAAAHwQ\/pQwFhckkLNceWmu1p0mEVneSL2VFTy6LwCLcBGAs\/s1600\/escola1934%2B4.jpg\" width=\"230\" height=\"149\" \/><\/p>\n","protected":false},"excerpt":{"rendered":"<p>L&#8217;Escola Les Moreres de Fla\u00e7\u00e0 va ser projectada per l&#8217;arquitecte racionalista Emili Blanch Roig i va ser inaugurada el 1934.<br \/>\n\u00c9s una escola graduada on impartim des de I3 fins a 6\u00e8 de prim\u00e0ria.Actualment tenim 133 alumnes amb una plantilla de 14 mestres.<br \/>\nL&#8217;edifici ,que va ser&hellip;  <a href=\"https:\/\/agora.xtec.cat\/ceiplesmoreres\/escola\/historia\/\" title=\"Read Petita hist\u00f2ria de l&#8217;edifici escolar\ufeff\">Llegeix m\u00e9s\u00bb<\/a><\/p>\n","protected":false},"author":1,"featured_media":0,"parent":668,"menu_order":20,"comment_status":"closed","ping_status":"closed","template":"page-templates\/side-menu.php","meta":{"_bbp_topic_count":0,"_bbp_reply_count":0,"_bbp_total_topic_count":0,"_bbp_total_reply_count":0,"_bbp_voice_count":0,"_bbp_anonymous_reply_count":0,"_bbp_topic_count_hidden":0,"_bbp_reply_count_hidden":0,"_bbp_forum_subforum_count":0,"footnotes":""},"class_list":["post-26","page","type-page","status-publish","hentry"],"post_mailing_queue_ids":[],"_links":{"self":[{"href":"https:\/\/agora.xtec.cat\/ceiplesmoreres\/wp-json\/wp\/v2\/pages\/26","targetHints":{"allow":["GET"]}}],"collection":[{"href":"https:\/\/agora.xtec.cat\/ceiplesmoreres\/wp-json\/wp\/v2\/pages"}],"about":[{"href":"https:\/\/agora.xtec.cat\/ceiplesmoreres\/wp-json\/wp\/v2\/types\/page"}],"author":[{"embeddable":true,"href":"https:\/\/agora.xtec.cat\/ceiplesmoreres\/wp-json\/wp\/v2\/users\/1"}],"replies":[{"embeddable":true,"href":"https:\/\/agora.xtec.cat\/ceiplesmoreres\/wp-json\/wp\/v2\/comments?post=26"}],"version-history":[{"count":2,"href":"https:\/\/agora.xtec.cat\/ceiplesmoreres\/wp-json\/wp\/v2\/pages\/26\/revisions"}],"predecessor-version":[{"id":5002,"href":"https:\/\/agora.xtec.cat\/ceiplesmoreres\/wp-json\/wp\/v2\/pages\/26\/revisions\/5002"}],"up":[{"embeddable":true,"href":"https:\/\/agora.xtec.cat\/ceiplesmoreres\/wp-json\/wp\/v2\/pages\/668"}],"wp:attachment":[{"href":"https:\/\/agora.xtec.cat\/ceiplesmoreres\/wp-json\/wp\/v2\/media?parent=26"}],"curies":[{"name":"wp","href":"https:\/\/api.w.org\/{rel}","templated":true}]}}