{"id":24,"date":"2014-09-18T12:23:15","date_gmt":"2014-09-18T11:23:15","guid":{"rendered":"http:\/\/agora.xtec.cat\/ceiplesmoreres\/?page_id=24"},"modified":"2024-11-17T17:06:04","modified_gmt":"2024-11-17T16:06:04","slug":"on-som","status":"publish","type":"page","link":"https:\/\/agora.xtec.cat\/ceiplesmoreres\/escola\/on-som\/","title":{"rendered":"On som"},"content":{"rendered":"<p style=\"color: #666666;\"><strong>Escola Les Moreres<\/strong><br \/>\nCam\u00ed Reial, n\u00fam 1<br \/>\n17463 Fla\u00e7\u00e0<\/p>\n<p>Tel\u00e8fons: Fix: 972 177100 M\u00f2bil: 693 05 63 01<br \/>\nceiplesmoreres<span class=\"\">@<\/span>xtec.cat \/ lesmoreres@lesmoreres.cat<\/p>\n<div style=\"width: 100%;\"><iframe loading=\"lazy\" src=\"https:\/\/maps.google.com\/maps?width=100%&amp;height=600&amp;hl=es&amp;coord=42.04622530820121,2.9529941082000732&amp;q=C%2F%20Real%20%2C1+(Ceip%20Les%20Moreres)&amp;ie=UTF8&amp;t=&amp;z=14&amp;iwloc=B&amp;output=embed\" width=\"100%\" height=\"600\" frameborder=\"0\"><a href=\"https:\/\/www.mapsdirections.info\/calcular-ruta.html\">Calcular Ruta<\/a><\/iframe><\/div>\n<p>&nbsp;<\/p>\n<p><strong>Com arribar-hi:<\/strong><\/p>\n<p><strong>Tren:<\/strong> Estaci\u00f3 de Fla\u00e7\u00e0<br \/>\n<strong>Bus:<\/strong>\u00a0Sarfa Girona-Palfrugell<\/p>\n","protected":false},"excerpt":{"rendered":"<p>Escola Les Moreres<br \/>\nCam\u00ed Reial, n\u00fam 1<br \/>\n17463 Fla\u00e7\u00e0<br \/>\nTel\u00e8fons: Fix: 972 177100 M\u00f2bil: 693 05 63 01<br \/>\nceiplesmoreres@xtec.cat \/ lesmoreres@lesmoreres.cat<br \/>\n<a href=\"https:\/\/www.mapsdirections.info\/calcular-ruta.html\">Calcular Ruta<\/a><br \/>\n&nbsp;<br \/>\nCom arribar-hi:<br \/>\nTren: Estaci\u00f3 de Fla\u00e7\u00e0<br \/>\nBus:\u00a0Sarfa Girona-Palfrugell<\/p>\n","protected":false},"author":1,"featured_media":0,"parent":668,"menu_order":10,"comment_status":"closed","ping_status":"closed","template":"page-templates\/side-menu.php","meta":{"_bbp_topic_count":0,"_bbp_reply_count":0,"_bbp_total_topic_count":0,"_bbp_total_reply_count":0,"_bbp_voice_count":0,"_bbp_anonymous_reply_count":0,"_bbp_topic_count_hidden":0,"_bbp_reply_count_hidden":0,"_bbp_forum_subforum_count":0,"footnotes":""},"class_list":["post-24","page","type-page","status-publish","hentry"],"post_mailing_queue_ids":[],"_links":{"self":[{"href":"https:\/\/agora.xtec.cat\/ceiplesmoreres\/wp-json\/wp\/v2\/pages\/24","targetHints":{"allow":["GET"]}}],"collection":[{"href":"https:\/\/agora.xtec.cat\/ceiplesmoreres\/wp-json\/wp\/v2\/pages"}],"about":[{"href":"https:\/\/agora.xtec.cat\/ceiplesmoreres\/wp-json\/wp\/v2\/types\/page"}],"author":[{"embeddable":true,"href":"https:\/\/agora.xtec.cat\/ceiplesmoreres\/wp-json\/wp\/v2\/users\/1"}],"replies":[{"embeddable":true,"href":"https:\/\/agora.xtec.cat\/ceiplesmoreres\/wp-json\/wp\/v2\/comments?post=24"}],"version-history":[{"count":5,"href":"https:\/\/agora.xtec.cat\/ceiplesmoreres\/wp-json\/wp\/v2\/pages\/24\/revisions"}],"predecessor-version":[{"id":5071,"href":"https:\/\/agora.xtec.cat\/ceiplesmoreres\/wp-json\/wp\/v2\/pages\/24\/revisions\/5071"}],"up":[{"embeddable":true,"href":"https:\/\/agora.xtec.cat\/ceiplesmoreres\/wp-json\/wp\/v2\/pages\/668"}],"wp:attachment":[{"href":"https:\/\/agora.xtec.cat\/ceiplesmoreres\/wp-json\/wp\/v2\/media?parent=24"}],"curies":[{"name":"wp","href":"https:\/\/api.w.org\/{rel}","templated":true}]}}