{"id":73,"date":"2014-09-18T14:01:51","date_gmt":"2014-09-18T13:01:51","guid":{"rendered":"http:\/\/agora.xtec.cat\/ceiplesmimoses\/?page_id=73"},"modified":"2026-04-30T23:21:00","modified_gmt":"2026-04-30T21:21:00","slug":"menjador-escolar","status":"publish","type":"page","link":"https:\/\/agora.xtec.cat\/ceiplesmimoses\/serveis\/menjador-escolar\/","title":{"rendered":"Menjador escolar"},"content":{"rendered":"<p style=\"text-align: center;\"><a href=\"https:\/\/agora.xtec.cat\/ceiplesmimoses\/wp-content\/uploads\/usu1435\/2026\/04\/9-ALUMNES-ES-MAIG-2026-MIMOSES-I1-I2.pdf\">MEN\u00da LLAR MAIG<\/a><\/p>\n<p style=\"text-align: center;\"><a href=\"https:\/\/agora.xtec.cat\/ceiplesmimoses\/wp-content\/uploads\/usu1435\/2026\/04\/9-ALUMNES-ES-MAIG-2026-MIMOSES.pdf\">MEN\u00da INFANTIL I PRIM\u00c0RIA MAIG<\/a><\/p>\n<p style=\"text-align: center;\"><a href=\"https:\/\/agora.xtec.cat\/ceiplesmimoses\/wp-content\/uploads\/usu1435\/2026\/04\/PROPOSTA-SOPARS-MAIG-2026-2.pdf\">PROPOSTES SOPARS A CASA MAIG<\/a><\/p>\n<p style=\"text-align: justify;\">L&#8217;empresa encarregada del servei de menjador \u00e9s <strong>l&#8217;Espirall monitoratge<\/strong>.<\/p>\n<p style=\"text-align: justify;\">El tel\u00e8fon d&#8217;atenci\u00f3 a les fam\u00edlies \u00e9s el <strong>660 89 55 21<\/strong>. L&#8217;horari d&#8217;atenci\u00f3 a les fam\u00edlies \u00e9s de 8h a 10h. La persona de contacte com a coordinadora del servei \u00e9s la Marta D\u00edaz. El preu del servei de menjador \u00e9s de <strong>7,54\u20ac pel servei fix<\/strong> (m\u00ednim 3 dies a la setmana) i <strong>8,29\u20ac pel servei espor\u00e0dic<\/strong> (preus establerts pel Departament d&#8217;Educaci\u00f3 pel curs 25-26).<\/p>\n<p style=\"text-align: justify;\">L&#8217;empresa de menjador \u00e9s tamb\u00e9 l&#8217;encarregada d&#8217;oferir el servei d&#8217;<strong>acollida matinal de 8h a 9h<\/strong>. El preu de l&#8217;acollida matinal \u00e9s de <strong>37\u20ac\/setmana<\/strong> o <strong>5,70\u20ac per un dia espor\u00e0dic<\/strong>.<\/p>\n<p>En aquest <a href=\"https:\/\/agora.xtec.cat\/ceiplesmimoses\/wp-content\/uploads\/usu1435\/2025\/09\/comentaris-setembre-2025.pdf\">ENLLA\u00c7<\/a> podeu consultar les indicacions sobre l&#8217;elaboraci\u00f3 del men\u00fa ens els centres educatius d&#8217;acord amb el\u00a0PREME i al Reial Decret 315\/2025 de menjadors i men\u00fas escolars.<\/p>\n<p>Us enllacem tamb\u00e9, l&#8217;informe que ens ha facilitat el Servei de Salut P\u00fablica del Vall\u00e8s Oriental sobre la qualitat del men\u00fa que s&#8217;ofereix al centre di\u00e0riament (informe del maig 2025). El podeu consultar <a href=\"https:\/\/agora.xtec.cat\/ceiplesmimoses\/wp-content\/uploads\/usu1435\/2025\/06\/20250530-Santa-Maria-de-Martorelles-Escola-Les-Mimoses-SEG.pdf\">AQU\u00cd<\/a>.<\/p>\n","protected":false},"excerpt":{"rendered":"<p>MEN\u00da LLAR MAIG MEN\u00da INFANTIL I PRIM\u00c0RIA MAIG PROPOSTES SOPARS A CASA MAIG L&#8217;empresa encarregada del servei de menjador \u00e9s l&#8217;Espirall monitoratge. El tel\u00e8fon d&#8217;atenci\u00f3 a les fam\u00edlies \u00e9s el 660 89 55 21. L&#8217;horari d&#8217;atenci\u00f3 a les fam\u00edlies \u00e9s de 8h a 10h. La persona de contacte com a coordinadora del servei \u00e9s la [&hellip;]<\/p>\n","protected":false},"author":1,"featured_media":0,"parent":66,"menu_order":30,"comment_status":"closed","ping_status":"closed","template":"","meta":{"_bbp_topic_count":0,"_bbp_reply_count":0,"_bbp_total_topic_count":0,"_bbp_total_reply_count":0,"_bbp_voice_count":0,"_bbp_anonymous_reply_count":0,"_bbp_topic_count_hidden":0,"_bbp_reply_count_hidden":0,"_bbp_forum_subforum_count":0,"site-sidebar-layout":"default","site-content-layout":"","ast-site-content-layout":"default","site-content-style":"default","site-sidebar-style":"default","ast-global-header-display":"","ast-banner-title-visibility":"","ast-main-header-display":"","ast-hfb-above-header-display":"","ast-hfb-below-header-display":"","ast-hfb-mobile-header-display":"","site-post-title":"","ast-breadcrumbs-content":"","ast-featured-img":"","footer-sml-layout":"","theme-transparent-header-meta":"","adv-header-id-meta":"","stick-header-meta":"","header-above-stick-meta":"","header-main-stick-meta":"","header-below-stick-meta":"","astra-migrate-meta-layouts":"set","ast-page-background-enabled":"default","ast-page-background-meta":{"desktop":{"background-color":"var(--ast-global-color-4)","background-image":"","background-repeat":"repeat","background-position":"center center","background-size":"auto","background-attachment":"scroll","background-type":"","background-media":"","overlay-type":"","overlay-color":"","overlay-opacity":"","overlay-gradient":""},"tablet":{"background-color":"","background-image":"","background-repeat":"repeat","background-position":"center center","background-size":"auto","background-attachment":"scroll","background-type":"","background-media":"","overlay-type":"","overlay-color":"","overlay-opacity":"","overlay-gradient":""},"mobile":{"background-color":"","background-image":"","background-repeat":"repeat","background-position":"center center","background-size":"auto","background-attachment":"scroll","background-type":"","background-media":"","overlay-type":"","overlay-color":"","overlay-opacity":"","overlay-gradient":""}},"ast-content-background-meta":{"desktop":{"background-color":"var(--ast-global-color-5)","background-image":"","background-repeat":"repeat","background-position":"center center","background-size":"auto","background-attachment":"scroll","background-type":"","background-media":"","overlay-type":"","overlay-color":"","overlay-opacity":"","overlay-gradient":""},"tablet":{"background-color":"var(--ast-global-color-5)","background-image":"","background-repeat":"repeat","background-position":"center center","background-size":"auto","background-attachment":"scroll","background-type":"","background-media":"","overlay-type":"","overlay-color":"","overlay-opacity":"","overlay-gradient":""},"mobile":{"background-color":"var(--ast-global-color-5)","background-image":"","background-repeat":"repeat","background-position":"center center","background-size":"auto","background-attachment":"scroll","background-type":"","background-media":"","overlay-type":"","overlay-color":"","overlay-opacity":"","overlay-gradient":""}},"footnotes":""},"class_list":["post-73","page","type-page","status-publish","hentry"],"post_mailing_queue_ids":[],"_links":{"self":[{"href":"https:\/\/agora.xtec.cat\/ceiplesmimoses\/wp-json\/wp\/v2\/pages\/73","targetHints":{"allow":["GET"]}}],"collection":[{"href":"https:\/\/agora.xtec.cat\/ceiplesmimoses\/wp-json\/wp\/v2\/pages"}],"about":[{"href":"https:\/\/agora.xtec.cat\/ceiplesmimoses\/wp-json\/wp\/v2\/types\/page"}],"author":[{"embeddable":true,"href":"https:\/\/agora.xtec.cat\/ceiplesmimoses\/wp-json\/wp\/v2\/users\/1"}],"replies":[{"embeddable":true,"href":"https:\/\/agora.xtec.cat\/ceiplesmimoses\/wp-json\/wp\/v2\/comments?post=73"}],"version-history":[{"count":6,"href":"https:\/\/agora.xtec.cat\/ceiplesmimoses\/wp-json\/wp\/v2\/pages\/73\/revisions"}],"predecessor-version":[{"id":11718,"href":"https:\/\/agora.xtec.cat\/ceiplesmimoses\/wp-json\/wp\/v2\/pages\/73\/revisions\/11718"}],"up":[{"embeddable":true,"href":"https:\/\/agora.xtec.cat\/ceiplesmimoses\/wp-json\/wp\/v2\/pages\/66"}],"wp:attachment":[{"href":"https:\/\/agora.xtec.cat\/ceiplesmimoses\/wp-json\/wp\/v2\/media?parent=73"}],"curies":[{"name":"wp","href":"https:\/\/api.w.org\/{rel}","templated":true}]}}