{"id":24,"date":"2014-09-18T12:23:15","date_gmt":"2014-09-18T11:23:15","guid":{"rendered":"http:\/\/agora.xtec.cat\/ceiplesmimoses\/?page_id=24"},"modified":"2026-01-19T16:02:28","modified_gmt":"2026-01-19T15:02:28","slug":"on-som","status":"publish","type":"page","link":"https:\/\/agora.xtec.cat\/ceiplesmimoses\/lescola\/on-som\/","title":{"rendered":"On som"},"content":{"rendered":"<p style=\"color: #666666; text-align: left;\"><strong>Escola Les Mimoses<\/strong><\/p>\n<p style=\"color: #666666; text-align: left;\">C\/ De l&#8217;escola,s\/n<\/p>\n<p style=\"color: #666666; text-align: left;\">08106 Santa Maria de Martorelles<\/p>\n<p style=\"text-align: left;\">Tel. 93.579.19.08<\/p>\n<p style=\"text-align: left;\">a8028345@xtec.cat<\/p>\n<p><iframe loading=\"lazy\" style=\"border: 0;\" src=\"https:\/\/www.google.com\/maps\/embed?pb=!1m14!1m8!1m3!1d1493.6049028406237!2d2.2522464!3d41.5213958!3m2!1i1024!2i768!4f13.1!3m3!1m2!1s0x0%3A0xb977347be3b74acb!2sCEIP+Les+mimoses!5e0!3m2!1ses!2ses!4v1470406227690\" width=\"400\" height=\"300\" frameborder=\"0\" allowfullscreen=\"allowfullscreen\"><\/iframe><\/p>\n<p><strong>Com arribar-hi:<\/strong><\/p>\n<p><strong>Cotxe: <\/strong>Des de Mollet del Vall\u00e8s enlla\u00e7ar amb la carretera B-500 fins a la carretera de la Roca on s&#8217;agafar\u00e0 la BV-5006 fins a Santa Maria de Martorelles.<\/p>\n<p><strong>Tren:<\/strong>Estaci\u00f3 Mollet-Sant Fost l\u00ednies: R2 i R2 Nord<\/p>\n<p>Estaci\u00f3 de Mollet-Sta. Rosa l\u00ednia: R3<\/p>\n<p><a href=\"http:\/\/www.renfe.com\/viajeros\/cercanias\/barcelona\/index.html\" target=\"_blank\" rel=\"noopener\">http:\/\/www.renfe.com\/viajeros\/cercanias\/barcelona\/index.html<\/a><\/p>\n<p><strong>Bus:<\/strong> Des de Mollet del Vall\u00e8s, amb la companyia Sagal\u00e8s.<\/p>\n<p><a href=\"http:\/\/www.sagales.com\" target=\"_blank\" rel=\"noopener\">http:\/\/www.sagales.com<\/a><\/p>\n","protected":false},"excerpt":{"rendered":"<p>Escola Les Mimoses C\/ De l&#8217;escola,s\/n 08106 Santa Maria de Martorelles Tel. 93.579.19.08 a8028345@xtec.cat Com arribar-hi: Cotxe: Des de Mollet del Vall\u00e8s enlla\u00e7ar amb la carretera B-500 fins a la carretera de la Roca on s&#8217;agafar\u00e0 la BV-5006 fins a Santa Maria de Martorelles. Tren:Estaci\u00f3 Mollet-Sant Fost l\u00ednies: R2 i R2 Nord Estaci\u00f3 de Mollet-Sta. [&hellip;]<\/p>\n","protected":false},"author":1,"featured_media":0,"parent":693,"menu_order":10,"comment_status":"closed","ping_status":"closed","template":"","meta":{"_bbp_topic_count":0,"_bbp_reply_count":0,"_bbp_total_topic_count":0,"_bbp_total_reply_count":0,"_bbp_voice_count":0,"_bbp_anonymous_reply_count":0,"_bbp_topic_count_hidden":0,"_bbp_reply_count_hidden":0,"_bbp_forum_subforum_count":0,"site-sidebar-layout":"default","site-content-layout":"","ast-site-content-layout":"default","site-content-style":"default","site-sidebar-style":"default","ast-global-header-display":"","ast-banner-title-visibility":"","ast-main-header-display":"","ast-hfb-above-header-display":"","ast-hfb-below-header-display":"","ast-hfb-mobile-header-display":"","site-post-title":"","ast-breadcrumbs-content":"","ast-featured-img":"","footer-sml-layout":"","theme-transparent-header-meta":"","adv-header-id-meta":"","stick-header-meta":"","header-above-stick-meta":"","header-main-stick-meta":"","header-below-stick-meta":"","astra-migrate-meta-layouts":"set","ast-page-background-enabled":"default","ast-page-background-meta":{"desktop":{"background-color":"var(--ast-global-color-4)","background-image":"","background-repeat":"repeat","background-position":"center center","background-size":"auto","background-attachment":"scroll","background-type":"","background-media":"","overlay-type":"","overlay-color":"","overlay-opacity":"","overlay-gradient":""},"tablet":{"background-color":"","background-image":"","background-repeat":"repeat","background-position":"center center","background-size":"auto","background-attachment":"scroll","background-type":"","background-media":"","overlay-type":"","overlay-color":"","overlay-opacity":"","overlay-gradient":""},"mobile":{"background-color":"","background-image":"","background-repeat":"repeat","background-position":"center center","background-size":"auto","background-attachment":"scroll","background-type":"","background-media":"","overlay-type":"","overlay-color":"","overlay-opacity":"","overlay-gradient":""}},"ast-content-background-meta":{"desktop":{"background-color":"var(--ast-global-color-5)","background-image":"","background-repeat":"repeat","background-position":"center center","background-size":"auto","background-attachment":"scroll","background-type":"","background-media":"","overlay-type":"","overlay-color":"","overlay-opacity":"","overlay-gradient":""},"tablet":{"background-color":"var(--ast-global-color-5)","background-image":"","background-repeat":"repeat","background-position":"center center","background-size":"auto","background-attachment":"scroll","background-type":"","background-media":"","overlay-type":"","overlay-color":"","overlay-opacity":"","overlay-gradient":""},"mobile":{"background-color":"var(--ast-global-color-5)","background-image":"","background-repeat":"repeat","background-position":"center center","background-size":"auto","background-attachment":"scroll","background-type":"","background-media":"","overlay-type":"","overlay-color":"","overlay-opacity":"","overlay-gradient":""}},"footnotes":""},"class_list":["post-24","page","type-page","status-publish","hentry"],"post_mailing_queue_ids":[],"_links":{"self":[{"href":"https:\/\/agora.xtec.cat\/ceiplesmimoses\/wp-json\/wp\/v2\/pages\/24","targetHints":{"allow":["GET"]}}],"collection":[{"href":"https:\/\/agora.xtec.cat\/ceiplesmimoses\/wp-json\/wp\/v2\/pages"}],"about":[{"href":"https:\/\/agora.xtec.cat\/ceiplesmimoses\/wp-json\/wp\/v2\/types\/page"}],"author":[{"embeddable":true,"href":"https:\/\/agora.xtec.cat\/ceiplesmimoses\/wp-json\/wp\/v2\/users\/1"}],"replies":[{"embeddable":true,"href":"https:\/\/agora.xtec.cat\/ceiplesmimoses\/wp-json\/wp\/v2\/comments?post=24"}],"version-history":[{"count":4,"href":"https:\/\/agora.xtec.cat\/ceiplesmimoses\/wp-json\/wp\/v2\/pages\/24\/revisions"}],"predecessor-version":[{"id":11205,"href":"https:\/\/agora.xtec.cat\/ceiplesmimoses\/wp-json\/wp\/v2\/pages\/24\/revisions\/11205"}],"up":[{"embeddable":true,"href":"https:\/\/agora.xtec.cat\/ceiplesmimoses\/wp-json\/wp\/v2\/pages\/693"}],"wp:attachment":[{"href":"https:\/\/agora.xtec.cat\/ceiplesmimoses\/wp-json\/wp\/v2\/media?parent=24"}],"curies":[{"name":"wp","href":"https:\/\/api.w.org\/{rel}","templated":true}]}}