{"id":11136,"date":"2026-01-19T15:18:17","date_gmt":"2026-01-19T14:18:17","guid":{"rendered":"https:\/\/agora.xtec.cat\/ceiplesmimoses\/?page_id=11136"},"modified":"2026-01-19T16:07:19","modified_gmt":"2026-01-19T15:07:19","slug":"eines-i-recursos","status":"publish","type":"page","link":"https:\/\/agora.xtec.cat\/ceiplesmimoses\/eines-i-recursos\/","title":{"rendered":"Eines i recursos"},"content":{"rendered":"        <div class=\"wp-block-getwid-custom-post-type custom-post-type-post has-layout-list\">\n            <div class=\"wp-block-getwid-custom-post-type__wrapper\">\n                \t\t\t\t\t\t\t\t<div class='wp-block-getwid-custom-post-type__post'>\n\t\t\t\t\t\t\t\t\t\n<div class=\"wp-block-getwid-custom-post-type__post-wrapper\">\n        <div class=\"wp-block-getwid-custom-post-type__content-wrapper\">\n        <div class=\"wp-block-getwid-custom-post-type__post-header\">\n            <h3 class=\"wp-block-getwid-custom-post-type__post-title\"><a href=\"https:\/\/agora.xtec.cat\/ceiplesmimoses\/eines-i-recursos\/activitats-amb-reglets-a-i5\/\">Activitats amb reglets a I5<\/a><\/h3>        <\/div>\n        <div class=\"wp-block-getwid-custom-post-type__post-excerpt \"><p>Us deixem uns v\u00eddeos d&#8217;activitats amb reglets, que hem realitzat a l&#8217;aula, els trobareu al nostre canal de YouTube. Us deixem l&#8217;enlla\u00e7 a continuaci\u00f3. Veure v\u00eddeos de les activitats<\/p>\n<\/div>\n    <\/div>\n<\/div>\n\t\t\t\t\t\t\t\t<\/div>\n\t\t\t\t\t\t\t\t\t\t\t\t\t\t\t<div class='wp-block-getwid-custom-post-type__post'>\n\t\t\t\t\t\t\t\t\t\n<div class=\"wp-block-getwid-custom-post-type__post-wrapper\">\n        <div class=\"wp-block-getwid-custom-post-type__content-wrapper\">\n        <div class=\"wp-block-getwid-custom-post-type__post-header\">\n            <h3 class=\"wp-block-getwid-custom-post-type__post-title\"><a href=\"https:\/\/agora.xtec.cat\/ceiplesmimoses\/eines-i-recursos\/tutorials-per-fer-la-divisio\/\">Tutorials per fer la divisi\u00f3<\/a><\/h3>        <\/div>\n        <div class=\"wp-block-getwid-custom-post-type__post-excerpt \"><p>Us deixem l&#8217;enlla\u00e7 a alguns tutorials per al Cicle Mitj\u00e0 que han gravat l&#8217;alumnat de 4t i que us poden servir per poder ajudar als vostres infants a casa per realitzar l&#8217;algoritme de la divisi\u00f3. Tutorials per fer la divisi\u00f3<\/p>\n<\/div>\n    <\/div>\n<\/div>\n\t\t\t\t\t\t\t\t<\/div>\n\t\t\t\t\t\t\t\t\t\t\t\t\t\t\t<div class='wp-block-getwid-custom-post-type__post'>\n\t\t\t\t\t\t\t\t\t\n<div class=\"wp-block-getwid-custom-post-type__post-wrapper\">\n        <div class=\"wp-block-getwid-custom-post-type__content-wrapper\">\n        <div class=\"wp-block-getwid-custom-post-type__post-header\">\n            <h3 class=\"wp-block-getwid-custom-post-type__post-title\"><a href=\"https:\/\/agora.xtec.cat\/ceiplesmimoses\/eines-i-recursos\/tutorials-de-matematiques-de-cicle-mitja\/\">Tutorials de matem\u00e0tiques de Cicle Mitj\u00e0<\/a><\/h3>        <\/div>\n        <div class=\"wp-block-getwid-custom-post-type__post-excerpt \"><p>Us deixem l\u2019enlla\u00e7 a la llista de reproducci\u00f3 dels\u00a0tutorials de matem\u00e0tiques de Cicle Mitj\u00e0, del canal de Youtube\u00a0de l\u2019escola. Tutorials de matem\u00e0tiques Cicle Mitj\u00e0<\/p>\n<\/div>\n    <\/div>\n<\/div>\n\t\t\t\t\t\t\t\t<\/div>\n\t\t\t\t\t\t\t\t\t\t\t\t\t\t\t<div class='wp-block-getwid-custom-post-type__post'>\n\t\t\t\t\t\t\t\t\t\n<div class=\"wp-block-getwid-custom-post-type__post-wrapper\">\n        <div class=\"wp-block-getwid-custom-post-type__content-wrapper\">\n        <div class=\"wp-block-getwid-custom-post-type__post-header\">\n            <h3 class=\"wp-block-getwid-custom-post-type__post-title\"><a href=\"https:\/\/agora.xtec.cat\/ceiplesmimoses\/eines-i-recursos\/tutorials-de-matematiques-de-cicle-inicial\/\">Tutorials de matem\u00e0tiques de Cicle Inicial<\/a><\/h3>        <\/div>\n        <div class=\"wp-block-getwid-custom-post-type__post-excerpt \"><p>Us deixem l&#8217;enlla\u00e7 a la llista de reproducci\u00f3 dels tutorials de matem\u00e0tiques de Cicle Inicial, del canal de Youtube de l&#8217;escola. Tutorials de matem\u00e0tiques Cicle Inicial<\/p>\n<\/div>\n    <\/div>\n<\/div>\n\t\t\t\t\t\t\t\t<\/div>\n\t\t\t\t\t\t\t\t\t\t\t\t\t\t\t<div class='wp-block-getwid-custom-post-type__post'>\n\t\t\t\t\t\t\t\t\t\n<div class=\"wp-block-getwid-custom-post-type__post-wrapper\">\n        <div class=\"wp-block-getwid-custom-post-type__content-wrapper\">\n        <div class=\"wp-block-getwid-custom-post-type__post-header\">\n            <h3 class=\"wp-block-getwid-custom-post-type__post-title\"><a href=\"https:\/\/agora.xtec.cat\/ceiplesmimoses\/eines-i-recursos\/tutorials-de-suport-de-google-classroom\/\">Tutorials de suport de Google Classroom<\/a><\/h3>        <\/div>\n        <div class=\"wp-block-getwid-custom-post-type__post-excerpt \"><p>Us adjuntem uns tutorials que us poden ser d&#8217;utilitat per a comen\u00e7ar a treballar amb Google Classroom. Com accedir a Google Classroom Tipus d&#8217;activitats de Google Classroom Com crear un document a Google Classroom Com enviar un correu electr\u00f2nic<\/p>\n<\/div>\n    <\/div>\n<\/div>\n\t\t\t\t\t\t\t\t<\/div>\n\t\t\t\t\t\t\t            <\/div>\n\n                    <\/div>\n        ","protected":false},"excerpt":{"rendered":"","protected":false},"author":1,"featured_media":0,"parent":0,"menu_order":0,"comment_status":"closed","ping_status":"close","template":"","meta":{"_bbp_topic_count":0,"_bbp_reply_count":0,"_bbp_total_topic_count":0,"_bbp_total_reply_count":0,"_bbp_voice_count":0,"_bbp_anonymous_reply_count":0,"_bbp_topic_count_hidden":0,"_bbp_reply_count_hidden":0,"_bbp_forum_subforum_count":0,"site-sidebar-layout":"default","site-content-layout":"","ast-site-content-layout":"default","site-content-style":"default","site-sidebar-style":"default","ast-global-header-display":"","ast-banner-title-visibility":"","ast-main-header-display":"","ast-hfb-above-header-display":"","ast-hfb-below-header-display":"","ast-hfb-mobile-header-display":"","site-post-title":"","ast-breadcrumbs-content":"","ast-featured-img":"","footer-sml-layout":"","theme-transparent-header-meta":"","adv-header-id-meta":"","stick-header-meta":"","header-above-stick-meta":"","header-main-stick-meta":"","header-below-stick-meta":"","astra-migrate-meta-layouts":"set","ast-page-background-enabled":"default","ast-page-background-meta":{"desktop":{"background-color":"var(--ast-global-color-4)","background-image":"","background-repeat":"repeat","background-position":"center center","background-size":"auto","background-attachment":"scroll","background-type":"","background-media":"","overlay-type":"","overlay-color":"","overlay-opacity":"","overlay-gradient":""},"tablet":{"background-color":"","background-image":"","background-repeat":"repeat","background-position":"center center","background-size":"auto","background-attachment":"scroll","background-type":"","background-media":"","overlay-type":"","overlay-color":"","overlay-opacity":"","overlay-gradient":""},"mobile":{"background-color":"","background-image":"","background-repeat":"repeat","background-position":"center center","background-size":"auto","background-attachment":"scroll","background-type":"","background-media":"","overlay-type":"","overlay-color":"","overlay-opacity":"","overlay-gradient":""}},"ast-content-background-meta":{"desktop":{"background-color":"var(--ast-global-color-5)","background-image":"","background-repeat":"repeat","background-position":"center center","background-size":"auto","background-attachment":"scroll","background-type":"","background-media":"","overlay-type":"","overlay-color":"","overlay-opacity":"","overlay-gradient":""},"tablet":{"background-color":"var(--ast-global-color-5)","background-image":"","background-repeat":"repeat","background-position":"center center","background-size":"auto","background-attachment":"scroll","background-type":"","background-media":"","overlay-type":"","overlay-color":"","overlay-opacity":"","overlay-gradient":""},"mobile":{"background-color":"var(--ast-global-color-5)","background-image":"","background-repeat":"repeat","background-position":"center center","background-size":"auto","background-attachment":"scroll","background-type":"","background-media":"","overlay-type":"","overlay-color":"","overlay-opacity":"","overlay-gradient":""}},"footnotes":""},"class_list":["post-11136","page","type-page","status-publish","hentry"],"post_mailing_queue_ids":[],"_links":{"self":[{"href":"https:\/\/agora.xtec.cat\/ceiplesmimoses\/wp-json\/wp\/v2\/pages\/11136","targetHints":{"allow":["GET"]}}],"collection":[{"href":"https:\/\/agora.xtec.cat\/ceiplesmimoses\/wp-json\/wp\/v2\/pages"}],"about":[{"href":"https:\/\/agora.xtec.cat\/ceiplesmimoses\/wp-json\/wp\/v2\/types\/page"}],"author":[{"embeddable":true,"href":"https:\/\/agora.xtec.cat\/ceiplesmimoses\/wp-json\/wp\/v2\/users\/1"}],"replies":[{"embeddable":true,"href":"https:\/\/agora.xtec.cat\/ceiplesmimoses\/wp-json\/wp\/v2\/comments?post=11136"}],"version-history":[{"count":1,"href":"https:\/\/agora.xtec.cat\/ceiplesmimoses\/wp-json\/wp\/v2\/pages\/11136\/revisions"}],"predecessor-version":[{"id":11146,"href":"https:\/\/agora.xtec.cat\/ceiplesmimoses\/wp-json\/wp\/v2\/pages\/11136\/revisions\/11146"}],"wp:attachment":[{"href":"https:\/\/agora.xtec.cat\/ceiplesmimoses\/wp-json\/wp\/v2\/media?parent=11136"}],"curies":[{"name":"wp","href":"https:\/\/api.w.org\/{rel}","templated":true}]}}