{"id":865,"date":"2022-02-08T12:03:29","date_gmt":"2022-02-08T11:03:29","guid":{"rendered":"https:\/\/agora.xtec.cat\/ceiplesfonts\/?page_id=865"},"modified":"2025-02-24T10:29:37","modified_gmt":"2025-02-24T09:29:37","slug":"taller-de-ceramica","status":"publish","type":"page","link":"https:\/\/agora.xtec.cat\/ceiplesfonts\/projecte-educatiu\/taller-de-ceramica\/","title":{"rendered":"Taller de cer\u00e0mica"},"content":{"rendered":"<p><span style=\"font-weight: 400;\">Argentona \u00e9s un municipi vinculat estretament amb el m\u00f3n de la cer\u00e0mica. \u00c9s per aix\u00f2 que al llarg de l&#8217;escolaritat, els alumnes visiten el Museu del C\u00e0ntir d&#8217;Argentona i fan tallers diversos (pintant c\u00e0ntirs, fent una pe\u00e7a amb el torn i creant una pe\u00e7a pr\u00f2pia). Els i les alumnes de 6\u00e8, gr\u00e0cies a l&#8217;Ajuntament d&#8217;Argentona, realitzen un taller trimestral al taller de cer\u00e0mica del Museu del C\u00e0ntir (antiga Velcro), creant una pe\u00e7a de cer\u00e0mica pr\u00f2pia i original. <\/span><br \/>\n<a href=\"https:\/\/agora.xtec.cat\/ceiplesfonts\/wp-content\/uploads\/usu2928\/2025\/02\/WhatsApp-Image-2025-02-24-at-10.11.53.jpeg\"><img loading=\"lazy\" decoding=\"async\" class=\"aligncenter size-full wp-image-2946\" src=\"https:\/\/agora.xtec.cat\/ceiplesfonts\/wp-content\/uploads\/usu2928\/2025\/02\/WhatsApp-Image-2025-02-24-at-10.11.53.jpeg\" alt=\"\" width=\"1600\" height=\"1200\" srcset=\"https:\/\/agora.xtec.cat\/ceiplesfonts\/wp-content\/uploads\/usu2928\/2025\/02\/WhatsApp-Image-2025-02-24-at-10.11.53.jpeg 1600w, https:\/\/agora.xtec.cat\/ceiplesfonts\/wp-content\/uploads\/usu2928\/2025\/02\/WhatsApp-Image-2025-02-24-at-10.11.53-300x225.jpeg 300w, https:\/\/agora.xtec.cat\/ceiplesfonts\/wp-content\/uploads\/usu2928\/2025\/02\/WhatsApp-Image-2025-02-24-at-10.11.53-1024x768.jpeg 1024w, https:\/\/agora.xtec.cat\/ceiplesfonts\/wp-content\/uploads\/usu2928\/2025\/02\/WhatsApp-Image-2025-02-24-at-10.11.53-768x576.jpeg 768w, https:\/\/agora.xtec.cat\/ceiplesfonts\/wp-content\/uploads\/usu2928\/2025\/02\/WhatsApp-Image-2025-02-24-at-10.11.53-1536x1152.jpeg 1536w, https:\/\/agora.xtec.cat\/ceiplesfonts\/wp-content\/uploads\/usu2928\/2025\/02\/WhatsApp-Image-2025-02-24-at-10.11.53-200x150.jpeg 200w\" sizes=\"auto, (max-width: 1600px) 100vw, 1600px\" \/><\/a><\/p>\n<p><a href=\"https:\/\/agora.xtec.cat\/ceiplesfonts\/wp-content\/uploads\/usu2928\/2023\/12\/cer-scaled.jpg\"><img loading=\"lazy\" decoding=\"async\" class=\"aligncenter size-large wp-image-2294\" src=\"https:\/\/agora.xtec.cat\/ceiplesfonts\/wp-content\/uploads\/usu2928\/2023\/12\/cer-868x1024.jpg\" alt=\"\" width=\"868\" height=\"1024\" srcset=\"https:\/\/agora.xtec.cat\/ceiplesfonts\/wp-content\/uploads\/usu2928\/2023\/12\/cer-868x1024.jpg 868w, https:\/\/agora.xtec.cat\/ceiplesfonts\/wp-content\/uploads\/usu2928\/2023\/12\/cer-254x300.jpg 254w, https:\/\/agora.xtec.cat\/ceiplesfonts\/wp-content\/uploads\/usu2928\/2023\/12\/cer-768x906.jpg 768w, https:\/\/agora.xtec.cat\/ceiplesfonts\/wp-content\/uploads\/usu2928\/2023\/12\/cer-1302x1536.jpg 1302w, https:\/\/agora.xtec.cat\/ceiplesfonts\/wp-content\/uploads\/usu2928\/2023\/12\/cer-1736x2048.jpg 1736w\" sizes=\"auto, (max-width: 868px) 100vw, 868px\" \/><\/a><\/p>\n<p>Tamb\u00e9 es realitzen tallers puntuals de cer\u00e0mica amb d&#8217;altres cursos.<\/p>\n<p><a href=\"https:\/\/agora.xtec.cat\/ceiplesfonts\/wp-content\/uploads\/usu2928\/2025\/02\/WhatsApp-Image-2025-02-24-at-10.29.12.jpeg\"><img loading=\"lazy\" decoding=\"async\" class=\"aligncenter size-full wp-image-2960\" src=\"https:\/\/agora.xtec.cat\/ceiplesfonts\/wp-content\/uploads\/usu2928\/2025\/02\/WhatsApp-Image-2025-02-24-at-10.29.12.jpeg\" alt=\"\" width=\"1600\" height=\"1200\" srcset=\"https:\/\/agora.xtec.cat\/ceiplesfonts\/wp-content\/uploads\/usu2928\/2025\/02\/WhatsApp-Image-2025-02-24-at-10.29.12.jpeg 1600w, https:\/\/agora.xtec.cat\/ceiplesfonts\/wp-content\/uploads\/usu2928\/2025\/02\/WhatsApp-Image-2025-02-24-at-10.29.12-300x225.jpeg 300w, https:\/\/agora.xtec.cat\/ceiplesfonts\/wp-content\/uploads\/usu2928\/2025\/02\/WhatsApp-Image-2025-02-24-at-10.29.12-1024x768.jpeg 1024w, https:\/\/agora.xtec.cat\/ceiplesfonts\/wp-content\/uploads\/usu2928\/2025\/02\/WhatsApp-Image-2025-02-24-at-10.29.12-768x576.jpeg 768w, https:\/\/agora.xtec.cat\/ceiplesfonts\/wp-content\/uploads\/usu2928\/2025\/02\/WhatsApp-Image-2025-02-24-at-10.29.12-1536x1152.jpeg 1536w, https:\/\/agora.xtec.cat\/ceiplesfonts\/wp-content\/uploads\/usu2928\/2025\/02\/WhatsApp-Image-2025-02-24-at-10.29.12-200x150.jpeg 200w\" sizes=\"auto, (max-width: 1600px) 100vw, 1600px\" \/><\/a><\/p>\n","protected":false},"excerpt":{"rendered":"<p>Argentona \u00e9s un municipi vinculat estretament amb el m\u00f3n de la cer\u00e0mica. \u00c9s per aix\u00f2 que al llarg de l&#8217;escolaritat, els alumnes visiten el Museu del C\u00e0ntir d&#8217;Argentona i fan tallers diversos (pintant c\u00e0ntirs, fent una pe\u00e7a amb el torn i creant una pe\u00e7a pr\u00f2pia).&hellip;  <a href=\"https:\/\/agora.xtec.cat\/ceiplesfonts\/projecte-educatiu\/taller-de-ceramica\/\" title=\"Read Taller de cer\u00e0mica\">Llegeix m\u00e9s\u00bb<\/a><\/p>\n","protected":false},"author":1,"featured_media":0,"parent":64,"menu_order":11,"comment_status":"closed","ping_status":"closed","template":"page-templates\/side-menu.php","meta":{"_bbp_topic_count":0,"_bbp_reply_count":0,"_bbp_total_topic_count":0,"_bbp_total_reply_count":0,"_bbp_voice_count":0,"_bbp_anonymous_reply_count":0,"_bbp_topic_count_hidden":0,"_bbp_reply_count_hidden":0,"_bbp_forum_subforum_count":0,"footnotes":""},"class_list":["post-865","page","type-page","status-publish","hentry"],"post_mailing_queue_ids":[],"_links":{"self":[{"href":"https:\/\/agora.xtec.cat\/ceiplesfonts\/wp-json\/wp\/v2\/pages\/865","targetHints":{"allow":["GET"]}}],"collection":[{"href":"https:\/\/agora.xtec.cat\/ceiplesfonts\/wp-json\/wp\/v2\/pages"}],"about":[{"href":"https:\/\/agora.xtec.cat\/ceiplesfonts\/wp-json\/wp\/v2\/types\/page"}],"author":[{"embeddable":true,"href":"https:\/\/agora.xtec.cat\/ceiplesfonts\/wp-json\/wp\/v2\/users\/1"}],"replies":[{"embeddable":true,"href":"https:\/\/agora.xtec.cat\/ceiplesfonts\/wp-json\/wp\/v2\/comments?post=865"}],"version-history":[{"count":6,"href":"https:\/\/agora.xtec.cat\/ceiplesfonts\/wp-json\/wp\/v2\/pages\/865\/revisions"}],"predecessor-version":[{"id":2961,"href":"https:\/\/agora.xtec.cat\/ceiplesfonts\/wp-json\/wp\/v2\/pages\/865\/revisions\/2961"}],"up":[{"embeddable":true,"href":"https:\/\/agora.xtec.cat\/ceiplesfonts\/wp-json\/wp\/v2\/pages\/64"}],"wp:attachment":[{"href":"https:\/\/agora.xtec.cat\/ceiplesfonts\/wp-json\/wp\/v2\/media?parent=865"}],"curies":[{"name":"wp","href":"https:\/\/api.w.org\/{rel}","templated":true}]}}