{"id":863,"date":"2022-02-08T10:37:08","date_gmt":"2022-02-08T09:37:08","guid":{"rendered":"https:\/\/agora.xtec.cat\/ceiplesfonts\/?page_id=863"},"modified":"2025-02-24T10:37:21","modified_gmt":"2025-02-24T09:37:21","slug":"projecte-innovamat","status":"publish","type":"page","link":"https:\/\/agora.xtec.cat\/ceiplesfonts\/projecte-educatiu\/projecte-innovamat\/","title":{"rendered":"Projecte Innovamat"},"content":{"rendered":"<p><span style=\"font-weight: 400;\">Actualment implementat des d&#8217;I3 a 2n complert, i de 3r a 6\u00e8 utilitzant la plataforma digital del projecte. Aquesta proposta transforma l\u2019aula i les relacions que es donen en ella per emocionar, estimular i motivar l\u2019alumnat en l\u2019aprenentatge matem\u00e0tic.<\/span><\/p>\n<p>El projecte es crea experi\u00e8ncies d&#8217;aprenentatge accessibles basades en la investigaci\u00f3 en did\u00e0ctica de les matem\u00e0tiques que fomenten la comprensi\u00f3 i el pensament cr\u00edtic dels estudiants. El nostre objectiu \u00e9s desenvolupar les habilitats de resoluci\u00f3 de problemes, connexions, comunicaci\u00f3 i raonament dels alumnes, preparant-los per una contribuci\u00f3 significativa.<\/p>\n<p><a href=\"https:\/\/agora.xtec.cat\/ceiplesfonts\/wp-content\/uploads\/usu2928\/2025\/02\/images.jpg\"><img loading=\"lazy\" decoding=\"async\" class=\"aligncenter  wp-image-2962\" src=\"https:\/\/agora.xtec.cat\/ceiplesfonts\/wp-content\/uploads\/usu2928\/2025\/02\/images.jpg\" alt=\"\" width=\"540\" height=\"383\" \/><\/a><\/p>\n<p><a href=\"https:\/\/www.innovamat.com\/ca\/\"><img decoding=\"async\" src=\"https:\/\/dozeninvestments.com\/static\/6f4ed25261cb2d9d24c9697331baef62\/b576f\/63080179ab7c0ad989388c9f328d822e6defeeea224c745a6a4020f10ba461ac.png\" alt=\"Innovamat \u2014 Dozen\" \/><\/a><\/p>\n","protected":false},"excerpt":{"rendered":"<p>Actualment implementat des d&#8217;I3 a 2n complert, i de 3r a 6\u00e8 utilitzant la plataforma digital del projecte. Aquesta proposta transforma l\u2019aula i les relacions que es donen en ella per emocionar, estimular i motivar l\u2019alumnat en l\u2019aprenentatge matem\u00e0tic.<br \/>\nEl projecte es crea experi\u00e8ncies d&#8217;aprenentatge accessibles&hellip;  <a href=\"https:\/\/agora.xtec.cat\/ceiplesfonts\/projecte-educatiu\/projecte-innovamat\/\" title=\"Read Projecte Innovamat\">Llegeix m\u00e9s\u00bb<\/a><\/p>\n","protected":false},"author":1,"featured_media":0,"parent":64,"menu_order":4,"comment_status":"closed","ping_status":"closed","template":"page-templates\/side-menu.php","meta":{"_bbp_topic_count":0,"_bbp_reply_count":0,"_bbp_total_topic_count":0,"_bbp_total_reply_count":0,"_bbp_voice_count":0,"_bbp_anonymous_reply_count":0,"_bbp_topic_count_hidden":0,"_bbp_reply_count_hidden":0,"_bbp_forum_subforum_count":0,"footnotes":""},"class_list":["post-863","page","type-page","status-publish","hentry"],"post_mailing_queue_ids":[],"_links":{"self":[{"href":"https:\/\/agora.xtec.cat\/ceiplesfonts\/wp-json\/wp\/v2\/pages\/863","targetHints":{"allow":["GET"]}}],"collection":[{"href":"https:\/\/agora.xtec.cat\/ceiplesfonts\/wp-json\/wp\/v2\/pages"}],"about":[{"href":"https:\/\/agora.xtec.cat\/ceiplesfonts\/wp-json\/wp\/v2\/types\/page"}],"author":[{"embeddable":true,"href":"https:\/\/agora.xtec.cat\/ceiplesfonts\/wp-json\/wp\/v2\/users\/1"}],"replies":[{"embeddable":true,"href":"https:\/\/agora.xtec.cat\/ceiplesfonts\/wp-json\/wp\/v2\/comments?post=863"}],"version-history":[{"count":4,"href":"https:\/\/agora.xtec.cat\/ceiplesfonts\/wp-json\/wp\/v2\/pages\/863\/revisions"}],"predecessor-version":[{"id":2963,"href":"https:\/\/agora.xtec.cat\/ceiplesfonts\/wp-json\/wp\/v2\/pages\/863\/revisions\/2963"}],"up":[{"embeddable":true,"href":"https:\/\/agora.xtec.cat\/ceiplesfonts\/wp-json\/wp\/v2\/pages\/64"}],"wp:attachment":[{"href":"https:\/\/agora.xtec.cat\/ceiplesfonts\/wp-json\/wp\/v2\/media?parent=863"}],"curies":[{"name":"wp","href":"https:\/\/api.w.org\/{rel}","templated":true}]}}