{"id":855,"date":"2022-02-08T08:33:13","date_gmt":"2022-02-08T07:33:13","guid":{"rendered":"https:\/\/agora.xtec.cat\/ceiplesfonts\/?page_id=855"},"modified":"2026-01-26T10:13:55","modified_gmt":"2026-01-26T09:13:55","slug":"projecte-emprenedoria","status":"publish","type":"page","link":"https:\/\/agora.xtec.cat\/ceiplesfonts\/projecte-educatiu\/projecte-emprenedoria\/","title":{"rendered":"Projecte Emprenedoria CUEME"},"content":{"rendered":"<p><span style=\"font-weight: 400;\">El programa fomenta la cultura emprenedora i les compet\u00e8ncies b\u00e0siques en el cicle superior d\u2019educaci\u00f3 prim\u00e0ria (5\u00e8) durant un curs escolar, l\u2019alumnat crea i gestiona una cooperativa amb el suport de l\u2019escola, l\u2019administraci\u00f3 local, les empreses i altres entitats de la seva localitat.<\/span><\/p>\n<p>&nbsp;<\/p>\n<p><iframe loading=\"lazy\" width=\"1120\" height=\"630\" src=\"https:\/\/www.youtube.com\/embed\/SaXB4iA4dr4?si=9jDoG_Y4YhfCCXMv\" title=\"YouTube video player\" frameborder=\"0\" allow=\"accelerometer; autoplay; clipboard-write; encrypted-media; gyroscope; picture-in-picture; web-share\" referrerpolicy=\"strict-origin-when-cross-origin\" allowfullscreen><\/iframe><\/p>\n","protected":false},"excerpt":{"rendered":"<p>El programa fomenta la cultura emprenedora i les compet\u00e8ncies b\u00e0siques en el cicle superior d\u2019educaci\u00f3 prim\u00e0ria (5\u00e8) durant un curs escolar, l\u2019alumnat crea i gestiona una cooperativa amb el suport de l\u2019escola, l\u2019administraci\u00f3 local, les empreses i altres entitats de la seva localitat.<br \/>\n&nbsp;<\/p>\n","protected":false},"author":1,"featured_media":0,"parent":64,"menu_order":7,"comment_status":"closed","ping_status":"closed","template":"page-templates\/side-menu.php","meta":{"_bbp_topic_count":0,"_bbp_reply_count":0,"_bbp_total_topic_count":0,"_bbp_total_reply_count":0,"_bbp_voice_count":0,"_bbp_anonymous_reply_count":0,"_bbp_topic_count_hidden":0,"_bbp_reply_count_hidden":0,"_bbp_forum_subforum_count":0,"footnotes":""},"class_list":["post-855","page","type-page","status-publish","hentry"],"post_mailing_queue_ids":[],"_links":{"self":[{"href":"https:\/\/agora.xtec.cat\/ceiplesfonts\/wp-json\/wp\/v2\/pages\/855","targetHints":{"allow":["GET"]}}],"collection":[{"href":"https:\/\/agora.xtec.cat\/ceiplesfonts\/wp-json\/wp\/v2\/pages"}],"about":[{"href":"https:\/\/agora.xtec.cat\/ceiplesfonts\/wp-json\/wp\/v2\/types\/page"}],"author":[{"embeddable":true,"href":"https:\/\/agora.xtec.cat\/ceiplesfonts\/wp-json\/wp\/v2\/users\/1"}],"replies":[{"embeddable":true,"href":"https:\/\/agora.xtec.cat\/ceiplesfonts\/wp-json\/wp\/v2\/comments?post=855"}],"version-history":[{"count":6,"href":"https:\/\/agora.xtec.cat\/ceiplesfonts\/wp-json\/wp\/v2\/pages\/855\/revisions"}],"predecessor-version":[{"id":857,"href":"https:\/\/agora.xtec.cat\/ceiplesfonts\/wp-json\/wp\/v2\/pages\/855\/revisions\/857"}],"up":[{"embeddable":true,"href":"https:\/\/agora.xtec.cat\/ceiplesfonts\/wp-json\/wp\/v2\/pages\/64"}],"wp:attachment":[{"href":"https:\/\/agora.xtec.cat\/ceiplesfonts\/wp-json\/wp\/v2\/media?parent=855"}],"curies":[{"name":"wp","href":"https:\/\/api.w.org\/{rel}","templated":true}]}}