{"id":657,"date":"2022-01-28T12:21:09","date_gmt":"2022-01-28T11:21:09","guid":{"rendered":"https:\/\/agora.xtec.cat\/ceiplesfonts\/?page_id=657"},"modified":"2025-09-02T09:51:55","modified_gmt":"2025-09-02T07:51:55","slug":"4cordes","status":"publish","type":"page","link":"https:\/\/agora.xtec.cat\/ceiplesfonts\/projecte-educatiu\/projectes-musicals\/4cordes\/","title":{"rendered":"4Cordes"},"content":{"rendered":"<p><a href=\"https:\/\/agora.xtec.cat\/ceiplesfonts\/wp-content\/uploads\/usu2928\/2022\/02\/LOGO-4-CORDES.png\"><img loading=\"lazy\" decoding=\"async\" class=\" wp-image-986 aligncenter\" src=\"https:\/\/agora.xtec.cat\/ceiplesfonts\/wp-content\/uploads\/usu2928\/2022\/02\/LOGO-4-CORDES-1024x177.png\" alt=\"\" width=\"550\" height=\"95\" srcset=\"https:\/\/agora.xtec.cat\/ceiplesfonts\/wp-content\/uploads\/usu2928\/2022\/02\/LOGO-4-CORDES-1024x177.png 1024w, https:\/\/agora.xtec.cat\/ceiplesfonts\/wp-content\/uploads\/usu2928\/2022\/02\/LOGO-4-CORDES-300x52.png 300w, https:\/\/agora.xtec.cat\/ceiplesfonts\/wp-content\/uploads\/usu2928\/2022\/02\/LOGO-4-CORDES-768x133.png 768w, https:\/\/agora.xtec.cat\/ceiplesfonts\/wp-content\/uploads\/usu2928\/2022\/02\/LOGO-4-CORDES-1536x266.png 1536w, https:\/\/agora.xtec.cat\/ceiplesfonts\/wp-content\/uploads\/usu2928\/2022\/02\/LOGO-4-CORDES-2048x355.png 2048w\" sizes=\"auto, (max-width: 550px) 100vw, 550px\" \/><\/a><\/p>\n<p><a href=\"https:\/\/agora.xtec.cat\/ceiplesfonts\/wp-content\/uploads\/usu2928\/2022\/02\/4cordes-gopro.jpeg\"><img loading=\"lazy\" decoding=\"async\" class=\"wp-image-836 alignleft\" src=\"https:\/\/agora.xtec.cat\/ceiplesfonts\/wp-content\/uploads\/usu2928\/2022\/02\/4cordes-gopro-1024x844.jpeg\" alt=\"\" width=\"247\" height=\"204\" srcset=\"https:\/\/agora.xtec.cat\/ceiplesfonts\/wp-content\/uploads\/usu2928\/2022\/02\/4cordes-gopro-1024x844.jpeg 1024w, https:\/\/agora.xtec.cat\/ceiplesfonts\/wp-content\/uploads\/usu2928\/2022\/02\/4cordes-gopro-300x247.jpeg 300w, https:\/\/agora.xtec.cat\/ceiplesfonts\/wp-content\/uploads\/usu2928\/2022\/02\/4cordes-gopro-768x633.jpeg 768w, https:\/\/agora.xtec.cat\/ceiplesfonts\/wp-content\/uploads\/usu2928\/2022\/02\/4cordes-gopro.jpeg 1456w\" sizes=\"auto, (max-width: 247px) 100vw, 247px\" \/><\/a><\/p>\n<p style=\"text-align: justify;\">El 4Cordes \u00e9s el projecte musical estrella de la nostra escola. Es va iniciar a Les Fonts el curs 2017-2018.\u00a0En aquest projecte els infants de 3r, 4t i 5\u00e8 de prim\u00e0ria aprenen a tocar <strong>el viol\u00ed i el violoncel<\/strong>. Es realitza una sessi\u00f3 setmanal amb cada grup classe.<br \/>\nDurant aquesta sessi\u00f3 setmanal es combinen diferents activitats musicals i d&#8217;altres tipus per generar sin\u00e8rgies que contribueixen al canvi social i la cohesi\u00f3. Les activitats es duen a terme amb l\u2019especialista de m\u00fasica i dos professors de la <strong>Cooperativa Musicoop<\/strong>, dins l&#8217;aula i en horari lectiu. En algunes sessions es desdobla el grup i en altres es fa grup sencer, tot depenent del criteri dels mestres.<\/p>\n<p>&nbsp;<\/p>\n<p>&nbsp;<\/p>\n<p style=\"text-align: justify;\">El projecte 4Cordes t\u00e9 com a finalitat oferir nous recursos per abordar les realitats de l&#8217;entorn de nens i nenes en edat escolar per mitj\u00e0 de l&#8217;aprenentatge art\u00edstic contribuint aix\u00ed al desenvolupament de compet\u00e8ncies socials, comunicatives i relacionals dels infants i de les seves fam\u00edlies.<br \/>\nProcura aportar eines i instruments de creixement personal i de l&#8217;entorn per mitj\u00e0 de l&#8217;aprenentatge del viol\u00ed i el violoncel a trav\u00e9s de l&#8217;orquestra amb els <strong>alumnes de 3r, 4t i 5\u00e8<\/strong>.<\/p>\n<p><iframe loading=\"lazy\" title=\"YouTube video player\" src=\"https:\/\/www.youtube.com\/embed\/_YUK4l4S0vk?si=n6Uj04AZ7sddqRJ7\" width=\"460\" height=\"275\" frameborder=\"0\" allowfullscreen=\"allowfullscreen\"><\/iframe> <iframe loading=\"lazy\" title=\"YouTube video player\" src=\"https:\/\/www.youtube.com\/embed\/y3URN5px-00\" width=\"460\" height=\"275\" frameborder=\"0\" allowfullscreen=\"allowfullscreen\"><\/iframe><br \/>\nLes classes es divideixen en 4 parts:<br \/>\n1) Benvinguda personalitzada dels alumnes. Ells es marquen l&#8217;objectiu de la sessi\u00f3 (sempre en positiu).<br \/>\n2) T\u00e8cniques de respiraci\u00f3 i relaxaci\u00f3. Treball de les notes musicals amb el cos.<br \/>\n3) Instruments: Viol\u00ed i violoncel.<br \/>\n4) Din\u00e0mica de cloenda.<\/p>\n<p style=\"text-align: justify;\">El projecte 4Cordes neix l&#8217;any 2009 a Matar\u00f3 amb el prop\u00f2sit d&#8217;oferir nous recursos per abordar les realitats de l&#8217;entorn dels nens i nenes de l&#8217;escola a partir de l&#8217;aprenentatge art\u00edstic.<br \/>\nEn concret, s&#8217;hi treballa el desenvolupament d&#8217;habilitats instrumentals a trav\u00e9s del viol\u00ed i el violoncel, potenciant la cohesi\u00f3 social i l&#8217;\u00e8xit escolar a partir de l&#8217;excel\u00b7l\u00e8ncia en les activitats i la interacci\u00f3 entre l&#8217;escola, les fam\u00edlies i el municipi. A trav\u00e9s d&#8217;aquest projecte, els nens i nenes aprenen a tocar els instruments i aquest \u00e9s el vehicle de transformaci\u00f3 de la seva realitat.<\/p>\n<p><iframe loading=\"lazy\" title=\"YouTube video player\" src=\"https:\/\/www.youtube.com\/embed\/ztMkW62iM4A?si=nptWfScO0neMQp79\" width=\"460\" height=\"275\" frameborder=\"0\" allowfullscreen=\"allowfullscreen\"><span data-mce-type=\"bookmark\" style=\"display: inline-block; width: 0px; overflow: hidden; line-height: 0;\" class=\"mce_SELRES_start\">\ufeff<\/span><\/iframe> <iframe loading=\"lazy\" title=\"YouTube video player\" src=\"https:\/\/www.youtube.com\/embed\/k9BJKAB_gxs?si=lwB-GRCL__kU9uQ3\" width=\"460\" height=\"275\" frameborder=\"0\" allowfullscreen=\"allowfullscreen\"><span data-mce-type=\"bookmark\" style=\"display: inline-block; width: 0px; overflow: hidden; line-height: 0;\" class=\"mce_SELRES_start\">\ufeff<\/span><\/iframe><br \/>\n<iframe loading=\"lazy\" title=\"YouTube video player\" src=\"https:\/\/www.youtube.com\/embed\/h6wJIkXqo1Q?si=361-1I8fKe47zMj7\" width=\"460\" height=\"275\" frameborder=\"0\" allowfullscreen=\"allowfullscreen\"><span data-mce-type=\"bookmark\" style=\"display: inline-block; width: 0px; overflow: hidden; line-height: 0;\" class=\"mce_SELRES_start\">\ufeff<\/span><\/iframe> <iframe loading=\"lazy\" title=\"YouTube video player\" src=\"https:\/\/www.youtube.com\/embed\/u3yeTTiZhoE?si=fHp5WsT32Zh7yoFm\" width=\"460\" height=\"275\" frameborder=\"0\" allowfullscreen=\"allowfullscreen\"><\/iframe> <iframe loading=\"lazy\" title=\"YouTube video player\" src=\"https:\/\/www.youtube.com\/embed\/VXjU5kHdpF4?si=bX7ZMqCAVJrR97Bc\" width=\"460\" height=\"275\" frameborder=\"0\" allowfullscreen=\"allowfullscreen\"><\/iframe> <iframe loading=\"lazy\" title=\"YouTube video player\" src=\"https:\/\/www.youtube.com\/embed\/8G5IZ2bCWcw\" width=\"460\" height=\"275\" frameborder=\"0\" allowfullscreen=\"allowfullscreen\"><\/iframe> <iframe loading=\"lazy\" title=\"YouTube video player\" src=\"https:\/\/www.youtube.com\/embed\/V0mOA_8R_yM?si=-yXrw-_l-v9_oTFa\" width=\"460\" height=\"275\" frameborder=\"0\" allowfullscreen=\"allowfullscreen\"><\/iframe> <iframe loading=\"lazy\" title=\"YouTube video player\" src=\"https:\/\/www.youtube.com\/embed\/54AWIs2vCoI\" width=\"460\" height=\"275\" frameborder=\"0\" allowfullscreen=\"allowfullscreen\"><\/iframe> <iframe loading=\"lazy\" title=\"YouTube video player\" src=\"https:\/\/www.youtube.com\/embed\/yrQComh5CU8\" width=\"460\" height=\"275\" frameborder=\"0\" allowfullscreen=\"allowfullscreen\"><\/iframe> <iframe loading=\"lazy\" title=\"YouTube video player\" src=\"https:\/\/www.youtube.com\/embed\/A_-hrr47rgY?si=HugJ4p502tB4kHWg\" width=\"460\" height=\"275\" frameborder=\"0\" allowfullscreen=\"allowfullscreen\"><\/iframe><\/p>\n<p>El projecte 4Cordes a l&#8217;Escola Les Fonts forma part del Programa d\u2019innovaci\u00f3 pedag\u00f2gica <strong>araArt<\/strong> i compta amb el suport del <strong>Departament d\u2019Educaci\u00f3<\/strong>. Es du a terme gr\u00e0cies a la cooperativa <strong>Musicoop<\/strong>, <strong>AFA<\/strong> de l&#8217;escola Les Fonts i l\u2019<strong>Ajuntament d\u2019Argentona<\/strong>\u00a0que el financia.<\/p>\n<p><a href=\"https:\/\/agora.xtec.cat\/ceiplesfonts\/wp-content\/uploads\/usu2928\/2025\/01\/LOGOS-2025.png\"><img loading=\"lazy\" decoding=\"async\" class=\"aligncenter size-full wp-image-2824\" src=\"https:\/\/agora.xtec.cat\/ceiplesfonts\/wp-content\/uploads\/usu2928\/2025\/01\/LOGOS-2025.png\" alt=\"\" width=\"3572\" height=\"490\" srcset=\"https:\/\/agora.xtec.cat\/ceiplesfonts\/wp-content\/uploads\/usu2928\/2025\/01\/LOGOS-2025.png 3572w, https:\/\/agora.xtec.cat\/ceiplesfonts\/wp-content\/uploads\/usu2928\/2025\/01\/LOGOS-2025-300x41.png 300w, https:\/\/agora.xtec.cat\/ceiplesfonts\/wp-content\/uploads\/usu2928\/2025\/01\/LOGOS-2025-1024x140.png 1024w, https:\/\/agora.xtec.cat\/ceiplesfonts\/wp-content\/uploads\/usu2928\/2025\/01\/LOGOS-2025-768x105.png 768w, https:\/\/agora.xtec.cat\/ceiplesfonts\/wp-content\/uploads\/usu2928\/2025\/01\/LOGOS-2025-1536x211.png 1536w, https:\/\/agora.xtec.cat\/ceiplesfonts\/wp-content\/uploads\/usu2928\/2025\/01\/LOGOS-2025-2048x281.png 2048w\" sizes=\"auto, (max-width: 3572px) 100vw, 3572px\" \/><\/a><\/p>\n","protected":false},"excerpt":{"rendered":"<p><a href=\"https:\/\/agora.xtec.cat\/ceiplesfonts\/wp-content\/uploads\/usu2928\/2022\/02\/LOGO-4-CORDES.png\"><\/a><br \/>\n<a href=\"https:\/\/agora.xtec.cat\/ceiplesfonts\/wp-content\/uploads\/usu2928\/2022\/02\/4cordes-gopro.jpeg\"><\/a><br \/>\nEl 4Cordes \u00e9s el projecte musical estrella de la nostra escola. Es va iniciar a Les Fonts el curs 2017-2018.\u00a0En aquest projecte els infants de 3r, 4t i 5\u00e8 de prim\u00e0ria aprenen a tocar el viol\u00ed i el violoncel. Es realitza una sessi\u00f3&hellip;  <a href=\"https:\/\/agora.xtec.cat\/ceiplesfonts\/projecte-educatiu\/projectes-musicals\/4cordes\/\" title=\"Read 4Cordes\">Llegeix m\u00e9s\u00bb<\/a><\/p>\n","protected":false},"author":1,"featured_media":0,"parent":602,"menu_order":0,"comment_status":"closed","ping_status":"closed","template":"page-templates\/side-menu.php","meta":{"_bbp_topic_count":0,"_bbp_reply_count":0,"_bbp_total_topic_count":0,"_bbp_total_reply_count":0,"_bbp_voice_count":0,"_bbp_anonymous_reply_count":0,"_bbp_topic_count_hidden":0,"_bbp_reply_count_hidden":0,"_bbp_forum_subforum_count":0,"footnotes":""},"class_list":["post-657","page","type-page","status-publish","hentry"],"post_mailing_queue_ids":[],"_links":{"self":[{"href":"https:\/\/agora.xtec.cat\/ceiplesfonts\/wp-json\/wp\/v2\/pages\/657","targetHints":{"allow":["GET"]}}],"collection":[{"href":"https:\/\/agora.xtec.cat\/ceiplesfonts\/wp-json\/wp\/v2\/pages"}],"about":[{"href":"https:\/\/agora.xtec.cat\/ceiplesfonts\/wp-json\/wp\/v2\/types\/page"}],"author":[{"embeddable":true,"href":"https:\/\/agora.xtec.cat\/ceiplesfonts\/wp-json\/wp\/v2\/users\/1"}],"replies":[{"embeddable":true,"href":"https:\/\/agora.xtec.cat\/ceiplesfonts\/wp-json\/wp\/v2\/comments?post=657"}],"version-history":[{"count":6,"href":"https:\/\/agora.xtec.cat\/ceiplesfonts\/wp-json\/wp\/v2\/pages\/657\/revisions"}],"predecessor-version":[{"id":3205,"href":"https:\/\/agora.xtec.cat\/ceiplesfonts\/wp-json\/wp\/v2\/pages\/657\/revisions\/3205"}],"up":[{"embeddable":true,"href":"https:\/\/agora.xtec.cat\/ceiplesfonts\/wp-json\/wp\/v2\/pages\/602"}],"wp:attachment":[{"href":"https:\/\/agora.xtec.cat\/ceiplesfonts\/wp-json\/wp\/v2\/media?parent=657"}],"curies":[{"name":"wp","href":"https:\/\/api.w.org\/{rel}","templated":true}]}}