{"id":2935,"date":"2025-02-24T10:04:14","date_gmt":"2025-02-24T09:04:14","guid":{"rendered":"https:\/\/agora.xtec.cat\/ceiplesfonts\/?page_id=2935"},"modified":"2026-02-17T12:55:54","modified_gmt":"2026-02-17T11:55:54","slug":"teatre","status":"publish","type":"page","link":"https:\/\/agora.xtec.cat\/ceiplesfonts\/projecte-educatiu\/teatre\/","title":{"rendered":"Teatre"},"content":{"rendered":"<p>A l&#8217;Escola Les Fonts creiem que el teatre \u00e9s una eina molt poderosa per potenciar les habilitats personals i socials, per fomentar la inclusi\u00f3 i la cohesi\u00f3 de grup, per treballar les emocions i per posar en pr\u00e0ctica aprenentatges diversos relacionats amb la llengua (expressi\u00f3 i comprensi\u00f3 oral i lectora, literatura&#8230;) i amb l&#8217;entorn.<\/p>\n<p>Tots els alumnes realitzen una representaci\u00f3 teatral cada any, coincidint amb alguna festa que celebrem a l&#8217;escola. Els m\u00e9s petits, els infants d&#8217;I3 i I4 treballen el teatre a partir dels ambients.<\/p>\n<p>Aquests s\u00f3n alguns exemples d&#8217;obres de teatre que realitzem:<br \/>\nA l&#8217;Escola Les Fonts creiem que el teatre \u00e9s una eina molt poderosa per potenciar les habilitats personals i socials, per fomentar la inclusi\u00f3 i la cohesi\u00f3 de grup, per treballar les emocions i per posar en pr\u00e0ctica aprenentatges diversos relacionats amb la llengua (expressi\u00f3 i comprensi\u00f3 oral i lectora, literatura&#8230;) i amb l&#8217;entorn.<\/p>\n<p>Tots els alumnes realitzen una representaci\u00f3 teatral cada any, coincidint amb alguna festa que celebrem a l&#8217;escola. Els m\u00e9s petits, els infants d&#8217;I3 i I4 treballen el teatre a partir dels ambients.<\/p>\n<p>Aquests s\u00f3n alguns exemples d&#8217;obres de teatre que realitzem:<br \/>\n.<br \/>\n<iframe loading=\"lazy\" title=\"YouTube video player\" src=\"https:\/\/www.youtube.com\/embed\/w19cPY0Z-7A?si=NtJVuFEPWQKdzB9E\" width=\"460\" height=\"275\" frameborder=\"0\" allowfullscreen=\"allowfullscreen\"><\/iframe>.<iframe loading=\"lazy\" title=\"YouTube video player\" src=\"https:\/\/www.youtube.com\/embed\/9SikrRraI10?si=1_SDvS8uwSwAmfo3\" width=\"460\" height=\"275\" frameborder=\"0\" allowfullscreen=\"allowfullscreen\"><\/iframe><br \/>\n<iframe loading=\"lazy\" title=\"YouTube video player\" src=\"https:\/\/www.youtube.com\/embed\/q4V5VYg07qE?si=h4oxadT2bjqb1lOQ\" width=\"460\" height=\"275\" frameborder=\"0\" allowfullscreen=\"allowfullscreen\"><\/iframe>.<iframe loading=\"lazy\" title=\"YouTube video player\" src=\"https:\/\/www.youtube.com\/embed\/xHCfZ9fBQ2s?si=t2HyyA4Q38UQCPSP\" width=\"460\" height=\"275\" frameborder=\"0\" allowfullscreen=\"allowfullscreen\"><\/iframe><br \/>\n<iframe loading=\"lazy\" title=\"YouTube video player\" src=\"https:\/\/www.youtube.com\/embed\/lrblDtHGSgM?si=iZg7SGm5LqwE46L_\" width=\"460\" height=\"275\" frameborder=\"0\" allowfullscreen=\"allowfullscreen\"><span data-mce-type=\"bookmark\" style=\"display: inline-block; width: 0px; overflow: hidden; line-height: 0;\" class=\"mce_SELRES_start\">\ufeff<\/span><\/iframe>.<iframe loading=\"lazy\" title=\"YouTube video player\" src=\"https:\/\/www.youtube.com\/embed\/u3yeTTiZhoE?si=4qsA2YAkcA4DKc0C\" width=\"460\" height=\"275\" frameborder=\"0\" allowfullscreen=\"allowfullscreen\"><\/iframe><br \/>\n<iframe loading=\"lazy\" title=\"YouTube video player\" src=\"https:\/\/www.youtube.com\/embed\/3sJEqE_MjRI?si=bKNFoVO48POwseFM\" width=\"460\" height=\"275\" frameborder=\"0\" allowfullscreen=\"allowfullscreen\"><\/iframe>.<iframe loading=\"lazy\" title=\"YouTube video player\" src=\"https:\/\/www.youtube.com\/embed\/7TOiuhx6V2M?si=o0g8vzs1cjj0dbU9\" width=\"460\" height=\"275\" frameborder=\"0\" allowfullscreen=\"allowfullscreen\"><\/iframe><br \/>\n<iframe loading=\"lazy\" title=\"YouTube video player\" src=\"https:\/\/www.youtube.com\/embed\/K8hnILy9NTI?si=dPSzmWXvWuNiyMdJ\" width=\"460\" height=\"275\" frameborder=\"0\" allowfullscreen=\"allowfullscreen\"><\/iframe>.<iframe loading=\"lazy\" title=\"YouTube video player\" src=\"https:\/\/www.youtube.com\/embed\/_MNcjTsOLyM?si=3Jjrm01-ci7VfZIz\" width=\"460\" height=\"275\" frameborder=\"0\" allowfullscreen=\"allowfullscreen\"><\/iframe><\/p>\n<p>&nbsp;<\/p>\n<p>&nbsp;<\/p>\n","protected":false},"excerpt":{"rendered":"<p>A l&#8217;Escola Les Fonts creiem que el teatre \u00e9s una eina molt poderosa per potenciar les habilitats personals i socials, per fomentar la inclusi\u00f3 i la cohesi\u00f3 de grup, per treballar les emocions i per posar en pr\u00e0ctica aprenentatges diversos relacionats amb la llengua (expressi\u00f3&hellip;  <a href=\"https:\/\/agora.xtec.cat\/ceiplesfonts\/projecte-educatiu\/teatre\/\" title=\"Read Teatre\">Llegeix m\u00e9s\u00bb<\/a><\/p>\n","protected":false},"author":1,"featured_media":0,"parent":64,"menu_order":7,"comment_status":"closed","ping_status":"closed","template":"page-templates\/side-menu.php","meta":{"_bbp_topic_count":0,"_bbp_reply_count":0,"_bbp_total_topic_count":0,"_bbp_total_reply_count":0,"_bbp_voice_count":0,"_bbp_anonymous_reply_count":0,"_bbp_topic_count_hidden":0,"_bbp_reply_count_hidden":0,"_bbp_forum_subforum_count":0,"footnotes":""},"class_list":["post-2935","page","type-page","status-publish","hentry"],"post_mailing_queue_ids":[],"_links":{"self":[{"href":"https:\/\/agora.xtec.cat\/ceiplesfonts\/wp-json\/wp\/v2\/pages\/2935","targetHints":{"allow":["GET"]}}],"collection":[{"href":"https:\/\/agora.xtec.cat\/ceiplesfonts\/wp-json\/wp\/v2\/pages"}],"about":[{"href":"https:\/\/agora.xtec.cat\/ceiplesfonts\/wp-json\/wp\/v2\/types\/page"}],"author":[{"embeddable":true,"href":"https:\/\/agora.xtec.cat\/ceiplesfonts\/wp-json\/wp\/v2\/users\/1"}],"replies":[{"embeddable":true,"href":"https:\/\/agora.xtec.cat\/ceiplesfonts\/wp-json\/wp\/v2\/comments?post=2935"}],"version-history":[{"count":7,"href":"https:\/\/agora.xtec.cat\/ceiplesfonts\/wp-json\/wp\/v2\/pages\/2935\/revisions"}],"predecessor-version":[{"id":3608,"href":"https:\/\/agora.xtec.cat\/ceiplesfonts\/wp-json\/wp\/v2\/pages\/2935\/revisions\/3608"}],"up":[{"embeddable":true,"href":"https:\/\/agora.xtec.cat\/ceiplesfonts\/wp-json\/wp\/v2\/pages\/64"}],"wp:attachment":[{"href":"https:\/\/agora.xtec.cat\/ceiplesfonts\/wp-json\/wp\/v2\/media?parent=2935"}],"curies":[{"name":"wp","href":"https:\/\/api.w.org\/{rel}","templated":true}]}}