{"id":1690,"date":"2023-01-09T18:40:36","date_gmt":"2023-01-09T17:40:36","guid":{"rendered":"https:\/\/agora.xtec.cat\/ceiplesfonts\/?page_id=1690"},"modified":"2025-02-24T10:27:34","modified_gmt":"2025-02-24T09:27:34","slug":"projecte-escacs","status":"publish","type":"page","link":"https:\/\/agora.xtec.cat\/ceiplesfonts\/projecte-educatiu\/projecte-escacs\/","title":{"rendered":"Projecte Escacs"},"content":{"rendered":"<p>A la nostra escola treballem els escacs des de 3r fins a 6\u00e8 d\u2019Educaci\u00f3 Prim\u00e0ria. L\u2019objectiu d\u2019aquest projecte \u00e9s aprofitar l\u2019alt valor pedag\u00f2gic que contenen els escacs. \u00c9s un recurs que potencia el desenvolupament de les estructures cognitives, el raonament i pensament logicomatem\u00e0tic, les habilitats ling\u00fc\u00edstiques i els valors, contribuint en la formaci\u00f3 de ciutadans amb un esperit cr\u00edtic i competents en la seva vida di\u00e0ria.<\/p>\n<p>Alguns dels nombrosos avantatges que aporten els escacs als infants s\u00f3n:<\/p>\n<p>&#8211; Milloren la concentraci\u00f3. Una de les causes m\u00e9s freq\u00fcents amb qu\u00e8 es relaciona el frac\u00e0s escolar \u00e9s la manca d&#8217;atenci\u00f3 i concentraci\u00f3 dels estudiants, una capacitat que es pot fomentar f\u00e0cilment amb la pr\u00e0ctica dels escacs, ja que requereix per part del jugador un alt grau de concentraci\u00f3 i observaci\u00f3 per desenvolupar la partida adequadament.<\/p>\n<p>&#8211; Excerciten la mem\u00f2ria. Tant es treballa la mem\u00f2ria a curt termini, per recordar els moviments que s&#8217;han realitzat durant la partida, com la de llarg termini, per no oblidar altres partides jugades i la multiplicitat d&#8217;alternatives a les que s&#8217;enfronta el\/la jugador\/a. Tot aquest entrenament ajuda a millorar la retenci\u00f3 de la informaci\u00f3.<\/p>\n<p>&#8211; Desenvolupen el raonament logicomatem\u00e0tic. Est\u00e0 demostrat que el raonament i el proc\u00e9s d&#8217;an\u00e0lisi utilitzat en el joc dels escacs \u00e9s molt similar al que s&#8217;utilitza en les matem\u00e0tiques i, per tant, la seva pr\u00e0ctica \u00e9s beneficiosa per millorar les aptituds matem\u00e0tiques dels alumnes.<\/p>\n<p>&#8211; Milloren dels resultats acad\u00e8mics. S&#8217;ha comprovat en nombrosos estudis que els alumnes que han practicat escacs en algun moment de la seva escolaritzaci\u00f3 obtenen millors qualificacions que els alumnes que no l&#8217;han practicat. Aix\u00f2 es deu al fet que els escacs aconsegueixen activar moltes parts del cervell i fan que l&#8217;alumne realitzi interconnexions entre els seus pensaments.<br \/>\n&#8211; Ajuden a aprendre a reflexionar, planificar i prevenir. A cada moviment el jugador ha de reflexionar sobre totes les jugades possibles i els atacs que pot rebre. Ha d\u2019anticipar-se a les respostes del contrari i tenir previstes amb antelaci\u00f3 les possibles l\u00ednies de joc.<\/p>\n<p>&#8211; Potencien la capacitat de resoldre problemes i la presa de decisions. A cada partida d&#8217;escacs els infants busquen les estrat\u00e8gies per aconseguir guanyar la partida, fent que el seu cervell estigui en constant funcionament. Aix\u00f2 traslladat a la vida real, \u00e9s una eina molt valuosa a l\u2019hora de resoldre problemes. Quan un infant s\u2019enfronta amb un problema, est\u00e0 acostumat a no dependre d&#8217;una \u00fanica soluci\u00f3, analitzant totes les possibilitats i triant la m\u00e9s adequada.<\/p>\n<p>&#8211; Ajuden a socialitzar-se. Compartir una partida de joc d\u2019escacs estimula les relacions personals i el companyerisme.<\/p>\n<p>&#8211; Incrementa l\u2019autoestima i l\u2019afany de superaci\u00f3. Cada partida \u00e9s un nou repte per al jugador, que el motiva a entrenar la seva habilitat per jugar cada vegada millor. Aix\u00ed mateix, cada vegada que l&#8217;escaquista guanya una partida, augmenta la seva autoestima i valora la seva per\u00edcia en el joc. En el cas de perdre la partida tamb\u00e9 contribueix en el creixement personal de l\u2019infant, potenciant l&#8217;autocr\u00edtica, el respecte a l\u2019adversari, l\u2019acceptaci\u00f3 i el control de la frustraci\u00f3.<\/p>\n<p><a href=\"https:\/\/agora.xtec.cat\/ceiplesfonts\/wp-content\/uploads\/usu2928\/2025\/02\/cea.png\"><img loading=\"lazy\" decoding=\"async\" class=\" wp-image-2951 alignleft\" src=\"https:\/\/agora.xtec.cat\/ceiplesfonts\/wp-content\/uploads\/usu2928\/2025\/02\/cea.png\" alt=\"\" width=\"156\" height=\"117\" srcset=\"https:\/\/agora.xtec.cat\/ceiplesfonts\/wp-content\/uploads\/usu2928\/2025\/02\/cea.png 259w, https:\/\/agora.xtec.cat\/ceiplesfonts\/wp-content\/uploads\/usu2928\/2025\/02\/cea-200x150.png 200w\" sizes=\"auto, (max-width: 156px) 100vw, 156px\" \/><\/a><\/p>\n<p>&nbsp;<\/p>\n<p>Volem agrair la col\u00b7laboraci\u00f3 del Club d&#8217;Escacs d&#8217;Argentona perqu\u00e8, gr\u00e0cies a ells, els nostres alumnes tenen un suport cada quinze dies d&#8217;un expert.<\/p>\n<p><a href=\"https:\/\/agora.xtec.cat\/ceiplesfonts\/wp-content\/uploads\/usu2928\/2023\/01\/WhatsApp-Image-2023-01-09-at-18.49.16.jpeg\"><img loading=\"lazy\" decoding=\"async\" class=\"alignnone size-large wp-image-1693\" src=\"https:\/\/agora.xtec.cat\/ceiplesfonts\/wp-content\/uploads\/usu2928\/2023\/01\/WhatsApp-Image-2023-01-09-at-18.49.16-1024x768.jpeg\" alt=\"\" width=\"1024\" height=\"768\" srcset=\"https:\/\/agora.xtec.cat\/ceiplesfonts\/wp-content\/uploads\/usu2928\/2023\/01\/WhatsApp-Image-2023-01-09-at-18.49.16-1024x768.jpeg 1024w, https:\/\/agora.xtec.cat\/ceiplesfonts\/wp-content\/uploads\/usu2928\/2023\/01\/WhatsApp-Image-2023-01-09-at-18.49.16-300x225.jpeg 300w, https:\/\/agora.xtec.cat\/ceiplesfonts\/wp-content\/uploads\/usu2928\/2023\/01\/WhatsApp-Image-2023-01-09-at-18.49.16-768x576.jpeg 768w, https:\/\/agora.xtec.cat\/ceiplesfonts\/wp-content\/uploads\/usu2928\/2023\/01\/WhatsApp-Image-2023-01-09-at-18.49.16-1536x1152.jpeg 1536w, https:\/\/agora.xtec.cat\/ceiplesfonts\/wp-content\/uploads\/usu2928\/2023\/01\/WhatsApp-Image-2023-01-09-at-18.49.16-200x150.jpeg 200w, https:\/\/agora.xtec.cat\/ceiplesfonts\/wp-content\/uploads\/usu2928\/2023\/01\/WhatsApp-Image-2023-01-09-at-18.49.16.jpeg 1600w\" sizes=\"auto, (max-width: 1024px) 100vw, 1024px\" \/><\/a><\/p>\n<p>&nbsp;<\/p>\n<p><a href=\"https:\/\/agora.xtec.cat\/ceiplesfonts\/wp-content\/uploads\/usu2928\/2023\/01\/WhatsApp-Image-2023-01-09-at-18.49.16-1.jpeg\"><img loading=\"lazy\" decoding=\"async\" class=\"alignnone size-large wp-image-1695\" src=\"https:\/\/agora.xtec.cat\/ceiplesfonts\/wp-content\/uploads\/usu2928\/2023\/01\/WhatsApp-Image-2023-01-09-at-18.49.16-1-1024x768.jpeg\" alt=\"\" width=\"1024\" height=\"768\" srcset=\"https:\/\/agora.xtec.cat\/ceiplesfonts\/wp-content\/uploads\/usu2928\/2023\/01\/WhatsApp-Image-2023-01-09-at-18.49.16-1-1024x768.jpeg 1024w, https:\/\/agora.xtec.cat\/ceiplesfonts\/wp-content\/uploads\/usu2928\/2023\/01\/WhatsApp-Image-2023-01-09-at-18.49.16-1-300x225.jpeg 300w, https:\/\/agora.xtec.cat\/ceiplesfonts\/wp-content\/uploads\/usu2928\/2023\/01\/WhatsApp-Image-2023-01-09-at-18.49.16-1-768x576.jpeg 768w, https:\/\/agora.xtec.cat\/ceiplesfonts\/wp-content\/uploads\/usu2928\/2023\/01\/WhatsApp-Image-2023-01-09-at-18.49.16-1-1536x1152.jpeg 1536w, https:\/\/agora.xtec.cat\/ceiplesfonts\/wp-content\/uploads\/usu2928\/2023\/01\/WhatsApp-Image-2023-01-09-at-18.49.16-1-200x150.jpeg 200w, https:\/\/agora.xtec.cat\/ceiplesfonts\/wp-content\/uploads\/usu2928\/2023\/01\/WhatsApp-Image-2023-01-09-at-18.49.16-1.jpeg 1600w\" sizes=\"auto, (max-width: 1024px) 100vw, 1024px\" \/><\/a><\/p>\n<p><img loading=\"lazy\" decoding=\"async\" class=\"aligncenter size-full wp-image-2955\" src=\"https:\/\/agora.xtec.cat\/ceiplesfonts\/wp-content\/uploads\/usu2928\/2025\/02\/WhatsApp-Image-2025-02-24-at-10.25.31.jpeg\" alt=\"\" width=\"1600\" height=\"1200\" srcset=\"https:\/\/agora.xtec.cat\/ceiplesfonts\/wp-content\/uploads\/usu2928\/2025\/02\/WhatsApp-Image-2025-02-24-at-10.25.31.jpeg 1600w, https:\/\/agora.xtec.cat\/ceiplesfonts\/wp-content\/uploads\/usu2928\/2025\/02\/WhatsApp-Image-2025-02-24-at-10.25.31-300x225.jpeg 300w, https:\/\/agora.xtec.cat\/ceiplesfonts\/wp-content\/uploads\/usu2928\/2025\/02\/WhatsApp-Image-2025-02-24-at-10.25.31-1024x768.jpeg 1024w, https:\/\/agora.xtec.cat\/ceiplesfonts\/wp-content\/uploads\/usu2928\/2025\/02\/WhatsApp-Image-2025-02-24-at-10.25.31-768x576.jpeg 768w, https:\/\/agora.xtec.cat\/ceiplesfonts\/wp-content\/uploads\/usu2928\/2025\/02\/WhatsApp-Image-2025-02-24-at-10.25.31-1536x1152.jpeg 1536w, https:\/\/agora.xtec.cat\/ceiplesfonts\/wp-content\/uploads\/usu2928\/2025\/02\/WhatsApp-Image-2025-02-24-at-10.25.31-200x150.jpeg 200w\" sizes=\"auto, (max-width: 1600px) 100vw, 1600px\" \/>TORNEIG D&#8217;ESCACS JUNY 2024<\/p>\n","protected":false},"excerpt":{"rendered":"<p>A la nostra escola treballem els escacs des de 3r fins a 6\u00e8 d\u2019Educaci\u00f3 Prim\u00e0ria. L\u2019objectiu d\u2019aquest projecte \u00e9s aprofitar l\u2019alt valor pedag\u00f2gic que contenen els escacs. \u00c9s un recurs que potencia el desenvolupament de les estructures cognitives, el raonament i pensament logicomatem\u00e0tic, les habilitats&hellip;  <a href=\"https:\/\/agora.xtec.cat\/ceiplesfonts\/projecte-educatiu\/projecte-escacs\/\" title=\"Read Projecte Escacs\">Llegeix m\u00e9s\u00bb<\/a><\/p>\n","protected":false},"author":1,"featured_media":0,"parent":64,"menu_order":10,"comment_status":"closed","ping_status":"closed","template":"page-templates\/side-menu.php","meta":{"_bbp_topic_count":0,"_bbp_reply_count":0,"_bbp_total_topic_count":0,"_bbp_total_reply_count":0,"_bbp_voice_count":0,"_bbp_anonymous_reply_count":0,"_bbp_topic_count_hidden":0,"_bbp_reply_count_hidden":0,"_bbp_forum_subforum_count":0,"footnotes":""},"class_list":["post-1690","page","type-page","status-publish","hentry"],"post_mailing_queue_ids":[],"_links":{"self":[{"href":"https:\/\/agora.xtec.cat\/ceiplesfonts\/wp-json\/wp\/v2\/pages\/1690","targetHints":{"allow":["GET"]}}],"collection":[{"href":"https:\/\/agora.xtec.cat\/ceiplesfonts\/wp-json\/wp\/v2\/pages"}],"about":[{"href":"https:\/\/agora.xtec.cat\/ceiplesfonts\/wp-json\/wp\/v2\/types\/page"}],"author":[{"embeddable":true,"href":"https:\/\/agora.xtec.cat\/ceiplesfonts\/wp-json\/wp\/v2\/users\/1"}],"replies":[{"embeddable":true,"href":"https:\/\/agora.xtec.cat\/ceiplesfonts\/wp-json\/wp\/v2\/comments?post=1690"}],"version-history":[{"count":6,"href":"https:\/\/agora.xtec.cat\/ceiplesfonts\/wp-json\/wp\/v2\/pages\/1690\/revisions"}],"predecessor-version":[{"id":2958,"href":"https:\/\/agora.xtec.cat\/ceiplesfonts\/wp-json\/wp\/v2\/pages\/1690\/revisions\/2958"}],"up":[{"embeddable":true,"href":"https:\/\/agora.xtec.cat\/ceiplesfonts\/wp-json\/wp\/v2\/pages\/64"}],"wp:attachment":[{"href":"https:\/\/agora.xtec.cat\/ceiplesfonts\/wp-json\/wp\/v2\/media?parent=1690"}],"curies":[{"name":"wp","href":"https:\/\/api.w.org\/{rel}","templated":true}]}}