{"id":26,"date":"2014-09-18T12:24:32","date_gmt":"2014-09-18T11:24:32","guid":{"rendered":"http:\/\/agora.xtec.cat\/ceiplesfontetes\/?page_id=26"},"modified":"2021-02-02T13:21:05","modified_gmt":"2021-02-02T12:21:05","slug":"historia","status":"publish","type":"page","link":"https:\/\/agora.xtec.cat\/ceiplesfontetes\/lescola\/historia\/","title":{"rendered":"Hist\u00f2ria"},"content":{"rendered":"<p style=\"text-align: justify;\"><a href=\"https:\/\/agora.xtec.cat\/ceiplesfontetes\/wp-content\/uploads\/usu1234\/2020\/02\/\u00edndex.jpeg\"><img loading=\"lazy\" decoding=\"async\" class=\"size-full wp-image-19514 alignleft\" src=\"https:\/\/agora.xtec.cat\/ceiplesfontetes\/wp-content\/uploads\/usu1234\/2020\/02\/\u00edndex.jpeg\" alt=\"\" width=\"347\" height=\"145\" srcset=\"https:\/\/agora.xtec.cat\/ceiplesfontetes\/wp-content\/uploads\/usu1234\/2020\/02\/\u00edndex.jpeg 347w, https:\/\/agora.xtec.cat\/ceiplesfontetes\/wp-content\/uploads\/usu1234\/2020\/02\/\u00edndex-300x125.jpeg 300w\" sizes=\"auto, (max-width: 347px) 100vw, 347px\" \/><\/a>L\u2019escola va comen\u00e7ar l&#8217;any 1972, amb alumnes d&#8217;EI de 5 anys, amb l&#8217;edifici encara sense acabar.<\/p>\n<p style=\"text-align: justify;\">Les d\u00e8cades de 1970 i 1980 s\u00f3n les de consolidaci\u00f3 del barri, les que creen el barri tal i com el coneixem avui en\u00a0 dia, l\u2019escola va anar creixent amb el barri.<\/p>\n<p style=\"text-align: justify;\">Des de la seva creaci\u00f3 l\u2019escola ha fluctuat en la matr\u00edcula, en funci\u00f3 dels diferents moviments migratoris de la poblaci\u00f3, sent algunes promocions d\u2019alumne de dues l\u00ednies i altres d\u2019una l\u00ednia.<\/p>\n<p style=\"text-align: justify;\">El curs 2016\/2017 iniciem l\u2019agrupament internivell de l\u2019alumnat de 3 i 4 anys que actualment s\u2019est\u00e9n fins a quart. L&#8217;alumnat de cicle superior est\u00e0 agrupat per edat.<\/p>\n<p style=\"text-align: justify;\">El centre es caracteritza per aplicar diverses metodologies i estrat\u00e8gies de treball donat resposta als ritmes d\u2019aprenentatge i interessos de l\u2019alumnat.<\/p>\n","protected":false},"excerpt":{"rendered":"<p>L\u2019escola va comen\u00e7ar l&#8217;any 1972, amb alumnes d&#8217;EI de 5 anys, amb l&#8217;edifici encara sense acabar. Les d\u00e8cades de 1970 i 1980 s\u00f3n les de consolidaci\u00f3 del barri, les que creen el barri tal i com el coneixem avui en\u00a0 dia, l\u2019escola va anar creixent amb el barri. Des de la seva creaci\u00f3 l\u2019escola ha [&hellip;]<\/p>\n","protected":false},"author":1,"featured_media":0,"parent":22,"menu_order":20,"comment_status":"closed","ping_status":"closed","template":"page-templates\/side-menu.php","meta":{"_bbp_topic_count":0,"_bbp_reply_count":0,"_bbp_total_topic_count":0,"_bbp_total_reply_count":0,"_bbp_voice_count":0,"_bbp_anonymous_reply_count":0,"_bbp_topic_count_hidden":0,"_bbp_reply_count_hidden":0,"_bbp_forum_subforum_count":0,"site-sidebar-layout":"default","site-content-layout":"","ast-site-content-layout":"","site-content-style":"default","site-sidebar-style":"default","ast-global-header-display":"","ast-banner-title-visibility":"","ast-main-header-display":"","ast-hfb-above-header-display":"","ast-hfb-below-header-display":"","ast-hfb-mobile-header-display":"","site-post-title":"","ast-breadcrumbs-content":"","ast-featured-img":"","footer-sml-layout":"","theme-transparent-header-meta":"","adv-header-id-meta":"","stick-header-meta":"","header-above-stick-meta":"","header-main-stick-meta":"","header-below-stick-meta":"","astra-migrate-meta-layouts":"default","ast-page-background-enabled":"default","ast-page-background-meta":{"desktop":{"background-color":"var(--ast-global-color-4)","background-image":"","background-repeat":"repeat","background-position":"center center","background-size":"auto","background-attachment":"scroll","background-type":"","background-media":"","overlay-type":"","overlay-color":"","overlay-opacity":"","overlay-gradient":""},"tablet":{"background-color":"","background-image":"","background-repeat":"repeat","background-position":"center center","background-size":"auto","background-attachment":"scroll","background-type":"","background-media":"","overlay-type":"","overlay-color":"","overlay-opacity":"","overlay-gradient":""},"mobile":{"background-color":"","background-image":"","background-repeat":"repeat","background-position":"center center","background-size":"auto","background-attachment":"scroll","background-type":"","background-media":"","overlay-type":"","overlay-color":"","overlay-opacity":"","overlay-gradient":""}},"ast-content-background-meta":{"desktop":{"background-color":"var(--ast-global-color-5)","background-image":"","background-repeat":"repeat","background-position":"center center","background-size":"auto","background-attachment":"scroll","background-type":"","background-media":"","overlay-type":"","overlay-color":"","overlay-opacity":"","overlay-gradient":""},"tablet":{"background-color":"var(--ast-global-color-5)","background-image":"","background-repeat":"repeat","background-position":"center center","background-size":"auto","background-attachment":"scroll","background-type":"","background-media":"","overlay-type":"","overlay-color":"","overlay-opacity":"","overlay-gradient":""},"mobile":{"background-color":"var(--ast-global-color-5)","background-image":"","background-repeat":"repeat","background-position":"center center","background-size":"auto","background-attachment":"scroll","background-type":"","background-media":"","overlay-type":"","overlay-color":"","overlay-opacity":"","overlay-gradient":""}},"footnotes":""},"class_list":["post-26","page","type-page","status-publish","hentry"],"post_mailing_queue_ids":[],"_links":{"self":[{"href":"https:\/\/agora.xtec.cat\/ceiplesfontetes\/wp-json\/wp\/v2\/pages\/26","targetHints":{"allow":["GET"]}}],"collection":[{"href":"https:\/\/agora.xtec.cat\/ceiplesfontetes\/wp-json\/wp\/v2\/pages"}],"about":[{"href":"https:\/\/agora.xtec.cat\/ceiplesfontetes\/wp-json\/wp\/v2\/types\/page"}],"author":[{"embeddable":true,"href":"https:\/\/agora.xtec.cat\/ceiplesfontetes\/wp-json\/wp\/v2\/users\/1"}],"replies":[{"embeddable":true,"href":"https:\/\/agora.xtec.cat\/ceiplesfontetes\/wp-json\/wp\/v2\/comments?post=26"}],"version-history":[{"count":3,"href":"https:\/\/agora.xtec.cat\/ceiplesfontetes\/wp-json\/wp\/v2\/pages\/26\/revisions"}],"predecessor-version":[{"id":19799,"href":"https:\/\/agora.xtec.cat\/ceiplesfontetes\/wp-json\/wp\/v2\/pages\/26\/revisions\/19799"}],"up":[{"embeddable":true,"href":"https:\/\/agora.xtec.cat\/ceiplesfontetes\/wp-json\/wp\/v2\/pages\/22"}],"wp:attachment":[{"href":"https:\/\/agora.xtec.cat\/ceiplesfontetes\/wp-json\/wp\/v2\/media?parent=26"}],"curies":[{"name":"wp","href":"https:\/\/api.w.org\/{rel}","templated":true}]}}