{"id":21145,"date":"2024-09-18T11:47:06","date_gmt":"2024-09-18T09:47:06","guid":{"rendered":"https:\/\/agora.xtec.cat\/ceiplesfontetes\/?page_id=21145"},"modified":"2026-02-10T11:02:32","modified_gmt":"2026-02-10T10:02:32","slug":"radio","status":"publish","type":"page","link":"https:\/\/agora.xtec.cat\/ceiplesfontetes\/projecte-educatiu\/radio\/","title":{"rendered":"R\u00e0dio"},"content":{"rendered":"<p style=\"text-align: justify;\"><a href=\"https:\/\/agora.xtec.cat\/ceiplesfontetes\/wp-content\/uploads\/usu1234\/2025\/03\/13560357.png\"><img loading=\"lazy\" decoding=\"async\" class=\" wp-image-21146 alignright\" src=\"https:\/\/agora.xtec.cat\/ceiplesfontetes\/wp-content\/uploads\/usu1234\/2025\/03\/13560357.png\" alt=\"\" width=\"429\" height=\"429\" srcset=\"https:\/\/agora.xtec.cat\/ceiplesfontetes\/wp-content\/uploads\/usu1234\/2025\/03\/13560357.png 512w, https:\/\/agora.xtec.cat\/ceiplesfontetes\/wp-content\/uploads\/usu1234\/2025\/03\/13560357-300x300.png 300w, https:\/\/agora.xtec.cat\/ceiplesfontetes\/wp-content\/uploads\/usu1234\/2025\/03\/13560357-150x150.png 150w\" sizes=\"auto, (max-width: 429px) 100vw, 429px\" \/><\/a>A tercer treballem la r\u00e0dio.<\/p>\n<p style=\"text-align: justify;\">Treballar la r\u00e0dio permet abordar temes diversos, com la cultura, la ci\u00e8ncia o l&#8217;actualitat, facilitant l&#8217;aprenentatge de manera din\u00e0mica i atractiva. A trav\u00e9s de la producci\u00f3 de programes, els alumnes aprenen a investigar, treballar en equip i gestionar projectes, fomentant aix\u00ed el pensament cr\u00edtic i la col\u00b7laboraci\u00f3.<\/p>\n<p style=\"text-align: justify;\">\n<strong>Objectius:<\/strong><br \/>\nFomenta la creativitat i l&#8217;expressi\u00f3 oral dels alumnes.<br \/>\nAprendre a narrar hist\u00f2ries i comunicar idees de manera efectiva.<br \/>\nExpressar opinions i inquietuds sobre temes que afecten els infants.<br \/>\nDesenvolupar la capacitat d&#8217;escoltar i respectar les opinions dels altres.<br \/>\nDesenvolupar habilitats socials i emocionals.<\/p>\n","protected":false},"excerpt":{"rendered":"<p>A tercer treballem la r\u00e0dio. Treballar la r\u00e0dio permet abordar temes diversos, com la cultura, la ci\u00e8ncia o l&#8217;actualitat, facilitant l&#8217;aprenentatge de manera din\u00e0mica i atractiva. A trav\u00e9s de la producci\u00f3 de programes, els alumnes aprenen a investigar, treballar en equip i gestionar projectes, fomentant aix\u00ed el pensament cr\u00edtic i la col\u00b7laboraci\u00f3. Objectius: Fomenta la [&hellip;]<\/p>\n","protected":false},"author":1,"featured_media":0,"parent":64,"menu_order":13,"comment_status":"closed","ping_status":"closed","template":"","meta":{"_bbp_topic_count":0,"_bbp_reply_count":0,"_bbp_total_topic_count":0,"_bbp_total_reply_count":0,"_bbp_voice_count":0,"_bbp_anonymous_reply_count":0,"_bbp_topic_count_hidden":0,"_bbp_reply_count_hidden":0,"_bbp_forum_subforum_count":0,"site-sidebar-layout":"default","site-content-layout":"","ast-site-content-layout":"default","site-content-style":"default","site-sidebar-style":"default","ast-global-header-display":"","ast-banner-title-visibility":"","ast-main-header-display":"","ast-hfb-above-header-display":"","ast-hfb-below-header-display":"","ast-hfb-mobile-header-display":"","site-post-title":"","ast-breadcrumbs-content":"","ast-featured-img":"","footer-sml-layout":"","theme-transparent-header-meta":"default","adv-header-id-meta":"","stick-header-meta":"","header-above-stick-meta":"","header-main-stick-meta":"","header-below-stick-meta":"","astra-migrate-meta-layouts":"set","ast-page-background-enabled":"default","ast-page-background-meta":{"desktop":{"background-color":"var(--ast-global-color-4)","background-image":"","background-repeat":"repeat","background-position":"center center","background-size":"auto","background-attachment":"scroll","background-type":"","background-media":"","overlay-type":"","overlay-color":"","overlay-opacity":"","overlay-gradient":""},"tablet":{"background-color":"","background-image":"","background-repeat":"repeat","background-position":"center center","background-size":"auto","background-attachment":"scroll","background-type":"","background-media":"","overlay-type":"","overlay-color":"","overlay-opacity":"","overlay-gradient":""},"mobile":{"background-color":"","background-image":"","background-repeat":"repeat","background-position":"center center","background-size":"auto","background-attachment":"scroll","background-type":"","background-media":"","overlay-type":"","overlay-color":"","overlay-opacity":"","overlay-gradient":""}},"ast-content-background-meta":{"desktop":{"background-color":"var(--ast-global-color-5)","background-image":"","background-repeat":"repeat","background-position":"center center","background-size":"auto","background-attachment":"scroll","background-type":"","background-media":"","overlay-type":"","overlay-color":"","overlay-opacity":"","overlay-gradient":""},"tablet":{"background-color":"var(--ast-global-color-5)","background-image":"","background-repeat":"repeat","background-position":"center center","background-size":"auto","background-attachment":"scroll","background-type":"","background-media":"","overlay-type":"","overlay-color":"","overlay-opacity":"","overlay-gradient":""},"mobile":{"background-color":"var(--ast-global-color-5)","background-image":"","background-repeat":"repeat","background-position":"center center","background-size":"auto","background-attachment":"scroll","background-type":"","background-media":"","overlay-type":"","overlay-color":"","overlay-opacity":"","overlay-gradient":""}},"footnotes":""},"class_list":["post-21145","page","type-page","status-publish","hentry"],"post_mailing_queue_ids":[],"_links":{"self":[{"href":"https:\/\/agora.xtec.cat\/ceiplesfontetes\/wp-json\/wp\/v2\/pages\/21145","targetHints":{"allow":["GET"]}}],"collection":[{"href":"https:\/\/agora.xtec.cat\/ceiplesfontetes\/wp-json\/wp\/v2\/pages"}],"about":[{"href":"https:\/\/agora.xtec.cat\/ceiplesfontetes\/wp-json\/wp\/v2\/types\/page"}],"author":[{"embeddable":true,"href":"https:\/\/agora.xtec.cat\/ceiplesfontetes\/wp-json\/wp\/v2\/users\/1"}],"replies":[{"embeddable":true,"href":"https:\/\/agora.xtec.cat\/ceiplesfontetes\/wp-json\/wp\/v2\/comments?post=21145"}],"version-history":[{"count":3,"href":"https:\/\/agora.xtec.cat\/ceiplesfontetes\/wp-json\/wp\/v2\/pages\/21145\/revisions"}],"predecessor-version":[{"id":21602,"href":"https:\/\/agora.xtec.cat\/ceiplesfontetes\/wp-json\/wp\/v2\/pages\/21145\/revisions\/21602"}],"up":[{"embeddable":true,"href":"https:\/\/agora.xtec.cat\/ceiplesfontetes\/wp-json\/wp\/v2\/pages\/64"}],"wp:attachment":[{"href":"https:\/\/agora.xtec.cat\/ceiplesfontetes\/wp-json\/wp\/v2\/media?parent=21145"}],"curies":[{"name":"wp","href":"https:\/\/api.w.org\/{rel}","templated":true}]}}