{"id":21133,"date":"2018-03-18T11:29:46","date_gmt":"2018-03-18T10:29:46","guid":{"rendered":"https:\/\/agora.xtec.cat\/ceiplesfontetes\/?page_id=21133"},"modified":"2025-03-18T12:21:02","modified_gmt":"2025-03-18T11:21:02","slug":"teatre","status":"publish","type":"page","link":"https:\/\/agora.xtec.cat\/ceiplesfontetes\/projecte-educatiu\/teatre\/","title":{"rendered":"Teatre"},"content":{"rendered":"<p>A quart treballem el teatre que ens permet abordar temes socials i culturals, ajudant els alumne a reflexionar sobre la seva realitat i a desenvolupar empatia.<a href=\"https:\/\/agora.xtec.cat\/ceiplesfontetes\/wp-content\/uploads\/usu1234\/2025\/03\/46946636144_b3923ba995_o.jpg\"><img loading=\"lazy\" decoding=\"async\" class=\"size-full wp-image-21142 alignright\" src=\"https:\/\/agora.xtec.cat\/ceiplesfontetes\/wp-content\/uploads\/usu1234\/2025\/03\/46946636144_b3923ba995_o.jpg\" alt=\"\" width=\"331\" height=\"337\" srcset=\"https:\/\/agora.xtec.cat\/ceiplesfontetes\/wp-content\/uploads\/usu1234\/2025\/03\/46946636144_b3923ba995_o.jpg 331w, https:\/\/agora.xtec.cat\/ceiplesfontetes\/wp-content\/uploads\/usu1234\/2025\/03\/46946636144_b3923ba995_o-295x300.jpg 295w\" sizes=\"auto, (max-width: 331px) 100vw, 331px\" \/><\/a><br \/>\n<strong>Objectius:<\/strong><br \/>\nFomentar la creativitat i expressi\u00f3 personal dels infants.<br \/>\nExplorar diferents rols i emocions.<br \/>\nDesenvolupar habilitats comunicatives: parlar en p\u00fablic i la capacitat d&#8217;escoltar.<br \/>\nPromoure el treball en equip i la col\u00b7laboraci\u00f3.<br \/>\nFomenta valors com la responsabilitat i el respecte cap als companys<br \/>\nAugmentar la confian\u00e7a en si mateixos.<br \/>\n<em>&#8220;El teatre ens ensenya que la vida \u00e9s un escenari i cadasc\u00fa de nosaltres \u00e9s el protagonista de la seva hist\u00f2ria.&#8221;<\/em><\/p>\n","protected":false},"excerpt":{"rendered":"<p>A quart treballem el teatre que ens permet abordar temes socials i culturals, ajudant els alumne a reflexionar sobre la seva realitat i a desenvolupar empatia. Objectius: Fomentar la creativitat i expressi\u00f3 personal dels infants. Explorar diferents rols i emocions. Desenvolupar habilitats comunicatives: parlar en p\u00fablic i la capacitat d&#8217;escoltar. Promoure el treball en equip [&hellip;]<\/p>\n","protected":false},"author":1,"featured_media":0,"parent":64,"menu_order":13,"comment_status":"closed","ping_status":"closed","template":"","meta":{"_bbp_topic_count":0,"_bbp_reply_count":0,"_bbp_total_topic_count":0,"_bbp_total_reply_count":0,"_bbp_voice_count":0,"_bbp_anonymous_reply_count":0,"_bbp_topic_count_hidden":0,"_bbp_reply_count_hidden":0,"_bbp_forum_subforum_count":0,"site-sidebar-layout":"default","site-content-layout":"","ast-site-content-layout":"","site-content-style":"default","site-sidebar-style":"default","ast-global-header-display":"","ast-banner-title-visibility":"","ast-main-header-display":"","ast-hfb-above-header-display":"","ast-hfb-below-header-display":"","ast-hfb-mobile-header-display":"","site-post-title":"","ast-breadcrumbs-content":"","ast-featured-img":"","footer-sml-layout":"","theme-transparent-header-meta":"","adv-header-id-meta":"","stick-header-meta":"","header-above-stick-meta":"","header-main-stick-meta":"","header-below-stick-meta":"","astra-migrate-meta-layouts":"default","ast-page-background-enabled":"default","ast-page-background-meta":{"desktop":{"background-color":"var(--ast-global-color-4)","background-image":"","background-repeat":"repeat","background-position":"center center","background-size":"auto","background-attachment":"scroll","background-type":"","background-media":"","overlay-type":"","overlay-color":"","overlay-opacity":"","overlay-gradient":""},"tablet":{"background-color":"","background-image":"","background-repeat":"repeat","background-position":"center center","background-size":"auto","background-attachment":"scroll","background-type":"","background-media":"","overlay-type":"","overlay-color":"","overlay-opacity":"","overlay-gradient":""},"mobile":{"background-color":"","background-image":"","background-repeat":"repeat","background-position":"center center","background-size":"auto","background-attachment":"scroll","background-type":"","background-media":"","overlay-type":"","overlay-color":"","overlay-opacity":"","overlay-gradient":""}},"ast-content-background-meta":{"desktop":{"background-color":"var(--ast-global-color-5)","background-image":"","background-repeat":"repeat","background-position":"center center","background-size":"auto","background-attachment":"scroll","background-type":"","background-media":"","overlay-type":"","overlay-color":"","overlay-opacity":"","overlay-gradient":""},"tablet":{"background-color":"var(--ast-global-color-5)","background-image":"","background-repeat":"repeat","background-position":"center center","background-size":"auto","background-attachment":"scroll","background-type":"","background-media":"","overlay-type":"","overlay-color":"","overlay-opacity":"","overlay-gradient":""},"mobile":{"background-color":"var(--ast-global-color-5)","background-image":"","background-repeat":"repeat","background-position":"center center","background-size":"auto","background-attachment":"scroll","background-type":"","background-media":"","overlay-type":"","overlay-color":"","overlay-opacity":"","overlay-gradient":""}},"footnotes":""},"class_list":["post-21133","page","type-page","status-publish","hentry"],"post_mailing_queue_ids":[],"_links":{"self":[{"href":"https:\/\/agora.xtec.cat\/ceiplesfontetes\/wp-json\/wp\/v2\/pages\/21133","targetHints":{"allow":["GET"]}}],"collection":[{"href":"https:\/\/agora.xtec.cat\/ceiplesfontetes\/wp-json\/wp\/v2\/pages"}],"about":[{"href":"https:\/\/agora.xtec.cat\/ceiplesfontetes\/wp-json\/wp\/v2\/types\/page"}],"author":[{"embeddable":true,"href":"https:\/\/agora.xtec.cat\/ceiplesfontetes\/wp-json\/wp\/v2\/users\/1"}],"replies":[{"embeddable":true,"href":"https:\/\/agora.xtec.cat\/ceiplesfontetes\/wp-json\/wp\/v2\/comments?post=21133"}],"version-history":[{"count":6,"href":"https:\/\/agora.xtec.cat\/ceiplesfontetes\/wp-json\/wp\/v2\/pages\/21133\/revisions"}],"predecessor-version":[{"id":21144,"href":"https:\/\/agora.xtec.cat\/ceiplesfontetes\/wp-json\/wp\/v2\/pages\/21133\/revisions\/21144"}],"up":[{"embeddable":true,"href":"https:\/\/agora.xtec.cat\/ceiplesfontetes\/wp-json\/wp\/v2\/pages\/64"}],"wp:attachment":[{"href":"https:\/\/agora.xtec.cat\/ceiplesfontetes\/wp-json\/wp\/v2\/media?parent=21133"}],"curies":[{"name":"wp","href":"https:\/\/api.w.org\/{rel}","templated":true}]}}