{"id":21128,"date":"2022-09-18T10:58:22","date_gmt":"2022-09-18T08:58:22","guid":{"rendered":"https:\/\/agora.xtec.cat\/ceiplesfontetes\/?page_id=21128"},"modified":"2025-03-18T11:00:45","modified_gmt":"2025-03-18T10:00:45","slug":"cinema-2","status":"publish","type":"page","link":"https:\/\/agora.xtec.cat\/ceiplesfontetes\/projecte-educatiu\/cinema-2\/","title":{"rendered":"Cinema"},"content":{"rendered":"<p>A Cicle Superior treballem el cinema.<\/p>\n<p><strong><a href=\"https:\/\/agora.xtec.cat\/ceiplesfontetes\/wp-content\/uploads\/usu1234\/2025\/03\/IMG_1846.jpg\"><img loading=\"lazy\" decoding=\"async\" class=\"size-full wp-image-21129 alignleft\" src=\"https:\/\/agora.xtec.cat\/ceiplesfontetes\/wp-content\/uploads\/usu1234\/2025\/03\/IMG_1846.jpg\" alt=\"\" width=\"325\" height=\"197\" srcset=\"https:\/\/agora.xtec.cat\/ceiplesfontetes\/wp-content\/uploads\/usu1234\/2025\/03\/IMG_1846.jpg 325w, https:\/\/agora.xtec.cat\/ceiplesfontetes\/wp-content\/uploads\/usu1234\/2025\/03\/IMG_1846-300x182.jpg 300w\" sizes=\"auto, (max-width: 325px) 100vw, 325px\" \/><\/a>Objectius:<\/strong><\/p>\n<p>Fomentar la creativitat i l&#8217;expressi\u00f3 art\u00edstica<br \/>\nExplorar diferents maneres d&#8217;explicar hist\u00f2ries.<br \/>\nComprendre temes complexos captant l&#8217;atenci\u00f3 dels infants.<br \/>\nDesenvolupar d&#8217;habilitats cr\u00edtiques i anal\u00edtiques.<br \/>\nFomentar l&#8217;empatia al identificar-se amb personatges i situacions diverses.<\/p>\n<p>Treballem de manera interdisciplinar fent que l&#8217;aprenentatge sigui m\u00e9s din\u00e0mic i atractiu.<\/p>\n<p><em>\u201cParlar de somnis \u00e9s com parlar de pel\u00b7l\u00edcules, ja que el cinema utilitza el llenguatge dels somnis; els anys poden passar en segons i es pot saltar d&#8217;un lloc a l&#8217;altre\u201d<\/em><br \/>\n<em>Federico Fellin<\/em><\/p>\n","protected":false},"excerpt":{"rendered":"<p>A Cicle Superior treballem el cinema. Objectius: Fomentar la creativitat i l&#8217;expressi\u00f3 art\u00edstica Explorar diferents maneres d&#8217;explicar hist\u00f2ries. Comprendre temes complexos captant l&#8217;atenci\u00f3 dels infants. Desenvolupar d&#8217;habilitats cr\u00edtiques i anal\u00edtiques. Fomentar l&#8217;empatia al identificar-se amb personatges i situacions diverses. Treballem de manera interdisciplinar fent que l&#8217;aprenentatge sigui m\u00e9s din\u00e0mic i atractiu. \u201cParlar de somnis \u00e9s [&hellip;]<\/p>\n","protected":false},"author":1,"featured_media":0,"parent":64,"menu_order":11,"comment_status":"closed","ping_status":"closed","template":"","meta":{"_bbp_topic_count":0,"_bbp_reply_count":0,"_bbp_total_topic_count":0,"_bbp_total_reply_count":0,"_bbp_voice_count":0,"_bbp_anonymous_reply_count":0,"_bbp_topic_count_hidden":0,"_bbp_reply_count_hidden":0,"_bbp_forum_subforum_count":0,"site-sidebar-layout":"default","site-content-layout":"","ast-site-content-layout":"","site-content-style":"default","site-sidebar-style":"default","ast-global-header-display":"","ast-banner-title-visibility":"","ast-main-header-display":"","ast-hfb-above-header-display":"","ast-hfb-below-header-display":"","ast-hfb-mobile-header-display":"","site-post-title":"","ast-breadcrumbs-content":"","ast-featured-img":"","footer-sml-layout":"","theme-transparent-header-meta":"","adv-header-id-meta":"","stick-header-meta":"","header-above-stick-meta":"","header-main-stick-meta":"","header-below-stick-meta":"","astra-migrate-meta-layouts":"default","ast-page-background-enabled":"default","ast-page-background-meta":{"desktop":{"background-color":"var(--ast-global-color-4)","background-image":"","background-repeat":"repeat","background-position":"center center","background-size":"auto","background-attachment":"scroll","background-type":"","background-media":"","overlay-type":"","overlay-color":"","overlay-opacity":"","overlay-gradient":""},"tablet":{"background-color":"","background-image":"","background-repeat":"repeat","background-position":"center center","background-size":"auto","background-attachment":"scroll","background-type":"","background-media":"","overlay-type":"","overlay-color":"","overlay-opacity":"","overlay-gradient":""},"mobile":{"background-color":"","background-image":"","background-repeat":"repeat","background-position":"center center","background-size":"auto","background-attachment":"scroll","background-type":"","background-media":"","overlay-type":"","overlay-color":"","overlay-opacity":"","overlay-gradient":""}},"ast-content-background-meta":{"desktop":{"background-color":"var(--ast-global-color-5)","background-image":"","background-repeat":"repeat","background-position":"center center","background-size":"auto","background-attachment":"scroll","background-type":"","background-media":"","overlay-type":"","overlay-color":"","overlay-opacity":"","overlay-gradient":""},"tablet":{"background-color":"var(--ast-global-color-5)","background-image":"","background-repeat":"repeat","background-position":"center center","background-size":"auto","background-attachment":"scroll","background-type":"","background-media":"","overlay-type":"","overlay-color":"","overlay-opacity":"","overlay-gradient":""},"mobile":{"background-color":"var(--ast-global-color-5)","background-image":"","background-repeat":"repeat","background-position":"center center","background-size":"auto","background-attachment":"scroll","background-type":"","background-media":"","overlay-type":"","overlay-color":"","overlay-opacity":"","overlay-gradient":""}},"footnotes":""},"class_list":["post-21128","page","type-page","status-publish","hentry"],"post_mailing_queue_ids":[],"_links":{"self":[{"href":"https:\/\/agora.xtec.cat\/ceiplesfontetes\/wp-json\/wp\/v2\/pages\/21128","targetHints":{"allow":["GET"]}}],"collection":[{"href":"https:\/\/agora.xtec.cat\/ceiplesfontetes\/wp-json\/wp\/v2\/pages"}],"about":[{"href":"https:\/\/agora.xtec.cat\/ceiplesfontetes\/wp-json\/wp\/v2\/types\/page"}],"author":[{"embeddable":true,"href":"https:\/\/agora.xtec.cat\/ceiplesfontetes\/wp-json\/wp\/v2\/users\/1"}],"replies":[{"embeddable":true,"href":"https:\/\/agora.xtec.cat\/ceiplesfontetes\/wp-json\/wp\/v2\/comments?post=21128"}],"version-history":[{"count":2,"href":"https:\/\/agora.xtec.cat\/ceiplesfontetes\/wp-json\/wp\/v2\/pages\/21128\/revisions"}],"predecessor-version":[{"id":21138,"href":"https:\/\/agora.xtec.cat\/ceiplesfontetes\/wp-json\/wp\/v2\/pages\/21128\/revisions\/21138"}],"up":[{"embeddable":true,"href":"https:\/\/agora.xtec.cat\/ceiplesfontetes\/wp-json\/wp\/v2\/pages\/64"}],"wp:attachment":[{"href":"https:\/\/agora.xtec.cat\/ceiplesfontetes\/wp-json\/wp\/v2\/media?parent=21128"}],"curies":[{"name":"wp","href":"https:\/\/api.w.org\/{rel}","templated":true}]}}