{"id":19900,"date":"2021-03-16T17:35:06","date_gmt":"2021-03-16T16:35:06","guid":{"rendered":"http:\/\/agora.xtec.cat\/ceiplesfontetes\/?page_id=19900"},"modified":"2021-03-16T17:35:06","modified_gmt":"2021-03-16T16:35:06","slug":"laboratori-matematic","status":"publish","type":"page","link":"https:\/\/agora.xtec.cat\/ceiplesfontetes\/projecte-educatiu\/laboratori-matematic\/","title":{"rendered":"Laboratori Matem\u00e0tic"},"content":{"rendered":"<p style=\"text-align: justify;\"><a href=\"https:\/\/agora.xtec.cat\/ceiplesfontetes\/wp-content\/uploads\/usu1234\/2021\/03\/Captura-de-2021-03-16-17-30-05.png\"><img loading=\"lazy\" decoding=\"async\" class=\"wp-image-19904 alignright\" src=\"https:\/\/agora.xtec.cat\/ceiplesfontetes\/wp-content\/uploads\/usu1234\/2021\/03\/Captura-de-2021-03-16-17-30-05.png\" alt=\"\" width=\"460\" height=\"354\" srcset=\"https:\/\/agora.xtec.cat\/ceiplesfontetes\/wp-content\/uploads\/usu1234\/2021\/03\/Captura-de-2021-03-16-17-30-05.png 870w, https:\/\/agora.xtec.cat\/ceiplesfontetes\/wp-content\/uploads\/usu1234\/2021\/03\/Captura-de-2021-03-16-17-30-05-300x231.png 300w, https:\/\/agora.xtec.cat\/ceiplesfontetes\/wp-content\/uploads\/usu1234\/2021\/03\/Captura-de-2021-03-16-17-30-05-768x591.png 768w\" sizes=\"auto, (max-width: 460px) 100vw, 460px\" \/><\/a>El cam\u00ed de l&#8217;adquisici\u00f3 del llenguatge matem\u00e0tic va des de la manipulaci\u00f3 a l&#8217;abstracci\u00f3. En el treball de les matem\u00e0tiques busquem que els infants trobin <em>Unes matem\u00e0tiques \u00fatils per la vida. Que siguin com un joc mental que fa madurar el pensament i que ensenyin l&#8217;infant a dominar moltes coses. I que el facin estar tranquil i content, no pas patir. <\/em>Tal com en diu la ens diu la pedagoga Maria Ant\u00f2nia Canals.<\/p>\n","protected":false},"excerpt":{"rendered":"<p>El cam\u00ed de l&#8217;adquisici\u00f3 del llenguatge matem\u00e0tic va des de la manipulaci\u00f3 a l&#8217;abstracci\u00f3. En el treball de les matem\u00e0tiques busquem que els infants trobin Unes matem\u00e0tiques \u00fatils per la vida. Que siguin com un joc mental que fa madurar el pensament i que ensenyin l&#8217;infant a dominar moltes coses. I que el facin estar [&hellip;]<\/p>\n","protected":false},"author":1,"featured_media":0,"parent":64,"menu_order":90,"comment_status":"closed","ping_status":"closed","template":"","meta":{"_bbp_topic_count":0,"_bbp_reply_count":0,"_bbp_total_topic_count":0,"_bbp_total_reply_count":0,"_bbp_voice_count":0,"_bbp_anonymous_reply_count":0,"_bbp_topic_count_hidden":0,"_bbp_reply_count_hidden":0,"_bbp_forum_subforum_count":0,"site-sidebar-layout":"default","site-content-layout":"","ast-site-content-layout":"","site-content-style":"default","site-sidebar-style":"default","ast-global-header-display":"","ast-banner-title-visibility":"","ast-main-header-display":"","ast-hfb-above-header-display":"","ast-hfb-below-header-display":"","ast-hfb-mobile-header-display":"","site-post-title":"","ast-breadcrumbs-content":"","ast-featured-img":"","footer-sml-layout":"","theme-transparent-header-meta":"","adv-header-id-meta":"","stick-header-meta":"","header-above-stick-meta":"","header-main-stick-meta":"","header-below-stick-meta":"","astra-migrate-meta-layouts":"default","ast-page-background-enabled":"default","ast-page-background-meta":{"desktop":{"background-color":"var(--ast-global-color-4)","background-image":"","background-repeat":"repeat","background-position":"center center","background-size":"auto","background-attachment":"scroll","background-type":"","background-media":"","overlay-type":"","overlay-color":"","overlay-opacity":"","overlay-gradient":""},"tablet":{"background-color":"","background-image":"","background-repeat":"repeat","background-position":"center center","background-size":"auto","background-attachment":"scroll","background-type":"","background-media":"","overlay-type":"","overlay-color":"","overlay-opacity":"","overlay-gradient":""},"mobile":{"background-color":"","background-image":"","background-repeat":"repeat","background-position":"center center","background-size":"auto","background-attachment":"scroll","background-type":"","background-media":"","overlay-type":"","overlay-color":"","overlay-opacity":"","overlay-gradient":""}},"ast-content-background-meta":{"desktop":{"background-color":"var(--ast-global-color-5)","background-image":"","background-repeat":"repeat","background-position":"center center","background-size":"auto","background-attachment":"scroll","background-type":"","background-media":"","overlay-type":"","overlay-color":"","overlay-opacity":"","overlay-gradient":""},"tablet":{"background-color":"var(--ast-global-color-5)","background-image":"","background-repeat":"repeat","background-position":"center center","background-size":"auto","background-attachment":"scroll","background-type":"","background-media":"","overlay-type":"","overlay-color":"","overlay-opacity":"","overlay-gradient":""},"mobile":{"background-color":"var(--ast-global-color-5)","background-image":"","background-repeat":"repeat","background-position":"center center","background-size":"auto","background-attachment":"scroll","background-type":"","background-media":"","overlay-type":"","overlay-color":"","overlay-opacity":"","overlay-gradient":""}},"footnotes":""},"class_list":["post-19900","page","type-page","status-publish","hentry"],"post_mailing_queue_ids":[],"_links":{"self":[{"href":"https:\/\/agora.xtec.cat\/ceiplesfontetes\/wp-json\/wp\/v2\/pages\/19900","targetHints":{"allow":["GET"]}}],"collection":[{"href":"https:\/\/agora.xtec.cat\/ceiplesfontetes\/wp-json\/wp\/v2\/pages"}],"about":[{"href":"https:\/\/agora.xtec.cat\/ceiplesfontetes\/wp-json\/wp\/v2\/types\/page"}],"author":[{"embeddable":true,"href":"https:\/\/agora.xtec.cat\/ceiplesfontetes\/wp-json\/wp\/v2\/users\/1"}],"replies":[{"embeddable":true,"href":"https:\/\/agora.xtec.cat\/ceiplesfontetes\/wp-json\/wp\/v2\/comments?post=19900"}],"version-history":[{"count":3,"href":"https:\/\/agora.xtec.cat\/ceiplesfontetes\/wp-json\/wp\/v2\/pages\/19900\/revisions"}],"predecessor-version":[{"id":19906,"href":"https:\/\/agora.xtec.cat\/ceiplesfontetes\/wp-json\/wp\/v2\/pages\/19900\/revisions\/19906"}],"up":[{"embeddable":true,"href":"https:\/\/agora.xtec.cat\/ceiplesfontetes\/wp-json\/wp\/v2\/pages\/64"}],"wp:attachment":[{"href":"https:\/\/agora.xtec.cat\/ceiplesfontetes\/wp-json\/wp\/v2\/media?parent=19900"}],"curies":[{"name":"wp","href":"https:\/\/api.w.org\/{rel}","templated":true}]}}