{"id":19807,"date":"2021-02-02T16:21:43","date_gmt":"2021-02-02T15:21:43","guid":{"rendered":"http:\/\/agora.xtec.cat\/ceiplesfontetes\/?page_id=19807"},"modified":"2021-02-02T16:32:07","modified_gmt":"2021-02-02T15:32:07","slug":"cicle-mitja","status":"publish","type":"page","link":"https:\/\/agora.xtec.cat\/ceiplesfontetes\/oferta-educativa\/primaria\/cicle-mitja\/","title":{"rendered":"Cicle Mitj\u00e0"},"content":{"rendered":"<h3 style=\"text-align: justify;\"><a href=\"https:\/\/agora.xtec.cat\/ceiplesfontetes\/wp-content\/uploads\/usu1234\/2021\/02\/cm.jpg\"><img loading=\"lazy\" decoding=\"async\" class=\"wp-image-19811 aligncenter\" src=\"https:\/\/agora.xtec.cat\/ceiplesfontetes\/wp-content\/uploads\/usu1234\/2021\/02\/cm-1024x1024.jpg\" alt=\"\" width=\"585\" height=\"585\" srcset=\"https:\/\/agora.xtec.cat\/ceiplesfontetes\/wp-content\/uploads\/usu1234\/2021\/02\/cm-1024x1024.jpg 1024w, https:\/\/agora.xtec.cat\/ceiplesfontetes\/wp-content\/uploads\/usu1234\/2021\/02\/cm-150x150.jpg 150w, https:\/\/agora.xtec.cat\/ceiplesfontetes\/wp-content\/uploads\/usu1234\/2021\/02\/cm-300x300.jpg 300w, https:\/\/agora.xtec.cat\/ceiplesfontetes\/wp-content\/uploads\/usu1234\/2021\/02\/cm-768x768.jpg 768w, https:\/\/agora.xtec.cat\/ceiplesfontetes\/wp-content\/uploads\/usu1234\/2021\/02\/cm.jpg 1599w\" sizes=\"auto, (max-width: 585px) 100vw, 585px\" \/><\/a>METODOLOGIES I APRENENTATGES agrupament internivell i r\u00e0tios redu\u00efdes<\/h3>\n<p style=\"text-align: justify;\">L\u2019aprenentatge de les lleng\u00fces i les matem\u00e0tiques es porta a terme en grups desdoblats, reduint la r\u00e0tio professorat-alumnat. El treball per projectes es desenvolupa en dos professors dins l\u2019aula facilitant l\u2019acompanyament i guiatge dels diferents grups de treball que es formen a l\u2019aula.<\/p>\n<p style=\"text-align: justify;\">Coneixement i interacci\u00f3 amb el m\u00f3n f\u00edsic i desenvolupament de la compet\u00e8ncia social i ciutadana: Treball cooperatiu i projectes de treball.<\/p>\n<p style=\"text-align: justify;\">Treball de la compet\u00e8ncia matem\u00e0tica a partir de materials manipulatius.<\/p>\n<p style=\"text-align: justify;\">Llenguatge de programaci\u00f3 amb els Bee-Bots.<\/p>\n<p style=\"text-align: justify;\">Racons: diferents espais al voltant de les matem\u00e0tiques, la llengua i l&#8217;experimentaci\u00f3 per desenvolupar la creativitat, la curiositat, l&#8217;inter\u00e8s per descobrir nous coneixements i l&#8217;autonomia dels nens i nenes, essent protagonistes dels seus aprenentatges.<\/p>\n<p style=\"text-align: justify;\">Aprenentatge de les lleng\u00fces catalana, castellana i anglesa.<\/p>\n<p style=\"text-align: justify;\">Espais de conversa.<\/p>\n<p style=\"text-align: justify;\">Treball de la lectura i l\u2019escriptura des d&#8217;un enfocament constructivista potenciant el gust i l\u2019h\u00e0bit lector.<\/p>\n<p style=\"text-align: justify;\">Treball de destreses b\u00e0siques per desenvolupar la comprensi\u00f3 lectora.<\/p>\n<p style=\"text-align: justify;\">Biblioteca.<\/p>\n<p>Teatre: representaci\u00f3 d&#8217;una obra de teatre per Sant Jordi.<\/p>\n<p>Educaci\u00f3 F\u00edsica i Educaci\u00f3 art\u00edstica (m\u00fasica i pl\u00e0stica).<\/p>\n<p>Tutoria personalitzada, Escolta&#8217;m.<\/p>\n<p>&nbsp;<\/p>\n<p>&nbsp;<\/p>\n<p>&nbsp;<\/p>\n<p>&nbsp;<\/p>\n","protected":false},"excerpt":{"rendered":"<p>METODOLOGIES I APRENENTATGES agrupament internivell i r\u00e0tios redu\u00efdes L\u2019aprenentatge de les lleng\u00fces i les matem\u00e0tiques es porta a terme en grups desdoblats, reduint la r\u00e0tio professorat-alumnat. El treball per projectes es desenvolupa en dos professors dins l\u2019aula facilitant l\u2019acompanyament i guiatge dels diferents grups de treball que es formen a l\u2019aula. Coneixement i interacci\u00f3 amb [&hellip;]<\/p>\n","protected":false},"author":1,"featured_media":0,"parent":19278,"menu_order":20,"comment_status":"closed","ping_status":"closed","template":"page-templates\/side-menu.php","meta":{"_bbp_topic_count":0,"_bbp_reply_count":0,"_bbp_total_topic_count":0,"_bbp_total_reply_count":0,"_bbp_voice_count":0,"_bbp_anonymous_reply_count":0,"_bbp_topic_count_hidden":0,"_bbp_reply_count_hidden":0,"_bbp_forum_subforum_count":0,"site-sidebar-layout":"default","site-content-layout":"","ast-site-content-layout":"","site-content-style":"default","site-sidebar-style":"default","ast-global-header-display":"","ast-banner-title-visibility":"","ast-main-header-display":"","ast-hfb-above-header-display":"","ast-hfb-below-header-display":"","ast-hfb-mobile-header-display":"","site-post-title":"","ast-breadcrumbs-content":"","ast-featured-img":"","footer-sml-layout":"","theme-transparent-header-meta":"","adv-header-id-meta":"","stick-header-meta":"","header-above-stick-meta":"","header-main-stick-meta":"","header-below-stick-meta":"","astra-migrate-meta-layouts":"default","ast-page-background-enabled":"default","ast-page-background-meta":{"desktop":{"background-color":"var(--ast-global-color-4)","background-image":"","background-repeat":"repeat","background-position":"center center","background-size":"auto","background-attachment":"scroll","background-type":"","background-media":"","overlay-type":"","overlay-color":"","overlay-opacity":"","overlay-gradient":""},"tablet":{"background-color":"","background-image":"","background-repeat":"repeat","background-position":"center center","background-size":"auto","background-attachment":"scroll","background-type":"","background-media":"","overlay-type":"","overlay-color":"","overlay-opacity":"","overlay-gradient":""},"mobile":{"background-color":"","background-image":"","background-repeat":"repeat","background-position":"center center","background-size":"auto","background-attachment":"scroll","background-type":"","background-media":"","overlay-type":"","overlay-color":"","overlay-opacity":"","overlay-gradient":""}},"ast-content-background-meta":{"desktop":{"background-color":"var(--ast-global-color-5)","background-image":"","background-repeat":"repeat","background-position":"center center","background-size":"auto","background-attachment":"scroll","background-type":"","background-media":"","overlay-type":"","overlay-color":"","overlay-opacity":"","overlay-gradient":""},"tablet":{"background-color":"var(--ast-global-color-5)","background-image":"","background-repeat":"repeat","background-position":"center center","background-size":"auto","background-attachment":"scroll","background-type":"","background-media":"","overlay-type":"","overlay-color":"","overlay-opacity":"","overlay-gradient":""},"mobile":{"background-color":"var(--ast-global-color-5)","background-image":"","background-repeat":"repeat","background-position":"center center","background-size":"auto","background-attachment":"scroll","background-type":"","background-media":"","overlay-type":"","overlay-color":"","overlay-opacity":"","overlay-gradient":""}},"footnotes":""},"class_list":["post-19807","page","type-page","status-publish","hentry"],"post_mailing_queue_ids":[],"_links":{"self":[{"href":"https:\/\/agora.xtec.cat\/ceiplesfontetes\/wp-json\/wp\/v2\/pages\/19807","targetHints":{"allow":["GET"]}}],"collection":[{"href":"https:\/\/agora.xtec.cat\/ceiplesfontetes\/wp-json\/wp\/v2\/pages"}],"about":[{"href":"https:\/\/agora.xtec.cat\/ceiplesfontetes\/wp-json\/wp\/v2\/types\/page"}],"author":[{"embeddable":true,"href":"https:\/\/agora.xtec.cat\/ceiplesfontetes\/wp-json\/wp\/v2\/users\/1"}],"replies":[{"embeddable":true,"href":"https:\/\/agora.xtec.cat\/ceiplesfontetes\/wp-json\/wp\/v2\/comments?post=19807"}],"version-history":[{"count":3,"href":"https:\/\/agora.xtec.cat\/ceiplesfontetes\/wp-json\/wp\/v2\/pages\/19807\/revisions"}],"predecessor-version":[{"id":19819,"href":"https:\/\/agora.xtec.cat\/ceiplesfontetes\/wp-json\/wp\/v2\/pages\/19807\/revisions\/19819"}],"up":[{"embeddable":true,"href":"https:\/\/agora.xtec.cat\/ceiplesfontetes\/wp-json\/wp\/v2\/pages\/19278"}],"wp:attachment":[{"href":"https:\/\/agora.xtec.cat\/ceiplesfontetes\/wp-json\/wp\/v2\/media?parent=19807"}],"curies":[{"name":"wp","href":"https:\/\/api.w.org\/{rel}","templated":true}]}}