{"id":19498,"date":"2020-02-01T13:45:28","date_gmt":"2020-02-01T12:45:28","guid":{"rendered":"http:\/\/agora.xtec.cat\/ceiplesfontetes\/?page_id=19498"},"modified":"2026-02-10T11:17:58","modified_gmt":"2026-02-10T10:17:58","slug":"casal-dinfants","status":"publish","type":"page","link":"https:\/\/agora.xtec.cat\/ceiplesfontetes\/serveis\/casal-dinfants\/","title":{"rendered":"Casal d&#8217;infants"},"content":{"rendered":"<p style=\"text-align: justify;\"><a href=\"https:\/\/agora.xtec.cat\/ceiplesfontetes\/wp-content\/uploads\/usu1234\/2021\/02\/PHOTO-2019-06-15-13-57-04.jpg\"><img loading=\"lazy\" decoding=\"async\" class=\" wp-image-19833 alignleft\" src=\"https:\/\/agora.xtec.cat\/ceiplesfontetes\/wp-content\/uploads\/usu1234\/2021\/02\/PHOTO-2019-06-15-13-57-04.jpg\" alt=\"\" width=\"446\" height=\"334\" srcset=\"https:\/\/agora.xtec.cat\/ceiplesfontetes\/wp-content\/uploads\/usu1234\/2021\/02\/PHOTO-2019-06-15-13-57-04.jpg 320w, https:\/\/agora.xtec.cat\/ceiplesfontetes\/wp-content\/uploads\/usu1234\/2021\/02\/PHOTO-2019-06-15-13-57-04-300x225.jpg 300w, https:\/\/agora.xtec.cat\/ceiplesfontetes\/wp-content\/uploads\/usu1234\/2021\/02\/PHOTO-2019-06-15-13-57-04-200x150.jpg 200w\" sizes=\"auto, (max-width: 446px) 100vw, 446px\" \/><\/a>En el CASAL els vostres fills i filles poden gaudir de diverses activitats dirigides, a les tardes, de dilluns a divendres (tallers, jocs, sortides, i altres activitats pedag\u00f2giques i l\u00fadiques). A m\u00e9s a m\u00e9s cada any tenim noves idees i nous materials.<\/p>\n<p>&nbsp;<\/p>\n<p>&nbsp;<\/p>\n<p>&nbsp;<\/p>\n<p style=\"text-align: justify;\">Ofereixen:<\/p>\n<p style=\"text-align: justify;\">\u00b7 La sala amb joguines i contes per als m\u00e9s petits.<br \/>\n\u00b7 La sala polivalent on fan tallers, jocs de taula, futbol\u00ed, refor\u00e7 l\u00fadic.<br \/>\n\u00b7 La sala de v\u00eddeo, on de tant en tant veuen alguna pel\u00b7l\u00edcula.<br \/>\n\u00b7 El pati del casal on juguen tots junts.<br \/>\n\u00b7 L\u2019horari \u00e9s de dilluns a divendres de 16:30 a 19:00h.<\/p>\n<p style=\"text-align: justify;\">El casal d&#8217;Infants \u00e9s obert a tota la poblaci\u00f3.<\/p>\n<p>&nbsp;<\/p>\n","protected":false},"excerpt":{"rendered":"<p>En el CASAL els vostres fills i filles poden gaudir de diverses activitats dirigides, a les tardes, de dilluns a divendres (tallers, jocs, sortides, i altres activitats pedag\u00f2giques i l\u00fadiques). A m\u00e9s a m\u00e9s cada any tenim noves idees i nous materials. &nbsp; &nbsp; &nbsp; Ofereixen: \u00b7 La sala amb joguines i contes per als [&hellip;]<\/p>\n","protected":false},"author":1,"featured_media":0,"parent":66,"menu_order":50,"comment_status":"closed","ping_status":"closed","template":"","meta":{"_bbp_topic_count":0,"_bbp_reply_count":0,"_bbp_total_topic_count":0,"_bbp_total_reply_count":0,"_bbp_voice_count":0,"_bbp_anonymous_reply_count":0,"_bbp_topic_count_hidden":0,"_bbp_reply_count_hidden":0,"_bbp_forum_subforum_count":0,"site-sidebar-layout":"default","site-content-layout":"","ast-site-content-layout":"default","site-content-style":"default","site-sidebar-style":"default","ast-global-header-display":"","ast-banner-title-visibility":"","ast-main-header-display":"","ast-hfb-above-header-display":"","ast-hfb-below-header-display":"","ast-hfb-mobile-header-display":"","site-post-title":"","ast-breadcrumbs-content":"","ast-featured-img":"","footer-sml-layout":"","theme-transparent-header-meta":"default","adv-header-id-meta":"","stick-header-meta":"","header-above-stick-meta":"","header-main-stick-meta":"","header-below-stick-meta":"","astra-migrate-meta-layouts":"set","ast-page-background-enabled":"default","ast-page-background-meta":{"desktop":{"background-color":"var(--ast-global-color-4)","background-image":"","background-repeat":"repeat","background-position":"center center","background-size":"auto","background-attachment":"scroll","background-type":"","background-media":"","overlay-type":"","overlay-color":"","overlay-opacity":"","overlay-gradient":""},"tablet":{"background-color":"","background-image":"","background-repeat":"repeat","background-position":"center center","background-size":"auto","background-attachment":"scroll","background-type":"","background-media":"","overlay-type":"","overlay-color":"","overlay-opacity":"","overlay-gradient":""},"mobile":{"background-color":"","background-image":"","background-repeat":"repeat","background-position":"center center","background-size":"auto","background-attachment":"scroll","background-type":"","background-media":"","overlay-type":"","overlay-color":"","overlay-opacity":"","overlay-gradient":""}},"ast-content-background-meta":{"desktop":{"background-color":"var(--ast-global-color-5)","background-image":"","background-repeat":"repeat","background-position":"center center","background-size":"auto","background-attachment":"scroll","background-type":"","background-media":"","overlay-type":"","overlay-color":"","overlay-opacity":"","overlay-gradient":""},"tablet":{"background-color":"var(--ast-global-color-5)","background-image":"","background-repeat":"repeat","background-position":"center center","background-size":"auto","background-attachment":"scroll","background-type":"","background-media":"","overlay-type":"","overlay-color":"","overlay-opacity":"","overlay-gradient":""},"mobile":{"background-color":"var(--ast-global-color-5)","background-image":"","background-repeat":"repeat","background-position":"center center","background-size":"auto","background-attachment":"scroll","background-type":"","background-media":"","overlay-type":"","overlay-color":"","overlay-opacity":"","overlay-gradient":""}},"footnotes":""},"class_list":["post-19498","page","type-page","status-publish","hentry"],"post_mailing_queue_ids":[],"_links":{"self":[{"href":"https:\/\/agora.xtec.cat\/ceiplesfontetes\/wp-json\/wp\/v2\/pages\/19498","targetHints":{"allow":["GET"]}}],"collection":[{"href":"https:\/\/agora.xtec.cat\/ceiplesfontetes\/wp-json\/wp\/v2\/pages"}],"about":[{"href":"https:\/\/agora.xtec.cat\/ceiplesfontetes\/wp-json\/wp\/v2\/types\/page"}],"author":[{"embeddable":true,"href":"https:\/\/agora.xtec.cat\/ceiplesfontetes\/wp-json\/wp\/v2\/users\/1"}],"replies":[{"embeddable":true,"href":"https:\/\/agora.xtec.cat\/ceiplesfontetes\/wp-json\/wp\/v2\/comments?post=19498"}],"version-history":[{"count":5,"href":"https:\/\/agora.xtec.cat\/ceiplesfontetes\/wp-json\/wp\/v2\/pages\/19498\/revisions"}],"predecessor-version":[{"id":21611,"href":"https:\/\/agora.xtec.cat\/ceiplesfontetes\/wp-json\/wp\/v2\/pages\/19498\/revisions\/21611"}],"up":[{"embeddable":true,"href":"https:\/\/agora.xtec.cat\/ceiplesfontetes\/wp-json\/wp\/v2\/pages\/66"}],"wp:attachment":[{"href":"https:\/\/agora.xtec.cat\/ceiplesfontetes\/wp-json\/wp\/v2\/media?parent=19498"}],"curies":[{"name":"wp","href":"https:\/\/api.w.org\/{rel}","templated":true}]}}