{"id":19496,"date":"2019-11-21T13:42:56","date_gmt":"2019-11-21T12:42:56","guid":{"rendered":"http:\/\/agora.xtec.cat\/ceiplesfontetes\/?page_id=19496"},"modified":"2021-02-02T17:55:20","modified_gmt":"2021-02-02T16:55:20","slug":"croma","status":"publish","type":"page","link":"https:\/\/agora.xtec.cat\/ceiplesfontetes\/serveis\/croma\/","title":{"rendered":"CROMA"},"content":{"rendered":"<p align=\"justify\"><a href=\"https:\/\/agora.xtec.cat\/ceiplesfontetes\/wp-content\/uploads\/usu1234\/2021\/02\/32656344837_ff58e75367_c.jpg\"><img loading=\"lazy\" decoding=\"async\" class=\" wp-image-19836 alignright\" src=\"https:\/\/agora.xtec.cat\/ceiplesfontetes\/wp-content\/uploads\/usu1234\/2021\/02\/32656344837_ff58e75367_c.jpg\" alt=\"\" width=\"534\" height=\"319\" srcset=\"https:\/\/agora.xtec.cat\/ceiplesfontetes\/wp-content\/uploads\/usu1234\/2021\/02\/32656344837_ff58e75367_c.jpg 799w, https:\/\/agora.xtec.cat\/ceiplesfontetes\/wp-content\/uploads\/usu1234\/2021\/02\/32656344837_ff58e75367_c-300x179.jpg 300w, https:\/\/agora.xtec.cat\/ceiplesfontetes\/wp-content\/uploads\/usu1234\/2021\/02\/32656344837_ff58e75367_c-768x458.jpg 768w\" sizes=\"auto, (max-width: 534px) 100vw, 534px\" \/><\/a>Cohesi\u00f3, Referent, Oportunitat, Motivaci\u00f3 i Autonomia<\/p>\n<p align=\"justify\">Amb aquest programa es busca implicar als estudiants de la UAB qu\u00e8 acompanyin i donin suport educatiu i afectiu a infants de prim\u00e0ria.<\/p>\n<p align=\"justify\">Amb l&#8217;acompanyament i el suport d\u2019estudiants universitaris, es fomenta la motivaci\u00f3 i s&#8217;afavoreix una actitud positiva vers l&#8217;estudi dels infants que hi participen. S&#8217;estableix un vincle entre infant i voluntari\/\u00e0ria que fa que els nens\/es s\u2019identifiquin i els vegin com a referents propers en qui es poden projectar, la qual cosa n&#8217;afavoreix l&#8217;autoestima i obre noves opcions de futur, educatives, laborals i de participaci\u00f3 social.<\/p>\n","protected":false},"excerpt":{"rendered":"<p>Cohesi\u00f3, Referent, Oportunitat, Motivaci\u00f3 i Autonomia Amb aquest programa es busca implicar als estudiants de la UAB qu\u00e8 acompanyin i donin suport educatiu i afectiu a infants de prim\u00e0ria. Amb l&#8217;acompanyament i el suport d\u2019estudiants universitaris, es fomenta la motivaci\u00f3 i s&#8217;afavoreix una actitud positiva vers l&#8217;estudi dels infants que hi participen. S&#8217;estableix un vincle [&hellip;]<\/p>\n","protected":false},"author":1,"featured_media":0,"parent":66,"menu_order":40,"comment_status":"closed","ping_status":"closed","template":"page-templates\/side-menu.php","meta":{"_bbp_topic_count":0,"_bbp_reply_count":0,"_bbp_total_topic_count":0,"_bbp_total_reply_count":0,"_bbp_voice_count":0,"_bbp_anonymous_reply_count":0,"_bbp_topic_count_hidden":0,"_bbp_reply_count_hidden":0,"_bbp_forum_subforum_count":0,"site-sidebar-layout":"default","site-content-layout":"","ast-site-content-layout":"","site-content-style":"default","site-sidebar-style":"default","ast-global-header-display":"","ast-banner-title-visibility":"","ast-main-header-display":"","ast-hfb-above-header-display":"","ast-hfb-below-header-display":"","ast-hfb-mobile-header-display":"","site-post-title":"","ast-breadcrumbs-content":"","ast-featured-img":"","footer-sml-layout":"","theme-transparent-header-meta":"","adv-header-id-meta":"","stick-header-meta":"","header-above-stick-meta":"","header-main-stick-meta":"","header-below-stick-meta":"","astra-migrate-meta-layouts":"default","ast-page-background-enabled":"default","ast-page-background-meta":{"desktop":{"background-color":"var(--ast-global-color-4)","background-image":"","background-repeat":"repeat","background-position":"center center","background-size":"auto","background-attachment":"scroll","background-type":"","background-media":"","overlay-type":"","overlay-color":"","overlay-opacity":"","overlay-gradient":""},"tablet":{"background-color":"","background-image":"","background-repeat":"repeat","background-position":"center center","background-size":"auto","background-attachment":"scroll","background-type":"","background-media":"","overlay-type":"","overlay-color":"","overlay-opacity":"","overlay-gradient":""},"mobile":{"background-color":"","background-image":"","background-repeat":"repeat","background-position":"center center","background-size":"auto","background-attachment":"scroll","background-type":"","background-media":"","overlay-type":"","overlay-color":"","overlay-opacity":"","overlay-gradient":""}},"ast-content-background-meta":{"desktop":{"background-color":"var(--ast-global-color-5)","background-image":"","background-repeat":"repeat","background-position":"center center","background-size":"auto","background-attachment":"scroll","background-type":"","background-media":"","overlay-type":"","overlay-color":"","overlay-opacity":"","overlay-gradient":""},"tablet":{"background-color":"var(--ast-global-color-5)","background-image":"","background-repeat":"repeat","background-position":"center center","background-size":"auto","background-attachment":"scroll","background-type":"","background-media":"","overlay-type":"","overlay-color":"","overlay-opacity":"","overlay-gradient":""},"mobile":{"background-color":"var(--ast-global-color-5)","background-image":"","background-repeat":"repeat","background-position":"center center","background-size":"auto","background-attachment":"scroll","background-type":"","background-media":"","overlay-type":"","overlay-color":"","overlay-opacity":"","overlay-gradient":""}},"footnotes":""},"class_list":["post-19496","page","type-page","status-publish","hentry"],"post_mailing_queue_ids":[],"_links":{"self":[{"href":"https:\/\/agora.xtec.cat\/ceiplesfontetes\/wp-json\/wp\/v2\/pages\/19496","targetHints":{"allow":["GET"]}}],"collection":[{"href":"https:\/\/agora.xtec.cat\/ceiplesfontetes\/wp-json\/wp\/v2\/pages"}],"about":[{"href":"https:\/\/agora.xtec.cat\/ceiplesfontetes\/wp-json\/wp\/v2\/types\/page"}],"author":[{"embeddable":true,"href":"https:\/\/agora.xtec.cat\/ceiplesfontetes\/wp-json\/wp\/v2\/users\/1"}],"replies":[{"embeddable":true,"href":"https:\/\/agora.xtec.cat\/ceiplesfontetes\/wp-json\/wp\/v2\/comments?post=19496"}],"version-history":[{"count":3,"href":"https:\/\/agora.xtec.cat\/ceiplesfontetes\/wp-json\/wp\/v2\/pages\/19496\/revisions"}],"predecessor-version":[{"id":19838,"href":"https:\/\/agora.xtec.cat\/ceiplesfontetes\/wp-json\/wp\/v2\/pages\/19496\/revisions\/19838"}],"up":[{"embeddable":true,"href":"https:\/\/agora.xtec.cat\/ceiplesfontetes\/wp-json\/wp\/v2\/pages\/66"}],"wp:attachment":[{"href":"https:\/\/agora.xtec.cat\/ceiplesfontetes\/wp-json\/wp\/v2\/media?parent=19496"}],"curies":[{"name":"wp","href":"https:\/\/api.w.org\/{rel}","templated":true}]}}