{"id":19490,"date":"2024-09-19T13:14:08","date_gmt":"2024-09-19T11:14:08","guid":{"rendered":"http:\/\/agora.xtec.cat\/ceiplesfontetes\/?page_id=19490"},"modified":"2026-02-10T12:37:25","modified_gmt":"2026-02-10T11:37:25","slug":"documents","status":"publish","type":"page","link":"https:\/\/agora.xtec.cat\/ceiplesfontetes\/lescola\/documents\/","title":{"rendered":"Documents"},"content":{"rendered":"<p>Normes d&#8217;Organitzaci\u00f3 i Funcionament de Centre<\/p>\n<p><a href=\"https:\/\/drive.google.com\/file\/d\/1BXie2_6w0DOzQW77bWKQgOwAeh-i4iXx\/view?usp=sharing\" target=\"_blank\" rel=\"noopener\">Informaci\u00f3 general curs 2025\/26<\/a><\/p>\n<p><a href=\"https:\/\/drive.google.com\/file\/d\/1N4xvo6Q1bxZpUpFzExrAh51N0zTajFd2\/view?usp=sharing\" target=\"_blank\" rel=\"noopener\">Projecte Educatiu de Centre<\/a><\/p>\n<p><a href=\"https:\/\/issuu.com\/caminsmes\/docs\/plc_esc_lesfontetes\" target=\"_blank\" rel=\"noopener\">Projecte Ling\u00fc\u00edstic<\/a><\/p>\n<p><a href=\"https:\/\/drive.google.com\/file\/d\/1b2_ZreHl8fkC8UwgfMu629TT_OsbiPbr\/view?usp=sharing\" target=\"_blank\" rel=\"noopener\">Pla de Conviv\u00e8ncia<\/a> \/<a href=\"https:\/\/drive.google.com\/file\/d\/1-D_tCW_xLDSupZkKQ6LHII-7No0zIG50\/view?usp=sharing\" target=\"_blank\" rel=\"noopener\"> La Conviv\u00e8ncia al Centre<\/a><\/p>\n<p><a href=\"https:\/\/drive.google.com\/drive\/folders\/1ibsV_8OBc2XdTGS_zgWQfx_YbDWrwv4G?usp=sharing\">Pla d&#8217;acollida<\/a><\/p>\n<p><a href=\"https:\/\/drive.google.com\/file\/d\/1niVgOhdnQGTk3nkb3AeylM2_roKj0vF8\/view?usp=sharing\" target=\"_blank\" rel=\"noopener\">Pla d&#8217;Atenci\u00f3 a la Diversitat<\/a><\/p>\n<p><a href=\"https:\/\/sites.google.com\/xtec.cat\/edclesfontetes\/inici?authuser=1\" target=\"_blank\" rel=\"noopener\">Estrat\u00e8gia Digital de Centre<\/a><\/p>\n<p><a href=\"https:\/\/drive.google.com\/file\/d\/1pi-3Few5WOgSZk6ok7JZfYp9RvjDilO0\/view?usp=sharing\" target=\"_blank\" rel=\"noopener\">Pla de Comunicaci\u00f3<\/a><\/p>\n<p><a href=\"https:\/\/drive.google.com\/file\/d\/1NKx3hiaUemWBASvmgwf3Pz2WD9ZrI5Qq\/view?usp=sharing\" target=\"_blank\" rel=\"noopener\">Pla d&#8217;Emerg\u00e8ncia<\/a><\/p>\n<p><a href=\"https:\/\/drive.google.com\/drive\/folders\/1AYlpXc1vgu4xUwfQAway-jyLfC7m9Z70?usp=sharing\" target=\"_blank\" rel=\"noopener\">Autoritzaci\u00f3 imatge , autoritzaci\u00f3 recursos digitals, medicaci\u00f3 , recollida d&#8217;alumnes<\/a><\/p>\n<p><a href=\"https:\/\/drive.google.com\/file\/d\/126Y5m0Yf7Pad3rGRCqxsc4v3fIZoXIk8\/view?usp=sharing\" target=\"_blank\" rel=\"noopener\">Aportacions fam\u00edlies i quaderns 2025\/26<\/a><\/p>\n<p><a href=\"https:\/\/drive.google.com\/file\/d\/1__w9T2YbTQk5nPtdrySEr3ljeqJ8y1wy\/view?usp=sharing\" target=\"_blank\" rel=\"noopener\">Material que ha de portar l&#8217;alumnat d&#8217;infantil<\/a><\/p>\n<p><a href=\"https:\/\/drive.google.com\/file\/d\/1O2_f-7HDzfANBdfrxq9DPIcmXUKC5Gw8\/view?usp=sharing\" target=\"_blank\" rel=\"noopener\">Material que ha de portar l&#8217;alumnat de Prim\u00e0ria<\/a><\/p>\n<p>&nbsp;<\/p>\n","protected":false},"excerpt":{"rendered":"<p>Normes d&#8217;Organitzaci\u00f3 i Funcionament de Centre Informaci\u00f3 general curs 2025\/26 Projecte Educatiu de Centre Projecte Ling\u00fc\u00edstic Pla de Conviv\u00e8ncia \/ La Conviv\u00e8ncia al Centre Pla d&#8217;acollida Pla d&#8217;Atenci\u00f3 a la Diversitat Estrat\u00e8gia Digital de Centre Pla de Comunicaci\u00f3 Pla d&#8217;Emerg\u00e8ncia Autoritzaci\u00f3 imatge , autoritzaci\u00f3 recursos digitals, medicaci\u00f3 , recollida d&#8217;alumnes Aportacions fam\u00edlies i quaderns 2025\/26 [&hellip;]<\/p>\n","protected":false},"author":1,"featured_media":0,"parent":22,"menu_order":50,"comment_status":"closed","ping_status":"closed","template":"","meta":{"_bbp_topic_count":0,"_bbp_reply_count":0,"_bbp_total_topic_count":0,"_bbp_total_reply_count":0,"_bbp_voice_count":0,"_bbp_anonymous_reply_count":0,"_bbp_topic_count_hidden":0,"_bbp_reply_count_hidden":0,"_bbp_forum_subforum_count":0,"site-sidebar-layout":"default","site-content-layout":"","ast-site-content-layout":"default","site-content-style":"default","site-sidebar-style":"default","ast-global-header-display":"","ast-banner-title-visibility":"","ast-main-header-display":"","ast-hfb-above-header-display":"","ast-hfb-below-header-display":"","ast-hfb-mobile-header-display":"","site-post-title":"","ast-breadcrumbs-content":"","ast-featured-img":"","footer-sml-layout":"","theme-transparent-header-meta":"default","adv-header-id-meta":"","stick-header-meta":"","header-above-stick-meta":"","header-main-stick-meta":"","header-below-stick-meta":"","astra-migrate-meta-layouts":"set","ast-page-background-enabled":"default","ast-page-background-meta":{"desktop":{"background-color":"var(--ast-global-color-4)","background-image":"","background-repeat":"repeat","background-position":"center center","background-size":"auto","background-attachment":"scroll","background-type":"","background-media":"","overlay-type":"","overlay-color":"","overlay-opacity":"","overlay-gradient":""},"tablet":{"background-color":"","background-image":"","background-repeat":"repeat","background-position":"center center","background-size":"auto","background-attachment":"scroll","background-type":"","background-media":"","overlay-type":"","overlay-color":"","overlay-opacity":"","overlay-gradient":""},"mobile":{"background-color":"","background-image":"","background-repeat":"repeat","background-position":"center center","background-size":"auto","background-attachment":"scroll","background-type":"","background-media":"","overlay-type":"","overlay-color":"","overlay-opacity":"","overlay-gradient":""}},"ast-content-background-meta":{"desktop":{"background-color":"var(--ast-global-color-5)","background-image":"","background-repeat":"repeat","background-position":"center center","background-size":"auto","background-attachment":"scroll","background-type":"","background-media":"","overlay-type":"","overlay-color":"","overlay-opacity":"","overlay-gradient":""},"tablet":{"background-color":"var(--ast-global-color-5)","background-image":"","background-repeat":"repeat","background-position":"center center","background-size":"auto","background-attachment":"scroll","background-type":"","background-media":"","overlay-type":"","overlay-color":"","overlay-opacity":"","overlay-gradient":""},"mobile":{"background-color":"var(--ast-global-color-5)","background-image":"","background-repeat":"repeat","background-position":"center center","background-size":"auto","background-attachment":"scroll","background-type":"","background-media":"","overlay-type":"","overlay-color":"","overlay-opacity":"","overlay-gradient":""}},"footnotes":""},"class_list":["post-19490","page","type-page","status-publish","hentry"],"post_mailing_queue_ids":[],"_links":{"self":[{"href":"https:\/\/agora.xtec.cat\/ceiplesfontetes\/wp-json\/wp\/v2\/pages\/19490","targetHints":{"allow":["GET"]}}],"collection":[{"href":"https:\/\/agora.xtec.cat\/ceiplesfontetes\/wp-json\/wp\/v2\/pages"}],"about":[{"href":"https:\/\/agora.xtec.cat\/ceiplesfontetes\/wp-json\/wp\/v2\/types\/page"}],"author":[{"embeddable":true,"href":"https:\/\/agora.xtec.cat\/ceiplesfontetes\/wp-json\/wp\/v2\/users\/1"}],"replies":[{"embeddable":true,"href":"https:\/\/agora.xtec.cat\/ceiplesfontetes\/wp-json\/wp\/v2\/comments?post=19490"}],"version-history":[{"count":7,"href":"https:\/\/agora.xtec.cat\/ceiplesfontetes\/wp-json\/wp\/v2\/pages\/19490\/revisions"}],"predecessor-version":[{"id":21624,"href":"https:\/\/agora.xtec.cat\/ceiplesfontetes\/wp-json\/wp\/v2\/pages\/19490\/revisions\/21624"}],"up":[{"embeddable":true,"href":"https:\/\/agora.xtec.cat\/ceiplesfontetes\/wp-json\/wp\/v2\/pages\/22"}],"wp:attachment":[{"href":"https:\/\/agora.xtec.cat\/ceiplesfontetes\/wp-json\/wp\/v2\/media?parent=19490"}],"curies":[{"name":"wp","href":"https:\/\/api.w.org\/{rel}","templated":true}]}}