{"id":19440,"date":"2020-02-18T13:39:52","date_gmt":"2020-02-18T12:39:52","guid":{"rendered":"http:\/\/agora.xtec.cat\/ceiplesfontetes\/?page_id=19440"},"modified":"2021-02-26T17:59:49","modified_gmt":"2021-02-26T16:59:49","slug":"racons","status":"publish","type":"page","link":"https:\/\/agora.xtec.cat\/ceiplesfontetes\/projecte-educatiu\/racons\/","title":{"rendered":"Racons i Espais d&#8217;Aprenentatge"},"content":{"rendered":"<p><img loading=\"lazy\" decoding=\"async\" class=\"wp-image-19481 alignleft\" src=\"https:\/\/agora.xtec.cat\/ceiplesfontetes\/wp-content\/uploads\/usu1234\/2020\/02\/43340302820_30ba2bb989_c-1.jpg\" alt=\"\" width=\"413\" height=\"252\" srcset=\"https:\/\/agora.xtec.cat\/ceiplesfontetes\/wp-content\/uploads\/usu1234\/2020\/02\/43340302820_30ba2bb989_c-1.jpg 661w, https:\/\/agora.xtec.cat\/ceiplesfontetes\/wp-content\/uploads\/usu1234\/2020\/02\/43340302820_30ba2bb989_c-1-300x183.jpg 300w\" sizes=\"auto, (max-width: 413px) 100vw, 413px\" \/><\/p>\n<p style=\"text-align: justify;\">L\u2019alumne construeix el seu propi aprenentatge: investiga, prova, modifica, construeix, explica, inventa\u2026<\/p>\n<p style=\"text-align: justify;\">L\u2019organitzaci\u00f3 de grups \u00e9s natural, no constitu\u00efts per edats, sin\u00f3 per interessos, que afavoreixen la interacci\u00f3, la col\u00b7laboraci\u00f3 i la cooperaci\u00f3 entre infants de diferents edats, on es donen relacions d\u2019ajuda m\u00fatua, i on els infants m\u00e9s madurs serveixen de model per estructurar el joc i construir l\u2019aprenentatge i el creixement com a persona.<\/p>\n<p style=\"text-align: justify;\">La funci\u00f3 del docent \u00e9s fer de guia, d\u2019organitzador, de mediador que facilita el proc\u00e9s.<\/p>\n<p><a href=\"https:\/\/agora.xtec.cat\/ceiplesfontetes\/wp-content\/uploads\/usu1234\/2020\/02\/40337324122_af1458aa0b_c-1.jpg\"><img loading=\"lazy\" decoding=\"async\" class=\"alignnone wp-image-19482\" src=\"https:\/\/agora.xtec.cat\/ceiplesfontetes\/wp-content\/uploads\/usu1234\/2020\/02\/40337324122_af1458aa0b_c-1-150x150.jpg\" alt=\"\" width=\"290\" height=\"190\" srcset=\"https:\/\/agora.xtec.cat\/ceiplesfontetes\/wp-content\/uploads\/usu1234\/2020\/02\/40337324122_af1458aa0b_c-1-300x197.jpg 300w, https:\/\/agora.xtec.cat\/ceiplesfontetes\/wp-content\/uploads\/usu1234\/2020\/02\/40337324122_af1458aa0b_c-1.jpg 727w\" sizes=\"auto, (max-width: 290px) 100vw, 290px\" \/><\/a> <a href=\"https:\/\/agora.xtec.cat\/ceiplesfontetes\/wp-content\/uploads\/usu1234\/2020\/02\/31280686788_8cbe2ae262_c-1.jpg\"><img loading=\"lazy\" decoding=\"async\" class=\"alignnone wp-image-19483\" src=\"https:\/\/agora.xtec.cat\/ceiplesfontetes\/wp-content\/uploads\/usu1234\/2020\/02\/31280686788_8cbe2ae262_c-1-150x150.jpg\" alt=\"\" width=\"296\" height=\"164\" srcset=\"https:\/\/agora.xtec.cat\/ceiplesfontetes\/wp-content\/uploads\/usu1234\/2020\/02\/31280686788_8cbe2ae262_c-1-300x167.jpg 300w, https:\/\/agora.xtec.cat\/ceiplesfontetes\/wp-content\/uploads\/usu1234\/2020\/02\/31280686788_8cbe2ae262_c-1.jpg 720w\" sizes=\"auto, (max-width: 296px) 100vw, 296px\" \/><\/a><\/p>\n","protected":false},"excerpt":{"rendered":"<p>L\u2019alumne construeix el seu propi aprenentatge: investiga, prova, modifica, construeix, explica, inventa\u2026 L\u2019organitzaci\u00f3 de grups \u00e9s natural, no constitu\u00efts per edats, sin\u00f3 per interessos, que afavoreixen la interacci\u00f3, la col\u00b7laboraci\u00f3 i la cooperaci\u00f3 entre infants de diferents edats, on es donen relacions d\u2019ajuda m\u00fatua, i on els infants m\u00e9s madurs serveixen de model per estructurar [&hellip;]<\/p>\n","protected":false},"author":1,"featured_media":0,"parent":64,"menu_order":100,"comment_status":"closed","ping_status":"closed","template":"page-templates\/side-menu.php","meta":{"_bbp_topic_count":0,"_bbp_reply_count":0,"_bbp_total_topic_count":0,"_bbp_total_reply_count":0,"_bbp_voice_count":0,"_bbp_anonymous_reply_count":0,"_bbp_topic_count_hidden":0,"_bbp_reply_count_hidden":0,"_bbp_forum_subforum_count":0,"site-sidebar-layout":"default","site-content-layout":"","ast-site-content-layout":"","site-content-style":"default","site-sidebar-style":"default","ast-global-header-display":"","ast-banner-title-visibility":"","ast-main-header-display":"","ast-hfb-above-header-display":"","ast-hfb-below-header-display":"","ast-hfb-mobile-header-display":"","site-post-title":"","ast-breadcrumbs-content":"","ast-featured-img":"","footer-sml-layout":"","theme-transparent-header-meta":"","adv-header-id-meta":"","stick-header-meta":"","header-above-stick-meta":"","header-main-stick-meta":"","header-below-stick-meta":"","astra-migrate-meta-layouts":"default","ast-page-background-enabled":"default","ast-page-background-meta":{"desktop":{"background-color":"var(--ast-global-color-4)","background-image":"","background-repeat":"repeat","background-position":"center center","background-size":"auto","background-attachment":"scroll","background-type":"","background-media":"","overlay-type":"","overlay-color":"","overlay-opacity":"","overlay-gradient":""},"tablet":{"background-color":"","background-image":"","background-repeat":"repeat","background-position":"center center","background-size":"auto","background-attachment":"scroll","background-type":"","background-media":"","overlay-type":"","overlay-color":"","overlay-opacity":"","overlay-gradient":""},"mobile":{"background-color":"","background-image":"","background-repeat":"repeat","background-position":"center center","background-size":"auto","background-attachment":"scroll","background-type":"","background-media":"","overlay-type":"","overlay-color":"","overlay-opacity":"","overlay-gradient":""}},"ast-content-background-meta":{"desktop":{"background-color":"var(--ast-global-color-5)","background-image":"","background-repeat":"repeat","background-position":"center center","background-size":"auto","background-attachment":"scroll","background-type":"","background-media":"","overlay-type":"","overlay-color":"","overlay-opacity":"","overlay-gradient":""},"tablet":{"background-color":"var(--ast-global-color-5)","background-image":"","background-repeat":"repeat","background-position":"center center","background-size":"auto","background-attachment":"scroll","background-type":"","background-media":"","overlay-type":"","overlay-color":"","overlay-opacity":"","overlay-gradient":""},"mobile":{"background-color":"var(--ast-global-color-5)","background-image":"","background-repeat":"repeat","background-position":"center center","background-size":"auto","background-attachment":"scroll","background-type":"","background-media":"","overlay-type":"","overlay-color":"","overlay-opacity":"","overlay-gradient":""}},"footnotes":""},"class_list":["post-19440","page","type-page","status-publish","hentry"],"post_mailing_queue_ids":[],"_links":{"self":[{"href":"https:\/\/agora.xtec.cat\/ceiplesfontetes\/wp-json\/wp\/v2\/pages\/19440","targetHints":{"allow":["GET"]}}],"collection":[{"href":"https:\/\/agora.xtec.cat\/ceiplesfontetes\/wp-json\/wp\/v2\/pages"}],"about":[{"href":"https:\/\/agora.xtec.cat\/ceiplesfontetes\/wp-json\/wp\/v2\/types\/page"}],"author":[{"embeddable":true,"href":"https:\/\/agora.xtec.cat\/ceiplesfontetes\/wp-json\/wp\/v2\/users\/1"}],"replies":[{"embeddable":true,"href":"https:\/\/agora.xtec.cat\/ceiplesfontetes\/wp-json\/wp\/v2\/comments?post=19440"}],"version-history":[{"count":4,"href":"https:\/\/agora.xtec.cat\/ceiplesfontetes\/wp-json\/wp\/v2\/pages\/19440\/revisions"}],"predecessor-version":[{"id":19879,"href":"https:\/\/agora.xtec.cat\/ceiplesfontetes\/wp-json\/wp\/v2\/pages\/19440\/revisions\/19879"}],"up":[{"embeddable":true,"href":"https:\/\/agora.xtec.cat\/ceiplesfontetes\/wp-json\/wp\/v2\/pages\/64"}],"wp:attachment":[{"href":"https:\/\/agora.xtec.cat\/ceiplesfontetes\/wp-json\/wp\/v2\/media?parent=19440"}],"curies":[{"name":"wp","href":"https:\/\/api.w.org\/{rel}","templated":true}]}}