{"id":19411,"date":"2020-02-13T17:13:02","date_gmt":"2020-02-13T16:13:02","guid":{"rendered":"http:\/\/agora.xtec.cat\/ceiplesfontetes\/?page_id=19411"},"modified":"2026-02-10T11:06:15","modified_gmt":"2026-02-10T10:06:15","slug":"emprenedoria","status":"publish","type":"page","link":"https:\/\/agora.xtec.cat\/ceiplesfontetes\/projecte-educatiu\/emprenedoria\/","title":{"rendered":"Emprenedoria"},"content":{"rendered":"<p style=\"text-align: justify;\"><img loading=\"lazy\" decoding=\"async\" class=\"aligncenter wp-image-19414\" src=\"https:\/\/agora.xtec.cat\/ceiplesfontetes\/wp-content\/uploads\/usu1234\/2020\/02\/emprene1.jpg\" alt=\"\" width=\"897\" height=\"278\" srcset=\"https:\/\/agora.xtec.cat\/ceiplesfontetes\/wp-content\/uploads\/usu1234\/2020\/02\/emprene1.jpg 761w, https:\/\/agora.xtec.cat\/ceiplesfontetes\/wp-content\/uploads\/usu1234\/2020\/02\/emprene1-300x93.jpg 300w\" sizes=\"auto, (max-width: 897px) 100vw, 897px\" \/><\/p>\n<p style=\"text-align: justify;\">L&#8217;emprenedoria a l&#8217;escola es planteja amb l&#8217;objectiu que l&#8217;alumnat assoleixi unes compet\u00e8ncies que li permetin tenir una actitud activa de transformaci\u00f3 de les idees en projectes.<\/p>\n<p style=\"text-align: justify;\">Es tracta de fomentar l\u2019esperit emprenedor perqu\u00e8 els alumnes adquireixin els coneixements necessaris per estar preparats per al futur en l\u2019\u00e0mbit social, econ\u00f2mic, cultural i pol\u00edtic. Formar-los a partir de l\u2019educaci\u00f3 impulsant actituds i capacitats emprenedores que implica passar d\u2019un sistema educatiu tradicional a un enfocament m\u00e9s actiu i creatiu que prepara als joves a confiar en les seves pr\u00f2pies capacitats.<\/p>\n<p style=\"text-align: justify;\">L&#8217;emprenedoria a l&#8217;escola es planteja amb l&#8217;objectiu que l&#8217;alumnat assoleixi unes compet\u00e8ncies que li permetin tenir una actitud activa de transformaci\u00f3 de les idees en projectes.<\/p>\n<p style=\"text-align: justify;\"><a href=\"https:\/\/agora.xtec.cat\/ceiplesfontetes\/wp-content\/uploads\/usu1234\/2020\/02\/emprened2-1.jpg\"><img loading=\"lazy\" decoding=\"async\" class=\" wp-image-19416 alignright\" src=\"https:\/\/agora.xtec.cat\/ceiplesfontetes\/wp-content\/uploads\/usu1234\/2020\/02\/emprened2-1.jpg\" alt=\"\" width=\"632\" height=\"457\" srcset=\"https:\/\/agora.xtec.cat\/ceiplesfontetes\/wp-content\/uploads\/usu1234\/2020\/02\/emprened2-1.jpg 676w, https:\/\/agora.xtec.cat\/ceiplesfontetes\/wp-content\/uploads\/usu1234\/2020\/02\/emprened2-1-300x217.jpg 300w\" sizes=\"auto, (max-width: 632px) 100vw, 632px\" \/><\/a>Es tracta de fomentar l\u2019esperit emprenedor perqu\u00e8 els alumnes adquireixin els coneixements necessaris per estar preparats per al futur en l\u2019\u00e0mbit social, econ\u00f2mic, cultural i pol\u00edtic. Formar-los a partir de l\u2019educaci\u00f3 impulsant actituds i capacitats emprenedores que implica passar d\u2019un sistema educatiu tradicional a un enfocament m\u00e9s actiu i creatiu que prepara als joves a confiar en les seves pr\u00f2pies capacitats.<\/p>\n<p>&nbsp;<\/p>\n","protected":false},"excerpt":{"rendered":"<p>L&#8217;emprenedoria a l&#8217;escola es planteja amb l&#8217;objectiu que l&#8217;alumnat assoleixi unes compet\u00e8ncies que li permetin tenir una actitud activa de transformaci\u00f3 de les idees en projectes. Es tracta de fomentar l\u2019esperit emprenedor perqu\u00e8 els alumnes adquireixin els coneixements necessaris per estar preparats per al futur en l\u2019\u00e0mbit social, econ\u00f2mic, cultural i pol\u00edtic. Formar-los a partir [&hellip;]<\/p>\n","protected":false},"author":1,"featured_media":0,"parent":64,"menu_order":70,"comment_status":"closed","ping_status":"closed","template":"","meta":{"_bbp_topic_count":0,"_bbp_reply_count":0,"_bbp_total_topic_count":0,"_bbp_total_reply_count":0,"_bbp_voice_count":0,"_bbp_anonymous_reply_count":0,"_bbp_topic_count_hidden":0,"_bbp_reply_count_hidden":0,"_bbp_forum_subforum_count":0,"site-sidebar-layout":"default","site-content-layout":"","ast-site-content-layout":"default","site-content-style":"default","site-sidebar-style":"default","ast-global-header-display":"","ast-banner-title-visibility":"","ast-main-header-display":"","ast-hfb-above-header-display":"","ast-hfb-below-header-display":"","ast-hfb-mobile-header-display":"","site-post-title":"","ast-breadcrumbs-content":"","ast-featured-img":"","footer-sml-layout":"","theme-transparent-header-meta":"default","adv-header-id-meta":"","stick-header-meta":"","header-above-stick-meta":"","header-main-stick-meta":"","header-below-stick-meta":"","astra-migrate-meta-layouts":"set","ast-page-background-enabled":"default","ast-page-background-meta":{"desktop":{"background-color":"var(--ast-global-color-4)","background-image":"","background-repeat":"repeat","background-position":"center center","background-size":"auto","background-attachment":"scroll","background-type":"","background-media":"","overlay-type":"","overlay-color":"","overlay-opacity":"","overlay-gradient":""},"tablet":{"background-color":"","background-image":"","background-repeat":"repeat","background-position":"center center","background-size":"auto","background-attachment":"scroll","background-type":"","background-media":"","overlay-type":"","overlay-color":"","overlay-opacity":"","overlay-gradient":""},"mobile":{"background-color":"","background-image":"","background-repeat":"repeat","background-position":"center center","background-size":"auto","background-attachment":"scroll","background-type":"","background-media":"","overlay-type":"","overlay-color":"","overlay-opacity":"","overlay-gradient":""}},"ast-content-background-meta":{"desktop":{"background-color":"var(--ast-global-color-5)","background-image":"","background-repeat":"repeat","background-position":"center center","background-size":"auto","background-attachment":"scroll","background-type":"","background-media":"","overlay-type":"","overlay-color":"","overlay-opacity":"","overlay-gradient":""},"tablet":{"background-color":"var(--ast-global-color-5)","background-image":"","background-repeat":"repeat","background-position":"center center","background-size":"auto","background-attachment":"scroll","background-type":"","background-media":"","overlay-type":"","overlay-color":"","overlay-opacity":"","overlay-gradient":""},"mobile":{"background-color":"var(--ast-global-color-5)","background-image":"","background-repeat":"repeat","background-position":"center center","background-size":"auto","background-attachment":"scroll","background-type":"","background-media":"","overlay-type":"","overlay-color":"","overlay-opacity":"","overlay-gradient":""}},"footnotes":""},"class_list":["post-19411","page","type-page","status-publish","hentry"],"post_mailing_queue_ids":[],"_links":{"self":[{"href":"https:\/\/agora.xtec.cat\/ceiplesfontetes\/wp-json\/wp\/v2\/pages\/19411","targetHints":{"allow":["GET"]}}],"collection":[{"href":"https:\/\/agora.xtec.cat\/ceiplesfontetes\/wp-json\/wp\/v2\/pages"}],"about":[{"href":"https:\/\/agora.xtec.cat\/ceiplesfontetes\/wp-json\/wp\/v2\/types\/page"}],"author":[{"embeddable":true,"href":"https:\/\/agora.xtec.cat\/ceiplesfontetes\/wp-json\/wp\/v2\/users\/1"}],"replies":[{"embeddable":true,"href":"https:\/\/agora.xtec.cat\/ceiplesfontetes\/wp-json\/wp\/v2\/comments?post=19411"}],"version-history":[{"count":5,"href":"https:\/\/agora.xtec.cat\/ceiplesfontetes\/wp-json\/wp\/v2\/pages\/19411\/revisions"}],"predecessor-version":[{"id":21607,"href":"https:\/\/agora.xtec.cat\/ceiplesfontetes\/wp-json\/wp\/v2\/pages\/19411\/revisions\/21607"}],"up":[{"embeddable":true,"href":"https:\/\/agora.xtec.cat\/ceiplesfontetes\/wp-json\/wp\/v2\/pages\/64"}],"wp:attachment":[{"href":"https:\/\/agora.xtec.cat\/ceiplesfontetes\/wp-json\/wp\/v2\/media?parent=19411"}],"curies":[{"name":"wp","href":"https:\/\/api.w.org\/{rel}","templated":true}]}}