{"id":19405,"date":"2020-02-13T17:08:37","date_gmt":"2020-02-13T16:08:37","guid":{"rendered":"http:\/\/agora.xtec.cat\/ceiplesfontetes\/?page_id=19405"},"modified":"2026-02-10T11:01:48","modified_gmt":"2026-02-10T10:01:48","slug":"biblioteca","status":"publish","type":"page","link":"https:\/\/agora.xtec.cat\/ceiplesfontetes\/projecte-educatiu\/biblioteca\/","title":{"rendered":"Biblioteca"},"content":{"rendered":"<p align=\"justify\"><span style=\"font-family: Arial, sans-serif;\"><a href=\"https:\/\/agora.xtec.cat\/ceiplesfontetes\/wp-content\/uploads\/usu1234\/2020\/02\/biblio2.jpg\" target=\"_blank\" rel=\"noopener noreferrer\"><img loading=\"lazy\" decoding=\"async\" class=\"alignleft wp-image-19406\" src=\"https:\/\/agora.xtec.cat\/ceiplesfontetes\/wp-content\/uploads\/usu1234\/2020\/02\/biblio2-170x300.jpg\" alt=\"\" width=\"299\" height=\"528\" srcset=\"https:\/\/agora.xtec.cat\/ceiplesfontetes\/wp-content\/uploads\/usu1234\/2020\/02\/biblio2-170x300.jpg 170w, https:\/\/agora.xtec.cat\/ceiplesfontetes\/wp-content\/uploads\/usu1234\/2020\/02\/biblio2.jpg 433w\" sizes=\"auto, (max-width: 299px) 100vw, 299px\" \/><\/a> <a href=\"https:\/\/agora.xtec.cat\/ceiplesfontetes\/wp-content\/uploads\/usu1234\/2020\/02\/biblio.jpg\"><img loading=\"lazy\" decoding=\"async\" class=\"alignright wp-image-19407 \" src=\"https:\/\/agora.xtec.cat\/ceiplesfontetes\/wp-content\/uploads\/usu1234\/2020\/02\/biblio-150x150.jpg\" alt=\"\" width=\"342\" height=\"342\" \/><\/a><\/span><\/p>\n<p style=\"text-align: center;\" align=\"justify\"><span style=\"font-family: Arial, sans-serif;\">La Biblioteca de l\u2019escola s\u2019apropa a tots vosaltres d\u2019una manera activa i participativa i quina millor manera que aprofitant les noves tecnologies. <\/span><\/p>\n<p style=\"text-align: center;\" align=\"justify\"><span style=\"font-family: Arial, sans-serif;\">Tenim moltes ganes de compartir amb tots vosaltres nens i nenes, pares i mares, mestres, i monitors, tot all\u00f2 que giri al voltant dels llibres.<\/span><\/p>\n<h5 align=\"justify\"><\/h5>\n<h5 align=\"justify\"><span style=\"font-family: Arial, sans-serif;\">La biblioteca de l\u2019escola \u00e9s:<\/span><\/h5>\n<ul>\n<li><span style=\"font-family: Arial, sans-serif;\">un espai educatiu i din\u00e0mic.<\/span><\/li>\n<li><span style=\"font-family: Arial, sans-serif;\">un servei per al desenvolupament del curr\u00edculum i del projecte educatiu de centre adre\u00e7at a tota la comunitat educativa.<\/span><\/li>\n<li><span style=\"font-family: Arial, sans-serif;\">un centre de recursos que cont\u00e9 documents en tot tipus de suport per a l\u2019aprenentatge i per a la recerca.<\/span><\/li>\n<li><span style=\"font-family: Arial, sans-serif;\">un recurs fonamental per a l\u2019adquisici\u00f3 de les compet\u00e8ncies b\u00e0siques i el desplegament dels continguts curriculars a totes les \u00e0rees i etapes educatives.<\/span><\/li>\n<li><span style=\"font-family: Arial, sans-serif;\">un element clau per l\u2019assoliment de la compet\u00e8ncia informacional, el foment de la lectura i l\u2019adquisici\u00f3 d\u2019aprenentatges aut\u00f2noms.<\/span><\/li>\n<li><span style=\"font-family: Arial, sans-serif;\">un lloc acollidor on els infants se senten a gust.<\/span><\/li>\n<\/ul>\n<p align=\"justify\"><em><span style=\"font-family: Arial, sans-serif;\">Els usuaris podeu accedir per triar llibres de pr\u00e9stec personal, fer consultes, deures, llegir,&#8230;.<\/span><\/em><\/p>\n<h3><\/h3>\n<h4>Pla d&#8217;impuls de la lectura<\/h4>\n<p>Lectura di\u00e0ria a Educaci\u00f3 Infantil i Cicle Inicial i lectura en veu alta per part dels professors.<\/p>\n<p>Lectura en veu alta: participaci\u00f3 en el <a href=\"https:\/\/www.lecturaenveualta.cat\/\" target=\"_blank\" rel=\"noopener noreferrer\">Certamen de Lectura en Veu Alta<\/a>.<\/p>\n<p>Estona de Biblioteca setmanal a tots els nivell, per potenciar el gust per la lectura.<\/p>\n<p>Teatre: expressi\u00f3 oral i teatralitzaci\u00f3 per treballar la compet\u00e8ncia comunicativa.<\/p>\n<p>&nbsp;<\/p>\n","protected":false},"excerpt":{"rendered":"<p>La Biblioteca de l\u2019escola s\u2019apropa a tots vosaltres d\u2019una manera activa i participativa i quina millor manera que aprofitant les noves tecnologies. Tenim moltes ganes de compartir amb tots vosaltres nens i nenes, pares i mares, mestres, i monitors, tot all\u00f2 que giri al voltant dels llibres. La biblioteca de l\u2019escola \u00e9s: un espai educatiu [&hellip;]<\/p>\n","protected":false},"author":1,"featured_media":0,"parent":64,"menu_order":50,"comment_status":"closed","ping_status":"closed","template":"","meta":{"_bbp_topic_count":0,"_bbp_reply_count":0,"_bbp_total_topic_count":0,"_bbp_total_reply_count":0,"_bbp_voice_count":0,"_bbp_anonymous_reply_count":0,"_bbp_topic_count_hidden":0,"_bbp_reply_count_hidden":0,"_bbp_forum_subforum_count":0,"site-sidebar-layout":"default","site-content-layout":"","ast-site-content-layout":"default","site-content-style":"default","site-sidebar-style":"default","ast-global-header-display":"","ast-banner-title-visibility":"","ast-main-header-display":"","ast-hfb-above-header-display":"","ast-hfb-below-header-display":"","ast-hfb-mobile-header-display":"","site-post-title":"","ast-breadcrumbs-content":"","ast-featured-img":"","footer-sml-layout":"","theme-transparent-header-meta":"default","adv-header-id-meta":"","stick-header-meta":"","header-above-stick-meta":"","header-main-stick-meta":"","header-below-stick-meta":"","astra-migrate-meta-layouts":"set","ast-page-background-enabled":"default","ast-page-background-meta":{"desktop":{"background-color":"var(--ast-global-color-4)","background-image":"","background-repeat":"repeat","background-position":"center center","background-size":"auto","background-attachment":"scroll","background-type":"","background-media":"","overlay-type":"","overlay-color":"","overlay-opacity":"","overlay-gradient":""},"tablet":{"background-color":"","background-image":"","background-repeat":"repeat","background-position":"center center","background-size":"auto","background-attachment":"scroll","background-type":"","background-media":"","overlay-type":"","overlay-color":"","overlay-opacity":"","overlay-gradient":""},"mobile":{"background-color":"","background-image":"","background-repeat":"repeat","background-position":"center center","background-size":"auto","background-attachment":"scroll","background-type":"","background-media":"","overlay-type":"","overlay-color":"","overlay-opacity":"","overlay-gradient":""}},"ast-content-background-meta":{"desktop":{"background-color":"var(--ast-global-color-5)","background-image":"","background-repeat":"repeat","background-position":"center center","background-size":"auto","background-attachment":"scroll","background-type":"","background-media":"","overlay-type":"","overlay-color":"","overlay-opacity":"","overlay-gradient":""},"tablet":{"background-color":"var(--ast-global-color-5)","background-image":"","background-repeat":"repeat","background-position":"center center","background-size":"auto","background-attachment":"scroll","background-type":"","background-media":"","overlay-type":"","overlay-color":"","overlay-opacity":"","overlay-gradient":""},"mobile":{"background-color":"var(--ast-global-color-5)","background-image":"","background-repeat":"repeat","background-position":"center center","background-size":"auto","background-attachment":"scroll","background-type":"","background-media":"","overlay-type":"","overlay-color":"","overlay-opacity":"","overlay-gradient":""}},"footnotes":""},"class_list":["post-19405","page","type-page","status-publish","hentry"],"post_mailing_queue_ids":[],"_links":{"self":[{"href":"https:\/\/agora.xtec.cat\/ceiplesfontetes\/wp-json\/wp\/v2\/pages\/19405","targetHints":{"allow":["GET"]}}],"collection":[{"href":"https:\/\/agora.xtec.cat\/ceiplesfontetes\/wp-json\/wp\/v2\/pages"}],"about":[{"href":"https:\/\/agora.xtec.cat\/ceiplesfontetes\/wp-json\/wp\/v2\/types\/page"}],"author":[{"embeddable":true,"href":"https:\/\/agora.xtec.cat\/ceiplesfontetes\/wp-json\/wp\/v2\/users\/1"}],"replies":[{"embeddable":true,"href":"https:\/\/agora.xtec.cat\/ceiplesfontetes\/wp-json\/wp\/v2\/comments?post=19405"}],"version-history":[{"count":7,"href":"https:\/\/agora.xtec.cat\/ceiplesfontetes\/wp-json\/wp\/v2\/pages\/19405\/revisions"}],"predecessor-version":[{"id":21601,"href":"https:\/\/agora.xtec.cat\/ceiplesfontetes\/wp-json\/wp\/v2\/pages\/19405\/revisions\/21601"}],"up":[{"embeddable":true,"href":"https:\/\/agora.xtec.cat\/ceiplesfontetes\/wp-json\/wp\/v2\/pages\/64"}],"wp:attachment":[{"href":"https:\/\/agora.xtec.cat\/ceiplesfontetes\/wp-json\/wp\/v2\/media?parent=19405"}],"curies":[{"name":"wp","href":"https:\/\/api.w.org\/{rel}","templated":true}]}}