{"id":19384,"date":"2020-02-12T15:53:32","date_gmt":"2020-02-12T14:53:32","guid":{"rendered":"http:\/\/agora.xtec.cat\/ceiplesfontetes\/?page_id=19384"},"modified":"2023-09-07T16:06:32","modified_gmt":"2023-09-07T14:06:32","slug":"treball-internivell","status":"publish","type":"page","link":"https:\/\/agora.xtec.cat\/ceiplesfontetes\/projecte-educatiu\/treball-internivell\/","title":{"rendered":"Treball internivell"},"content":{"rendered":"<p>Aquesta iniciativa engloba la major per de la jornada escolar.<\/p>\n<p>El projecte es porta a terme en grups redu\u00efts propiciant fer avan\u00e7ar l\u2019alumne des d\u2019all\u00e0 on est\u00e0, personalitzant l&#8217;ensenyament, facilitant l&#8217;acceptaci\u00f3 de l&#8217;altre entre nens i nenes i exercitant valors positius.<\/p>\n<p>L\u2019objectiu \u00e9s educar persones amb un projecte vital, capaces de conduir la seva vida en el present i en el futur, assentant les bases que els serviran per desenvolupar les intel\u00b7lig\u00e8ncies que permeten rebre informaci\u00f3 de l\u2019entorn, analitzar-la i convertir-la en aprenentatge i coneixement.<\/p>\n<p><a href=\"https:\/\/agora.xtec.cat\/ceiplesfontetes\/wp-content\/uploads\/usu1234\/2020\/02\/internivell.jpg\"><img loading=\"lazy\" decoding=\"async\" class=\"wp-image-19389 alignright\" src=\"https:\/\/agora.xtec.cat\/ceiplesfontetes\/wp-content\/uploads\/usu1234\/2020\/02\/internivell-300x153.jpg\" alt=\"\" width=\"487\" height=\"248\" srcset=\"https:\/\/agora.xtec.cat\/ceiplesfontetes\/wp-content\/uploads\/usu1234\/2020\/02\/internivell-300x153.jpg 300w, https:\/\/agora.xtec.cat\/ceiplesfontetes\/wp-content\/uploads\/usu1234\/2020\/02\/internivell-768x392.jpg 768w, https:\/\/agora.xtec.cat\/ceiplesfontetes\/wp-content\/uploads\/usu1234\/2020\/02\/internivell.jpg 781w\" sizes=\"auto, (max-width: 487px) 100vw, 487px\" \/> <\/a><\/p>\n<p>&nbsp;<\/p>\n","protected":false},"excerpt":{"rendered":"<p>Aquesta iniciativa engloba la major per de la jornada escolar. El projecte es porta a terme en grups redu\u00efts propiciant fer avan\u00e7ar l\u2019alumne des d\u2019all\u00e0 on est\u00e0, personalitzant l&#8217;ensenyament, facilitant l&#8217;acceptaci\u00f3 de l&#8217;altre entre nens i nenes i exercitant valors positius. L\u2019objectiu \u00e9s educar persones amb un projecte vital, capaces de conduir la seva vida [&hellip;]<\/p>\n","protected":false},"author":1,"featured_media":0,"parent":64,"menu_order":10,"comment_status":"closed","ping_status":"closed","template":"page-templates\/side-menu.php","meta":{"_bbp_topic_count":0,"_bbp_reply_count":0,"_bbp_total_topic_count":0,"_bbp_total_reply_count":0,"_bbp_voice_count":0,"_bbp_anonymous_reply_count":0,"_bbp_topic_count_hidden":0,"_bbp_reply_count_hidden":0,"_bbp_forum_subforum_count":0,"site-sidebar-layout":"default","site-content-layout":"","ast-site-content-layout":"","site-content-style":"default","site-sidebar-style":"default","ast-global-header-display":"","ast-banner-title-visibility":"","ast-main-header-display":"","ast-hfb-above-header-display":"","ast-hfb-below-header-display":"","ast-hfb-mobile-header-display":"","site-post-title":"","ast-breadcrumbs-content":"","ast-featured-img":"","footer-sml-layout":"","theme-transparent-header-meta":"","adv-header-id-meta":"","stick-header-meta":"","header-above-stick-meta":"","header-main-stick-meta":"","header-below-stick-meta":"","astra-migrate-meta-layouts":"default","ast-page-background-enabled":"default","ast-page-background-meta":{"desktop":{"background-color":"var(--ast-global-color-4)","background-image":"","background-repeat":"repeat","background-position":"center center","background-size":"auto","background-attachment":"scroll","background-type":"","background-media":"","overlay-type":"","overlay-color":"","overlay-opacity":"","overlay-gradient":""},"tablet":{"background-color":"","background-image":"","background-repeat":"repeat","background-position":"center center","background-size":"auto","background-attachment":"scroll","background-type":"","background-media":"","overlay-type":"","overlay-color":"","overlay-opacity":"","overlay-gradient":""},"mobile":{"background-color":"","background-image":"","background-repeat":"repeat","background-position":"center center","background-size":"auto","background-attachment":"scroll","background-type":"","background-media":"","overlay-type":"","overlay-color":"","overlay-opacity":"","overlay-gradient":""}},"ast-content-background-meta":{"desktop":{"background-color":"var(--ast-global-color-5)","background-image":"","background-repeat":"repeat","background-position":"center center","background-size":"auto","background-attachment":"scroll","background-type":"","background-media":"","overlay-type":"","overlay-color":"","overlay-opacity":"","overlay-gradient":""},"tablet":{"background-color":"var(--ast-global-color-5)","background-image":"","background-repeat":"repeat","background-position":"center center","background-size":"auto","background-attachment":"scroll","background-type":"","background-media":"","overlay-type":"","overlay-color":"","overlay-opacity":"","overlay-gradient":""},"mobile":{"background-color":"var(--ast-global-color-5)","background-image":"","background-repeat":"repeat","background-position":"center center","background-size":"auto","background-attachment":"scroll","background-type":"","background-media":"","overlay-type":"","overlay-color":"","overlay-opacity":"","overlay-gradient":""}},"footnotes":""},"class_list":["post-19384","page","type-page","status-publish","hentry"],"post_mailing_queue_ids":[],"_links":{"self":[{"href":"https:\/\/agora.xtec.cat\/ceiplesfontetes\/wp-json\/wp\/v2\/pages\/19384","targetHints":{"allow":["GET"]}}],"collection":[{"href":"https:\/\/agora.xtec.cat\/ceiplesfontetes\/wp-json\/wp\/v2\/pages"}],"about":[{"href":"https:\/\/agora.xtec.cat\/ceiplesfontetes\/wp-json\/wp\/v2\/types\/page"}],"author":[{"embeddable":true,"href":"https:\/\/agora.xtec.cat\/ceiplesfontetes\/wp-json\/wp\/v2\/users\/1"}],"replies":[{"embeddable":true,"href":"https:\/\/agora.xtec.cat\/ceiplesfontetes\/wp-json\/wp\/v2\/comments?post=19384"}],"version-history":[{"count":3,"href":"https:\/\/agora.xtec.cat\/ceiplesfontetes\/wp-json\/wp\/v2\/pages\/19384\/revisions"}],"predecessor-version":[{"id":20620,"href":"https:\/\/agora.xtec.cat\/ceiplesfontetes\/wp-json\/wp\/v2\/pages\/19384\/revisions\/20620"}],"up":[{"embeddable":true,"href":"https:\/\/agora.xtec.cat\/ceiplesfontetes\/wp-json\/wp\/v2\/pages\/64"}],"wp:attachment":[{"href":"https:\/\/agora.xtec.cat\/ceiplesfontetes\/wp-json\/wp\/v2\/media?parent=19384"}],"curies":[{"name":"wp","href":"https:\/\/api.w.org\/{rel}","templated":true}]}}