{"id":19280,"date":"2019-11-09T15:31:18","date_gmt":"2019-11-09T14:31:18","guid":{"rendered":"http:\/\/agora.xtec.cat\/ceiplesfontetes\/?page_id=19280"},"modified":"2023-07-27T12:02:42","modified_gmt":"2023-07-27T10:02:42","slug":"grans","status":"publish","type":"page","link":"https:\/\/agora.xtec.cat\/ceiplesfontetes\/oferta-educativa\/primaria\/grans\/","title":{"rendered":"Cicle Superior"},"content":{"rendered":"<p><a href=\"https:\/\/agora.xtec.cat\/ceiplesfontetes\/wp-content\/uploads\/usu1234\/2020\/02\/grans.jpg\"><img loading=\"lazy\" decoding=\"async\" class=\"aligncenter size-full wp-image-19341\" src=\"https:\/\/agora.xtec.cat\/ceiplesfontetes\/wp-content\/uploads\/usu1234\/2020\/02\/grans.jpg\" alt=\"\" width=\"800\" height=\"450\" srcset=\"https:\/\/agora.xtec.cat\/ceiplesfontetes\/wp-content\/uploads\/usu1234\/2020\/02\/grans.jpg 800w, https:\/\/agora.xtec.cat\/ceiplesfontetes\/wp-content\/uploads\/usu1234\/2020\/02\/grans-300x169.jpg 300w, https:\/\/agora.xtec.cat\/ceiplesfontetes\/wp-content\/uploads\/usu1234\/2020\/02\/grans-768x432.jpg 768w\" sizes=\"auto, (max-width: 800px) 100vw, 800px\" \/><\/a><\/p>\n<h3>METODOLOGIES I APRENENTATGES<\/h3>\n<p>L\u2019aprenentatge de les lleng\u00fces i les matem\u00e0tiques es porta a terme en grups desdoblats, reduint la r\u00e0tio professorat-alumnat. El treball per projectes i cinema es desenvolupa en dos professors dins l\u2019aula facilitant l\u2019acompanyament i guiatge dels diferents grups de treball que es formen a l\u2019aula.<\/p>\n<p>Coneixement i interacci\u00f3 amb el m\u00f3n f\u00edsic i compet\u00e8ncia social i ciutadana a partir del treball per projectes i l\u2019emprenedoria.<\/p>\n<p>Treball de la compet\u00e8ncia matem\u00e0tica a partir de materials manipulatius.<\/p>\n<p>Llenguatge de programaci\u00f3 amb Scratch.<\/p>\n<p>Aprenentatge de les lleng\u00fces catalana, castellana, anglesa i alemanya.<\/p>\n<p>Espais de conversa en les diferents lleng\u00fces.<\/p>\n<p>Treball de la lectura i l\u2019escriptura des d&#8217;un enfocament constructivista potenciant el gust i l\u2019h\u00e0bit lector.<\/p>\n<p>Treball de destreses b\u00e0siques per desenvolupar la comprensi\u00f3 lectora.<\/p>\n<p>Biblioteca.<\/p>\n<p>Educaci\u00f3 F\u00edsica i Educaci\u00f3 art\u00edstica (m\u00fasica i pl\u00e0stica).<\/p>\n<p>Tutoria personalitzada, Escolta&#8217;m.<\/p>\n<p>&nbsp;<\/p>\n","protected":false},"excerpt":{"rendered":"<p>METODOLOGIES I APRENENTATGES L\u2019aprenentatge de les lleng\u00fces i les matem\u00e0tiques es porta a terme en grups desdoblats, reduint la r\u00e0tio professorat-alumnat. El treball per projectes i cinema es desenvolupa en dos professors dins l\u2019aula facilitant l\u2019acompanyament i guiatge dels diferents grups de treball que es formen a l\u2019aula. Coneixement i interacci\u00f3 amb el m\u00f3n f\u00edsic [&hellip;]<\/p>\n","protected":false},"author":1,"featured_media":0,"parent":19278,"menu_order":30,"comment_status":"closed","ping_status":"closed","template":"page-templates\/side-menu.php","meta":{"_bbp_topic_count":0,"_bbp_reply_count":0,"_bbp_total_topic_count":0,"_bbp_total_reply_count":0,"_bbp_voice_count":0,"_bbp_anonymous_reply_count":0,"_bbp_topic_count_hidden":0,"_bbp_reply_count_hidden":0,"_bbp_forum_subforum_count":0,"site-sidebar-layout":"default","site-content-layout":"","ast-site-content-layout":"","site-content-style":"default","site-sidebar-style":"default","ast-global-header-display":"","ast-banner-title-visibility":"","ast-main-header-display":"","ast-hfb-above-header-display":"","ast-hfb-below-header-display":"","ast-hfb-mobile-header-display":"","site-post-title":"","ast-breadcrumbs-content":"","ast-featured-img":"","footer-sml-layout":"","theme-transparent-header-meta":"","adv-header-id-meta":"","stick-header-meta":"","header-above-stick-meta":"","header-main-stick-meta":"","header-below-stick-meta":"","astra-migrate-meta-layouts":"default","ast-page-background-enabled":"default","ast-page-background-meta":{"desktop":{"background-color":"var(--ast-global-color-4)","background-image":"","background-repeat":"repeat","background-position":"center center","background-size":"auto","background-attachment":"scroll","background-type":"","background-media":"","overlay-type":"","overlay-color":"","overlay-opacity":"","overlay-gradient":""},"tablet":{"background-color":"","background-image":"","background-repeat":"repeat","background-position":"center center","background-size":"auto","background-attachment":"scroll","background-type":"","background-media":"","overlay-type":"","overlay-color":"","overlay-opacity":"","overlay-gradient":""},"mobile":{"background-color":"","background-image":"","background-repeat":"repeat","background-position":"center center","background-size":"auto","background-attachment":"scroll","background-type":"","background-media":"","overlay-type":"","overlay-color":"","overlay-opacity":"","overlay-gradient":""}},"ast-content-background-meta":{"desktop":{"background-color":"var(--ast-global-color-5)","background-image":"","background-repeat":"repeat","background-position":"center center","background-size":"auto","background-attachment":"scroll","background-type":"","background-media":"","overlay-type":"","overlay-color":"","overlay-opacity":"","overlay-gradient":""},"tablet":{"background-color":"var(--ast-global-color-5)","background-image":"","background-repeat":"repeat","background-position":"center center","background-size":"auto","background-attachment":"scroll","background-type":"","background-media":"","overlay-type":"","overlay-color":"","overlay-opacity":"","overlay-gradient":""},"mobile":{"background-color":"var(--ast-global-color-5)","background-image":"","background-repeat":"repeat","background-position":"center center","background-size":"auto","background-attachment":"scroll","background-type":"","background-media":"","overlay-type":"","overlay-color":"","overlay-opacity":"","overlay-gradient":""}},"footnotes":""},"class_list":["post-19280","page","type-page","status-publish","hentry"],"post_mailing_queue_ids":[],"_links":{"self":[{"href":"https:\/\/agora.xtec.cat\/ceiplesfontetes\/wp-json\/wp\/v2\/pages\/19280","targetHints":{"allow":["GET"]}}],"collection":[{"href":"https:\/\/agora.xtec.cat\/ceiplesfontetes\/wp-json\/wp\/v2\/pages"}],"about":[{"href":"https:\/\/agora.xtec.cat\/ceiplesfontetes\/wp-json\/wp\/v2\/types\/page"}],"author":[{"embeddable":true,"href":"https:\/\/agora.xtec.cat\/ceiplesfontetes\/wp-json\/wp\/v2\/users\/1"}],"replies":[{"embeddable":true,"href":"https:\/\/agora.xtec.cat\/ceiplesfontetes\/wp-json\/wp\/v2\/comments?post=19280"}],"version-history":[{"count":4,"href":"https:\/\/agora.xtec.cat\/ceiplesfontetes\/wp-json\/wp\/v2\/pages\/19280\/revisions"}],"predecessor-version":[{"id":20574,"href":"https:\/\/agora.xtec.cat\/ceiplesfontetes\/wp-json\/wp\/v2\/pages\/19280\/revisions\/20574"}],"up":[{"embeddable":true,"href":"https:\/\/agora.xtec.cat\/ceiplesfontetes\/wp-json\/wp\/v2\/pages\/19278"}],"wp:attachment":[{"href":"https:\/\/agora.xtec.cat\/ceiplesfontetes\/wp-json\/wp\/v2\/media?parent=19280"}],"curies":[{"name":"wp","href":"https:\/\/api.w.org\/{rel}","templated":true}]}}