{"id":19278,"date":"2023-11-09T15:31:18","date_gmt":"2023-11-09T14:31:18","guid":{"rendered":"http:\/\/agora.xtec.cat\/ceiplesfontetes\/?page_id=19278"},"modified":"2026-02-10T10:45:42","modified_gmt":"2026-02-10T09:45:42","slug":"primaria","status":"publish","type":"page","link":"https:\/\/agora.xtec.cat\/ceiplesfontetes\/oferta-educativa\/primaria\/","title":{"rendered":"Prim\u00e0ria"},"content":{"rendered":"<h3 style=\"text-align: center;\">L&#8217;alumnat de Prim\u00e0ria s&#8217;agrupa en tres cicles:<\/h3>\n<h3 style=\"text-align: center;\">inicial, mitj\u00e0 i superior<\/h3>\n<h4><a href=\"https:\/\/agora.xtec.cat\/ceiplesfontetes\/wp-content\/uploads\/usu1234\/2020\/02\/pri.jpg\"><img loading=\"lazy\" decoding=\"async\" class=\"size-full wp-image-19320 aligncenter\" src=\"https:\/\/agora.xtec.cat\/ceiplesfontetes\/wp-content\/uploads\/usu1234\/2020\/02\/pri.jpg\" alt=\"\" width=\"527\" height=\"232\" srcset=\"https:\/\/agora.xtec.cat\/ceiplesfontetes\/wp-content\/uploads\/usu1234\/2020\/02\/pri.jpg 527w, https:\/\/agora.xtec.cat\/ceiplesfontetes\/wp-content\/uploads\/usu1234\/2020\/02\/pri-300x132.jpg 300w\" sizes=\"auto, (max-width: 527px) 100vw, 527px\" \/><\/a><\/h4>\n<p>Actualment els alumnes s&#8217;agrupen en dos grups per cicle, internivell. Respectant les etapes evolutives, en diferents moments de la setmana, es treballa en agrupaments flexibles.<\/p>\n<p>Els alumnes de cicle mitj\u00e0 i cicle superior s\u00f3n padrins dels alumnes m\u00e9s petits d&#8217;infantil i inicial.<\/p>\n<p>&nbsp;<\/p>\n","protected":false},"excerpt":{"rendered":"<p>L&#8217;alumnat de Prim\u00e0ria s&#8217;agrupa en tres cicles: inicial, mitj\u00e0 i superior Actualment els alumnes s&#8217;agrupen en dos grups per cicle, internivell. Respectant les etapes evolutives, en diferents moments de la setmana, es treballa en agrupaments flexibles. Els alumnes de cicle mitj\u00e0 i cicle superior s\u00f3n padrins dels alumnes m\u00e9s petits d&#8217;infantil i inicial. &nbsp;<\/p>\n","protected":false},"author":1,"featured_media":0,"parent":34,"menu_order":20,"comment_status":"closed","ping_status":"closed","template":"","meta":{"_bbp_topic_count":0,"_bbp_reply_count":0,"_bbp_total_topic_count":0,"_bbp_total_reply_count":0,"_bbp_voice_count":0,"_bbp_anonymous_reply_count":0,"_bbp_topic_count_hidden":0,"_bbp_reply_count_hidden":0,"_bbp_forum_subforum_count":0,"site-sidebar-layout":"default","site-content-layout":"","ast-site-content-layout":"default","site-content-style":"default","site-sidebar-style":"default","ast-global-header-display":"","ast-banner-title-visibility":"","ast-main-header-display":"","ast-hfb-above-header-display":"","ast-hfb-below-header-display":"","ast-hfb-mobile-header-display":"","site-post-title":"","ast-breadcrumbs-content":"","ast-featured-img":"","footer-sml-layout":"","theme-transparent-header-meta":"default","adv-header-id-meta":"","stick-header-meta":"","header-above-stick-meta":"","header-main-stick-meta":"","header-below-stick-meta":"","astra-migrate-meta-layouts":"set","ast-page-background-enabled":"default","ast-page-background-meta":{"desktop":{"background-color":"var(--ast-global-color-4)","background-image":"","background-repeat":"repeat","background-position":"center center","background-size":"auto","background-attachment":"scroll","background-type":"","background-media":"","overlay-type":"","overlay-color":"","overlay-opacity":"","overlay-gradient":""},"tablet":{"background-color":"","background-image":"","background-repeat":"repeat","background-position":"center center","background-size":"auto","background-attachment":"scroll","background-type":"","background-media":"","overlay-type":"","overlay-color":"","overlay-opacity":"","overlay-gradient":""},"mobile":{"background-color":"","background-image":"","background-repeat":"repeat","background-position":"center center","background-size":"auto","background-attachment":"scroll","background-type":"","background-media":"","overlay-type":"","overlay-color":"","overlay-opacity":"","overlay-gradient":""}},"ast-content-background-meta":{"desktop":{"background-color":"var(--ast-global-color-5)","background-image":"","background-repeat":"repeat","background-position":"center center","background-size":"auto","background-attachment":"scroll","background-type":"","background-media":"","overlay-type":"","overlay-color":"","overlay-opacity":"","overlay-gradient":""},"tablet":{"background-color":"var(--ast-global-color-5)","background-image":"","background-repeat":"repeat","background-position":"center center","background-size":"auto","background-attachment":"scroll","background-type":"","background-media":"","overlay-type":"","overlay-color":"","overlay-opacity":"","overlay-gradient":""},"mobile":{"background-color":"var(--ast-global-color-5)","background-image":"","background-repeat":"repeat","background-position":"center center","background-size":"auto","background-attachment":"scroll","background-type":"","background-media":"","overlay-type":"","overlay-color":"","overlay-opacity":"","overlay-gradient":""}},"footnotes":""},"class_list":["post-19278","page","type-page","status-publish","hentry"],"post_mailing_queue_ids":[],"_links":{"self":[{"href":"https:\/\/agora.xtec.cat\/ceiplesfontetes\/wp-json\/wp\/v2\/pages\/19278","targetHints":{"allow":["GET"]}}],"collection":[{"href":"https:\/\/agora.xtec.cat\/ceiplesfontetes\/wp-json\/wp\/v2\/pages"}],"about":[{"href":"https:\/\/agora.xtec.cat\/ceiplesfontetes\/wp-json\/wp\/v2\/types\/page"}],"author":[{"embeddable":true,"href":"https:\/\/agora.xtec.cat\/ceiplesfontetes\/wp-json\/wp\/v2\/users\/1"}],"replies":[{"embeddable":true,"href":"https:\/\/agora.xtec.cat\/ceiplesfontetes\/wp-json\/wp\/v2\/comments?post=19278"}],"version-history":[{"count":7,"href":"https:\/\/agora.xtec.cat\/ceiplesfontetes\/wp-json\/wp\/v2\/pages\/19278\/revisions"}],"predecessor-version":[{"id":21597,"href":"https:\/\/agora.xtec.cat\/ceiplesfontetes\/wp-json\/wp\/v2\/pages\/19278\/revisions\/21597"}],"up":[{"embeddable":true,"href":"https:\/\/agora.xtec.cat\/ceiplesfontetes\/wp-json\/wp\/v2\/pages\/34"}],"wp:attachment":[{"href":"https:\/\/agora.xtec.cat\/ceiplesfontetes\/wp-json\/wp\/v2\/media?parent=19278"}],"curies":[{"name":"wp","href":"https:\/\/api.w.org\/{rel}","templated":true}]}}