{"id":19277,"date":"2019-12-09T15:31:18","date_gmt":"2019-12-09T14:31:18","guid":{"rendered":"http:\/\/agora.xtec.cat\/ceiplesfontetes\/?page_id=19277"},"modified":"2021-02-02T15:48:22","modified_gmt":"2021-02-02T14:48:22","slug":"educacio-infantil","status":"publish","type":"page","link":"https:\/\/agora.xtec.cat\/ceiplesfontetes\/oferta-educativa\/educacio-infantil\/","title":{"rendered":"Educaci\u00f3 Infantil"},"content":{"rendered":"<p><a href=\"https:\/\/agora.xtec.cat\/ceiplesfontetes\/wp-content\/uploads\/usu1234\/2020\/02\/infantil.jpg\" target=\"_blank\" rel=\"noopener noreferrer\"><img loading=\"lazy\" decoding=\"async\" class=\"aligncenter wp-image-19303\" src=\"https:\/\/agora.xtec.cat\/ceiplesfontetes\/wp-content\/uploads\/usu1234\/2020\/02\/infantil.jpg\" alt=\"\" width=\"630\" height=\"376\" srcset=\"https:\/\/agora.xtec.cat\/ceiplesfontetes\/wp-content\/uploads\/usu1234\/2020\/02\/infantil.jpg 692w, https:\/\/agora.xtec.cat\/ceiplesfontetes\/wp-content\/uploads\/usu1234\/2020\/02\/infantil-300x179.jpg 300w\" sizes=\"auto, (max-width: 630px) 100vw, 630px\" \/><\/a><\/p>\n<h3><strong>METODOLOGIES I APRENENTATGES a Educaci\u00f3 Infantil<\/strong><\/h3>\n<p>L&#8217;alumne apr\u00e8n a ser i actuar de forma cada vegada m\u00e9s aut\u00f2noma: progressant en el coneixement i domini del seu cos, en el moviment i la coordinaci\u00f3, tot adonant-se de les seves possibilitats.<\/p>\n<p>Assoleix progressivament seguretat i va formant-se una imatge positiva d&#8217;ell mateix i dels altres. Pensa, crea, elabora explicacions i s&#8217;inicia en les habilitats matem\u00e0tiques b\u00e0siques.<\/p>\n<p>Progressa en la comunicaci\u00f3 i expressi\u00f3 ajustada als diferents contextos i situacions de comunicaci\u00f3 habituals per mitj\u00e0 dels diversos llenguatges.<\/p>\n<p>Observa i explora l&#8217;entorn immediat, natural i f\u00edsic, amb una actitud de curiositat i respecte i participa, gradualment, en activitats socials i culturals.<\/p>\n<p>Mostra iniciativa per afrontar situacions de la vida quotidiana, identificant-ne els perills.<\/p>\n<h3><strong>PER POTENCIAR LES CAPACITATS TREBALLEM<\/strong>, a partir de l&#8217;agrupament internivell i en r\u00e0tios redu\u00efdes:<\/h3>\n<p>Adaptaci\u00f3 a P3: dues mestres a l\u2019aula durant el per\u00edode d\u2019adaptaci\u00f3 (setembre-octubre).<\/p>\n<p>L&#8217;aprenentatge de la lectura i l\u2019escriptura des de l\u2019enfocament constructivista, potenciant el gust i l\u2019h\u00e0bit lector.<\/p>\n<p>Racons d\u2019aprenentatge i de joc simb\u00f2lic: l\u2019infant tria, decideix, organitza i fa el seu treball individual i en grup.<\/p>\n<p>Treball per projectes.<\/p>\n<p>Els h\u00e0bits.<\/p>\n<p>Els llenguatges verbal, matem\u00e0tic, pl\u00e0stic i musical.<\/p>\n<p>Grups de conversa en llengua anglesa i en llengua catalana.<\/p>\n<p>Biblioteca.<\/p>\n<p>Contes a Cau d\u2019orella junt als alumnes m\u00e9s grans.<\/p>\n<p>Psicomotricitat.<\/p>\n<p>Descoberta de l\u2019entorn natural: experimentaci\u00f3, observaci\u00f3 del bosc,\u2026<\/p>\n<p>Descoberta de l\u2019entorn social i cultural (viv\u00e8ncies de festes i tradicions, assist\u00e8ncia a audicions i representacions teatrals).<\/p>\n<p>Tutoria personalitzada, Escolta&#8217;m.<\/p>\n<p>&nbsp;<\/p>\n<p>&nbsp;<\/p>\n","protected":false},"excerpt":{"rendered":"<p>METODOLOGIES I APRENENTATGES a Educaci\u00f3 Infantil L&#8217;alumne apr\u00e8n a ser i actuar de forma cada vegada m\u00e9s aut\u00f2noma: progressant en el coneixement i domini del seu cos, en el moviment i la coordinaci\u00f3, tot adonant-se de les seves possibilitats. Assoleix progressivament seguretat i va formant-se una imatge positiva d&#8217;ell mateix i dels altres. Pensa, crea, [&hellip;]<\/p>\n","protected":false},"author":1,"featured_media":0,"parent":34,"menu_order":10,"comment_status":"closed","ping_status":"closed","template":"page-templates\/side-menu.php","meta":{"_bbp_topic_count":0,"_bbp_reply_count":0,"_bbp_total_topic_count":0,"_bbp_total_reply_count":0,"_bbp_voice_count":0,"_bbp_anonymous_reply_count":0,"_bbp_topic_count_hidden":0,"_bbp_reply_count_hidden":0,"_bbp_forum_subforum_count":0,"site-sidebar-layout":"default","site-content-layout":"","ast-site-content-layout":"","site-content-style":"default","site-sidebar-style":"default","ast-global-header-display":"","ast-banner-title-visibility":"","ast-main-header-display":"","ast-hfb-above-header-display":"","ast-hfb-below-header-display":"","ast-hfb-mobile-header-display":"","site-post-title":"","ast-breadcrumbs-content":"","ast-featured-img":"","footer-sml-layout":"","theme-transparent-header-meta":"","adv-header-id-meta":"","stick-header-meta":"","header-above-stick-meta":"","header-main-stick-meta":"","header-below-stick-meta":"","astra-migrate-meta-layouts":"default","ast-page-background-enabled":"default","ast-page-background-meta":{"desktop":{"background-color":"var(--ast-global-color-4)","background-image":"","background-repeat":"repeat","background-position":"center center","background-size":"auto","background-attachment":"scroll","background-type":"","background-media":"","overlay-type":"","overlay-color":"","overlay-opacity":"","overlay-gradient":""},"tablet":{"background-color":"","background-image":"","background-repeat":"repeat","background-position":"center center","background-size":"auto","background-attachment":"scroll","background-type":"","background-media":"","overlay-type":"","overlay-color":"","overlay-opacity":"","overlay-gradient":""},"mobile":{"background-color":"","background-image":"","background-repeat":"repeat","background-position":"center center","background-size":"auto","background-attachment":"scroll","background-type":"","background-media":"","overlay-type":"","overlay-color":"","overlay-opacity":"","overlay-gradient":""}},"ast-content-background-meta":{"desktop":{"background-color":"var(--ast-global-color-5)","background-image":"","background-repeat":"repeat","background-position":"center center","background-size":"auto","background-attachment":"scroll","background-type":"","background-media":"","overlay-type":"","overlay-color":"","overlay-opacity":"","overlay-gradient":""},"tablet":{"background-color":"var(--ast-global-color-5)","background-image":"","background-repeat":"repeat","background-position":"center center","background-size":"auto","background-attachment":"scroll","background-type":"","background-media":"","overlay-type":"","overlay-color":"","overlay-opacity":"","overlay-gradient":""},"mobile":{"background-color":"var(--ast-global-color-5)","background-image":"","background-repeat":"repeat","background-position":"center center","background-size":"auto","background-attachment":"scroll","background-type":"","background-media":"","overlay-type":"","overlay-color":"","overlay-opacity":"","overlay-gradient":""}},"footnotes":""},"class_list":["post-19277","page","type-page","status-publish","hentry"],"post_mailing_queue_ids":[],"_links":{"self":[{"href":"https:\/\/agora.xtec.cat\/ceiplesfontetes\/wp-json\/wp\/v2\/pages\/19277","targetHints":{"allow":["GET"]}}],"collection":[{"href":"https:\/\/agora.xtec.cat\/ceiplesfontetes\/wp-json\/wp\/v2\/pages"}],"about":[{"href":"https:\/\/agora.xtec.cat\/ceiplesfontetes\/wp-json\/wp\/v2\/types\/page"}],"author":[{"embeddable":true,"href":"https:\/\/agora.xtec.cat\/ceiplesfontetes\/wp-json\/wp\/v2\/users\/1"}],"replies":[{"embeddable":true,"href":"https:\/\/agora.xtec.cat\/ceiplesfontetes\/wp-json\/wp\/v2\/comments?post=19277"}],"version-history":[{"count":4,"href":"https:\/\/agora.xtec.cat\/ceiplesfontetes\/wp-json\/wp\/v2\/pages\/19277\/revisions"}],"predecessor-version":[{"id":19804,"href":"https:\/\/agora.xtec.cat\/ceiplesfontetes\/wp-json\/wp\/v2\/pages\/19277\/revisions\/19804"}],"up":[{"embeddable":true,"href":"https:\/\/agora.xtec.cat\/ceiplesfontetes\/wp-json\/wp\/v2\/pages\/34"}],"wp:attachment":[{"href":"https:\/\/agora.xtec.cat\/ceiplesfontetes\/wp-json\/wp\/v2\/media?parent=19277"}],"curies":[{"name":"wp","href":"https:\/\/api.w.org\/{rel}","templated":true}]}}