{"id":3265,"date":"2022-01-31T12:20:50","date_gmt":"2022-01-31T11:20:50","guid":{"rendered":"https:\/\/agora.xtec.cat\/ceiplesescolesdegurb\/?page_id=3265"},"modified":"2025-09-15T10:51:00","modified_gmt":"2025-09-15T08:51:00","slug":"una-mica-dhistoria","status":"publish","type":"page","link":"https:\/\/agora.xtec.cat\/ceiplesescolesdegurb\/lescola\/una-mica-dhistoria\/","title":{"rendered":"Una mica d&#8217;hist\u00f2ria"},"content":{"rendered":"<p>Gurb \u00e9s un poble situat al mig de la Plana de Vic, ubicat a la comarca d\u2019Osona. T\u00e9 una extensi\u00f3 de 51,6\u00a0km\u00b2 i actualment, un total de 2550 habitants.<\/p>\n<p>La poblaci\u00f3 del municipi habita principalment en masies disseminades. El terme est\u00e0 dividit en quatre parr\u00f2quies:\u00a0 <a href=\"http:\/\/ca.wikipedia.org\/wiki\/Sant_Andreu_de_Gurb\">Sant Andreu de Gurb<\/a>,\u00a0 <a href=\"http:\/\/ca.wikipedia.org\/w\/index.php?title=Sant_Crist%C3%B2fol_de_Vespella&amp;action=edit&amp;redlink=1\">Sant Crist\u00f2fol de Vespella<\/a>,\u00a0 <a href=\"http:\/\/ca.wikipedia.org\/wiki\/Sant_Juli%C3%A0_Sassorba\">Sant Juli\u00e0 de Sassorba<\/a>\u00a0i\u00a0<a href=\"http:\/\/ca.wikipedia.org\/w\/index.php?title=Sant_Esteve_de_Granollers_de_la_Plana&amp;action=edit&amp;redlink=1\">Sant Esteve de Granollers de la Plana<\/a>. Les parr\u00f2quies aglutinaven les cases de pag\u00e8s, eren el punt de trobada. A cada parr\u00f2quia hi havia una escola, se\u2019n deien \u201cLes Escoles de&#8230;\u201d.<\/p>\n<p>L\u2019escut de Les Escoles Velles est\u00e0 datat el 1923. Als inicis dels anys 80 nom\u00e9s quedava oberta l\u2019escola de la parr\u00f2quia de Sant Andreu, les antigues escoles. Funcionava com a escola rural formant una ZER anomenada La Plana: la Guixa, El Gurri, Santa Eul\u00e0lia i Gurb.\u00a0 Amb l\u2019augment de la poblaci\u00f3, i per tant del nombre d\u2019alumnes va deixar de ser rural per passar a ser escola d\u2019una l\u00ednia.<\/p>\n<p>En els \u00faltims anys, el municipi s&#8217;ha convertit en una \u00e0rea d&#8217;expansi\u00f3 industrial de la capital comarcal i aix\u00f2 ha ajudat al fet que el creixement residencial vagi en augment.<\/p>\n<p>A causa del creixement exponencial de la poblaci\u00f3 va sorgir la necessitat de canviar d\u2019edifici. Aix\u00ed doncs, des de l\u2019any 2003 l\u2019escola est\u00e0 situada al carrer Vall\u00e8s, enmig d\u2019una zona residencial. El disseny i les obres de l\u2019edifici actual es van fer des de l\u2019Ajuntament, qui el va finan\u00e7ar i m\u00e9s tard, el Departament d\u2019Ensenyament va pagar el cost total de l\u2019escola.<\/p>\n<p>Per aquesta ra\u00f3 es va poder fer la llar d\u2019infants al costat i compartir la cuina. Aix\u00ed i tot, l\u2019any 2008 es va remodelar augmentant el nombre d\u2019aules i espais\u00a0 que havien quedat redu\u00efts i limitats, fet que va permetre incloure l\u2019Escola de M\u00fasica Municipal en el mateix edifici.<\/p>\n<p>Aquest projecte de direcci\u00f3 haur\u00e0 de donar resposta al centenari d\u2019aquest centre, que esdevindr\u00e0 l\u2019any 2023.<\/p>\n","protected":false},"excerpt":{"rendered":"<p>Gurb \u00e9s un poble situat al mig de la Plana de Vic, ubicat a la comarca d\u2019Osona. T\u00e9 una extensi\u00f3 de 51,6\u00a0km\u00b2 i actualment, un total de 2550 habitants. La poblaci\u00f3 del municipi habita principalment en masies disseminades. El terme est\u00e0 dividit en quatre parr\u00f2quies:\u00a0 Sant Andreu de Gurb,\u00a0 Sant Crist\u00f2fol de Vespella,\u00a0 Sant Juli\u00e0 [&hellip;]<\/p>\n","protected":false},"author":1,"featured_media":0,"parent":22,"menu_order":0,"comment_status":"closed","ping_status":"closed","template":"page-templates\/side-menu.php","meta":{"_bbp_topic_count":0,"_bbp_reply_count":0,"_bbp_total_topic_count":0,"_bbp_total_reply_count":0,"_bbp_voice_count":0,"_bbp_anonymous_reply_count":0,"_bbp_topic_count_hidden":0,"_bbp_reply_count_hidden":0,"_bbp_forum_subforum_count":0,"site-sidebar-layout":"default","site-content-layout":"","ast-site-content-layout":"","site-content-style":"default","site-sidebar-style":"default","ast-global-header-display":"","ast-banner-title-visibility":"","ast-main-header-display":"","ast-hfb-above-header-display":"","ast-hfb-below-header-display":"","ast-hfb-mobile-header-display":"","site-post-title":"","ast-breadcrumbs-content":"","ast-featured-img":"","footer-sml-layout":"","theme-transparent-header-meta":"","adv-header-id-meta":"","stick-header-meta":"","header-above-stick-meta":"","header-main-stick-meta":"","header-below-stick-meta":"","astra-migrate-meta-layouts":"default","ast-page-background-enabled":"default","ast-page-background-meta":{"desktop":{"background-color":"var(--ast-global-color-4)","background-image":"","background-repeat":"repeat","background-position":"center center","background-size":"auto","background-attachment":"scroll","background-type":"","background-media":"","overlay-type":"","overlay-color":"","overlay-opacity":"","overlay-gradient":""},"tablet":{"background-color":"","background-image":"","background-repeat":"repeat","background-position":"center center","background-size":"auto","background-attachment":"scroll","background-type":"","background-media":"","overlay-type":"","overlay-color":"","overlay-opacity":"","overlay-gradient":""},"mobile":{"background-color":"","background-image":"","background-repeat":"repeat","background-position":"center center","background-size":"auto","background-attachment":"scroll","background-type":"","background-media":"","overlay-type":"","overlay-color":"","overlay-opacity":"","overlay-gradient":""}},"ast-content-background-meta":{"desktop":{"background-color":"var(--ast-global-color-5)","background-image":"","background-repeat":"repeat","background-position":"center center","background-size":"auto","background-attachment":"scroll","background-type":"","background-media":"","overlay-type":"","overlay-color":"","overlay-opacity":"","overlay-gradient":""},"tablet":{"background-color":"var(--ast-global-color-5)","background-image":"","background-repeat":"repeat","background-position":"center center","background-size":"auto","background-attachment":"scroll","background-type":"","background-media":"","overlay-type":"","overlay-color":"","overlay-opacity":"","overlay-gradient":""},"mobile":{"background-color":"var(--ast-global-color-5)","background-image":"","background-repeat":"repeat","background-position":"center center","background-size":"auto","background-attachment":"scroll","background-type":"","background-media":"","overlay-type":"","overlay-color":"","overlay-opacity":"","overlay-gradient":""}},"footnotes":""},"class_list":["post-3265","page","type-page","status-publish","hentry"],"post_mailing_queue_ids":[],"_links":{"self":[{"href":"https:\/\/agora.xtec.cat\/ceiplesescolesdegurb\/wp-json\/wp\/v2\/pages\/3265","targetHints":{"allow":["GET"]}}],"collection":[{"href":"https:\/\/agora.xtec.cat\/ceiplesescolesdegurb\/wp-json\/wp\/v2\/pages"}],"about":[{"href":"https:\/\/agora.xtec.cat\/ceiplesescolesdegurb\/wp-json\/wp\/v2\/types\/page"}],"author":[{"embeddable":true,"href":"https:\/\/agora.xtec.cat\/ceiplesescolesdegurb\/wp-json\/wp\/v2\/users\/1"}],"replies":[{"embeddable":true,"href":"https:\/\/agora.xtec.cat\/ceiplesescolesdegurb\/wp-json\/wp\/v2\/comments?post=3265"}],"version-history":[{"count":3,"href":"https:\/\/agora.xtec.cat\/ceiplesescolesdegurb\/wp-json\/wp\/v2\/pages\/3265\/revisions"}],"predecessor-version":[{"id":5650,"href":"https:\/\/agora.xtec.cat\/ceiplesescolesdegurb\/wp-json\/wp\/v2\/pages\/3265\/revisions\/5650"}],"up":[{"embeddable":true,"href":"https:\/\/agora.xtec.cat\/ceiplesescolesdegurb\/wp-json\/wp\/v2\/pages\/22"}],"wp:attachment":[{"href":"https:\/\/agora.xtec.cat\/ceiplesescolesdegurb\/wp-json\/wp\/v2\/media?parent=3265"}],"curies":[{"name":"wp","href":"https:\/\/api.w.org\/{rel}","templated":true}]}}