{"id":73,"date":"2014-09-18T14:01:51","date_gmt":"2014-09-18T13:01:51","guid":{"rendered":"http:\/\/agora.xtec.cat\/ceiplesculapi\/?page_id=73"},"modified":"2026-05-04T08:27:10","modified_gmt":"2026-05-04T06:27:10","slug":"menjador-escolar","status":"publish","type":"page","link":"https:\/\/agora.xtec.cat\/ceiplesculapi\/serveis\/menjador-escolar\/","title":{"rendered":"Menjador escolar"},"content":{"rendered":"<p>L&#8217;AMPA de l&#8217;escola gestiona el menjador escolar. L&#8217;empresa adjudicada per oferir el servei \u00e9s &#8220;<a href=\"https:\/\/tecaxerinola.wixsite.com\/tecaxerinola\">Teca i Xerinola<\/a>&#8220;.<\/p>\n<p>Per saber-ne m\u00e9s tamb\u00e9 podeu disposar del pla de <a href=\"https:\/\/drive.google.com\/file\/d\/1t2qUQSVj7VTg0rJ9_11OO4zpafRnRY7L\/view?usp=drive_link\">funcionament de menjador<\/a>.<\/p>\n<p><strong>Preu del <span class=\"il\">menjador<\/span>:<\/strong><\/p>\n<p>&#8211; Usuaris fixes (m\u00ednim 4 dies): 7&#8217;30 \u20ac<\/p>\n<ul>\n<li>Quota 4: 100 \u20ac mensuals (4 dies a la setmana)<\/li>\n<li>Quota 5: 123 \u20ac mensuals (cada dia de la setmana)<\/li>\n<\/ul>\n<p>&#8211; Usuaris eventuals: 8 \u20ac<\/p>\n<p>A aquesta <a href=\"https:\/\/drive.google.com\/drive\/u\/0\/folders\/1NH8Czizd4diSdEys3uOHdnDLGBbdtC0Q\">nota informativa<\/a> teniu informaci\u00f3 relativa al preu del menjador.<\/p>\n<p>Per gaudir del servei cal accedir a un <a href=\"https:\/\/forms.gle\/HjZphcXo5vmNJbu56\">formulari<\/a> per donar-se d&#8217;alta al menjador escolar.<\/p>\n<p>Per la gesti\u00f3 del menjador, l&#8217;empresa Teca&amp;Xerinola disposa d&#8217;una App. En aquest <a href=\"https:\/\/drive.google.com\/drive\/u\/0\/folders\/1NH8Czizd4diSdEys3uOHdnDLGBbdtC0Q\">tutorial<\/a> s&#8217;explica com funciona.<\/p>\n<p>&nbsp;<\/p>\n<p><strong>Men\u00fas curs 2025-2026:<\/strong><\/p>\n<p><a href=\"https:\/\/drive.google.com\/file\/d\/1r0Svtl1PO7v_bnaTxyMdt3Ah9xvS-2WQ\/view?usp=drive_link\">Octubre 2025<\/a><\/p>\n<p><a href=\"https:\/\/drive.google.com\/file\/d\/1_NvZ74RKyqx_sJ2wn8MvzFLvfGJqyVIp\/view?usp=drive_link\">Novembre 2025<\/a><\/p>\n<p><a href=\"https:\/\/drive.google.com\/file\/d\/12innp65rzmfl47THXo_kG2f3bQHrSxYT\/view?usp=drive_link\">Desembre 2025<\/a><\/p>\n<p><a href=\"https:\/\/drive.google.com\/file\/d\/1EfKHgs38TyMLiZRvAzxl5_LgOJ9Mf1aY\/view?usp=drive_link\">Gener 2026<\/a><\/p>\n<p><a href=\"https:\/\/drive.google.com\/file\/d\/1s7ihIo3fH_YlH9lp8pMkdJowSEw8TG6S\/view?usp=sharing\">Febrer 2026<\/a><\/p>\n<p><a href=\"https:\/\/drive.google.com\/file\/d\/1VAF_kNzqKKYNkizpYnpVFJOCPy87ihJv\/view?usp=sharing\">Mar\u00e7 2026<\/a><\/p>\n<p>Abril 2026<\/p>\n<p><a href=\"https:\/\/drive.google.com\/file\/d\/1f3OIqJPtwVZlvN9wliwp8CPGq_PPF54m\/view?usp=drive_link\">Maig 2026<\/a><\/p>\n<p>GUIA <a href=\"https:\/\/salutpublica.gencat.cat\/web\/.content\/minisite\/aspcat\/promocio_salut\/alimentacio_saludable\/02Publicacions\/pub_alim_inf\/guia_alimentacio_saludable_etapa_escolar\/guia_alimentacio_etapa_escolar.pdf\">&#8220;ALIMENTACI\u00d3 SALUDABLE PER INFANTS I JOVES&#8221;<\/a><\/p>\n","protected":false},"excerpt":{"rendered":"<p>L&#8217;AMPA de l&#8217;escola gestiona el menjador escolar. L&#8217;empresa adjudicada per oferir el servei \u00e9s &#8220;Teca i Xerinola&#8220;. Per saber-ne m\u00e9s tamb\u00e9 podeu disposar del pla de funcionament de menjador. Preu del menjador: &#8211; Usuaris fixes (m\u00ednim 4 dies): 7&#8217;30 \u20ac Quota 4: 100 \u20ac mensuals (4 dies a la setmana) Quota 5: 123 \u20ac mensuals [&hellip;]<\/p>\n","protected":false},"author":1,"featured_media":0,"parent":66,"menu_order":30,"comment_status":"closed","ping_status":"closed","template":"","meta":{"_bbp_topic_count":0,"_bbp_reply_count":0,"_bbp_total_topic_count":0,"_bbp_total_reply_count":0,"_bbp_voice_count":0,"_bbp_anonymous_reply_count":0,"_bbp_topic_count_hidden":0,"_bbp_reply_count_hidden":0,"_bbp_forum_subforum_count":0,"site-sidebar-layout":"default","site-content-layout":"","ast-site-content-layout":"default","site-content-style":"default","site-sidebar-style":"default","ast-global-header-display":"","ast-banner-title-visibility":"","ast-main-header-display":"","ast-hfb-above-header-display":"","ast-hfb-below-header-display":"","ast-hfb-mobile-header-display":"","site-post-title":"","ast-breadcrumbs-content":"","ast-featured-img":"","footer-sml-layout":"","theme-transparent-header-meta":"default","adv-header-id-meta":"","stick-header-meta":"","header-above-stick-meta":"","header-main-stick-meta":"","header-below-stick-meta":"","astra-migrate-meta-layouts":"set","ast-page-background-enabled":"default","ast-page-background-meta":{"desktop":{"background-color":"var(--ast-global-color-4)","background-image":"","background-repeat":"repeat","background-position":"center center","background-size":"auto","background-attachment":"scroll","background-type":"","background-media":"","overlay-type":"","overlay-color":"","overlay-opacity":"","overlay-gradient":""},"tablet":{"background-color":"","background-image":"","background-repeat":"repeat","background-position":"center center","background-size":"auto","background-attachment":"scroll","background-type":"","background-media":"","overlay-type":"","overlay-color":"","overlay-opacity":"","overlay-gradient":""},"mobile":{"background-color":"","background-image":"","background-repeat":"repeat","background-position":"center center","background-size":"auto","background-attachment":"scroll","background-type":"","background-media":"","overlay-type":"","overlay-color":"","overlay-opacity":"","overlay-gradient":""}},"ast-content-background-meta":{"desktop":{"background-color":"var(--ast-global-color-5)","background-image":"","background-repeat":"repeat","background-position":"center center","background-size":"auto","background-attachment":"scroll","background-type":"","background-media":"","overlay-type":"","overlay-color":"","overlay-opacity":"","overlay-gradient":""},"tablet":{"background-color":"var(--ast-global-color-5)","background-image":"","background-repeat":"repeat","background-position":"center center","background-size":"auto","background-attachment":"scroll","background-type":"","background-media":"","overlay-type":"","overlay-color":"","overlay-opacity":"","overlay-gradient":""},"mobile":{"background-color":"var(--ast-global-color-5)","background-image":"","background-repeat":"repeat","background-position":"center center","background-size":"auto","background-attachment":"scroll","background-type":"","background-media":"","overlay-type":"","overlay-color":"","overlay-opacity":"","overlay-gradient":""}},"footnotes":""},"class_list":["post-73","page","type-page","status-publish","hentry"],"post_mailing_queue_ids":[],"_links":{"self":[{"href":"https:\/\/agora.xtec.cat\/ceiplesculapi\/wp-json\/wp\/v2\/pages\/73","targetHints":{"allow":["GET"]}}],"collection":[{"href":"https:\/\/agora.xtec.cat\/ceiplesculapi\/wp-json\/wp\/v2\/pages"}],"about":[{"href":"https:\/\/agora.xtec.cat\/ceiplesculapi\/wp-json\/wp\/v2\/types\/page"}],"author":[{"embeddable":true,"href":"https:\/\/agora.xtec.cat\/ceiplesculapi\/wp-json\/wp\/v2\/users\/1"}],"replies":[{"embeddable":true,"href":"https:\/\/agora.xtec.cat\/ceiplesculapi\/wp-json\/wp\/v2\/comments?post=73"}],"version-history":[{"count":7,"href":"https:\/\/agora.xtec.cat\/ceiplesculapi\/wp-json\/wp\/v2\/pages\/73\/revisions"}],"predecessor-version":[{"id":5490,"href":"https:\/\/agora.xtec.cat\/ceiplesculapi\/wp-json\/wp\/v2\/pages\/73\/revisions\/5490"}],"up":[{"embeddable":true,"href":"https:\/\/agora.xtec.cat\/ceiplesculapi\/wp-json\/wp\/v2\/pages\/66"}],"wp:attachment":[{"href":"https:\/\/agora.xtec.cat\/ceiplesculapi\/wp-json\/wp\/v2\/media?parent=73"}],"curies":[{"name":"wp","href":"https:\/\/api.w.org\/{rel}","templated":true}]}}