{"id":3333,"date":"2022-10-07T11:35:31","date_gmt":"2022-10-07T09:35:31","guid":{"rendered":"https:\/\/agora.xtec.cat\/ceiplesculapi\/?page_id=3333"},"modified":"2023-11-08T09:29:27","modified_gmt":"2023-11-08T08:29:27","slug":"projecte-descola","status":"publish","type":"page","link":"https:\/\/agora.xtec.cat\/ceiplesculapi\/projecte-descola\/","title":{"rendered":"Projectes d&#8217;escola"},"content":{"rendered":"<p><span style=\"font-weight: 400;\">L\u2019escola l\u2019Esculapi \u00e9s un centre que vol promoure en el conjunt de la seva comunitat una educaci\u00f3 integral, de qualitat i compromesa amb la societat.<\/span><\/p>\n<p><span style=\"font-weight: 400;\">El nostre model d\u2019escola considera que l\u2019alumnat i la seva educaci\u00f3 s\u00f3n el motiu de totes les actuacions, en un ambient d\u2019afecte i respecte mutu. Posant els recursos necessaris perqu\u00e8 tots els alumnes desenvolupin al m\u00e0xim les seves capacitats de pensar, raonar, ser responsables, treballadors, cr\u00edtics i aut\u00f2noms.<\/span><\/p>\n<p><span style=\"font-weight: 400;\">En definitiva, pretenem desenvolupar la compet\u00e8ncia d\u2019aprendre a aprendre i facilitar-los la integraci\u00f3 i l\u2019adaptaci\u00f3 en una societat multicultural i din\u00e0mica, tot oferint eines per transformar-la.<\/span><\/p>\n","protected":false},"excerpt":{"rendered":"<p>L\u2019escola l\u2019Esculapi \u00e9s un centre que vol promoure en el conjunt de la seva comunitat una educaci\u00f3 integral, de qualitat i compromesa amb la societat. El nostre model d\u2019escola considera que l\u2019alumnat i la seva educaci\u00f3 s\u00f3n el motiu de totes les actuacions, en un ambient d\u2019afecte i respecte mutu. Posant els recursos necessaris perqu\u00e8 [&hellip;]<\/p>\n","protected":false},"author":1,"featured_media":0,"parent":0,"menu_order":0,"comment_status":"closed","ping_status":"closed","template":"","meta":{"_bbp_topic_count":0,"_bbp_reply_count":0,"_bbp_total_topic_count":0,"_bbp_total_reply_count":0,"_bbp_voice_count":0,"_bbp_anonymous_reply_count":0,"_bbp_topic_count_hidden":0,"_bbp_reply_count_hidden":0,"_bbp_forum_subforum_count":0,"site-sidebar-layout":"default","site-content-layout":"","ast-site-content-layout":"","site-content-style":"default","site-sidebar-style":"default","ast-global-header-display":"","ast-banner-title-visibility":"","ast-main-header-display":"","ast-hfb-above-header-display":"","ast-hfb-below-header-display":"","ast-hfb-mobile-header-display":"","site-post-title":"","ast-breadcrumbs-content":"","ast-featured-img":"","footer-sml-layout":"","theme-transparent-header-meta":"","adv-header-id-meta":"","stick-header-meta":"","header-above-stick-meta":"","header-main-stick-meta":"","header-below-stick-meta":"","astra-migrate-meta-layouts":"default","ast-page-background-enabled":"default","ast-page-background-meta":{"desktop":{"background-color":"var(--ast-global-color-4)","background-image":"","background-repeat":"repeat","background-position":"center center","background-size":"auto","background-attachment":"scroll","background-type":"","background-media":"","overlay-type":"","overlay-color":"","overlay-opacity":"","overlay-gradient":""},"tablet":{"background-color":"","background-image":"","background-repeat":"repeat","background-position":"center center","background-size":"auto","background-attachment":"scroll","background-type":"","background-media":"","overlay-type":"","overlay-color":"","overlay-opacity":"","overlay-gradient":""},"mobile":{"background-color":"","background-image":"","background-repeat":"repeat","background-position":"center center","background-size":"auto","background-attachment":"scroll","background-type":"","background-media":"","overlay-type":"","overlay-color":"","overlay-opacity":"","overlay-gradient":""}},"ast-content-background-meta":{"desktop":{"background-color":"var(--ast-global-color-5)","background-image":"","background-repeat":"repeat","background-position":"center center","background-size":"auto","background-attachment":"scroll","background-type":"","background-media":"","overlay-type":"","overlay-color":"","overlay-opacity":"","overlay-gradient":""},"tablet":{"background-color":"var(--ast-global-color-5)","background-image":"","background-repeat":"repeat","background-position":"center center","background-size":"auto","background-attachment":"scroll","background-type":"","background-media":"","overlay-type":"","overlay-color":"","overlay-opacity":"","overlay-gradient":""},"mobile":{"background-color":"var(--ast-global-color-5)","background-image":"","background-repeat":"repeat","background-position":"center center","background-size":"auto","background-attachment":"scroll","background-type":"","background-media":"","overlay-type":"","overlay-color":"","overlay-opacity":"","overlay-gradient":""}},"footnotes":""},"class_list":["post-3333","page","type-page","status-publish","hentry"],"post_mailing_queue_ids":[],"_links":{"self":[{"href":"https:\/\/agora.xtec.cat\/ceiplesculapi\/wp-json\/wp\/v2\/pages\/3333","targetHints":{"allow":["GET"]}}],"collection":[{"href":"https:\/\/agora.xtec.cat\/ceiplesculapi\/wp-json\/wp\/v2\/pages"}],"about":[{"href":"https:\/\/agora.xtec.cat\/ceiplesculapi\/wp-json\/wp\/v2\/types\/page"}],"author":[{"embeddable":true,"href":"https:\/\/agora.xtec.cat\/ceiplesculapi\/wp-json\/wp\/v2\/users\/1"}],"replies":[{"embeddable":true,"href":"https:\/\/agora.xtec.cat\/ceiplesculapi\/wp-json\/wp\/v2\/comments?post=3333"}],"version-history":[{"count":4,"href":"https:\/\/agora.xtec.cat\/ceiplesculapi\/wp-json\/wp\/v2\/pages\/3333\/revisions"}],"predecessor-version":[{"id":4063,"href":"https:\/\/agora.xtec.cat\/ceiplesculapi\/wp-json\/wp\/v2\/pages\/3333\/revisions\/4063"}],"wp:attachment":[{"href":"https:\/\/agora.xtec.cat\/ceiplesculapi\/wp-json\/wp\/v2\/media?parent=3333"}],"curies":[{"name":"wp","href":"https:\/\/api.w.org\/{rel}","templated":true}]}}