{"id":3160,"date":"2022-02-07T10:07:26","date_gmt":"2022-02-07T09:07:26","guid":{"rendered":"https:\/\/agora.xtec.cat\/ceiplesculapi\/?page_id=3160"},"modified":"2022-06-10T09:51:24","modified_gmt":"2022-06-10T07:51:24","slug":"preinscricpio-2022-2023","status":"publish","type":"page","link":"https:\/\/agora.xtec.cat\/ceiplesculapi\/preinscricpio-2022-2023\/","title":{"rendered":"PREINSCRICPI\u00d3 2022-2023"},"content":{"rendered":"<h3 style=\"text-align: center;\"><a href=\"https:\/\/agora.xtec.cat\/ceiplesculapi\/wp-content\/uploads\/usu591\/2022\/05\/INFORME_BAREM_DEFINITIU_BAREM.pdf\">INFORME_BAREM_DEFINITIU_BAREM<\/a><\/h3>\n<p><img loading=\"lazy\" decoding=\"async\" class=\"aligncenter wp-image-3186\" src=\"https:\/\/agora.xtec.cat\/ceiplesculapi\/wp-content\/uploads\/usu591\/2022\/02\/IMG-6607-169x300.jpg\" alt=\"\" width=\"235\" height=\"417\" srcset=\"https:\/\/agora.xtec.cat\/ceiplesculapi\/wp-content\/uploads\/usu591\/2022\/02\/IMG-6607-169x300.jpg 169w, https:\/\/agora.xtec.cat\/ceiplesculapi\/wp-content\/uploads\/usu591\/2022\/02\/IMG-6607-576x1024.jpg 576w, https:\/\/agora.xtec.cat\/ceiplesculapi\/wp-content\/uploads\/usu591\/2022\/02\/IMG-6607-768x1365.jpg 768w, https:\/\/agora.xtec.cat\/ceiplesculapi\/wp-content\/uploads\/usu591\/2022\/02\/IMG-6607-864x1536.jpg 864w, https:\/\/agora.xtec.cat\/ceiplesculapi\/wp-content\/uploads\/usu591\/2022\/02\/IMG-6607.jpg 1080w\" sizes=\"auto, (max-width: 235px) 100vw, 235px\" \/><\/p>\n<p>&nbsp;<\/p>\n<ul>\n<li>Jornada de portes obertes: <strong>5 de mar\u00e7 de 2022<\/strong><\/li>\n<\/ul>\n<p><span style=\"font-weight: 400;\"><strong>1r torn<\/strong>: 16:00 a 17:15h\u00a0 \/ <strong>2n torn<\/strong>: 17:30 a 18:45h<\/span><\/p>\n<p><span style=\"font-weight: 400;\">Per demanar cita pr\u00e8via cal trucar al 972 77 67 64 el dilluns o dimecres de 9 a 16:30h.<\/span><\/p>\n<p>Se seguir\u00e0 la normativa marcada per al Departament d&#8217;Educaci\u00f3.<\/p>\n<p>&nbsp;<\/p>\n<p>CALENDARI DEL PROC\u00c9S DE PREINSCRIPCI\u00d3 I MATR\u00cdCULA:<\/p>\n<ul>\n<li><a href=\"https:\/\/agora.xtec.cat\/ceiplesculapi\/wp-content\/uploads\/usu591\/2022\/03\/INFORME_OFERTA_OME_INFORME_OFERTA.pdf\" target=\"_blank\" rel=\"noopener\">OFERTA INICIAL<\/a>: <strong>4 de mar\u00e7<\/strong><\/li>\n<li><a href=\"https:\/\/educacio.gencat.cat\/ca\/tramits\/tramits-temes\/20483-obligatoris?category=74447ed8-a82c-11e3-a972-000c29052e2c\" target=\"_blank\" rel=\"noopener\">Presentaci\u00f3 de sol\u00b7licituds<\/a>: <strong>del 7 al 21 de mar\u00e7:\u00a0<\/strong><\/li>\n<li><a href=\"https:\/\/agora.xtec.cat\/ceiplesculapi\/wp-content\/uploads\/usu591\/2022\/05\/informe-barem-provisional.pdf\">Publicaci\u00f3 llista de sol\u00b7licituds amb barem provisional<\/a>: <strong>21 d&#8217;abril\u00a0<\/strong><\/li>\n<li>Presentaci\u00f3 de reclamacions per la llista amb la puntuaci\u00f3 provisional: <strong>del 22 al 28 d&#8217;abril<\/strong><\/li>\n<li class=\"list-item-wrapper\"><a href=\"https:\/\/agora.xtec.cat\/ceiplesculapi\/wp-content\/uploads\/usu591\/2022\/05\/INFORME_BAREM_RESOLTES_BAREM.pdf\">Publicaci\u00f3 de la llista amb la puntuaci\u00f3, un cop resoltes les reclamacions<\/a>: <strong>3 de maig<\/strong><\/li>\n<li>Sorteig: <strong>9 de maig <\/strong><span style=\"color: #ff0000;\">El n\u00famero de desempat \u00e9s el <strong>1013<\/strong><\/span><\/li>\n<li><a href=\"https:\/\/agora.xtec.cat\/ceiplesculapi\/wp-content\/uploads\/usu591\/2022\/05\/INFORME_BAREM_DEFINITIU_BAREM.pdf\">Publicaci\u00f3 de la llista ordenada<\/a>: <strong>11 de maig<\/strong><\/li>\n<li>Publicaci\u00f3 de l&#8217;<a href=\"https:\/\/agora.xtec.cat\/ceiplesculapi\/wp-content\/uploads\/usu591\/2022\/06\/INFORME_OFERTA_OME_INFORME_OFERTA.pdf\">oferta definitiva<\/a>:<strong> 9 de juny<\/strong><\/li>\n<li>Publicaci\u00f3 de la <a href=\"https:\/\/agora.xtec.cat\/ceiplesculapi\/wp-content\/uploads\/usu591\/2022\/06\/INFORME_ASSIGNADES_INFORME_ASSIGNADES.pdf\">llista d&#8217;assignacions<\/a> i la <a href=\"https:\/\/agora.xtec.cat\/ceiplesculapi\/wp-content\/uploads\/usu591\/2022\/06\/INFORME_LLISTA_ESPERA_OME_LLISTA_ESPERA.pdf\">llista d&#8217;espera<\/a>: <strong>10 de juny<\/strong><\/li>\n<li>Per\u00edode de matriculaci\u00f3: <strong>del 21 al 29 de juny<\/strong><\/li>\n<\/ul>\n<p>&nbsp;<\/p>\n<div class=\"list-item-wrapper\">\n<div class=\"col content-col\">Per resoldre dubtes teniu a la vostra disposici\u00f3 les <a href=\"https:\/\/preinscripcio.gencat.cat\/ca\/estudis\/infantil-3-6\/ajuda\/pindoles-multimedia\/\" target=\"_blank\" rel=\"noopener\">P\u00edndoles multim\u00e8dia<\/a><\/div>\n<\/div>\n<div><\/div>\n","protected":false},"excerpt":{"rendered":"<p>INFORME_BAREM_DEFINITIU_BAREM &nbsp; Jornada de portes obertes: 5 de mar\u00e7 de 2022 1r torn: 16:00 a 17:15h\u00a0 \/ 2n torn: 17:30 a 18:45h Per demanar cita pr\u00e8via cal trucar al 972 77 67 64 el dilluns o dimecres de 9 a 16:30h. Se seguir\u00e0 la normativa marcada per al Departament d&#8217;Educaci\u00f3. &nbsp; CALENDARI DEL PROC\u00c9S DE [&hellip;]<\/p>\n","protected":false},"author":1,"featured_media":0,"parent":0,"menu_order":0,"comment_status":"closed","ping_status":"closed","template":"","meta":{"_bbp_topic_count":0,"_bbp_reply_count":0,"_bbp_total_topic_count":0,"_bbp_total_reply_count":0,"_bbp_voice_count":0,"_bbp_anonymous_reply_count":0,"_bbp_topic_count_hidden":0,"_bbp_reply_count_hidden":0,"_bbp_forum_subforum_count":0,"site-sidebar-layout":"default","site-content-layout":"","ast-site-content-layout":"","site-content-style":"default","site-sidebar-style":"default","ast-global-header-display":"","ast-banner-title-visibility":"","ast-main-header-display":"","ast-hfb-above-header-display":"","ast-hfb-below-header-display":"","ast-hfb-mobile-header-display":"","site-post-title":"","ast-breadcrumbs-content":"","ast-featured-img":"","footer-sml-layout":"","theme-transparent-header-meta":"","adv-header-id-meta":"","stick-header-meta":"","header-above-stick-meta":"","header-main-stick-meta":"","header-below-stick-meta":"","astra-migrate-meta-layouts":"default","ast-page-background-enabled":"default","ast-page-background-meta":{"desktop":{"background-color":"var(--ast-global-color-4)","background-image":"","background-repeat":"repeat","background-position":"center center","background-size":"auto","background-attachment":"scroll","background-type":"","background-media":"","overlay-type":"","overlay-color":"","overlay-opacity":"","overlay-gradient":""},"tablet":{"background-color":"","background-image":"","background-repeat":"repeat","background-position":"center center","background-size":"auto","background-attachment":"scroll","background-type":"","background-media":"","overlay-type":"","overlay-color":"","overlay-opacity":"","overlay-gradient":""},"mobile":{"background-color":"","background-image":"","background-repeat":"repeat","background-position":"center center","background-size":"auto","background-attachment":"scroll","background-type":"","background-media":"","overlay-type":"","overlay-color":"","overlay-opacity":"","overlay-gradient":""}},"ast-content-background-meta":{"desktop":{"background-color":"var(--ast-global-color-5)","background-image":"","background-repeat":"repeat","background-position":"center center","background-size":"auto","background-attachment":"scroll","background-type":"","background-media":"","overlay-type":"","overlay-color":"","overlay-opacity":"","overlay-gradient":""},"tablet":{"background-color":"var(--ast-global-color-5)","background-image":"","background-repeat":"repeat","background-position":"center center","background-size":"auto","background-attachment":"scroll","background-type":"","background-media":"","overlay-type":"","overlay-color":"","overlay-opacity":"","overlay-gradient":""},"mobile":{"background-color":"var(--ast-global-color-5)","background-image":"","background-repeat":"repeat","background-position":"center center","background-size":"auto","background-attachment":"scroll","background-type":"","background-media":"","overlay-type":"","overlay-color":"","overlay-opacity":"","overlay-gradient":""}},"footnotes":""},"class_list":["post-3160","page","type-page","status-publish","hentry"],"post_mailing_queue_ids":[],"_links":{"self":[{"href":"https:\/\/agora.xtec.cat\/ceiplesculapi\/wp-json\/wp\/v2\/pages\/3160","targetHints":{"allow":["GET"]}}],"collection":[{"href":"https:\/\/agora.xtec.cat\/ceiplesculapi\/wp-json\/wp\/v2\/pages"}],"about":[{"href":"https:\/\/agora.xtec.cat\/ceiplesculapi\/wp-json\/wp\/v2\/types\/page"}],"author":[{"embeddable":true,"href":"https:\/\/agora.xtec.cat\/ceiplesculapi\/wp-json\/wp\/v2\/users\/1"}],"replies":[{"embeddable":true,"href":"https:\/\/agora.xtec.cat\/ceiplesculapi\/wp-json\/wp\/v2\/comments?post=3160"}],"version-history":[{"count":4,"href":"https:\/\/agora.xtec.cat\/ceiplesculapi\/wp-json\/wp\/v2\/pages\/3160\/revisions"}],"predecessor-version":[{"id":3265,"href":"https:\/\/agora.xtec.cat\/ceiplesculapi\/wp-json\/wp\/v2\/pages\/3160\/revisions\/3265"}],"wp:attachment":[{"href":"https:\/\/agora.xtec.cat\/ceiplesculapi\/wp-json\/wp\/v2\/media?parent=3160"}],"curies":[{"name":"wp","href":"https:\/\/api.w.org\/{rel}","templated":true}]}}