{"id":24,"date":"2014-09-18T12:23:15","date_gmt":"2014-09-18T11:23:15","guid":{"rendered":"http:\/\/agora.xtec.cat\/ceiplesculapi\/?page_id=24"},"modified":"2019-09-18T16:16:11","modified_gmt":"2019-09-18T14:16:11","slug":"on-som","status":"publish","type":"page","link":"https:\/\/agora.xtec.cat\/ceiplesculapi\/lescola\/on-som\/","title":{"rendered":"On som"},"content":{"rendered":"<p style=\"color: #666666;\"><strong>Escola l&#8217;Esculapi\u00a0\u00a0\u00a0\u00a0\u00a0\u00a0\u00a0\u00a0\u00a0\u00a0\u00a0\u00a0\u00a0\u00a0\u00a0\u00a0\u00a0\u00a0\u00a0\u00a0\u00a0\u00a0\u00a0\u00a0\u00a0\u00a0\u00a0\u00a0\u00a0\u00a0\u00a0\u00a0\u00a0\u00a0\u00a0\u00a0\u00a0\u00a0\u00a0\u00a0\u00a0\u00a0\u00a0\u00a0\u00a0\u00a0\u00a0\u00a0\u00a0\u00a0\u00a0\u00a0\u00a0\u00a0\u00a0\u00a0\u00a0\u00a0\u00a0\u00a0\u00a0\u00a0\u00a0\u00a0\u00a0\u00a0\u00a0\u00a0\u00a0\u00a0\u00a0\u00a0\u00a0\u00a0\u00a0\u00a0\u00a0\u00a0\u00a0\u00a0\u00a0\u00a0\u00a0\u00a0\u00a0\u00a0\u00a0\u00a0\u00a0\u00a0\u00a0\u00a0\u00a0\u00a0\u00a0\u00a0\u00a0\u00a0\u00a0\u00a0\u00a0\u00a0\u00a0\u00a0\u00a0\u00a0\u00a0\u00a0\u00a0\u00a0 <a href=\"http:\/\/agora.xtec.cat\/ceiplesculapi\/wp-content\/uploads\/usu591\/2014\/09\/Fa\u00e7ana.jpg\"><img loading=\"lazy\" decoding=\"async\" class=\"wp-image-207 alignright\" src=\"http:\/\/agora.xtec.cat\/ceiplesculapi\/wp-content\/uploads\/usu591\/2014\/09\/Fa\u00e7ana.jpg\" alt=\"facana\" width=\"339\" height=\"254\" srcset=\"https:\/\/agora.xtec.cat\/ceiplesculapi\/wp-content\/uploads\/usu591\/2014\/09\/Fa\u00e7ana.jpg 259w, https:\/\/agora.xtec.cat\/ceiplesculapi\/wp-content\/uploads\/usu591\/2014\/09\/Fa\u00e7ana-200x150.jpg 200w\" sizes=\"auto, (max-width: 339px) 100vw, 339px\" \/><\/a><\/strong><br \/>\nCarrer Teranyina, 6B<br \/>\n17130 L&#8217;Escala (Girona)<\/p>\n<p>Tel. 972 77 67 64<\/p>\n<p>m\u00f2bil amb grups de difusi\u00f3 whatsapp: <strong>621211840<\/strong><br \/>\nb7008481@xtec.cat<\/p>\n<p>&nbsp;<\/p>\n<p><strong>Com arribar-hi:<\/strong><\/p>\n<p><strong>Per Carretera:<\/strong><br \/>\nDes de Barcelona i des de Fran\u00e7a:<br \/>\nAgafeu la sortida 5 de <strong>l\u2019AP7<\/strong> a Orriols (20 km de l\u2019Escala) i despr\u00e9s agafeu la carretera <strong>GI-623<\/strong>, que porta directament a l\u2019Escala.<br \/>\nMitjan\u00e7ant la <strong>carretera Nacional II<\/strong>: preneu la <strong>N-II<\/strong> de Madrid a la Jonquera, <strong>direcci\u00f3 nord<\/strong>; despr\u00e9s agafeu la <strong>GI-623<\/strong>,\u00a0 en direcci\u00f3 a l\u2019Escala, direcci\u00f3 sud; tot seguit agafeu\u00a0 la <strong>C-31<\/strong> que porta directament a l\u2019Escala.<\/p>\n<p><strong>Dist\u00e0ncies i temps aproximat per arribar en cotxe:<\/strong><\/p>\n<p>Barcelona\u00a0\u00a0 \u00a0\u00a0\u00a0 \u00a0\u00a0\u00a0\u00a0\u00a0\u00a0\u00a0\u00a0\u00a0\u00a0\u00a0\u00a0\u00a0\u00a0 144 km\u00a0\u00a0 \u00a0\u00a0 1 h 45 min<br \/>\nFigueres\u00a0\u00a0 \u00a0\u00a0\u00a0 \u00a0\u00a0\u00a0\u00a0\u00a0\u00a0\u00a0\u00a0\u00a0\u00a0\u00a0\u00a0\u00a0\u00a0\u00a0\u00a0 28,6 km\u00a0\u00a0 \u00a0 \u00a0 \u00a0 \u00a0 30 min<br \/>\nGirona\u00a0\u00a0 \u00a0\u00a0\u00a0 \u00a0\u00a0\u00a0 \u00a0\u00a0\u00a0\u00a0\u00a0\u00a0\u00a0\u00a0\u00a0\u00a0\u00a0\u00a0\u00a0\u00a0 47,3 km\u00a0\u00a0 \u00a0\u00a0\u00a0\u00a0\u00a0\u00a0\u00a0\u00a0\u00a0 45 min<br \/>\nLa Bisbal de l\u2019Empord\u00e0\u00a0\u00a0 25,6 km \u00a0\u00a0 \u00a0\u00a0 29 min<br \/>\nPerpiny\u00e0\u00a0\u00a0 \u00a0\u00a0\u00a0 \u00a0\u00a0\u00a0\u00a0\u00a0\u00a0\u00a0\u00a0\u00a0\u00a0\u00a0\u00a0\u00a0\u00a0\u00a0 88,1 km\u00a0\u00a0 \u00a0\u00a0 1 h 10 min<br \/>\nVic\u00a0\u00a0 \u00a0\u00a0\u00a0 \u00a0\u00a0\u00a0 \u00a0\u00a0\u00a0\u00a0\u00a0\u00a0\u00a0\u00a0\u00a0\u00a0\u00a0\u00a0\u00a0\u00a0\u00a0\u00a0\u00a0\u00a0\u00a0 110 km\u00a0\u00a0 \u00a0\u00a0\u00a0 \u00a01 h\u00a0 21 min<br \/>\nMadrid\u00a0\u00a0 \u00a0\u00a0\u00a0 \u00a0\u00a0\u00a0 \u00a0\u00a0\u00a0\u00a0\u00a0\u00a0\u00a0\u00a0\u00a0\u00a0\u00a0\u00a0\u00a0\u00a0 743 km\u00a0\u00a0 \u00a0\u00a0\u00a0 6 h 52 min<\/p>\n<p><strong>Amb Tren:<\/strong><br \/>\nRodalies o Mitjana Dist\u00e0ncia <strong>Barcelona- Portbou<\/strong>. Aquesta l\u00ednea t\u00e9 com a parades principals Figueres, Fla\u00e7\u00e0, Girona, Sant Celoni, Barcelona-Passeig de Gr\u00e0cia, Barcelona-Sants Estaci\u00f3. Les estacions que queden m\u00e9s a la vora s\u00f3n Figueres i Fla\u00e7\u00e0, des de les quals podreu agafar un bus fins a l\u2019Escala.<\/p>\n<p><strong>TAV<\/strong>. L\u2019estaci\u00f3 m\u00e9s a prop \u00e9s la de\u00a0 <strong>Figueres- Vilafant<\/strong>,\u00a0 que est\u00e0 a uns 30 km. Tant des de Figueres centre com des de Girona, on tamb\u00e9 t\u00e9 parada el <strong>TAV<\/strong>;\u00a0 hi ha connexi\u00f3 amb bus fins a l\u2019Escala.<br \/>\nInformaci\u00f3: 902 240 202 o b\u00e9 <strong><a href=\"http:\/\/www.renfe.es\" target=\"_blank\" rel=\"noopener noreferrer\">www.renfe.es<\/a><\/strong> i <strong><a href=\"http:\/\/www.tgv-europe.com\" target=\"_blank\" rel=\"noopener noreferrer\">www.tgv-europe.com<\/a> <\/strong><\/p>\n<p><strong>Amb Bus:<\/strong><br \/>\nLa companyia <strong>Sarfa<\/strong> (Grup Moventis) connecta l\u2019Escala amb les poblacions i ciutats ve\u00efnes, aix\u00ed com amb Figueres, Girona i Barcelona. Es poden consultar preus i horaris a la p\u00e0gina web: <strong><a href=\"http:\/\/www.sarfa.com\" target=\"_blank\" rel=\"noopener noreferrer\">www.sarfa.com<\/a><\/strong> \u00a0 \/ Tel. 902 30 20 25<\/p>\n<p><strong>\u00a0<\/strong><\/p>\n<p>&nbsp;<\/p>\n","protected":false},"excerpt":{"rendered":"<p>Escola l&#8217;Esculapi\u00a0\u00a0\u00a0\u00a0\u00a0\u00a0\u00a0\u00a0\u00a0\u00a0\u00a0\u00a0\u00a0\u00a0\u00a0\u00a0\u00a0\u00a0\u00a0\u00a0\u00a0\u00a0\u00a0\u00a0\u00a0\u00a0\u00a0\u00a0\u00a0\u00a0\u00a0\u00a0\u00a0\u00a0\u00a0\u00a0\u00a0\u00a0\u00a0\u00a0\u00a0\u00a0\u00a0\u00a0\u00a0\u00a0\u00a0\u00a0\u00a0\u00a0\u00a0\u00a0\u00a0\u00a0\u00a0\u00a0\u00a0\u00a0\u00a0\u00a0\u00a0\u00a0\u00a0\u00a0\u00a0\u00a0\u00a0\u00a0\u00a0\u00a0\u00a0\u00a0\u00a0\u00a0\u00a0\u00a0\u00a0\u00a0\u00a0\u00a0\u00a0\u00a0\u00a0\u00a0\u00a0\u00a0\u00a0\u00a0\u00a0\u00a0\u00a0\u00a0\u00a0\u00a0\u00a0\u00a0\u00a0\u00a0\u00a0\u00a0\u00a0\u00a0\u00a0\u00a0\u00a0\u00a0\u00a0\u00a0\u00a0\u00a0 Carrer Teranyina, 6B 17130 L&#8217;Escala (Girona) Tel. 972 77 67 64 m\u00f2bil amb grups de difusi\u00f3 whatsapp: 621211840 b7008481@xtec.cat &nbsp; Com arribar-hi: Per Carretera: Des de Barcelona i des de Fran\u00e7a: Agafeu la sortida 5 de l\u2019AP7 a Orriols (20 km de l\u2019Escala) i despr\u00e9s agafeu la carretera GI-623, que porta directament a [&hellip;]<\/p>\n","protected":false},"author":1,"featured_media":0,"parent":22,"menu_order":10,"comment_status":"closed","ping_status":"closed","template":"page-templates\/side-menu.php","meta":{"_bbp_topic_count":0,"_bbp_reply_count":0,"_bbp_total_topic_count":0,"_bbp_total_reply_count":0,"_bbp_voice_count":0,"_bbp_anonymous_reply_count":0,"_bbp_topic_count_hidden":0,"_bbp_reply_count_hidden":0,"_bbp_forum_subforum_count":0,"site-sidebar-layout":"default","site-content-layout":"","ast-site-content-layout":"","site-content-style":"default","site-sidebar-style":"default","ast-global-header-display":"","ast-banner-title-visibility":"","ast-main-header-display":"","ast-hfb-above-header-display":"","ast-hfb-below-header-display":"","ast-hfb-mobile-header-display":"","site-post-title":"","ast-breadcrumbs-content":"","ast-featured-img":"","footer-sml-layout":"","theme-transparent-header-meta":"","adv-header-id-meta":"","stick-header-meta":"","header-above-stick-meta":"","header-main-stick-meta":"","header-below-stick-meta":"","astra-migrate-meta-layouts":"default","ast-page-background-enabled":"default","ast-page-background-meta":{"desktop":{"background-color":"var(--ast-global-color-4)","background-image":"","background-repeat":"repeat","background-position":"center center","background-size":"auto","background-attachment":"scroll","background-type":"","background-media":"","overlay-type":"","overlay-color":"","overlay-opacity":"","overlay-gradient":""},"tablet":{"background-color":"","background-image":"","background-repeat":"repeat","background-position":"center center","background-size":"auto","background-attachment":"scroll","background-type":"","background-media":"","overlay-type":"","overlay-color":"","overlay-opacity":"","overlay-gradient":""},"mobile":{"background-color":"","background-image":"","background-repeat":"repeat","background-position":"center center","background-size":"auto","background-attachment":"scroll","background-type":"","background-media":"","overlay-type":"","overlay-color":"","overlay-opacity":"","overlay-gradient":""}},"ast-content-background-meta":{"desktop":{"background-color":"var(--ast-global-color-5)","background-image":"","background-repeat":"repeat","background-position":"center center","background-size":"auto","background-attachment":"scroll","background-type":"","background-media":"","overlay-type":"","overlay-color":"","overlay-opacity":"","overlay-gradient":""},"tablet":{"background-color":"var(--ast-global-color-5)","background-image":"","background-repeat":"repeat","background-position":"center center","background-size":"auto","background-attachment":"scroll","background-type":"","background-media":"","overlay-type":"","overlay-color":"","overlay-opacity":"","overlay-gradient":""},"mobile":{"background-color":"var(--ast-global-color-5)","background-image":"","background-repeat":"repeat","background-position":"center center","background-size":"auto","background-attachment":"scroll","background-type":"","background-media":"","overlay-type":"","overlay-color":"","overlay-opacity":"","overlay-gradient":""}},"footnotes":""},"class_list":["post-24","page","type-page","status-publish","hentry"],"post_mailing_queue_ids":[],"_links":{"self":[{"href":"https:\/\/agora.xtec.cat\/ceiplesculapi\/wp-json\/wp\/v2\/pages\/24","targetHints":{"allow":["GET"]}}],"collection":[{"href":"https:\/\/agora.xtec.cat\/ceiplesculapi\/wp-json\/wp\/v2\/pages"}],"about":[{"href":"https:\/\/agora.xtec.cat\/ceiplesculapi\/wp-json\/wp\/v2\/types\/page"}],"author":[{"embeddable":true,"href":"https:\/\/agora.xtec.cat\/ceiplesculapi\/wp-json\/wp\/v2\/users\/1"}],"replies":[{"embeddable":true,"href":"https:\/\/agora.xtec.cat\/ceiplesculapi\/wp-json\/wp\/v2\/comments?post=24"}],"version-history":[{"count":3,"href":"https:\/\/agora.xtec.cat\/ceiplesculapi\/wp-json\/wp\/v2\/pages\/24\/revisions"}],"predecessor-version":[{"id":1879,"href":"https:\/\/agora.xtec.cat\/ceiplesculapi\/wp-json\/wp\/v2\/pages\/24\/revisions\/1879"}],"up":[{"embeddable":true,"href":"https:\/\/agora.xtec.cat\/ceiplesculapi\/wp-json\/wp\/v2\/pages\/22"}],"wp:attachment":[{"href":"https:\/\/agora.xtec.cat\/ceiplesculapi\/wp-json\/wp\/v2\/media?parent=24"}],"curies":[{"name":"wp","href":"https:\/\/api.w.org\/{rel}","templated":true}]}}