{"id":1898,"date":"2019-09-25T16:07:37","date_gmt":"2019-09-25T14:07:37","guid":{"rendered":"http:\/\/agora.xtec.cat\/ceiplesculapi\/?page_id=1898"},"modified":"2022-09-12T14:50:29","modified_gmt":"2022-09-12T12:50:29","slug":"documents-descola","status":"publish","type":"page","link":"https:\/\/agora.xtec.cat\/ceiplesculapi\/documents-descola\/","title":{"rendered":"Documents d&#8217;escola"},"content":{"rendered":"<p><strong>DOCUMENTS PER LES FAM\u00cdLIES<\/strong><\/p>\n<p><a href=\"https:\/\/agora.xtec.cat\/ceiplesculapi\/wp-content\/uploads\/usu591\/2020\/07\/autoritzaci\u00f3-sortides-poble.pdf\">Autoritzaci\u00f3 sortides pel poble<\/a><\/p>\n<p><a href=\"https:\/\/agora.xtec.cat\/ceiplesculapi\/wp-content\/uploads\/usu591\/2020\/07\/autoritzaci\u00f3-sortida-sol.pdf\">Autoritzaci\u00f3 sortida sol del centre (alumnat de 3r)<\/a><\/p>\n<p><a href=\"https:\/\/agora.xtec.cat\/ceiplesculapi\/wp-content\/uploads\/usu591\/2020\/07\/AUTORITZACI\u00d3-RECOLLIDA-ALUMNES.pdf\">Autoritzaci\u00f3 recollida alumnes\u00a0<\/a><\/p>\n<p><a href=\"https:\/\/agora.xtec.cat\/ceiplesculapi\/wp-content\/uploads\/usu591\/2020\/07\/Us-Imatges.pdf\">\u00das Imatges<\/a><\/p>\n<p><a href=\"https:\/\/agora.xtec.cat\/ceiplesculapi\/wp-content\/uploads\/usu591\/2020\/07\/Abs\u00e8ncia-alumnat-.pdf\">Abs\u00e8ncia alumnat ( quan es preveu faltar m\u00e9s d&#8217;una setmana)<\/a><\/p>\n<p><a href=\"https:\/\/agora.xtec.cat\/ceiplesculapi\/wp-content\/uploads\/usu591\/2020\/07\/autoritzaci\u00f3-per-a-ladministraci\u00f3-de-paracetamol.pdf\">Autoritzaci\u00f3 per a l&#8217;administraci\u00f3 de paracetamol<\/a><\/p>\n<p>&nbsp;<\/p>\n<p><span style=\"color: #000000;\"><strong>AL\u00b7L\u00c8RGIES I INTOL\u00b7LER\u00c0NCIES<\/strong><\/span><\/p>\n<p>La fam\u00edlia de l&#8217;alumne amb al\u00b7l\u00e8rgia aliment\u00e0ria i\/o al l\u00e0tex ha d&#8217;informar-ne els responsables del centre educatiu a l&#8217;inici de l&#8217;escolaritzaci\u00f3 o quan en tingui coneixement.<\/p>\n<p>Les actuacions que cal seguir en el centre quan es produeix aquesta situaci\u00f3 es detallen en el document<strong class=\"ms-rteThemeBackColor-1-0\">\u00a0<\/strong><a href=\"https:\/\/documents.espai.educacio.gencat.cat\/PC\/Seguretat\/Protocol_allergies.pdf\" target=\"_blank\" rel=\"noopener noreferrer\"><span class=\"ms-rteThemeBackColor-1-0\"><strong>Model d\u2019atenci\u00f3 dels infants amb al\u00b7l\u00e8rgies aliment\u00e0ries i\/o al l\u00e0tex en l&#8217;\u00e0mbit escolar\u200b<\/strong><\/span><\/a><strong class=\"ms-rteThemeBackColor-1-0\">.<\/strong><\/p>\n<p>D&#8217;acord amb aquest model, la fam\u00edlia ha d&#8217;aportar al centre la\u00a0<strong>documentaci\u00f3\u00a0<\/strong>seg\u00fcent:<\/p>\n<ul>\n<li>\u200b<strong>Informe m\u00e8dic<\/strong>\u00a0signat per l&#8217;equip sanitari responsable, on han de constar totes les dades de la malaltia de l&#8217;infant, les actuacions que cal fer i els tel\u00e8fons dels referents sanitaris.<\/li>\n<li>Impr\u00e8s signat amb la\u00a0<strong>recollida d&#8217;informaci\u00f3<\/strong>\u00a0on es detalla el tipus d&#8217;al\u00b7l\u00e8rgia de l&#8217;alumne, les vies d&#8217;entrada i el tipus de reacci\u00f3<span class=\"ms-rteThemeBackColor-1-0\">\u00a0(<\/span><a href=\"https:\/\/documents.espai.educacio.gencat.cat\/FormularisModels\/SeguretatSalut\/A310.pdf\" target=\"_blank\" rel=\"noopener noreferrer\"><span class=\"ms-rteThemeBackColor-1-0\">annex 1\u200b<\/span><\/a><span class=\"ms-rteThemeBackColor-1-0\">).<\/span><\/li>\n<li>Impr\u00e8s de<strong>\u00a0sol\u00b7licitud\u00a0<\/strong>signat i autoritzaci\u00f3 d&#8217;administraci\u00f3 de la medicaci\u00f3 prescrita i l&#8217;atenci\u00f3 espec\u00edfica prescrita i pautada pel metge o metgessa<span class=\"ms-rteThemeBackColor-1-0\">\u00a0(<\/span><a href=\"https:\/\/documents.espai.educacio.gencat.cat\/FormularisModels\/SeguretatSalut\/A311.pdf\" target=\"_blank\" rel=\"noopener noreferrer\"><span class=\"ms-rteThemeBackColor-1-0\">annex 2\u200b<\/span><\/a><span class=\"ms-rteThemeBackColor-1-0\">)<\/span><span class=\"ms-rteThemeBackColor-1-0\">.<\/span><\/li>\n<\/ul>\n<p>&nbsp;<\/p>\n<p>&nbsp;<\/p>\n<p>&nbsp;<\/p>\n","protected":false},"excerpt":{"rendered":"<p>DOCUMENTS PER LES FAM\u00cdLIES Autoritzaci\u00f3 sortides pel poble Autoritzaci\u00f3 sortida sol del centre (alumnat de 3r) Autoritzaci\u00f3 recollida alumnes\u00a0 \u00das Imatges Abs\u00e8ncia alumnat ( quan es preveu faltar m\u00e9s d&#8217;una setmana) Autoritzaci\u00f3 per a l&#8217;administraci\u00f3 de paracetamol &nbsp; AL\u00b7L\u00c8RGIES I INTOL\u00b7LER\u00c0NCIES La fam\u00edlia de l&#8217;alumne amb al\u00b7l\u00e8rgia aliment\u00e0ria i\/o al l\u00e0tex ha d&#8217;informar-ne els responsables [&hellip;]<\/p>\n","protected":false},"author":1,"featured_media":0,"parent":0,"menu_order":0,"comment_status":"closed","ping_status":"closed","template":"page-templates\/side-menu.php","meta":{"_bbp_topic_count":0,"_bbp_reply_count":0,"_bbp_total_topic_count":0,"_bbp_total_reply_count":0,"_bbp_voice_count":0,"_bbp_anonymous_reply_count":0,"_bbp_topic_count_hidden":0,"_bbp_reply_count_hidden":0,"_bbp_forum_subforum_count":0,"site-sidebar-layout":"default","site-content-layout":"","ast-site-content-layout":"","site-content-style":"default","site-sidebar-style":"default","ast-global-header-display":"","ast-banner-title-visibility":"","ast-main-header-display":"","ast-hfb-above-header-display":"","ast-hfb-below-header-display":"","ast-hfb-mobile-header-display":"","site-post-title":"","ast-breadcrumbs-content":"","ast-featured-img":"","footer-sml-layout":"","theme-transparent-header-meta":"","adv-header-id-meta":"","stick-header-meta":"","header-above-stick-meta":"","header-main-stick-meta":"","header-below-stick-meta":"","astra-migrate-meta-layouts":"default","ast-page-background-enabled":"default","ast-page-background-meta":{"desktop":{"background-color":"var(--ast-global-color-4)","background-image":"","background-repeat":"repeat","background-position":"center center","background-size":"auto","background-attachment":"scroll","background-type":"","background-media":"","overlay-type":"","overlay-color":"","overlay-opacity":"","overlay-gradient":""},"tablet":{"background-color":"","background-image":"","background-repeat":"repeat","background-position":"center center","background-size":"auto","background-attachment":"scroll","background-type":"","background-media":"","overlay-type":"","overlay-color":"","overlay-opacity":"","overlay-gradient":""},"mobile":{"background-color":"","background-image":"","background-repeat":"repeat","background-position":"center center","background-size":"auto","background-attachment":"scroll","background-type":"","background-media":"","overlay-type":"","overlay-color":"","overlay-opacity":"","overlay-gradient":""}},"ast-content-background-meta":{"desktop":{"background-color":"var(--ast-global-color-5)","background-image":"","background-repeat":"repeat","background-position":"center center","background-size":"auto","background-attachment":"scroll","background-type":"","background-media":"","overlay-type":"","overlay-color":"","overlay-opacity":"","overlay-gradient":""},"tablet":{"background-color":"var(--ast-global-color-5)","background-image":"","background-repeat":"repeat","background-position":"center center","background-size":"auto","background-attachment":"scroll","background-type":"","background-media":"","overlay-type":"","overlay-color":"","overlay-opacity":"","overlay-gradient":""},"mobile":{"background-color":"var(--ast-global-color-5)","background-image":"","background-repeat":"repeat","background-position":"center center","background-size":"auto","background-attachment":"scroll","background-type":"","background-media":"","overlay-type":"","overlay-color":"","overlay-opacity":"","overlay-gradient":""}},"footnotes":""},"class_list":["post-1898","page","type-page","status-publish","hentry"],"post_mailing_queue_ids":[],"_links":{"self":[{"href":"https:\/\/agora.xtec.cat\/ceiplesculapi\/wp-json\/wp\/v2\/pages\/1898","targetHints":{"allow":["GET"]}}],"collection":[{"href":"https:\/\/agora.xtec.cat\/ceiplesculapi\/wp-json\/wp\/v2\/pages"}],"about":[{"href":"https:\/\/agora.xtec.cat\/ceiplesculapi\/wp-json\/wp\/v2\/types\/page"}],"author":[{"embeddable":true,"href":"https:\/\/agora.xtec.cat\/ceiplesculapi\/wp-json\/wp\/v2\/users\/1"}],"replies":[{"embeddable":true,"href":"https:\/\/agora.xtec.cat\/ceiplesculapi\/wp-json\/wp\/v2\/comments?post=1898"}],"version-history":[{"count":5,"href":"https:\/\/agora.xtec.cat\/ceiplesculapi\/wp-json\/wp\/v2\/pages\/1898\/revisions"}],"predecessor-version":[{"id":3299,"href":"https:\/\/agora.xtec.cat\/ceiplesculapi\/wp-json\/wp\/v2\/pages\/1898\/revisions\/3299"}],"wp:attachment":[{"href":"https:\/\/agora.xtec.cat\/ceiplesculapi\/wp-json\/wp\/v2\/media?parent=1898"}],"curies":[{"name":"wp","href":"https:\/\/api.w.org\/{rel}","templated":true}]}}