{"id":921,"date":"2017-11-23T12:23:24","date_gmt":"2017-11-23T11:23:24","guid":{"rendered":"http:\/\/agora.xtec.cat\/ceiplescodinetes\/?page_id=921"},"modified":"2021-05-03T17:08:14","modified_gmt":"2021-05-03T15:08:14","slug":"projecte-educatiu-aprenem-jugant-a-escacs","status":"publish","type":"page","link":"https:\/\/agora.xtec.cat\/ceiplescodinetes\/projecte-educatiu\/projecte-educatiu-aprenem-jugant-a-escacs\/","title":{"rendered":"Projecte educatiu &#8220;Aprenem jugant a escacs&#8221;"},"content":{"rendered":"<div style=\"width: 100%;\">\n<div style=\"position: relative; padding-bottom: 61.26%; padding-top: 0; height: 0;\"><iframe loading=\"lazy\" src=\"https:\/\/view.genial.ly\/5fb3ce5f146a480d9713acb1\" width=\"875\" height=\"536\" frameborder=\"0\"><\/iframe><\/div>\n<\/div>\n<p>A l&#8217;escola Les Codinetes vam iniciar el cam\u00ed dels escacs com a eina d\u2019aprenentatge.<\/p>\n<p>Els infants aprenen estrat\u00e8gies, a pensar i a saber donar resposta a situacions que se li plantegen.<\/p>\n<p>Aqu\u00ed podeu veure\u2019n alguns v\u00eddeos:<\/p>\n<p>&nbsp;<\/p>\n<div class=\"ast-oembed-container \" style=\"height: 100%;\"><iframe loading=\"lazy\" title=\"Escacs a P3-P4-P5 i 1r\" width=\"500\" height=\"281\" src=\"https:\/\/www.youtube.com\/embed\/83jgu9cuFJc?feature=oembed\" frameborder=\"0\" allow=\"accelerometer; autoplay; clipboard-write; encrypted-media; gyroscope; picture-in-picture; web-share\" referrerpolicy=\"strict-origin-when-cross-origin\" allowfullscreen><\/iframe><\/div>\n<div class=\"ast-oembed-container \" style=\"height: 100%;\"><iframe loading=\"lazy\" title=\"sis\u00e8\" width=\"500\" height=\"281\" src=\"https:\/\/www.youtube.com\/embed\/xe4Q6JqlrIM?feature=oembed\" frameborder=\"0\" allow=\"accelerometer; autoplay; clipboard-write; encrypted-media; gyroscope; picture-in-picture; web-share\" referrerpolicy=\"strict-origin-when-cross-origin\" allowfullscreen><\/iframe><\/div>\n<p><u>Resolem problemes escaqu\u00edstics per parelles<\/u><\/p>\n<p>Els alumnes de cinqu\u00e8 se\u2019ls han plantejat uns problemes d\u2019escacs que per parelles han resol. L\u2019activitat els ha resultat interessant i tots han arribat a saber el resultat final.<\/p>\n<p>\u00c9s la primera vegada que se\u2019ls ha plantejat aquesta activitat i en finalitzar s\u2019han mostrat satisfets del treball i han demanat que se\u2019ls hi torni a posar i si cal m\u00e9s complicada.<\/p>\n<div class=\"ast-oembed-container \" style=\"height: 100%;\"><iframe loading=\"lazy\" title=\"20190114 154725\" width=\"500\" height=\"281\" src=\"https:\/\/www.youtube.com\/embed\/yPxk4pKkZ3s?feature=oembed\" frameborder=\"0\" allow=\"accelerometer; autoplay; clipboard-write; encrypted-media; gyroscope; picture-in-picture; web-share\" referrerpolicy=\"strict-origin-when-cross-origin\" allowfullscreen><\/iframe><\/div>\n<div class=\"ast-oembed-container \" style=\"height: 100%;\"><iframe loading=\"lazy\" title=\"20190114 155000\" width=\"500\" height=\"281\" src=\"https:\/\/www.youtube.com\/embed\/EkmB1yX701Y?feature=oembed\" frameborder=\"0\" allow=\"accelerometer; autoplay; clipboard-write; encrypted-media; gyroscope; picture-in-picture; web-share\" referrerpolicy=\"strict-origin-when-cross-origin\" allowfullscreen><\/iframe><\/div>\n<div class=\"ast-oembed-container \" style=\"height: 100%;\"><iframe loading=\"lazy\" title=\"20190114 155023\" width=\"500\" height=\"281\" src=\"https:\/\/www.youtube.com\/embed\/aRXniThoGyA?feature=oembed\" frameborder=\"0\" allow=\"accelerometer; autoplay; clipboard-write; encrypted-media; gyroscope; picture-in-picture; web-share\" referrerpolicy=\"strict-origin-when-cross-origin\" allowfullscreen><\/iframe><\/div>\n<div class=\"ast-oembed-container \" style=\"height: 100%;\"><iframe loading=\"lazy\" title=\"20190114 155138\" width=\"500\" height=\"281\" src=\"https:\/\/www.youtube.com\/embed\/OJVadrHQWxk?feature=oembed\" frameborder=\"0\" allow=\"accelerometer; autoplay; clipboard-write; encrypted-media; gyroscope; picture-in-picture; web-share\" referrerpolicy=\"strict-origin-when-cross-origin\" allowfullscreen><\/iframe><\/div>\n<p>&nbsp;<\/p>\n<div class=\"ast-oembed-container \" style=\"height: 100%;\"><iframe loading=\"lazy\" title=\"20190114 155202\" width=\"500\" height=\"281\" src=\"https:\/\/www.youtube.com\/embed\/qnOCzDsouHs?feature=oembed\" frameborder=\"0\" allow=\"accelerometer; autoplay; clipboard-write; encrypted-media; gyroscope; picture-in-picture; web-share\" referrerpolicy=\"strict-origin-when-cross-origin\" allowfullscreen><\/iframe><\/div>\n","protected":false},"excerpt":{"rendered":"<p>A l&#8217;escola Les Codinetes vam iniciar el cam\u00ed dels escacs com a eina d\u2019aprenentatge. Els infants aprenen estrat\u00e8gies, a pensar i a saber donar resposta a situacions que se li plantegen. Aqu\u00ed podeu veure\u2019n alguns v\u00eddeos: &nbsp; Resolem problemes escaqu\u00edstics per parelles Els alumnes de cinqu\u00e8 se\u2019ls han plantejat uns problemes d\u2019escacs que per parelles [&hellip;]<\/p>\n","protected":false},"author":1,"featured_media":0,"parent":64,"menu_order":0,"comment_status":"closed","ping_status":"closed","template":"page-templates\/side-menu.php","meta":{"_bbp_topic_count":0,"_bbp_reply_count":0,"_bbp_total_topic_count":0,"_bbp_total_reply_count":0,"_bbp_voice_count":0,"_bbp_anonymous_reply_count":0,"_bbp_topic_count_hidden":0,"_bbp_reply_count_hidden":0,"_bbp_forum_subforum_count":0,"site-sidebar-layout":"default","site-content-layout":"","ast-site-content-layout":"","site-content-style":"default","site-sidebar-style":"default","ast-global-header-display":"","ast-banner-title-visibility":"","ast-main-header-display":"","ast-hfb-above-header-display":"","ast-hfb-below-header-display":"","ast-hfb-mobile-header-display":"","site-post-title":"","ast-breadcrumbs-content":"","ast-featured-img":"","footer-sml-layout":"","theme-transparent-header-meta":"","adv-header-id-meta":"","stick-header-meta":"","header-above-stick-meta":"","header-main-stick-meta":"","header-below-stick-meta":"","astra-migrate-meta-layouts":"default","ast-page-background-enabled":"default","ast-page-background-meta":{"desktop":{"background-color":"var(--ast-global-color-4)","background-image":"","background-repeat":"repeat","background-position":"center center","background-size":"auto","background-attachment":"scroll","background-type":"","background-media":"","overlay-type":"","overlay-color":"","overlay-opacity":"","overlay-gradient":""},"tablet":{"background-color":"","background-image":"","background-repeat":"repeat","background-position":"center center","background-size":"auto","background-attachment":"scroll","background-type":"","background-media":"","overlay-type":"","overlay-color":"","overlay-opacity":"","overlay-gradient":""},"mobile":{"background-color":"","background-image":"","background-repeat":"repeat","background-position":"center center","background-size":"auto","background-attachment":"scroll","background-type":"","background-media":"","overlay-type":"","overlay-color":"","overlay-opacity":"","overlay-gradient":""}},"ast-content-background-meta":{"desktop":{"background-color":"var(--ast-global-color-5)","background-image":"","background-repeat":"repeat","background-position":"center center","background-size":"auto","background-attachment":"scroll","background-type":"","background-media":"","overlay-type":"","overlay-color":"","overlay-opacity":"","overlay-gradient":""},"tablet":{"background-color":"var(--ast-global-color-5)","background-image":"","background-repeat":"repeat","background-position":"center center","background-size":"auto","background-attachment":"scroll","background-type":"","background-media":"","overlay-type":"","overlay-color":"","overlay-opacity":"","overlay-gradient":""},"mobile":{"background-color":"var(--ast-global-color-5)","background-image":"","background-repeat":"repeat","background-position":"center center","background-size":"auto","background-attachment":"scroll","background-type":"","background-media":"","overlay-type":"","overlay-color":"","overlay-opacity":"","overlay-gradient":""}},"footnotes":""},"class_list":["post-921","page","type-page","status-publish","hentry"],"post_mailing_queue_ids":[],"_links":{"self":[{"href":"https:\/\/agora.xtec.cat\/ceiplescodinetes\/wp-json\/wp\/v2\/pages\/921","targetHints":{"allow":["GET"]}}],"collection":[{"href":"https:\/\/agora.xtec.cat\/ceiplescodinetes\/wp-json\/wp\/v2\/pages"}],"about":[{"href":"https:\/\/agora.xtec.cat\/ceiplescodinetes\/wp-json\/wp\/v2\/types\/page"}],"author":[{"embeddable":true,"href":"https:\/\/agora.xtec.cat\/ceiplescodinetes\/wp-json\/wp\/v2\/users\/1"}],"replies":[{"embeddable":true,"href":"https:\/\/agora.xtec.cat\/ceiplescodinetes\/wp-json\/wp\/v2\/comments?post=921"}],"version-history":[{"count":4,"href":"https:\/\/agora.xtec.cat\/ceiplescodinetes\/wp-json\/wp\/v2\/pages\/921\/revisions"}],"predecessor-version":[{"id":4246,"href":"https:\/\/agora.xtec.cat\/ceiplescodinetes\/wp-json\/wp\/v2\/pages\/921\/revisions\/4246"}],"up":[{"embeddable":true,"href":"https:\/\/agora.xtec.cat\/ceiplescodinetes\/wp-json\/wp\/v2\/pages\/64"}],"wp:attachment":[{"href":"https:\/\/agora.xtec.cat\/ceiplescodinetes\/wp-json\/wp\/v2\/media?parent=921"}],"curies":[{"name":"wp","href":"https:\/\/api.w.org\/{rel}","templated":true}]}}