{"id":84,"date":"2014-09-18T14:11:31","date_gmt":"2014-09-18T13:11:31","guid":{"rendered":"http:\/\/agora.xtec.cat\/ceiplescodinetes\/?page_id=84"},"modified":"2017-09-20T16:21:17","modified_gmt":"2017-09-20T14:21:17","slug":"activitats-extraescolars","status":"publish","type":"page","link":"https:\/\/agora.xtec.cat\/ceiplescodinetes\/serveis\/activitats-extraescolars\/","title":{"rendered":"Activitats extraescolars"},"content":{"rendered":"<p>Benvolgudes families, Us presentem el llistat d\u2019activitats que proposem en horari extraescolar i els preus, perqu\u00e8 ens indiqueu quines activitats extraescolars us interessen i voleu per als vostres fills i filles aquest curs. Les activitats complement\u00e0ries que hem preparat per aquest curs, estan pensades per a enriquir l\u2019experi\u00e8ncia escolar dels nostres fills\/es, aix\u00ed com a contribuir a la log\u00edstica familiar evitant que h\u00e0giu de despla\u00e7ar-vos a altres municipis. Esperem que us agradin i puguem tirar-les endavant.<\/p>\n<p>ACTIVITATS EXTRAESCOLARS TARDA<\/p>\n<p><a href=\"http:\/\/agora.xtec.cat\/ceiplescodinetes\/wp-content\/uploads\/usu1661\/2014\/09\/Captura.png\"><img loading=\"lazy\" decoding=\"async\" class=\"alignnone size-full wp-image-519\" src=\"http:\/\/agora.xtec.cat\/ceiplescodinetes\/wp-content\/uploads\/usu1661\/2014\/09\/Captura.png\" alt=\"\" width=\"492\" height=\"348\" srcset=\"https:\/\/agora.xtec.cat\/ceiplescodinetes\/wp-content\/uploads\/usu1661\/2014\/09\/Captura.png 492w, https:\/\/agora.xtec.cat\/ceiplescodinetes\/wp-content\/uploads\/usu1661\/2014\/09\/Captura-300x212.png 300w\" sizes=\"auto, (max-width: 492px) 100vw, 492px\" \/><\/a><\/p>\n<p><em><strong>HI HA POSSIBILITAT DE CREAR M\u00c9S D\u2019UN GRUP D\u2019UNA EXTRAESCOLAR SI CAL. TOTES LES ACTIVITATS NECESSITEN UN M\u00cdNIM DE 6 NENS PER REALITZAR-SE US INFORMAREM SI PODEM OFERIR UNA PRESENTACI\u00d3 DE LES ACTIVITATS O UNA CLASSE DE PROVA <\/strong><\/em><\/p>\n<p>&nbsp;<\/p>\n<p><em><strong>LA INSCRIPCI\u00d3 I COBRAMENT DE LES ACTIVITATS EXTRAESCOLARS ES FAR\u00c0 DIRECTAMENT AMB CADA ENTITAT, L\u2019AFA NOM\u00c9S HO COORDINAR\u00c0 I ELS HI TRANSMETR\u00c0 LA INFORMACI\u00d3 DE LES FAMILIES INTERESSADES NECESSITEM QUE OMPLIU AQUEST FULL I EL RETORNEU PLE ABANS DEL 22\/9 AL MAIL DE L\u2019AFA, O ENS FEU ARRIBAR D\u2019ALGUNA MANERA LES ACTIVITATS QUE US INTERESSIN.<\/strong><\/em><\/p>\n<p>&nbsp;<\/p>\n<p><em><strong>ACTIVITATS EXTRAESCOLARS MIGDIA<\/strong> <\/em><\/p>\n<p>Les activitas complement\u00e0ries i amb un caire experiencial, ajuden a desenvolupar les compet\u00e8ncies i habilitats del infants i us encoratgem a que en feu \u00fas. Les activitats extraescolars de mitja pensi\u00f3, aporten als nens i nens una nova experi\u00e8ncia dins l\u2019escola i fan de l\u2019estona del menjador un espai creatiu i enriquidor. Esperem que tots els nens i nenes de Les Codinetes els puguin gaudir<\/p>\n<p><a href=\"http:\/\/agora.xtec.cat\/ceiplescodinetes\/wp-content\/uploads\/usu1661\/2014\/09\/EXTMIG.png\"><img loading=\"lazy\" decoding=\"async\" class=\"alignnone size-full wp-image-523\" src=\"http:\/\/agora.xtec.cat\/ceiplescodinetes\/wp-content\/uploads\/usu1661\/2014\/09\/EXTMIG.png\" alt=\"\" width=\"493\" height=\"376\" srcset=\"https:\/\/agora.xtec.cat\/ceiplescodinetes\/wp-content\/uploads\/usu1661\/2014\/09\/EXTMIG.png 493w, https:\/\/agora.xtec.cat\/ceiplescodinetes\/wp-content\/uploads\/usu1661\/2014\/09\/EXTMIG-300x229.png 300w\" sizes=\"auto, (max-width: 493px) 100vw, 493px\" \/><\/a><\/p>\n<p>&nbsp;<\/p>\n","protected":false},"excerpt":{"rendered":"<p>Benvolgudes families, Us presentem el llistat d\u2019activitats que proposem en horari extraescolar i els preus, perqu\u00e8 ens indiqueu quines activitats extraescolars us interessen i voleu per als vostres fills i filles aquest curs. Les activitats complement\u00e0ries que hem preparat per aquest curs, estan pensades per a enriquir l\u2019experi\u00e8ncia escolar dels nostres fills\/es, aix\u00ed com a [&hellip;]<\/p>\n","protected":false},"author":1,"featured_media":0,"parent":66,"menu_order":60,"comment_status":"closed","ping_status":"closed","template":"page-templates\/side-menu.php","meta":{"_bbp_topic_count":0,"_bbp_reply_count":0,"_bbp_total_topic_count":0,"_bbp_total_reply_count":0,"_bbp_voice_count":0,"_bbp_anonymous_reply_count":0,"_bbp_topic_count_hidden":0,"_bbp_reply_count_hidden":0,"_bbp_forum_subforum_count":0,"site-sidebar-layout":"default","site-content-layout":"","ast-site-content-layout":"","site-content-style":"default","site-sidebar-style":"default","ast-global-header-display":"","ast-banner-title-visibility":"","ast-main-header-display":"","ast-hfb-above-header-display":"","ast-hfb-below-header-display":"","ast-hfb-mobile-header-display":"","site-post-title":"","ast-breadcrumbs-content":"","ast-featured-img":"","footer-sml-layout":"","theme-transparent-header-meta":"","adv-header-id-meta":"","stick-header-meta":"","header-above-stick-meta":"","header-main-stick-meta":"","header-below-stick-meta":"","astra-migrate-meta-layouts":"default","ast-page-background-enabled":"default","ast-page-background-meta":{"desktop":{"background-color":"var(--ast-global-color-4)","background-image":"","background-repeat":"repeat","background-position":"center center","background-size":"auto","background-attachment":"scroll","background-type":"","background-media":"","overlay-type":"","overlay-color":"","overlay-opacity":"","overlay-gradient":""},"tablet":{"background-color":"","background-image":"","background-repeat":"repeat","background-position":"center center","background-size":"auto","background-attachment":"scroll","background-type":"","background-media":"","overlay-type":"","overlay-color":"","overlay-opacity":"","overlay-gradient":""},"mobile":{"background-color":"","background-image":"","background-repeat":"repeat","background-position":"center center","background-size":"auto","background-attachment":"scroll","background-type":"","background-media":"","overlay-type":"","overlay-color":"","overlay-opacity":"","overlay-gradient":""}},"ast-content-background-meta":{"desktop":{"background-color":"var(--ast-global-color-5)","background-image":"","background-repeat":"repeat","background-position":"center center","background-size":"auto","background-attachment":"scroll","background-type":"","background-media":"","overlay-type":"","overlay-color":"","overlay-opacity":"","overlay-gradient":""},"tablet":{"background-color":"var(--ast-global-color-5)","background-image":"","background-repeat":"repeat","background-position":"center center","background-size":"auto","background-attachment":"scroll","background-type":"","background-media":"","overlay-type":"","overlay-color":"","overlay-opacity":"","overlay-gradient":""},"mobile":{"background-color":"var(--ast-global-color-5)","background-image":"","background-repeat":"repeat","background-position":"center center","background-size":"auto","background-attachment":"scroll","background-type":"","background-media":"","overlay-type":"","overlay-color":"","overlay-opacity":"","overlay-gradient":""}},"footnotes":""},"class_list":["post-84","page","type-page","status-publish","hentry"],"post_mailing_queue_ids":[],"_links":{"self":[{"href":"https:\/\/agora.xtec.cat\/ceiplescodinetes\/wp-json\/wp\/v2\/pages\/84","targetHints":{"allow":["GET"]}}],"collection":[{"href":"https:\/\/agora.xtec.cat\/ceiplescodinetes\/wp-json\/wp\/v2\/pages"}],"about":[{"href":"https:\/\/agora.xtec.cat\/ceiplescodinetes\/wp-json\/wp\/v2\/types\/page"}],"author":[{"embeddable":true,"href":"https:\/\/agora.xtec.cat\/ceiplescodinetes\/wp-json\/wp\/v2\/users\/1"}],"replies":[{"embeddable":true,"href":"https:\/\/agora.xtec.cat\/ceiplescodinetes\/wp-json\/wp\/v2\/comments?post=84"}],"version-history":[{"count":3,"href":"https:\/\/agora.xtec.cat\/ceiplescodinetes\/wp-json\/wp\/v2\/pages\/84\/revisions"}],"predecessor-version":[{"id":524,"href":"https:\/\/agora.xtec.cat\/ceiplescodinetes\/wp-json\/wp\/v2\/pages\/84\/revisions\/524"}],"up":[{"embeddable":true,"href":"https:\/\/agora.xtec.cat\/ceiplescodinetes\/wp-json\/wp\/v2\/pages\/66"}],"wp:attachment":[{"href":"https:\/\/agora.xtec.cat\/ceiplescodinetes\/wp-json\/wp\/v2\/media?parent=84"}],"curies":[{"name":"wp","href":"https:\/\/api.w.org\/{rel}","templated":true}]}}