{"id":4969,"date":"2022-02-15T17:17:04","date_gmt":"2022-02-15T16:17:04","guid":{"rendered":"https:\/\/agora.xtec.cat\/ceiplescodinetes\/?page_id=4969"},"modified":"2023-02-07T19:41:16","modified_gmt":"2023-02-07T18:41:16","slug":"tallers","status":"publish","type":"page","link":"https:\/\/agora.xtec.cat\/ceiplescodinetes\/projecte-educatiu\/tallers\/","title":{"rendered":"Tallers"},"content":{"rendered":"<h4 style=\"text-align: justify;\">Els nostres <strong>tallers<\/strong> s\u00f3n <strong>propostes pr\u00e0ctiques<\/strong> on es treballen <strong>aspectes transversals<\/strong> del curr\u00edculum com la creativitat, el raonament i l&#8217;estrat\u00e8gia, l&#8217;expressi\u00f3 oral i l&#8217;orat\u00f2ria, la resoluci\u00f3 de problemes, les eines digitals entre d&#8217;altres.<\/h4>\n<h4 style=\"text-align: justify;\">Aquestes <strong>sessions\u00a0<\/strong><span style=\"font-family: inherit; font-size: 1em;\"><strong>setmanals<\/strong> les realitzen els nens i les nenes de 1r a 6\u00e8 i <\/span>estan agrupades de la seg\u00fcent manera: <strong>teatre<\/strong>, <strong>escacs<\/strong>, <strong>inform\u00e0tica<\/strong>, <strong>escriptura creativa, angl\u00e8s oral<\/strong> i <strong>jocs matem\u00e0tics<\/strong>.<\/h4>\n<h4 style=\"text-align: justify;\">La nostra organitzaci\u00f3 ens permet assegurar-nos que al llarg de la prim\u00e0ria els infants hagin passat per totes les propostes.<\/h4>\n<p>&nbsp;<\/p>\n<p><a href=\"https:\/\/agora.xtec.cat\/ceiplescodinetes\/wp-content\/uploads\/usu1661\/2022\/02\/FotoJet-cip.jpg\"><img loading=\"lazy\" decoding=\"async\" class=\"alignnone size-full wp-image-4987\" src=\"https:\/\/agora.xtec.cat\/ceiplescodinetes\/wp-content\/uploads\/usu1661\/2022\/02\/FotoJet-cip.jpg\" alt=\"\" width=\"720\" height=\"720\" srcset=\"https:\/\/agora.xtec.cat\/ceiplescodinetes\/wp-content\/uploads\/usu1661\/2022\/02\/FotoJet-cip.jpg 720w, https:\/\/agora.xtec.cat\/ceiplescodinetes\/wp-content\/uploads\/usu1661\/2022\/02\/FotoJet-cip-300x300.jpg 300w, https:\/\/agora.xtec.cat\/ceiplescodinetes\/wp-content\/uploads\/usu1661\/2022\/02\/FotoJet-cip-150x150.jpg 150w\" sizes=\"auto, (max-width: 720px) 100vw, 720px\" \/><\/a><a href=\"https:\/\/agora.xtec.cat\/ceiplescodinetes\/wp-content\/uploads\/usu1661\/2022\/02\/FotoJetp.jpg\"><img loading=\"lazy\" decoding=\"async\" class=\"alignnone wp-image-4988\" src=\"https:\/\/agora.xtec.cat\/ceiplescodinetes\/wp-content\/uploads\/usu1661\/2022\/02\/FotoJetp.jpg\" alt=\"\" width=\"722\" height=\"722\" srcset=\"https:\/\/agora.xtec.cat\/ceiplescodinetes\/wp-content\/uploads\/usu1661\/2022\/02\/FotoJetp.jpg 600w, https:\/\/agora.xtec.cat\/ceiplescodinetes\/wp-content\/uploads\/usu1661\/2022\/02\/FotoJetp-300x300.jpg 300w, https:\/\/agora.xtec.cat\/ceiplescodinetes\/wp-content\/uploads\/usu1661\/2022\/02\/FotoJetp-150x150.jpg 150w\" sizes=\"auto, (max-width: 722px) 100vw, 722px\" \/><\/a><\/p>\n<p>&nbsp;<\/p>\n","protected":false},"excerpt":{"rendered":"<p>Els nostres tallers s\u00f3n propostes pr\u00e0ctiques on es treballen aspectes transversals del curr\u00edculum com la creativitat, el raonament i l&#8217;estrat\u00e8gia, l&#8217;expressi\u00f3 oral i l&#8217;orat\u00f2ria, la resoluci\u00f3 de problemes, les eines digitals entre d&#8217;altres. Aquestes sessions\u00a0setmanals les realitzen els nens i les nenes de 1r a 6\u00e8 i estan agrupades de la seg\u00fcent manera: teatre, escacs, [&hellip;]<\/p>\n","protected":false},"author":1,"featured_media":0,"parent":64,"menu_order":0,"comment_status":"closed","ping_status":"closed","template":"page-templates\/side-menu.php","meta":{"_bbp_topic_count":0,"_bbp_reply_count":0,"_bbp_total_topic_count":0,"_bbp_total_reply_count":0,"_bbp_voice_count":0,"_bbp_anonymous_reply_count":0,"_bbp_topic_count_hidden":0,"_bbp_reply_count_hidden":0,"_bbp_forum_subforum_count":0,"site-sidebar-layout":"default","site-content-layout":"","ast-site-content-layout":"","site-content-style":"default","site-sidebar-style":"default","ast-global-header-display":"","ast-banner-title-visibility":"","ast-main-header-display":"","ast-hfb-above-header-display":"","ast-hfb-below-header-display":"","ast-hfb-mobile-header-display":"","site-post-title":"","ast-breadcrumbs-content":"","ast-featured-img":"","footer-sml-layout":"","theme-transparent-header-meta":"","adv-header-id-meta":"","stick-header-meta":"","header-above-stick-meta":"","header-main-stick-meta":"","header-below-stick-meta":"","astra-migrate-meta-layouts":"default","ast-page-background-enabled":"default","ast-page-background-meta":{"desktop":{"background-color":"var(--ast-global-color-4)","background-image":"","background-repeat":"repeat","background-position":"center center","background-size":"auto","background-attachment":"scroll","background-type":"","background-media":"","overlay-type":"","overlay-color":"","overlay-opacity":"","overlay-gradient":""},"tablet":{"background-color":"","background-image":"","background-repeat":"repeat","background-position":"center center","background-size":"auto","background-attachment":"scroll","background-type":"","background-media":"","overlay-type":"","overlay-color":"","overlay-opacity":"","overlay-gradient":""},"mobile":{"background-color":"","background-image":"","background-repeat":"repeat","background-position":"center center","background-size":"auto","background-attachment":"scroll","background-type":"","background-media":"","overlay-type":"","overlay-color":"","overlay-opacity":"","overlay-gradient":""}},"ast-content-background-meta":{"desktop":{"background-color":"var(--ast-global-color-5)","background-image":"","background-repeat":"repeat","background-position":"center center","background-size":"auto","background-attachment":"scroll","background-type":"","background-media":"","overlay-type":"","overlay-color":"","overlay-opacity":"","overlay-gradient":""},"tablet":{"background-color":"var(--ast-global-color-5)","background-image":"","background-repeat":"repeat","background-position":"center center","background-size":"auto","background-attachment":"scroll","background-type":"","background-media":"","overlay-type":"","overlay-color":"","overlay-opacity":"","overlay-gradient":""},"mobile":{"background-color":"var(--ast-global-color-5)","background-image":"","background-repeat":"repeat","background-position":"center center","background-size":"auto","background-attachment":"scroll","background-type":"","background-media":"","overlay-type":"","overlay-color":"","overlay-opacity":"","overlay-gradient":""}},"footnotes":""},"class_list":["post-4969","page","type-page","status-publish","hentry"],"post_mailing_queue_ids":[],"_links":{"self":[{"href":"https:\/\/agora.xtec.cat\/ceiplescodinetes\/wp-json\/wp\/v2\/pages\/4969","targetHints":{"allow":["GET"]}}],"collection":[{"href":"https:\/\/agora.xtec.cat\/ceiplescodinetes\/wp-json\/wp\/v2\/pages"}],"about":[{"href":"https:\/\/agora.xtec.cat\/ceiplescodinetes\/wp-json\/wp\/v2\/types\/page"}],"author":[{"embeddable":true,"href":"https:\/\/agora.xtec.cat\/ceiplescodinetes\/wp-json\/wp\/v2\/users\/1"}],"replies":[{"embeddable":true,"href":"https:\/\/agora.xtec.cat\/ceiplescodinetes\/wp-json\/wp\/v2\/comments?post=4969"}],"version-history":[{"count":4,"href":"https:\/\/agora.xtec.cat\/ceiplescodinetes\/wp-json\/wp\/v2\/pages\/4969\/revisions"}],"predecessor-version":[{"id":5481,"href":"https:\/\/agora.xtec.cat\/ceiplescodinetes\/wp-json\/wp\/v2\/pages\/4969\/revisions\/5481"}],"up":[{"embeddable":true,"href":"https:\/\/agora.xtec.cat\/ceiplescodinetes\/wp-json\/wp\/v2\/pages\/64"}],"wp:attachment":[{"href":"https:\/\/agora.xtec.cat\/ceiplescodinetes\/wp-json\/wp\/v2\/media?parent=4969"}],"curies":[{"name":"wp","href":"https:\/\/api.w.org\/{rel}","templated":true}]}}